{"id":987,"date":"2023-03-20T10:46:23","date_gmt":"2023-03-20T10:46:23","guid":{"rendered":"https:\/\/liketones.com\/?page_id=987"},"modified":"2023-12-08T21:09:17","modified_gmt":"2023-12-08T21:09:17","slug":"thong-bao-ve-quyen-rieng-tu-cua-ben-thu-ba","status":"publish","type":"page","link":"https:\/\/liketones.com\/vi\/thong-bao-ve-quyen-rieng-tu-cua-ben-thu-ba\/","title":{"rendered":"Th\u00f4ng b\u00e1o v\u1ec1 quy\u1ec1n ri\u00eang t\u01b0 c\u1ee7a b\u00ean th\u1ee9 ba"},"content":{"rendered":"\t\t<div data-elementor-type=\"wp-page\" data-elementor-id=\"987\" class=\"elementor elementor-987 elementor-27\" data-elementor-post-type=\"page\">\n\t\t\t\t\t\t<section class=\"elementor-section elementor-top-section elementor-element elementor-element-8fc10ea elementor-section-boxed elementor-section-height-default elementor-section-height-default\" data-id=\"8fc10ea\" data-element_type=\"section\" data-e-type=\"section\">\n\t\t\t\t\t\t<div class=\"elementor-container elementor-column-gap-default\">\n\t\t\t\t\t<div class=\"elementor-column elementor-col-100 elementor-top-column elementor-element elementor-element-9796f04\" data-id=\"9796f04\" data-element_type=\"column\" data-e-type=\"column\">\n\t\t\t<div class=\"elementor-widget-wrap elementor-element-populated\">\n\t\t\t\t\t\t<div class=\"elementor-element elementor-element-9cd095d elementor-widget elementor-widget-text-editor\" data-id=\"9cd095d\" data-element_type=\"widget\" data-e-type=\"widget\" data-widget_type=\"text-editor.default\">\n\t\t\t\t<div class=\"elementor-widget-container\">\n\t\t\t\t\t\t\t\t\t<p dir=\"ltr\" style=\"line-height: 1.9871999999999999; background-color: #ffffff; margin-top: 0pt; margin-bottom: 0pt;\">\n<p><i><span style=\"font-weight: 400;\">C\u1eadp nh\u1eadt l\u1ea7n cu\u1ed1i v\u00e0o ng\u00e0y 8 th\u00e1ng 12 n\u0103m 2023<\/span><\/i><\/p>\n<p><span style=\"font-weight: 400;\">Ch\u00fang t\u00f4i l\u00e0m vi\u1ec7c v\u1edbi m\u1ed9t s\u1ed1 \u0111\u1ed1i t\u00e1c nh\u1ea5t \u0111\u1ecbnh trong c\u00e1c \u1ee9ng d\u1ee5ng v\u00e0 trang web d\u00e0nh cho thi\u1ebft b\u1ecb di \u0111\u1ed9ng c\u1ee7a m\u00ecnh \u0111\u1ec3 cung c\u1ea5p c\u00e1c th\u00e0nh ph\u1ea7n x\u00e3 h\u1ed9i, ph\u00e2n t\u00edch c\u0169ng nh\u01b0 ph\u00e2n ph\u00e1t qu\u1ea3ng c\u00e1o b\u00ean trong v\u00e0 b\u00ean ngo\u00e0i D\u1ecbch v\u1ee5 c\u1ee7a ch\u00fang t\u00f4i. C\u00e1c \u0111\u1ed1i t\u00e1c n\u00e0y c\u00f3 th\u1ec3 s\u1eed d\u1ee5ng cookie, \u0111\u00e8n hi\u1ec7u web, c\u00f4ng ngh\u1ec7 l\u01b0u tr\u1eef v\u00e0\/ho\u1eb7c c\u00e1c c\u00f4ng ngh\u1ec7 t\u01b0\u01a1ng t\u1ef1 kh\u00e1c \u0111\u1ec3 thu th\u1eadp ho\u1eb7c nh\u1eadn d\u1eef li\u1ec7u v\u1ec1 b\u1ea1n, bao g\u1ed3m c\u00e1c l\u01b0\u1ee3t truy c\u1eadp v\u00e0 s\u1eed d\u1ee5ng trang web c\u0169ng nh\u01b0 \u1ee9ng d\u1ee5ng di \u0111\u1ed9ng c\u1ee7a ch\u00fang t\u00f4i v\u00e0 trong m\u1ed9t s\u1ed1 tr\u01b0\u1eddng h\u1ee3p, c\u00f3 th\u1ec3 y\u00eau c\u1ea7u quy\u1ec1n ki\u1ec3m so\u00e1t \u0111\u1ed1i v\u1edbi b\u1ea1n. d\u1eef li\u1ec7u c\u00e1 nh\u00e2n. \u0110\u1ec3 bi\u1ebft th\u00eam th\u00f4ng tin v\u1ec1 c\u00e1c \u0111\u1ed1i t\u00e1c m\u00e0 ch\u00fang t\u00f4i s\u1eed d\u1ee5ng, c\u00e1c bi\u1ec7n ph\u00e1p b\u1ea3o m\u1eadt c\u1ee7a h\u1ecd v\u00e0 c\u00e1c kh\u1ea3 n\u0103ng ch\u1ecdn kh\u00f4ng tham gia, vui l\u00f2ng truy c\u1eadp c\u00e1c li\u00ean k\u1ebft b\u00ean d\u01b0\u1edbi.<\/span><\/p>\n<h4><span style=\"font-weight: 400;\">Google Ads<\/span><\/h4>\n<p><span style=\"font-weight: 400;\">Google Ads l\u00e0 d\u1ecbch v\u1ee5 qu\u1ea3ng c\u00e1o \u0111\u01b0\u1ee3c cung c\u1ea5p b\u1edfi Google, Inc.<\/span><\/p>\n<p><span style=\"font-weight: 400;\">Th\u00f4ng tin v\u1ec1 quy\u1ec1n ri\u00eang t\u01b0:<\/span><\/p>\n<p><span style=\"font-weight: 400;\">\u0110\u1ec3 bi\u1ebft th\u00f4ng tin v\u1ec1 c\u00e1ch Google, Inc. s\u1eed d\u1ee5ng th\u00f4ng tin \u0111\u01b0\u1ee3c thu th\u1eadp li\u00ean quan \u0111\u1ebfn Google Ads, vui l\u00f2ng truy c\u1eadp Ch\u00ednh s\u00e1ch quy\u1ec1n ri\u00eang t\u01b0 c\u1ee7a h\u1ecd t\u1ea1i \u0111\u00e2y: <\/span><a href=\"https:\/\/policies.google.com\/privacy\"><span style=\"font-weight: 400;\">https:\/\/policies.google.com\/privacy<\/span><\/a><\/p>\n<p><span style=\"font-weight: 400;\">B\u1ea1n c\u00f3 th\u1ec3 ch\u1ecdn kh\u00f4ng tham gia m\u1ed9t s\u1ed1 t\u00ednh n\u0103ng nh\u1ea5t \u0111\u1ecbnh c\u1ee7a Google Ads b\u1eb1ng c\u00e1ch truy c\u1eadp v\u00e0o \u0111\u00e2y: <\/span><a href=\"https:\/\/adssettings.google.com\/authenticated\"><span style=\"font-weight: 400;\">https:\/\/adssettings.google.com\/authenticated <\/span><\/a><span style=\"font-weight: 400;\">.<\/span><\/p>\n<p><span style=\"font-weight: 400;\">Ngo\u00e0i ra, b\u1ea1n c\u00f3 th\u1ec3 ki\u1ec3m so\u00e1t vi\u1ec7c s\u1eed d\u1ee5ng s\u1ed1 nh\u1eadn d\u1ea1ng thi\u1ebft b\u1ecb b\u1eb1ng c\u00e1ch s\u1eed d\u1ee5ng c\u00e0i \u0111\u1eb7t thi\u1ebft b\u1ecb c\u1ee7a m\u00ecnh. \u0110\u1ec3 bi\u1ebft th\u00eam th\u00f4ng tin, vui l\u00f2ng truy c\u1eadp t\u1ea1i \u0111\u00e2y: <\/span><a href=\"https:\/\/support.google.com\/ads\/answer\/1660762#mob\"><span style=\"font-weight: 400;\">https:\/\/support.google.com\/ads\/answer\/1660762#mob<\/span><\/a><\/p>\n<h4><span style=\"font-weight: 400;\">Google Analytics<\/span><\/h4>\n<p><span style=\"font-weight: 400;\">Google Analytics l\u00e0 d\u1ecbch v\u1ee5 ph\u00e2n t\u00edch \u0111\u01b0\u1ee3c cung c\u1ea5p b\u1edfi Google, Inc.<\/span><\/p>\n<p><span style=\"font-weight: 400;\">Th\u00f4ng tin v\u1ec1 quy\u1ec1n ri\u00eang t\u01b0:<\/span><\/p>\n<p><span style=\"font-weight: 400;\">\u0110\u1ec3 bi\u1ebft th\u00f4ng tin v\u1ec1 c\u00e1ch Google, Inc. s\u1eed d\u1ee5ng th\u00f4ng tin \u0111\u01b0\u1ee3c thu th\u1eadp li\u00ean quan \u0111\u1ebfn Google Analytics, vui l\u00f2ng truy c\u1eadp Ch\u00ednh s\u00e1ch b\u1ea3o m\u1eadt c\u1ee7a h\u1ecd t\u1ea1i \u0111\u00e2y: <\/span><a href=\"https:\/\/policies.google.com\/privacy\"><span style=\"font-weight: 400;\">https:\/\/policies.google.com\/privacy<\/span><\/a><\/p>\n<p><span style=\"font-weight: 400;\">\u0110\u1ec3 bi\u1ebft th\u00f4ng tin v\u1ec1 c\u00e1ch Google, Inc. s\u1eed d\u1ee5ng th\u00f4ng tin t\u1eeb c\u00e1c trang web ho\u1eb7c \u1ee9ng d\u1ee5ng s\u1eed d\u1ee5ng d\u1ecbch v\u1ee5 c\u1ee7a m\u00ecnh li\u00ean quan \u0111\u1ebfn Google Analytics, vui l\u00f2ng truy c\u1eadp t\u1ea1i \u0111\u00e2y: <\/span><a href=\"https:\/\/policies.google.com\/technologies\/partner-sites\"><span style=\"font-weight: 400;\">https:\/\/policies.google.com\/technologists\/partner-sites<\/span><\/a><\/p>\n<p><span style=\"font-weight: 400;\">B\u1ea1n c\u00f3 th\u1ec3 t\u1eeb ch\u1ed1i Google Analytics b\u1eb1ng c\u00e1ch l\u00e0m theo h\u01b0\u1edbng d\u1eabn \u0111\u01b0\u1ee3c cung c\u1ea5p t\u1ea1i \u0111\u00e2y: <\/span><a href=\"https:\/\/support.google.com\/analytics\/answer\/181881\"><span style=\"font-weight: 400;\">https:\/\/support.google.com\/analytics\/answer\/181881<\/span><\/a><\/p>\n<h4><span style=\"font-weight: 400;\">Google Tag Manager<\/span><\/h4>\n<p><span style=\"font-weight: 400;\">Tr\u00ecnh qu\u1ea3n l\u00fd th\u1ebb c\u1ee7a Google l\u00e0 d\u1ecbch v\u1ee5 qu\u1ea3n l\u00fd th\u1ebb \u0111\u01b0\u1ee3c cung c\u1ea5p b\u1edfi Google, Inc.<\/span><\/p>\n<p><span style=\"font-weight: 400;\">Th\u00f4ng tin v\u1ec1 quy\u1ec1n ri\u00eang t\u01b0:<\/span><\/p>\n<p><span style=\"font-weight: 400;\">\u0110\u1ec3 bi\u1ebft th\u00f4ng tin v\u1ec1 c\u00e1ch Google, Inc. s\u1eed d\u1ee5ng th\u00f4ng tin \u0111\u01b0\u1ee3c thu th\u1eadp li\u00ean quan \u0111\u1ebfn Tr\u00ecnh qu\u1ea3n l\u00fd th\u1ebb c\u1ee7a Google, vui l\u00f2ng truy c\u1eadp Ch\u00ednh s\u00e1ch b\u1ea3o m\u1eadt c\u1ee7a h\u1ecd t\u1ea1i \u0111\u00e2y: <\/span><a href=\"https:\/\/policies.google.com\/privacy\"><span style=\"font-weight: 400;\">https:\/\/policies.google.com\/privacy<\/span><\/a><\/p>\n<h4><span style=\"font-weight: 400;\">Firebase<\/span><\/h4>\n<p><span style=\"font-weight: 400;\">Firebase l\u00e0 m\u1ed9t n\u1ec1n t\u1ea3ng ph\u00e1t tri\u1ec3n di \u0111\u1ed9ng c\u1ee7a Google, Inc., n\u01a1i cung c\u1ea5p c\u00e1c d\u1ecbch v\u1ee5 ph\u00e2n t\u00edch.<\/span><\/p>\n<p><span style=\"font-weight: 400;\">Th\u00f4ng tin v\u1ec1 quy\u1ec1n ri\u00eang t\u01b0:<\/span><\/p>\n<p><span style=\"font-weight: 400;\">\u0110\u1ec3 bi\u1ebft th\u00f4ng tin v\u1ec1 c\u00e1ch Google, Inc. s\u1eed d\u1ee5ng th\u00f4ng tin \u0111\u01b0\u1ee3c thu th\u1eadp li\u00ean quan \u0111\u1ebfn Firebase, vui l\u00f2ng truy c\u1eadp Ch\u00ednh s\u00e1ch b\u1ea3o m\u1eadt c\u1ee7a h\u1ecd t\u1ea1i \u0111\u00e2y: <\/span><a href=\"https:\/\/policies.google.com\/privacy\"><span style=\"font-weight: 400;\">https:\/\/policies.google.com\/privacy<\/span><\/a><\/p>\n<p><span style=\"font-weight: 400;\">\u0110\u1ec3 bi\u1ebft th\u00f4ng tin v\u1ec1 c\u00e1ch Google, Inc. s\u1eed d\u1ee5ng th\u00f4ng tin t\u1eeb c\u00e1c trang web ho\u1eb7c \u1ee9ng d\u1ee5ng s\u1eed d\u1ee5ng d\u1ecbch v\u1ee5 c\u1ee7a m\u00ecnh li\u00ean quan \u0111\u1ebfn Firebase, vui l\u00f2ng truy c\u1eadp t\u1ea1i \u0111\u00e2y: <\/span><a href=\"https:\/\/policies.google.com\/technologies\/partner-sites\"><span style=\"font-weight: 400;\">https:\/\/policies.google.com\/technologists\/partner-sites<\/span><\/a><\/p>\n<p><span style=\"font-weight: 400;\">B\u1ea1n c\u00f3 th\u1ec3 t\u1eeb ch\u1ed1i s\u1eed d\u1ee5ng m\u1ed9t s\u1ed1 t\u00ednh n\u0103ng nh\u1ea5t \u0111\u1ecbnh c\u1ee7a Firebase b\u1eb1ng c\u00e1ch l\u00e0m theo h\u01b0\u1edbng d\u1eabn \u0111\u01b0\u1ee3c cung c\u1ea5p trong Ch\u00ednh s\u00e1ch quy\u1ec1n ri\u00eang t\u01b0 c\u1ee7a Google, Inc.<\/span><\/p>\n<h4><span style=\"font-weight: 400;\">RevenueCat<\/span><\/h4>\n<p><span style=\"font-weight: 400;\">D\u1ecbch v\u1ee5 RevenueCat \u0111\u1ec3 mua h\u00e0ng trong \u1ee9ng d\u1ee5ng.<\/span><\/p>\n<p><span style=\"font-weight: 400;\">Th\u00f4ng tin v\u1ec1 quy\u1ec1n ri\u00eang t\u01b0:<\/span><\/p>\n<p><span style=\"font-weight: 400;\">\u0110\u1ec3 bi\u1ebft th\u00f4ng tin v\u1ec1 c\u00e1ch Unity Technologies SF s\u1eed d\u1ee5ng th\u00f4ng tin \u0111\u01b0\u1ee3c thu th\u1eadp li\u00ean quan \u0111\u1ebfn Unity IAP, vui l\u00f2ng truy c\u1eadp Ch\u00ednh s\u00e1ch quy\u1ec1n ri\u00eang t\u01b0 c\u1ee7a h\u1ecd t\u1ea1i \u0111\u00e2y: <\/span><a href=\"https:\/\/www.revenuecat.com\/privacy\/\"><span style=\"font-weight: 400;\">https:\/\/www.revenuecat.com\/privacy\/<\/span><\/a><\/p>\n\t\t\t\t\t\t\t\t<\/div>\n\t\t\t\t<\/div>\n\t\t\t\t\t<\/div>\n\t\t<\/div>\n\t\t\t\t\t<\/div>\n\t\t<\/section>\n\t\t\t\t<\/div>\n\t\t","protected":false},"excerpt":{"rendered":"<p>C\u1eadp nh\u1eadt l\u1ea7n cu\u1ed1i v\u00e0o ng\u00e0y 8 th\u00e1ng 12 n\u0103m 2023 Ch\u00fang t\u00f4i l\u00e0m vi\u1ec7c v\u1edbi m\u1ed9t s\u1ed1 \u0111\u1ed1i t\u00e1c nh\u1ea5t \u0111\u1ecbnh trong c\u00e1c \u1ee9ng d\u1ee5ng v\u00e0 trang web d\u00e0nh cho thi\u1ebft b\u1ecb di \u0111\u1ed9ng c\u1ee7a m\u00ecnh \u0111\u1ec3 cung c\u1ea5p c\u00e1c th\u00e0nh ph\u1ea7n x\u00e3 h\u1ed9i, ph\u00e2n t\u00edch c\u0169ng nh\u01b0 ph\u00e2n ph\u00e1t qu\u1ea3ng c\u00e1o b\u00ean trong [&hellip;]<\/p>\n","protected":false},"author":1,"featured_media":0,"parent":0,"menu_order":0,"comment_status":"closed","ping_status":"closed","template":"","meta":{"footnotes":""},"class_list":["post-987","page","type-page","status-publish","hentry"],"yoast_head":"<!-- This site is optimized with the Yoast SEO plugin v27.4 - https:\/\/yoast.com\/product\/yoast-seo-wordpress\/ -->\n<title>Th\u00f4ng b\u00e1o v\u1ec1 quy\u1ec1n ri\u00eang t\u01b0 c\u1ee7a b\u00ean th\u1ee9 ba - LikeTones<\/title>\n<meta name=\"robots\" content=\"index, follow, max-snippet:-1, max-image-preview:large, max-video-preview:-1\" \/>\n<link rel=\"canonical\" href=\"https:\/\/liketones.com\/vi\/thong-bao-ve-quyen-rieng-tu-cua-ben-thu-ba\/\" \/>\n<meta property=\"og:locale\" content=\"vi_VN\" \/>\n<meta property=\"og:type\" content=\"article\" \/>\n<meta property=\"og:title\" content=\"Th\u00f4ng b\u00e1o v\u1ec1 quy\u1ec1n ri\u00eang t\u01b0 c\u1ee7a b\u00ean th\u1ee9 ba - LikeTones\" \/>\n<meta property=\"og:description\" content=\"C\u1eadp nh\u1eadt l\u1ea7n cu\u1ed1i v\u00e0o ng\u00e0y 8 th\u00e1ng 12 n\u0103m 2023 Ch\u00fang t\u00f4i l\u00e0m vi\u1ec7c v\u1edbi m\u1ed9t s\u1ed1 \u0111\u1ed1i t\u00e1c nh\u1ea5t \u0111\u1ecbnh trong c\u00e1c \u1ee9ng d\u1ee5ng v\u00e0 trang web d\u00e0nh cho thi\u1ebft b\u1ecb di \u0111\u1ed9ng c\u1ee7a m\u00ecnh \u0111\u1ec3 cung c\u1ea5p c\u00e1c th\u00e0nh ph\u1ea7n x\u00e3 h\u1ed9i, ph\u00e2n t\u00edch c\u0169ng nh\u01b0 ph\u00e2n ph\u00e1t qu\u1ea3ng c\u00e1o b\u00ean trong [&hellip;]\" \/>\n<meta property=\"og:url\" content=\"https:\/\/liketones.com\/vi\/thong-bao-ve-quyen-rieng-tu-cua-ben-thu-ba\/\" \/>\n<meta property=\"og:site_name\" content=\"LikeTones\" \/>\n<meta property=\"article:modified_time\" content=\"2023-12-08T21:09:17+00:00\" \/>\n<meta name=\"twitter:card\" content=\"summary_large_image\" \/>\n<meta name=\"twitter:label1\" content=\"Est. reading time\" \/>\n\t<meta name=\"twitter:data1\" content=\"4 minutes\" \/>\n<script type=\"application\/ld+json\" class=\"yoast-schema-graph\">{\"@context\":\"https:\\\/\\\/schema.org\",\"@graph\":[{\"@type\":\"WebPage\",\"@id\":\"https:\\\/\\\/liketones.com\\\/vi\\\/thong-bao-ve-quyen-rieng-tu-cua-ben-thu-ba\\\/\",\"url\":\"https:\\\/\\\/liketones.com\\\/vi\\\/thong-bao-ve-quyen-rieng-tu-cua-ben-thu-ba\\\/\",\"name\":\"Th\u00f4ng b\u00e1o v\u1ec1 quy\u1ec1n ri\u00eang t\u01b0 c\u1ee7a b\u00ean th\u1ee9 ba - LikeTones\",\"isPartOf\":{\"@id\":\"https:\\\/\\\/liketones.com\\\/vi\\\/#website\"},\"datePublished\":\"2023-03-20T10:46:23+00:00\",\"dateModified\":\"2023-12-08T21:09:17+00:00\",\"breadcrumb\":{\"@id\":\"https:\\\/\\\/liketones.com\\\/vi\\\/thong-bao-ve-quyen-rieng-tu-cua-ben-thu-ba\\\/#breadcrumb\"},\"inLanguage\":\"vi-VN\",\"potentialAction\":[{\"@type\":\"ReadAction\",\"target\":[\"https:\\\/\\\/liketones.com\\\/vi\\\/thong-bao-ve-quyen-rieng-tu-cua-ben-thu-ba\\\/\"]}]},{\"@type\":\"BreadcrumbList\",\"@id\":\"https:\\\/\\\/liketones.com\\\/vi\\\/thong-bao-ve-quyen-rieng-tu-cua-ben-thu-ba\\\/#breadcrumb\",\"itemListElement\":[{\"@type\":\"ListItem\",\"position\":1,\"name\":\"Home\",\"item\":\"https:\\\/\\\/liketones.com\\\/vi\\\/hoc-cach-choi-nhac-cu-mien-phi\\\/\"},{\"@type\":\"ListItem\",\"position\":2,\"name\":\"Th\u00f4ng b\u00e1o v\u1ec1 quy\u1ec1n ri\u00eang t\u01b0 c\u1ee7a b\u00ean th\u1ee9 ba\"}]},{\"@type\":\"WebSite\",\"@id\":\"https:\\\/\\\/liketones.com\\\/vi\\\/#website\",\"url\":\"https:\\\/\\\/liketones.com\\\/vi\\\/\",\"name\":\"LikeTones\",\"description\":\"Learn to play musical instruments\",\"publisher\":{\"@id\":\"https:\\\/\\\/liketones.com\\\/vi\\\/#organization\"},\"potentialAction\":[{\"@type\":\"SearchAction\",\"target\":{\"@type\":\"EntryPoint\",\"urlTemplate\":\"https:\\\/\\\/liketones.com\\\/vi\\\/?s={search_term_string}\"},\"query-input\":{\"@type\":\"PropertyValueSpecification\",\"valueRequired\":true,\"valueName\":\"search_term_string\"}}],\"inLanguage\":\"vi-VN\"},{\"@type\":\"Organization\",\"@id\":\"https:\\\/\\\/liketones.com\\\/vi\\\/#organization\",\"name\":\"LikeTones\",\"url\":\"https:\\\/\\\/liketones.com\\\/vi\\\/\",\"logo\":{\"@type\":\"ImageObject\",\"inLanguage\":\"vi-VN\",\"@id\":\"https:\\\/\\\/liketones.com\\\/vi\\\/#\\\/schema\\\/logo\\\/image\\\/\",\"url\":\"https:\\\/\\\/i0.wp.com\\\/liketones.com\\\/wp-content\\\/uploads\\\/2023\\\/12\\\/liketones_logo.png?fit=440%2C99&ssl=1\",\"contentUrl\":\"https:\\\/\\\/i0.wp.com\\\/liketones.com\\\/wp-content\\\/uploads\\\/2023\\\/12\\\/liketones_logo.png?fit=440%2C99&ssl=1\",\"width\":440,\"height\":99,\"caption\":\"LikeTones\"},\"image\":{\"@id\":\"https:\\\/\\\/liketones.com\\\/vi\\\/#\\\/schema\\\/logo\\\/image\\\/\"}}]}<\/script>\n<!-- \/ Yoast SEO plugin. -->","yoast_head_json":{"title":"Th\u00f4ng b\u00e1o v\u1ec1 quy\u1ec1n ri\u00eang t\u01b0 c\u1ee7a b\u00ean th\u1ee9 ba - LikeTones","robots":{"index":"index","follow":"follow","max-snippet":"max-snippet:-1","max-image-preview":"max-image-preview:large","max-video-preview":"max-video-preview:-1"},"canonical":"https:\/\/liketones.com\/vi\/thong-bao-ve-quyen-rieng-tu-cua-ben-thu-ba\/","og_locale":"vi_VN","og_type":"article","og_title":"Th\u00f4ng b\u00e1o v\u1ec1 quy\u1ec1n ri\u00eang t\u01b0 c\u1ee7a b\u00ean th\u1ee9 ba - LikeTones","og_description":"C\u1eadp nh\u1eadt l\u1ea7n cu\u1ed1i v\u00e0o ng\u00e0y 8 th\u00e1ng 12 n\u0103m 2023 Ch\u00fang t\u00f4i l\u00e0m vi\u1ec7c v\u1edbi m\u1ed9t s\u1ed1 \u0111\u1ed1i t\u00e1c nh\u1ea5t \u0111\u1ecbnh trong c\u00e1c \u1ee9ng d\u1ee5ng v\u00e0 trang web d\u00e0nh cho thi\u1ebft b\u1ecb di \u0111\u1ed9ng c\u1ee7a m\u00ecnh \u0111\u1ec3 cung c\u1ea5p c\u00e1c th\u00e0nh ph\u1ea7n x\u00e3 h\u1ed9i, ph\u00e2n t\u00edch c\u0169ng nh\u01b0 ph\u00e2n ph\u00e1t qu\u1ea3ng c\u00e1o b\u00ean trong [&hellip;]","og_url":"https:\/\/liketones.com\/vi\/thong-bao-ve-quyen-rieng-tu-cua-ben-thu-ba\/","og_site_name":"LikeTones","article_modified_time":"2023-12-08T21:09:17+00:00","twitter_card":"summary_large_image","twitter_misc":{"Est. reading time":"4 minutes"},"schema":{"@context":"https:\/\/schema.org","@graph":[{"@type":"WebPage","@id":"https:\/\/liketones.com\/vi\/thong-bao-ve-quyen-rieng-tu-cua-ben-thu-ba\/","url":"https:\/\/liketones.com\/vi\/thong-bao-ve-quyen-rieng-tu-cua-ben-thu-ba\/","name":"Th\u00f4ng b\u00e1o v\u1ec1 quy\u1ec1n ri\u00eang t\u01b0 c\u1ee7a b\u00ean th\u1ee9 ba - LikeTones","isPartOf":{"@id":"https:\/\/liketones.com\/vi\/#website"},"datePublished":"2023-03-20T10:46:23+00:00","dateModified":"2023-12-08T21:09:17+00:00","breadcrumb":{"@id":"https:\/\/liketones.com\/vi\/thong-bao-ve-quyen-rieng-tu-cua-ben-thu-ba\/#breadcrumb"},"inLanguage":"vi-VN","potentialAction":[{"@type":"ReadAction","target":["https:\/\/liketones.com\/vi\/thong-bao-ve-quyen-rieng-tu-cua-ben-thu-ba\/"]}]},{"@type":"BreadcrumbList","@id":"https:\/\/liketones.com\/vi\/thong-bao-ve-quyen-rieng-tu-cua-ben-thu-ba\/#breadcrumb","itemListElement":[{"@type":"ListItem","position":1,"name":"Home","item":"https:\/\/liketones.com\/vi\/hoc-cach-choi-nhac-cu-mien-phi\/"},{"@type":"ListItem","position":2,"name":"Th\u00f4ng b\u00e1o v\u1ec1 quy\u1ec1n ri\u00eang t\u01b0 c\u1ee7a b\u00ean th\u1ee9 ba"}]},{"@type":"WebSite","@id":"https:\/\/liketones.com\/vi\/#website","url":"https:\/\/liketones.com\/vi\/","name":"LikeTones","description":"Learn to play musical instruments","publisher":{"@id":"https:\/\/liketones.com\/vi\/#organization"},"potentialAction":[{"@type":"SearchAction","target":{"@type":"EntryPoint","urlTemplate":"https:\/\/liketones.com\/vi\/?s={search_term_string}"},"query-input":{"@type":"PropertyValueSpecification","valueRequired":true,"valueName":"search_term_string"}}],"inLanguage":"vi-VN"},{"@type":"Organization","@id":"https:\/\/liketones.com\/vi\/#organization","name":"LikeTones","url":"https:\/\/liketones.com\/vi\/","logo":{"@type":"ImageObject","inLanguage":"vi-VN","@id":"https:\/\/liketones.com\/vi\/#\/schema\/logo\/image\/","url":"https:\/\/i0.wp.com\/liketones.com\/wp-content\/uploads\/2023\/12\/liketones_logo.png?fit=440%2C99&ssl=1","contentUrl":"https:\/\/i0.wp.com\/liketones.com\/wp-content\/uploads\/2023\/12\/liketones_logo.png?fit=440%2C99&ssl=1","width":440,"height":99,"caption":"LikeTones"},"image":{"@id":"https:\/\/liketones.com\/vi\/#\/schema\/logo\/image\/"}}]}},"jetpack_sharing_enabled":true,"_links":{"self":[{"href":"https:\/\/liketones.com\/vi\/wp-json\/wp\/v2\/pages\/987","targetHints":{"allow":["GET"]}}],"collection":[{"href":"https:\/\/liketones.com\/vi\/wp-json\/wp\/v2\/pages"}],"about":[{"href":"https:\/\/liketones.com\/vi\/wp-json\/wp\/v2\/types\/page"}],"author":[{"embeddable":true,"href":"https:\/\/liketones.com\/vi\/wp-json\/wp\/v2\/users\/1"}],"replies":[{"embeddable":true,"href":"https:\/\/liketones.com\/vi\/wp-json\/wp\/v2\/comments?post=987"}],"version-history":[{"count":5,"href":"https:\/\/liketones.com\/vi\/wp-json\/wp\/v2\/pages\/987\/revisions"}],"predecessor-version":[{"id":1640,"href":"https:\/\/liketones.com\/vi\/wp-json\/wp\/v2\/pages\/987\/revisions\/1640"}],"wp:attachment":[{"href":"https:\/\/liketones.com\/vi\/wp-json\/wp\/v2\/media?parent=987"}],"curies":[{"name":"wp","href":"https:\/\/api.w.org\/{rel}","templated":true}]}}