{"id":293,"date":"2023-09-18T12:16:24","date_gmt":"2023-09-18T12:16:24","guid":{"rendered":"https:\/\/liketones.com\/xoa-du-lieu-cua-ban\/"},"modified":"2023-12-04T13:16:07","modified_gmt":"2023-12-04T13:16:07","slug":"xoa-du-lieu-cua-ban","status":"publish","type":"page","link":"https:\/\/liketones.com\/vi\/xoa-du-lieu-cua-ban\/","title":{"rendered":"X\u00f3a d\u1eef li\u1ec7u c\u1ee7a b\u1ea1n"},"content":{"rendered":"\t\t<div data-elementor-type=\"wp-page\" data-elementor-id=\"293\" class=\"elementor elementor-293 elementor-73\" data-elementor-post-type=\"page\">\n\t\t\t\t\t\t<section class=\"elementor-section elementor-top-section elementor-element elementor-element-fea008c elementor-section-boxed elementor-section-height-default elementor-section-height-default\" data-id=\"fea008c\" data-element_type=\"section\" data-e-type=\"section\">\n\t\t\t\t\t\t<div class=\"elementor-container elementor-column-gap-default\">\n\t\t\t\t\t<div class=\"elementor-column elementor-col-100 elementor-top-column elementor-element elementor-element-d7e9ee3\" data-id=\"d7e9ee3\" data-element_type=\"column\" data-e-type=\"column\">\n\t\t\t<div class=\"elementor-widget-wrap elementor-element-populated\">\n\t\t\t\t\t\t<div class=\"elementor-element elementor-element-12167e3 elementor-widget elementor-widget-text-editor\" data-id=\"12167e3\" data-element_type=\"widget\" data-e-type=\"widget\" data-widget_type=\"text-editor.default\">\n\t\t\t\t<div class=\"elementor-widget-container\">\n\t\t\t\t\t\t\t\t\t<p>N\u1ebfu b\u1ea1n mu\u1ed1n x\u00f3a d\u1eef li\u1ec7u c\u1ee7a m\u00ecnh, vui l\u00f2ng m\u1edf \u1ee9ng d\u1ee5ng di \u0111\u1ed9ng c\u1ee7a ch\u00fang t\u00f4i v\u00e0 nh\u1ea5p v\u00e0o n\u00fat &#8220;X\u00f3a t\u00e0i kho\u1ea3n&#8221;. Ch\u00fang t\u00f4i s\u1ebd x\u00f3a t\u1ea5t c\u1ea3 d\u1eef li\u1ec7u c\u1ee7a b\u1ea1n kh\u1ecfi h\u1ec7 th\u1ed1ng c\u1ee7a ch\u00fang t\u00f4i v\u00e0 h\u1ee7y k\u00edch ho\u1ea1t t\u00e0i kho\u1ea3n c\u1ee7a b\u1ea1n.<\/p>\n<p>Trong m\u1ed9t s\u1ed1 \u1ee9ng d\u1ee5ng c\u1ee7a ch\u00fang t\u00f4i, ch\u1eb3ng h\u1ea1n nh\u01b0 b\u1ed9 d\u00f2 s\u00f3ng, ch\u00fang t\u00f4i kh\u00f4ng thu th\u1eadp th\u00f4ng tin c\u00e1 nh\u00e2n; do \u0111\u00f3, kh\u00f4ng c\u00f3 t\u00e0i kho\u1ea3n ng\u01b0\u1eddi d\u00f9ng. Trong tr\u01b0\u1eddng h\u1ee3p \u0111\u00f3, b\u1ea1n c\u00f3 th\u1ec3 g\u1ee1 c\u00e0i \u0111\u1eb7t \u1ee9ng d\u1ee5ng kh\u1ecfi thi\u1ebft b\u1ecb c\u1ee7a m\u00ecnh.<\/p>\n<p>B\u1ea1n v\u1eabn c\u00f2n th\u1eafc m\u1eafc v\u1ec1 vi\u1ec7c x\u00f3a d\u1eef li\u1ec7u c\u1ee7a m\u00ecnh? Vui l\u00f2ng vi\u1ebft th\u01b0 cho ch\u00fang t\u00f4i t\u1ea1i support@liketones.com<\/p>\t\t\t\t\t\t\t\t<\/div>\n\t\t\t\t<\/div>\n\t\t\t\t\t<\/div>\n\t\t<\/div>\n\t\t\t\t\t<\/div>\n\t\t<\/section>\n\t\t\t\t<\/div>\n\t\t","protected":false},"excerpt":{"rendered":"<p>N\u1ebfu b\u1ea1n mu\u1ed1n x\u00f3a d\u1eef li\u1ec7u c\u1ee7a m\u00ecnh, vui l\u00f2ng m\u1edf \u1ee9ng d\u1ee5ng di \u0111\u1ed9ng c\u1ee7a ch\u00fang t\u00f4i v\u00e0 nh\u1ea5p v\u00e0o n\u00fat &#8220;X\u00f3a t\u00e0i kho\u1ea3n&#8221;. Ch\u00fang t\u00f4i s\u1ebd x\u00f3a t\u1ea5t c\u1ea3 d\u1eef li\u1ec7u c\u1ee7a b\u1ea1n kh\u1ecfi h\u1ec7 th\u1ed1ng c\u1ee7a ch\u00fang t\u00f4i v\u00e0 h\u1ee7y k\u00edch ho\u1ea1t t\u00e0i kho\u1ea3n c\u1ee7a b\u1ea1n. Trong m\u1ed9t s\u1ed1 \u1ee9ng d\u1ee5ng c\u1ee7a [&hellip;]<\/p>\n","protected":false},"author":1,"featured_media":0,"parent":0,"menu_order":0,"comment_status":"closed","ping_status":"closed","template":"","meta":{"footnotes":""},"class_list":["post-293","page","type-page","status-publish","hentry"],"yoast_head":"<!-- This site is optimized with the Yoast SEO plugin v27.4 - https:\/\/yoast.com\/product\/yoast-seo-wordpress\/ -->\n<title>X\u00f3a d\u1eef li\u1ec7u c\u1ee7a b\u1ea1n - LikeTones<\/title>\n<meta name=\"robots\" content=\"index, follow, max-snippet:-1, max-image-preview:large, max-video-preview:-1\" \/>\n<link rel=\"canonical\" href=\"https:\/\/liketones.com\/vi\/xoa-du-lieu-cua-ban\/\" \/>\n<meta property=\"og:locale\" content=\"vi_VN\" \/>\n<meta property=\"og:type\" content=\"article\" \/>\n<meta property=\"og:title\" content=\"X\u00f3a d\u1eef li\u1ec7u c\u1ee7a b\u1ea1n - LikeTones\" \/>\n<meta property=\"og:description\" content=\"N\u1ebfu b\u1ea1n mu\u1ed1n x\u00f3a d\u1eef li\u1ec7u c\u1ee7a m\u00ecnh, vui l\u00f2ng m\u1edf \u1ee9ng d\u1ee5ng di \u0111\u1ed9ng c\u1ee7a ch\u00fang t\u00f4i v\u00e0 nh\u1ea5p v\u00e0o n\u00fat &#8220;X\u00f3a t\u00e0i kho\u1ea3n&#8221;. Ch\u00fang t\u00f4i s\u1ebd x\u00f3a t\u1ea5t c\u1ea3 d\u1eef li\u1ec7u c\u1ee7a b\u1ea1n kh\u1ecfi h\u1ec7 th\u1ed1ng c\u1ee7a ch\u00fang t\u00f4i v\u00e0 h\u1ee7y k\u00edch ho\u1ea1t t\u00e0i kho\u1ea3n c\u1ee7a b\u1ea1n. Trong m\u1ed9t s\u1ed1 \u1ee9ng d\u1ee5ng c\u1ee7a [&hellip;]\" \/>\n<meta property=\"og:url\" content=\"https:\/\/liketones.com\/vi\/xoa-du-lieu-cua-ban\/\" \/>\n<meta property=\"og:site_name\" content=\"LikeTones\" \/>\n<meta property=\"article:modified_time\" content=\"2023-12-04T13:16:07+00:00\" \/>\n<meta name=\"twitter:card\" content=\"summary_large_image\" \/>\n<meta name=\"twitter:label1\" content=\"Est. reading time\" \/>\n\t<meta name=\"twitter:data1\" content=\"1 minute\" \/>\n<script type=\"application\/ld+json\" class=\"yoast-schema-graph\">{\"@context\":\"https:\\\/\\\/schema.org\",\"@graph\":[{\"@type\":\"WebPage\",\"@id\":\"https:\\\/\\\/liketones.com\\\/vi\\\/xoa-du-lieu-cua-ban\\\/\",\"url\":\"https:\\\/\\\/liketones.com\\\/vi\\\/xoa-du-lieu-cua-ban\\\/\",\"name\":\"X\u00f3a d\u1eef li\u1ec7u c\u1ee7a b\u1ea1n - LikeTones\",\"isPartOf\":{\"@id\":\"https:\\\/\\\/liketones.com\\\/vi\\\/#website\"},\"datePublished\":\"2023-09-18T12:16:24+00:00\",\"dateModified\":\"2023-12-04T13:16:07+00:00\",\"breadcrumb\":{\"@id\":\"https:\\\/\\\/liketones.com\\\/vi\\\/xoa-du-lieu-cua-ban\\\/#breadcrumb\"},\"inLanguage\":\"vi-VN\",\"potentialAction\":[{\"@type\":\"ReadAction\",\"target\":[\"https:\\\/\\\/liketones.com\\\/vi\\\/xoa-du-lieu-cua-ban\\\/\"]}]},{\"@type\":\"BreadcrumbList\",\"@id\":\"https:\\\/\\\/liketones.com\\\/vi\\\/xoa-du-lieu-cua-ban\\\/#breadcrumb\",\"itemListElement\":[{\"@type\":\"ListItem\",\"position\":1,\"name\":\"Home\",\"item\":\"https:\\\/\\\/liketones.com\\\/vi\\\/hoc-cach-choi-nhac-cu-mien-phi\\\/\"},{\"@type\":\"ListItem\",\"position\":2,\"name\":\"X\u00f3a d\u1eef li\u1ec7u c\u1ee7a b\u1ea1n\"}]},{\"@type\":\"WebSite\",\"@id\":\"https:\\\/\\\/liketones.com\\\/vi\\\/#website\",\"url\":\"https:\\\/\\\/liketones.com\\\/vi\\\/\",\"name\":\"LikeTones\",\"description\":\"Learn to play musical instruments\",\"publisher\":{\"@id\":\"https:\\\/\\\/liketones.com\\\/vi\\\/#organization\"},\"potentialAction\":[{\"@type\":\"SearchAction\",\"target\":{\"@type\":\"EntryPoint\",\"urlTemplate\":\"https:\\\/\\\/liketones.com\\\/vi\\\/?s={search_term_string}\"},\"query-input\":{\"@type\":\"PropertyValueSpecification\",\"valueRequired\":true,\"valueName\":\"search_term_string\"}}],\"inLanguage\":\"vi-VN\"},{\"@type\":\"Organization\",\"@id\":\"https:\\\/\\\/liketones.com\\\/vi\\\/#organization\",\"name\":\"LikeTones\",\"url\":\"https:\\\/\\\/liketones.com\\\/vi\\\/\",\"logo\":{\"@type\":\"ImageObject\",\"inLanguage\":\"vi-VN\",\"@id\":\"https:\\\/\\\/liketones.com\\\/vi\\\/#\\\/schema\\\/logo\\\/image\\\/\",\"url\":\"https:\\\/\\\/i0.wp.com\\\/liketones.com\\\/wp-content\\\/uploads\\\/2023\\\/12\\\/liketones_logo.png?fit=440%2C99&ssl=1\",\"contentUrl\":\"https:\\\/\\\/i0.wp.com\\\/liketones.com\\\/wp-content\\\/uploads\\\/2023\\\/12\\\/liketones_logo.png?fit=440%2C99&ssl=1\",\"width\":440,\"height\":99,\"caption\":\"LikeTones\"},\"image\":{\"@id\":\"https:\\\/\\\/liketones.com\\\/vi\\\/#\\\/schema\\\/logo\\\/image\\\/\"}}]}<\/script>\n<!-- \/ Yoast SEO plugin. -->","yoast_head_json":{"title":"X\u00f3a d\u1eef li\u1ec7u c\u1ee7a b\u1ea1n - LikeTones","robots":{"index":"index","follow":"follow","max-snippet":"max-snippet:-1","max-image-preview":"max-image-preview:large","max-video-preview":"max-video-preview:-1"},"canonical":"https:\/\/liketones.com\/vi\/xoa-du-lieu-cua-ban\/","og_locale":"vi_VN","og_type":"article","og_title":"X\u00f3a d\u1eef li\u1ec7u c\u1ee7a b\u1ea1n - LikeTones","og_description":"N\u1ebfu b\u1ea1n mu\u1ed1n x\u00f3a d\u1eef li\u1ec7u c\u1ee7a m\u00ecnh, vui l\u00f2ng m\u1edf \u1ee9ng d\u1ee5ng di \u0111\u1ed9ng c\u1ee7a ch\u00fang t\u00f4i v\u00e0 nh\u1ea5p v\u00e0o n\u00fat &#8220;X\u00f3a t\u00e0i kho\u1ea3n&#8221;. Ch\u00fang t\u00f4i s\u1ebd x\u00f3a t\u1ea5t c\u1ea3 d\u1eef li\u1ec7u c\u1ee7a b\u1ea1n kh\u1ecfi h\u1ec7 th\u1ed1ng c\u1ee7a ch\u00fang t\u00f4i v\u00e0 h\u1ee7y k\u00edch ho\u1ea1t t\u00e0i kho\u1ea3n c\u1ee7a b\u1ea1n. Trong m\u1ed9t s\u1ed1 \u1ee9ng d\u1ee5ng c\u1ee7a [&hellip;]","og_url":"https:\/\/liketones.com\/vi\/xoa-du-lieu-cua-ban\/","og_site_name":"LikeTones","article_modified_time":"2023-12-04T13:16:07+00:00","twitter_card":"summary_large_image","twitter_misc":{"Est. reading time":"1 minute"},"schema":{"@context":"https:\/\/schema.org","@graph":[{"@type":"WebPage","@id":"https:\/\/liketones.com\/vi\/xoa-du-lieu-cua-ban\/","url":"https:\/\/liketones.com\/vi\/xoa-du-lieu-cua-ban\/","name":"X\u00f3a d\u1eef li\u1ec7u c\u1ee7a b\u1ea1n - LikeTones","isPartOf":{"@id":"https:\/\/liketones.com\/vi\/#website"},"datePublished":"2023-09-18T12:16:24+00:00","dateModified":"2023-12-04T13:16:07+00:00","breadcrumb":{"@id":"https:\/\/liketones.com\/vi\/xoa-du-lieu-cua-ban\/#breadcrumb"},"inLanguage":"vi-VN","potentialAction":[{"@type":"ReadAction","target":["https:\/\/liketones.com\/vi\/xoa-du-lieu-cua-ban\/"]}]},{"@type":"BreadcrumbList","@id":"https:\/\/liketones.com\/vi\/xoa-du-lieu-cua-ban\/#breadcrumb","itemListElement":[{"@type":"ListItem","position":1,"name":"Home","item":"https:\/\/liketones.com\/vi\/hoc-cach-choi-nhac-cu-mien-phi\/"},{"@type":"ListItem","position":2,"name":"X\u00f3a d\u1eef li\u1ec7u c\u1ee7a b\u1ea1n"}]},{"@type":"WebSite","@id":"https:\/\/liketones.com\/vi\/#website","url":"https:\/\/liketones.com\/vi\/","name":"LikeTones","description":"Learn to play musical instruments","publisher":{"@id":"https:\/\/liketones.com\/vi\/#organization"},"potentialAction":[{"@type":"SearchAction","target":{"@type":"EntryPoint","urlTemplate":"https:\/\/liketones.com\/vi\/?s={search_term_string}"},"query-input":{"@type":"PropertyValueSpecification","valueRequired":true,"valueName":"search_term_string"}}],"inLanguage":"vi-VN"},{"@type":"Organization","@id":"https:\/\/liketones.com\/vi\/#organization","name":"LikeTones","url":"https:\/\/liketones.com\/vi\/","logo":{"@type":"ImageObject","inLanguage":"vi-VN","@id":"https:\/\/liketones.com\/vi\/#\/schema\/logo\/image\/","url":"https:\/\/i0.wp.com\/liketones.com\/wp-content\/uploads\/2023\/12\/liketones_logo.png?fit=440%2C99&ssl=1","contentUrl":"https:\/\/i0.wp.com\/liketones.com\/wp-content\/uploads\/2023\/12\/liketones_logo.png?fit=440%2C99&ssl=1","width":440,"height":99,"caption":"LikeTones"},"image":{"@id":"https:\/\/liketones.com\/vi\/#\/schema\/logo\/image\/"}}]}},"jetpack_sharing_enabled":true,"_links":{"self":[{"href":"https:\/\/liketones.com\/vi\/wp-json\/wp\/v2\/pages\/293","targetHints":{"allow":["GET"]}}],"collection":[{"href":"https:\/\/liketones.com\/vi\/wp-json\/wp\/v2\/pages"}],"about":[{"href":"https:\/\/liketones.com\/vi\/wp-json\/wp\/v2\/types\/page"}],"author":[{"embeddable":true,"href":"https:\/\/liketones.com\/vi\/wp-json\/wp\/v2\/users\/1"}],"replies":[{"embeddable":true,"href":"https:\/\/liketones.com\/vi\/wp-json\/wp\/v2\/comments?post=293"}],"version-history":[{"count":1,"href":"https:\/\/liketones.com\/vi\/wp-json\/wp\/v2\/pages\/293\/revisions"}],"predecessor-version":[{"id":301,"href":"https:\/\/liketones.com\/vi\/wp-json\/wp\/v2\/pages\/293\/revisions\/301"}],"wp:attachment":[{"href":"https:\/\/liketones.com\/vi\/wp-json\/wp\/v2\/media?parent=293"}],"curies":[{"name":"wp","href":"https:\/\/api.w.org\/{rel}","templated":true}]}}