{"id":977,"date":"2023-03-20T10:46:23","date_gmt":"2023-03-20T10:46:23","guid":{"rendered":"https:\/\/liketones.com\/?page_id=977"},"modified":"2023-12-08T21:06:58","modified_gmt":"2023-12-08T21:06:58","slug":"gizlilik-bildirimi-ucuncu-taraf","status":"publish","type":"page","link":"https:\/\/liketones.com\/tr\/gizlilik-bildirimi-ucuncu-taraf\/","title":{"rendered":"Gizlilik Bildirimi \u00dc\u00e7\u00fcnc\u00fc Taraf"},"content":{"rendered":"\t\t<div data-elementor-type=\"wp-page\" data-elementor-id=\"977\" class=\"elementor elementor-977 elementor-27\" data-elementor-post-type=\"page\">\n\t\t\t\t\t\t<section class=\"elementor-section elementor-top-section elementor-element elementor-element-8fc10ea elementor-section-boxed elementor-section-height-default elementor-section-height-default\" data-id=\"8fc10ea\" data-element_type=\"section\" data-e-type=\"section\">\n\t\t\t\t\t\t<div class=\"elementor-container elementor-column-gap-default\">\n\t\t\t\t\t<div class=\"elementor-column elementor-col-100 elementor-top-column elementor-element elementor-element-9796f04\" data-id=\"9796f04\" data-element_type=\"column\" data-e-type=\"column\">\n\t\t\t<div class=\"elementor-widget-wrap elementor-element-populated\">\n\t\t\t\t\t\t<div class=\"elementor-element elementor-element-9cd095d elementor-widget elementor-widget-text-editor\" data-id=\"9cd095d\" data-element_type=\"widget\" data-e-type=\"widget\" data-widget_type=\"text-editor.default\">\n\t\t\t\t<div class=\"elementor-widget-container\">\n\t\t\t\t\t\t\t\t\t<p dir=\"ltr\" style=\"line-height: 1.9871999999999999; background-color: #ffffff; margin-top: 0pt; margin-bottom: 0pt;\">\n<p><i><span style=\"font-weight: 400;\">Son g\u00fcncelleme 8 Aral\u0131k 2023&#8217;te<\/span><\/i><\/p>\n<p><span style=\"font-weight: 400;\">Hizmetimizin i\u00e7inde ve d\u0131\u015f\u0131nda sosyal bile\u015fenler, analizler ve reklam sunumu sa\u011flamak i\u00e7in mobil uygulamalar\u0131m\u0131zda ve web sitelerimizde belirli ortaklarla \u00e7al\u0131\u015f\u0131yoruz. Bu ortaklar, web sitelerimizi ve mobil uygulamalar\u0131m\u0131z\u0131 ziyaretleriniz ve bunlar\u0131 kullan\u0131m\u0131n\u0131z da dahil olmak \u00fczere hakk\u0131n\u0131zda veri toplamak veya almak i\u00e7in \u00e7erezleri, web i\u015faret\u00e7ilerini, depolama teknolojilerini ve\/veya di\u011fer benzer teknolojileri kullanabilir ve baz\u0131 durumlarda, sizin ki\u015fisel veri. Kulland\u0131\u011f\u0131m\u0131z ortaklar, onlar\u0131n gizlilik uygulamalar\u0131 ve devre d\u0131\u015f\u0131 kalma olanaklar\u0131 hakk\u0131nda daha fazla bilgi i\u00e7in l\u00fctfen a\u015fa\u011f\u0131daki ba\u011flant\u0131lar\u0131 ziyaret edin.<\/span><\/p>\n<h4><span style=\"font-weight: 400;\">Google Ads<\/span><\/h4>\n<p><span style=\"font-weight: 400;\">Google Ads, Google, Inc. taraf\u0131ndan sa\u011flanan bir reklamc\u0131l\u0131k hizmetidir.<\/span><\/p>\n<p><span style=\"font-weight: 400;\">Gizlilik Bilgileri:<\/span><\/p>\n<p><span style=\"font-weight: 400;\">Google, Inc.&#8217;in toplanan bilgileri Google Ads ile ba\u011flant\u0131l\u0131 olarak nas\u0131l kulland\u0131\u011f\u0131 hakk\u0131nda bilgi edinmek i\u00e7in l\u00fctfen buradan Gizlilik Politikas\u0131n\u0131 ziyaret edin: <\/span><a href=\"https:\/\/policies.google.com\/privacy\"><span style=\"font-weight: 400;\">https:\/\/policies.google.com\/privacy<\/span><\/a><\/p>\n<p><span style=\"font-weight: 400;\">\u015euray\u0131 ziyaret ederek belirli Google Ads \u00f6zelliklerini devre d\u0131\u015f\u0131 b\u0131rakabilirsiniz: <\/span><a href=\"https:\/\/adssettings.google.com\/authenticated\"><span style=\"font-weight: 400;\">https:\/\/adssettings.google.com\/authenticated <\/span><\/a><span style=\"font-weight: 400;\">.<\/span><\/p>\n<p><span style=\"font-weight: 400;\">Alternatif olarak, cihaz ayarlar\u0131n\u0131z\u0131 kullanarak cihaz tan\u0131mlay\u0131c\u0131lar\u0131n\u0131n kullan\u0131m\u0131n\u0131 kontrol edebilirsiniz. Daha fazla bilgi i\u00e7in l\u00fctfen buray\u0131 ziyaret edin: <\/span><a href=\"https:\/\/support.google.com\/ads\/answer\/1660762#mob\"><span style=\"font-weight: 400;\">https:\/\/support.google.com\/ads\/answer\/1660762#mob<\/span><\/a><\/p>\n<h4><span style=\"font-weight: 400;\">Google Analytics<\/span><\/h4>\n<p><span style=\"font-weight: 400;\">Google Analytics, Google Inc. taraf\u0131ndan sa\u011flanan bir analiz hizmetidir.<\/span><\/p>\n<p><span style=\"font-weight: 400;\">Gizlilik Bilgileri:<\/span><\/p>\n<p><span style=\"font-weight: 400;\">Google, Inc.&#8217;in toplanan bilgileri Google Analytics ile ba\u011flant\u0131l\u0131 olarak nas\u0131l kulland\u0131\u011f\u0131 hakk\u0131nda bilgi i\u00e7in l\u00fctfen buradan Gizlilik Politikas\u0131n\u0131 ziyaret edin: <\/span><a href=\"https:\/\/policies.google.com\/privacy\"><span style=\"font-weight: 400;\">https:\/\/policies.google.com\/privacy<\/span><\/a><\/p>\n<p><span style=\"font-weight: 400;\">Google, Inc.&#8217;in Google Analytics ile ba\u011flant\u0131l\u0131 olarak hizmetlerini kullanan site veya uygulamalardaki bilgileri nas\u0131l kulland\u0131\u011f\u0131na ili\u015fkin bilgi i\u00e7in l\u00fctfen buray\u0131 ziyaret edin: <\/span><a href=\"https:\/\/policies.google.com\/technologies\/partner-sites\"><span style=\"font-weight: 400;\">https:\/\/policies.google.com\/technologies\/partner-sites<\/span><\/a><\/p>\n<p><span style=\"font-weight: 400;\">Burada verilen talimatlar\u0131 izleyerek Google Analytics&#8217;ten \u00e7\u0131kabilirsiniz: <\/span><a href=\"https:\/\/support.google.com\/analytics\/answer\/181881\"><span style=\"font-weight: 400;\">https:\/\/support.google.com\/analytics\/answer\/181881<\/span><\/a><\/p>\n<h4><span style=\"font-weight: 400;\">Google Tag Manager<\/span><\/h4>\n<p><span style=\"font-weight: 400;\">Google Etiket Y\u00f6neticisi, Google, Inc. taraf\u0131ndan sa\u011flanan bir etiket y\u00f6netimi hizmetidir.<\/span><\/p>\n<p><span style=\"font-weight: 400;\">Gizlilik Bilgileri:<\/span><\/p>\n<p><span style=\"font-weight: 400;\">Google, Inc.&#8217;in toplanan bilgileri Google Etiket Y\u00f6neticisi ile ba\u011flant\u0131l\u0131 olarak nas\u0131l kulland\u0131\u011f\u0131 hakk\u0131nda bilgi i\u00e7in l\u00fctfen buradan Gizlilik Politikas\u0131n\u0131 ziyaret edin: <\/span><a href=\"https:\/\/policies.google.com\/privacy\"><span style=\"font-weight: 400;\">https:\/\/policies.google.com\/privacy<\/span><\/a><\/p>\n<h4><span style=\"font-weight: 400;\">Firebase<\/span><\/h4>\n<p><span style=\"font-weight: 400;\">Firebase, Google Inc.&#8217;in analiz hizmetleri sa\u011flayan bir mobil geli\u015ftirme platformudur.<\/span><\/p>\n<p><span style=\"font-weight: 400;\">Gizlilik Bilgileri:<\/span><\/p>\n<p><span style=\"font-weight: 400;\">Google, Inc.&#8217;in Firebase ile ba\u011flant\u0131l\u0131 olarak toplanan bilgileri nas\u0131l kulland\u0131\u011f\u0131 hakk\u0131nda bilgi edinmek i\u00e7in l\u00fctfen buradan Gizlilik Politikas\u0131n\u0131 ziyaret edin: <\/span><a href=\"https:\/\/policies.google.com\/privacy\"><span style=\"font-weight: 400;\">https:\/\/policies.google.com\/privacy<\/span><\/a><\/p>\n<p><span style=\"font-weight: 400;\">Google, Inc.&#8217;in Firebase ile ba\u011flant\u0131l\u0131 olarak hizmetlerini kullanan site veya uygulamalardaki bilgileri nas\u0131l kulland\u0131\u011f\u0131 hakk\u0131nda bilgi i\u00e7in l\u00fctfen buray\u0131 ziyaret edin: <\/span><a href=\"https:\/\/policies.google.com\/technologies\/partner-sites\"><span style=\"font-weight: 400;\">https:\/\/policies.google.com\/technologies\/partner-sites<\/span><\/a><\/p>\n<p><span style=\"font-weight: 400;\">Google, Inc.&#8217;in Gizlilik Politikas\u0131&#8217;nda sa\u011flanan talimatlar\u0131 izleyerek belirli Firebase \u00f6zelliklerini devre d\u0131\u015f\u0131 b\u0131rakabilirsiniz.<\/span><\/p>\n<h4><span style=\"font-weight: 400;\">RevenueCat<\/span><\/h4>\n<p><span style=\"font-weight: 400;\">Uygulama i\u00e7i sat\u0131n al\u0131mlar i\u00e7in RevenueCat hizmeti.<\/span><\/p>\n<p><span style=\"font-weight: 400;\">Gizlilik Bilgileri:<\/span><\/p>\n<p><span style=\"font-weight: 400;\">Unity Technologies SF&#8217;nin, Unity IAP ile ba\u011flant\u0131l\u0131 olarak toplanan bilgileri nas\u0131l kulland\u0131\u011f\u0131 hakk\u0131nda bilgi i\u00e7in l\u00fctfen buradan Gizlilik Politikas\u0131n\u0131 ziyaret edin: <\/span><a href=\"https:\/\/www.revenuecat.com\/privacy\/\"><span style=\"font-weight: 400;\">https:\/\/www.revenuecat.com\/privacy\/<\/span><\/a><\/p>\n\t\t\t\t\t\t\t\t<\/div>\n\t\t\t\t<\/div>\n\t\t\t\t\t<\/div>\n\t\t<\/div>\n\t\t\t\t\t<\/div>\n\t\t<\/section>\n\t\t\t\t<\/div>\n\t\t","protected":false},"excerpt":{"rendered":"<p>Son g\u00fcncelleme 8 Aral\u0131k 2023&#8217;te Hizmetimizin i\u00e7inde ve d\u0131\u015f\u0131nda sosyal bile\u015fenler, analizler ve reklam sunumu sa\u011flamak i\u00e7in mobil uygulamalar\u0131m\u0131zda ve web sitelerimizde belirli ortaklarla \u00e7al\u0131\u015f\u0131yoruz. Bu ortaklar, web sitelerimizi ve mobil uygulamalar\u0131m\u0131z\u0131 ziyaretleriniz ve bunlar\u0131 kullan\u0131m\u0131n\u0131z da dahil olmak \u00fczere hakk\u0131n\u0131zda veri toplamak veya almak i\u00e7in \u00e7erezleri, web i\u015faret\u00e7ilerini, depolama teknolojilerini ve\/veya di\u011fer benzer teknolojileri [&hellip;]<\/p>\n","protected":false},"author":1,"featured_media":0,"parent":0,"menu_order":0,"comment_status":"closed","ping_status":"closed","template":"","meta":{"footnotes":""},"class_list":["post-977","page","type-page","status-publish","hentry"],"yoast_head":"<!-- This site is optimized with the Yoast SEO plugin v27.4 - https:\/\/yoast.com\/product\/yoast-seo-wordpress\/ -->\n<title>Gizlilik Bildirimi \u00dc\u00e7\u00fcnc\u00fc Taraf - LikeTones<\/title>\n<meta name=\"robots\" content=\"index, follow, max-snippet:-1, max-image-preview:large, max-video-preview:-1\" \/>\n<link rel=\"canonical\" href=\"https:\/\/liketones.com\/tr\/gizlilik-bildirimi-ucuncu-taraf\/\" \/>\n<meta property=\"og:locale\" content=\"tr_TR\" \/>\n<meta property=\"og:type\" content=\"article\" \/>\n<meta property=\"og:title\" content=\"Gizlilik Bildirimi \u00dc\u00e7\u00fcnc\u00fc Taraf - LikeTones\" \/>\n<meta property=\"og:description\" content=\"Son g\u00fcncelleme 8 Aral\u0131k 2023&#8217;te Hizmetimizin i\u00e7inde ve d\u0131\u015f\u0131nda sosyal bile\u015fenler, analizler ve reklam sunumu sa\u011flamak i\u00e7in mobil uygulamalar\u0131m\u0131zda ve web sitelerimizde belirli ortaklarla \u00e7al\u0131\u015f\u0131yoruz. Bu ortaklar, web sitelerimizi ve mobil uygulamalar\u0131m\u0131z\u0131 ziyaretleriniz ve bunlar\u0131 kullan\u0131m\u0131n\u0131z da dahil olmak \u00fczere hakk\u0131n\u0131zda veri toplamak veya almak i\u00e7in \u00e7erezleri, web i\u015faret\u00e7ilerini, depolama teknolojilerini ve\/veya di\u011fer benzer teknolojileri [&hellip;]\" \/>\n<meta property=\"og:url\" content=\"https:\/\/liketones.com\/tr\/gizlilik-bildirimi-ucuncu-taraf\/\" \/>\n<meta property=\"og:site_name\" content=\"LikeTones\" \/>\n<meta property=\"article:modified_time\" content=\"2023-12-08T21:06:58+00:00\" \/>\n<meta name=\"twitter:card\" content=\"summary_large_image\" \/>\n<meta name=\"twitter:label1\" content=\"Tahmini okuma s\u00fcresi\" \/>\n\t<meta name=\"twitter:data1\" content=\"3 dakika\" \/>\n<script type=\"application\/ld+json\" class=\"yoast-schema-graph\">{\"@context\":\"https:\\\/\\\/schema.org\",\"@graph\":[{\"@type\":\"WebPage\",\"@id\":\"https:\\\/\\\/liketones.com\\\/tr\\\/gizlilik-bildirimi-ucuncu-taraf\\\/\",\"url\":\"https:\\\/\\\/liketones.com\\\/tr\\\/gizlilik-bildirimi-ucuncu-taraf\\\/\",\"name\":\"Gizlilik Bildirimi \u00dc\u00e7\u00fcnc\u00fc Taraf - LikeTones\",\"isPartOf\":{\"@id\":\"https:\\\/\\\/liketones.com\\\/tr\\\/#website\"},\"datePublished\":\"2023-03-20T10:46:23+00:00\",\"dateModified\":\"2023-12-08T21:06:58+00:00\",\"breadcrumb\":{\"@id\":\"https:\\\/\\\/liketones.com\\\/tr\\\/gizlilik-bildirimi-ucuncu-taraf\\\/#breadcrumb\"},\"inLanguage\":\"tr\",\"potentialAction\":[{\"@type\":\"ReadAction\",\"target\":[\"https:\\\/\\\/liketones.com\\\/tr\\\/gizlilik-bildirimi-ucuncu-taraf\\\/\"]}]},{\"@type\":\"BreadcrumbList\",\"@id\":\"https:\\\/\\\/liketones.com\\\/tr\\\/gizlilik-bildirimi-ucuncu-taraf\\\/#breadcrumb\",\"itemListElement\":[{\"@type\":\"ListItem\",\"position\":1,\"name\":\"Home\",\"item\":\"https:\\\/\\\/liketones.com\\\/tr\\\/muzik-enstrumanlarini-ucretsiz-calmayi-ogrenin\\\/\"},{\"@type\":\"ListItem\",\"position\":2,\"name\":\"Gizlilik Bildirimi \u00dc\u00e7\u00fcnc\u00fc Taraf\"}]},{\"@type\":\"WebSite\",\"@id\":\"https:\\\/\\\/liketones.com\\\/tr\\\/#website\",\"url\":\"https:\\\/\\\/liketones.com\\\/tr\\\/\",\"name\":\"LikeTones\",\"description\":\"Learn to play musical instruments\",\"publisher\":{\"@id\":\"https:\\\/\\\/liketones.com\\\/tr\\\/#organization\"},\"potentialAction\":[{\"@type\":\"SearchAction\",\"target\":{\"@type\":\"EntryPoint\",\"urlTemplate\":\"https:\\\/\\\/liketones.com\\\/tr\\\/?s={search_term_string}\"},\"query-input\":{\"@type\":\"PropertyValueSpecification\",\"valueRequired\":true,\"valueName\":\"search_term_string\"}}],\"inLanguage\":\"tr\"},{\"@type\":\"Organization\",\"@id\":\"https:\\\/\\\/liketones.com\\\/tr\\\/#organization\",\"name\":\"LikeTones\",\"url\":\"https:\\\/\\\/liketones.com\\\/tr\\\/\",\"logo\":{\"@type\":\"ImageObject\",\"inLanguage\":\"tr\",\"@id\":\"https:\\\/\\\/liketones.com\\\/tr\\\/#\\\/schema\\\/logo\\\/image\\\/\",\"url\":\"https:\\\/\\\/i0.wp.com\\\/liketones.com\\\/wp-content\\\/uploads\\\/2023\\\/12\\\/liketones_logo.png?fit=440%2C99&ssl=1\",\"contentUrl\":\"https:\\\/\\\/i0.wp.com\\\/liketones.com\\\/wp-content\\\/uploads\\\/2023\\\/12\\\/liketones_logo.png?fit=440%2C99&ssl=1\",\"width\":440,\"height\":99,\"caption\":\"LikeTones\"},\"image\":{\"@id\":\"https:\\\/\\\/liketones.com\\\/tr\\\/#\\\/schema\\\/logo\\\/image\\\/\"}}]}<\/script>\n<!-- \/ Yoast SEO plugin. -->","yoast_head_json":{"title":"Gizlilik Bildirimi \u00dc\u00e7\u00fcnc\u00fc Taraf - LikeTones","robots":{"index":"index","follow":"follow","max-snippet":"max-snippet:-1","max-image-preview":"max-image-preview:large","max-video-preview":"max-video-preview:-1"},"canonical":"https:\/\/liketones.com\/tr\/gizlilik-bildirimi-ucuncu-taraf\/","og_locale":"tr_TR","og_type":"article","og_title":"Gizlilik Bildirimi \u00dc\u00e7\u00fcnc\u00fc Taraf - LikeTones","og_description":"Son g\u00fcncelleme 8 Aral\u0131k 2023&#8217;te Hizmetimizin i\u00e7inde ve d\u0131\u015f\u0131nda sosyal bile\u015fenler, analizler ve reklam sunumu sa\u011flamak i\u00e7in mobil uygulamalar\u0131m\u0131zda ve web sitelerimizde belirli ortaklarla \u00e7al\u0131\u015f\u0131yoruz. Bu ortaklar, web sitelerimizi ve mobil uygulamalar\u0131m\u0131z\u0131 ziyaretleriniz ve bunlar\u0131 kullan\u0131m\u0131n\u0131z da dahil olmak \u00fczere hakk\u0131n\u0131zda veri toplamak veya almak i\u00e7in \u00e7erezleri, web i\u015faret\u00e7ilerini, depolama teknolojilerini ve\/veya di\u011fer benzer teknolojileri [&hellip;]","og_url":"https:\/\/liketones.com\/tr\/gizlilik-bildirimi-ucuncu-taraf\/","og_site_name":"LikeTones","article_modified_time":"2023-12-08T21:06:58+00:00","twitter_card":"summary_large_image","twitter_misc":{"Tahmini okuma s\u00fcresi":"3 dakika"},"schema":{"@context":"https:\/\/schema.org","@graph":[{"@type":"WebPage","@id":"https:\/\/liketones.com\/tr\/gizlilik-bildirimi-ucuncu-taraf\/","url":"https:\/\/liketones.com\/tr\/gizlilik-bildirimi-ucuncu-taraf\/","name":"Gizlilik Bildirimi \u00dc\u00e7\u00fcnc\u00fc Taraf - LikeTones","isPartOf":{"@id":"https:\/\/liketones.com\/tr\/#website"},"datePublished":"2023-03-20T10:46:23+00:00","dateModified":"2023-12-08T21:06:58+00:00","breadcrumb":{"@id":"https:\/\/liketones.com\/tr\/gizlilik-bildirimi-ucuncu-taraf\/#breadcrumb"},"inLanguage":"tr","potentialAction":[{"@type":"ReadAction","target":["https:\/\/liketones.com\/tr\/gizlilik-bildirimi-ucuncu-taraf\/"]}]},{"@type":"BreadcrumbList","@id":"https:\/\/liketones.com\/tr\/gizlilik-bildirimi-ucuncu-taraf\/#breadcrumb","itemListElement":[{"@type":"ListItem","position":1,"name":"Home","item":"https:\/\/liketones.com\/tr\/muzik-enstrumanlarini-ucretsiz-calmayi-ogrenin\/"},{"@type":"ListItem","position":2,"name":"Gizlilik Bildirimi \u00dc\u00e7\u00fcnc\u00fc Taraf"}]},{"@type":"WebSite","@id":"https:\/\/liketones.com\/tr\/#website","url":"https:\/\/liketones.com\/tr\/","name":"LikeTones","description":"Learn to play musical instruments","publisher":{"@id":"https:\/\/liketones.com\/tr\/#organization"},"potentialAction":[{"@type":"SearchAction","target":{"@type":"EntryPoint","urlTemplate":"https:\/\/liketones.com\/tr\/?s={search_term_string}"},"query-input":{"@type":"PropertyValueSpecification","valueRequired":true,"valueName":"search_term_string"}}],"inLanguage":"tr"},{"@type":"Organization","@id":"https:\/\/liketones.com\/tr\/#organization","name":"LikeTones","url":"https:\/\/liketones.com\/tr\/","logo":{"@type":"ImageObject","inLanguage":"tr","@id":"https:\/\/liketones.com\/tr\/#\/schema\/logo\/image\/","url":"https:\/\/i0.wp.com\/liketones.com\/wp-content\/uploads\/2023\/12\/liketones_logo.png?fit=440%2C99&ssl=1","contentUrl":"https:\/\/i0.wp.com\/liketones.com\/wp-content\/uploads\/2023\/12\/liketones_logo.png?fit=440%2C99&ssl=1","width":440,"height":99,"caption":"LikeTones"},"image":{"@id":"https:\/\/liketones.com\/tr\/#\/schema\/logo\/image\/"}}]}},"jetpack_sharing_enabled":true,"_links":{"self":[{"href":"https:\/\/liketones.com\/tr\/wp-json\/wp\/v2\/pages\/977","targetHints":{"allow":["GET"]}}],"collection":[{"href":"https:\/\/liketones.com\/tr\/wp-json\/wp\/v2\/pages"}],"about":[{"href":"https:\/\/liketones.com\/tr\/wp-json\/wp\/v2\/types\/page"}],"author":[{"embeddable":true,"href":"https:\/\/liketones.com\/tr\/wp-json\/wp\/v2\/users\/1"}],"replies":[{"embeddable":true,"href":"https:\/\/liketones.com\/tr\/wp-json\/wp\/v2\/comments?post=977"}],"version-history":[{"count":5,"href":"https:\/\/liketones.com\/tr\/wp-json\/wp\/v2\/pages\/977\/revisions"}],"predecessor-version":[{"id":1638,"href":"https:\/\/liketones.com\/tr\/wp-json\/wp\/v2\/pages\/977\/revisions\/1638"}],"wp:attachment":[{"href":"https:\/\/liketones.com\/tr\/wp-json\/wp\/v2\/media?parent=977"}],"curies":[{"name":"wp","href":"https:\/\/api.w.org\/{rel}","templated":true}]}}