{"id":967,"date":"2023-03-20T10:46:23","date_gmt":"2023-03-20T10:46:23","guid":{"rendered":"https:\/\/liketones.com\/?page_id=967"},"modified":"2023-12-08T21:04:51","modified_gmt":"2023-12-08T21:04:51","slug":"sekretessmeddelande-fran-tredje-part","status":"publish","type":"page","link":"https:\/\/liketones.com\/sv\/sekretessmeddelande-fran-tredje-part\/","title":{"rendered":"Sekretessmeddelande fr\u00e5n tredje part"},"content":{"rendered":"\t\t<div data-elementor-type=\"wp-page\" data-elementor-id=\"967\" class=\"elementor elementor-967 elementor-27\" data-elementor-post-type=\"page\">\n\t\t\t\t\t\t<section class=\"elementor-section elementor-top-section elementor-element elementor-element-8fc10ea elementor-section-boxed elementor-section-height-default elementor-section-height-default\" data-id=\"8fc10ea\" data-element_type=\"section\" data-e-type=\"section\">\n\t\t\t\t\t\t<div class=\"elementor-container elementor-column-gap-default\">\n\t\t\t\t\t<div class=\"elementor-column elementor-col-100 elementor-top-column elementor-element elementor-element-9796f04\" data-id=\"9796f04\" data-element_type=\"column\" data-e-type=\"column\">\n\t\t\t<div class=\"elementor-widget-wrap elementor-element-populated\">\n\t\t\t\t\t\t<div class=\"elementor-element elementor-element-9cd095d elementor-widget elementor-widget-text-editor\" data-id=\"9cd095d\" data-element_type=\"widget\" data-e-type=\"widget\" data-widget_type=\"text-editor.default\">\n\t\t\t\t<div class=\"elementor-widget-container\">\n\t\t\t\t\t\t\t\t\t<p dir=\"ltr\" style=\"line-height: 1.9871999999999999; background-color: #ffffff; margin-top: 0pt; margin-bottom: 0pt;\">\n<p><i><span style=\"font-weight: 400;\">Senaste uppdatering den 8 december 2023<\/span><\/i><\/p>\n<p><span style=\"font-weight: 400;\">Vi arbetar med vissa partners inom v\u00e5ra mobilappar och webbplatser f\u00f6r att tillhandah\u00e5lla sociala komponenter, analyser samt annonsvisning inom och utanf\u00f6r v\u00e5r tj\u00e4nst. Dessa partners kan anv\u00e4nda cookies, webbfyrar, lagringstekniker och\/eller andra liknande tekniker f\u00f6r att samla in eller ta emot data om dig, inklusive dina bes\u00f6k p\u00e5 och anv\u00e4ndning av v\u00e5ra webbplatser och mobilappar, och kan i vissa fall g\u00f6ra anspr\u00e5k p\u00e5 registeransvariga r\u00e4ttigheter \u00f6ver din personlig information. F\u00f6r mer information om de partners vi anv\u00e4nder, deras sekretesspraxis och m\u00f6jligheter att v\u00e4lja bort, bes\u00f6k l\u00e4nkarna nedan.<\/span><\/p>\n<h4><span style=\"font-weight: 400;\">Google Ads<\/span><\/h4>\n<p><span style=\"font-weight: 400;\">Google Ads \u00e4r en annonstj\u00e4nst som tillhandah\u00e5lls av Google, Inc.<\/span><\/p>\n<p><span style=\"font-weight: 400;\">Sekretessinformation:<\/span><\/p>\n<p><span style=\"font-weight: 400;\">F\u00f6r information om hur Google, Inc. anv\u00e4nder insamlad information i samband med Google Ads, bes\u00f6k deras sekretesspolicy h\u00e4r: <\/span><a href=\"https:\/\/policies.google.com\/privacy\"><span style=\"font-weight: 400;\">https:\/\/policies.google.com\/privacy<\/span><\/a><\/p>\n<p><span style=\"font-weight: 400;\">Du kan v\u00e4lja bort vissa Google Ads-funktioner genom att bes\u00f6ka h\u00e4r: <\/span><a href=\"https:\/\/adssettings.google.com\/authenticated\"><span style=\"font-weight: 400;\">https:\/\/adssettings.google.com\/authenticated <\/span><\/a><span style=\"font-weight: 400;\">.<\/span><\/p>\n<p><span style=\"font-weight: 400;\">Alternativt kan du styra anv\u00e4ndningen av enhetsidentifierare genom att anv\u00e4nda dina enhetsinst\u00e4llningar. F\u00f6r mer information, bes\u00f6k h\u00e4r: <\/span><a href=\"https:\/\/support.google.com\/ads\/answer\/1660762#mob\"><span style=\"font-weight: 400;\">https:\/\/support.google.com\/ads\/answer\/1660762#mob<\/span><\/a><\/p>\n<h4><span style=\"font-weight: 400;\">Google Analytics<\/span><\/h4>\n<p><span style=\"font-weight: 400;\">Google Analytics \u00e4r en analystj\u00e4nst som tillhandah\u00e5lls av Google, Inc.<\/span><\/p>\n<p><span style=\"font-weight: 400;\">Sekretessinformation:<\/span><\/p>\n<p><span style=\"font-weight: 400;\">F\u00f6r information om hur Google, Inc. anv\u00e4nder insamlad information i samband med Google Analytics, bes\u00f6k deras sekretesspolicy h\u00e4r: <\/span><a href=\"https:\/\/policies.google.com\/privacy\"><span style=\"font-weight: 400;\">https:\/\/policies.google.com\/privacy<\/span><\/a><\/p>\n<p><span style=\"font-weight: 400;\">F\u00f6r information om hur Google, Inc. anv\u00e4nder information fr\u00e5n webbplatser eller appar som anv\u00e4nder dess tj\u00e4nster i samband med Google Analytics, bes\u00f6k h\u00e4r: <\/span><a href=\"https:\/\/policies.google.com\/technologies\/partner-sites\"><span style=\"font-weight: 400;\">https:\/\/policies.google.com\/technologies\/partner-sites<\/span><\/a><\/p>\n<p><span style=\"font-weight: 400;\">Du kan v\u00e4lja bort Google Analytics genom att f\u00f6lja instruktionerna h\u00e4r: <\/span><a href=\"https:\/\/support.google.com\/analytics\/answer\/181881\"><span style=\"font-weight: 400;\">https:\/\/support.google.com\/analytics\/answer\/181881<\/span><\/a><\/p>\n<h4><span style=\"font-weight: 400;\">Google Tag Manager<\/span><\/h4>\n<p><span style=\"font-weight: 400;\">Google Tag Manager \u00e4r en tagghanteringstj\u00e4nst som tillhandah\u00e5lls av Google, Inc.<\/span><\/p>\n<p><span style=\"font-weight: 400;\">Sekretessinformation:<\/span><\/p>\n<p><span style=\"font-weight: 400;\">F\u00f6r information om hur Google, Inc. anv\u00e4nder insamlad information i samband med Google Tag Manager, bes\u00f6k deras sekretesspolicy h\u00e4r: <\/span><a href=\"https:\/\/policies.google.com\/privacy\"><span style=\"font-weight: 400;\">https:\/\/policies.google.com\/privacy<\/span><\/a><\/p>\n<h4><span style=\"font-weight: 400;\">Firebase<\/span><\/h4>\n<p><span style=\"font-weight: 400;\">Firebase \u00e4r en mobil utvecklingsplattform fr\u00e5n Google, Inc., som tillhandah\u00e5ller analystj\u00e4nster.<\/span><\/p>\n<p><span style=\"font-weight: 400;\">Sekretessinformation:<\/span><\/p>\n<p><span style=\"font-weight: 400;\">F\u00f6r information om hur Google, Inc. anv\u00e4nder insamlad information i samband med Firebase, bes\u00f6k deras sekretesspolicy h\u00e4r: <\/span><a href=\"https:\/\/policies.google.com\/privacy\"><span style=\"font-weight: 400;\">https:\/\/policies.google.com\/privacy<\/span><\/a><\/p>\n<p><span style=\"font-weight: 400;\">F\u00f6r information om hur Google, Inc. anv\u00e4nder information fr\u00e5n webbplatser eller appar som anv\u00e4nder dess tj\u00e4nster i samband med Firebase, bes\u00f6k h\u00e4r: <\/span><a href=\"https:\/\/policies.google.com\/technologies\/partner-sites\"><span style=\"font-weight: 400;\">https:\/\/policies.google.com\/technologies\/partner-sites<\/span><\/a><\/p>\n<p><span style=\"font-weight: 400;\">Du kan v\u00e4lja bort vissa Firebase-funktioner genom att f\u00f6lja instruktionerna i Google, Incs sekretesspolicy.<\/span><\/p>\n<h4><span style=\"font-weight: 400;\">RevenueCat<\/span><\/h4>\n<p><span style=\"font-weight: 400;\">RevenueCat-tj\u00e4nst f\u00f6r k\u00f6p i appen.<\/span><\/p>\n<p><span style=\"font-weight: 400;\">Sekretessinformation:<\/span><\/p>\n<p><span style=\"font-weight: 400;\">F\u00f6r information om hur Unity Technologies SF anv\u00e4nder insamlad information i samband med Unity IAP, bes\u00f6k deras integritetspolicy h\u00e4r: <\/span><a href=\"https:\/\/www.revenuecat.com\/privacy\/\"><span style=\"font-weight: 400;\">https:\/\/www.revenuecat.com\/privacy\/<\/span><\/a><\/p>\n\t\t\t\t\t\t\t\t<\/div>\n\t\t\t\t<\/div>\n\t\t\t\t\t<\/div>\n\t\t<\/div>\n\t\t\t\t\t<\/div>\n\t\t<\/section>\n\t\t\t\t<\/div>\n\t\t","protected":false},"excerpt":{"rendered":"<p>Senaste uppdatering den 8 december 2023 Vi arbetar med vissa partners inom v\u00e5ra mobilappar och webbplatser f\u00f6r att tillhandah\u00e5lla sociala komponenter, analyser samt annonsvisning inom och utanf\u00f6r v\u00e5r tj\u00e4nst. Dessa partners kan anv\u00e4nda cookies, webbfyrar, lagringstekniker och\/eller andra liknande tekniker f\u00f6r att samla in eller ta emot data om dig, inklusive dina bes\u00f6k p\u00e5 och [&hellip;]<\/p>\n","protected":false},"author":1,"featured_media":0,"parent":0,"menu_order":0,"comment_status":"closed","ping_status":"closed","template":"","meta":{"footnotes":""},"class_list":["post-967","page","type-page","status-publish","hentry"],"yoast_head":"<!-- This site is optimized with the Yoast SEO plugin v27.4 - https:\/\/yoast.com\/product\/yoast-seo-wordpress\/ -->\n<title>Sekretessmeddelande fr\u00e5n tredje part - LikeTones<\/title>\n<meta name=\"robots\" content=\"index, follow, max-snippet:-1, max-image-preview:large, max-video-preview:-1\" \/>\n<link rel=\"canonical\" href=\"https:\/\/liketones.com\/sv\/sekretessmeddelande-fran-tredje-part\/\" \/>\n<meta property=\"og:locale\" content=\"sv_SE\" \/>\n<meta property=\"og:type\" content=\"article\" \/>\n<meta property=\"og:title\" content=\"Sekretessmeddelande fr\u00e5n tredje part - LikeTones\" \/>\n<meta property=\"og:description\" content=\"Senaste uppdatering den 8 december 2023 Vi arbetar med vissa partners inom v\u00e5ra mobilappar och webbplatser f\u00f6r att tillhandah\u00e5lla sociala komponenter, analyser samt annonsvisning inom och utanf\u00f6r v\u00e5r tj\u00e4nst. Dessa partners kan anv\u00e4nda cookies, webbfyrar, lagringstekniker och\/eller andra liknande tekniker f\u00f6r att samla in eller ta emot data om dig, inklusive dina bes\u00f6k p\u00e5 och [&hellip;]\" \/>\n<meta property=\"og:url\" content=\"https:\/\/liketones.com\/sv\/sekretessmeddelande-fran-tredje-part\/\" \/>\n<meta property=\"og:site_name\" content=\"LikeTones\" \/>\n<meta property=\"article:modified_time\" content=\"2023-12-08T21:04:51+00:00\" \/>\n<meta name=\"twitter:card\" content=\"summary_large_image\" \/>\n<meta name=\"twitter:label1\" content=\"Ber\u00e4knad l\u00e4stid\" \/>\n\t<meta name=\"twitter:data1\" content=\"2 minuter\" \/>\n<script type=\"application\/ld+json\" class=\"yoast-schema-graph\">{\"@context\":\"https:\\\/\\\/schema.org\",\"@graph\":[{\"@type\":\"WebPage\",\"@id\":\"https:\\\/\\\/liketones.com\\\/sv\\\/sekretessmeddelande-fran-tredje-part\\\/\",\"url\":\"https:\\\/\\\/liketones.com\\\/sv\\\/sekretessmeddelande-fran-tredje-part\\\/\",\"name\":\"Sekretessmeddelande fr\u00e5n tredje part - LikeTones\",\"isPartOf\":{\"@id\":\"https:\\\/\\\/liketones.com\\\/sv\\\/#website\"},\"datePublished\":\"2023-03-20T10:46:23+00:00\",\"dateModified\":\"2023-12-08T21:04:51+00:00\",\"breadcrumb\":{\"@id\":\"https:\\\/\\\/liketones.com\\\/sv\\\/sekretessmeddelande-fran-tredje-part\\\/#breadcrumb\"},\"inLanguage\":\"sv-SE\",\"potentialAction\":[{\"@type\":\"ReadAction\",\"target\":[\"https:\\\/\\\/liketones.com\\\/sv\\\/sekretessmeddelande-fran-tredje-part\\\/\"]}]},{\"@type\":\"BreadcrumbList\",\"@id\":\"https:\\\/\\\/liketones.com\\\/sv\\\/sekretessmeddelande-fran-tredje-part\\\/#breadcrumb\",\"itemListElement\":[{\"@type\":\"ListItem\",\"position\":1,\"name\":\"Home\",\"item\":\"https:\\\/\\\/liketones.com\\\/sv\\\/lar-dig-att-spela-musikinstrument-gratis\\\/\"},{\"@type\":\"ListItem\",\"position\":2,\"name\":\"Sekretessmeddelande fr\u00e5n tredje part\"}]},{\"@type\":\"WebSite\",\"@id\":\"https:\\\/\\\/liketones.com\\\/sv\\\/#website\",\"url\":\"https:\\\/\\\/liketones.com\\\/sv\\\/\",\"name\":\"LikeTones\",\"description\":\"Learn to play musical instruments\",\"publisher\":{\"@id\":\"https:\\\/\\\/liketones.com\\\/sv\\\/#organization\"},\"potentialAction\":[{\"@type\":\"SearchAction\",\"target\":{\"@type\":\"EntryPoint\",\"urlTemplate\":\"https:\\\/\\\/liketones.com\\\/sv\\\/?s={search_term_string}\"},\"query-input\":{\"@type\":\"PropertyValueSpecification\",\"valueRequired\":true,\"valueName\":\"search_term_string\"}}],\"inLanguage\":\"sv-SE\"},{\"@type\":\"Organization\",\"@id\":\"https:\\\/\\\/liketones.com\\\/sv\\\/#organization\",\"name\":\"LikeTones\",\"url\":\"https:\\\/\\\/liketones.com\\\/sv\\\/\",\"logo\":{\"@type\":\"ImageObject\",\"inLanguage\":\"sv-SE\",\"@id\":\"https:\\\/\\\/liketones.com\\\/sv\\\/#\\\/schema\\\/logo\\\/image\\\/\",\"url\":\"https:\\\/\\\/i0.wp.com\\\/liketones.com\\\/wp-content\\\/uploads\\\/2023\\\/12\\\/liketones_logo.png?fit=440%2C99&ssl=1\",\"contentUrl\":\"https:\\\/\\\/i0.wp.com\\\/liketones.com\\\/wp-content\\\/uploads\\\/2023\\\/12\\\/liketones_logo.png?fit=440%2C99&ssl=1\",\"width\":440,\"height\":99,\"caption\":\"LikeTones\"},\"image\":{\"@id\":\"https:\\\/\\\/liketones.com\\\/sv\\\/#\\\/schema\\\/logo\\\/image\\\/\"}}]}<\/script>\n<!-- \/ Yoast SEO plugin. -->","yoast_head_json":{"title":"Sekretessmeddelande fr\u00e5n tredje part - LikeTones","robots":{"index":"index","follow":"follow","max-snippet":"max-snippet:-1","max-image-preview":"max-image-preview:large","max-video-preview":"max-video-preview:-1"},"canonical":"https:\/\/liketones.com\/sv\/sekretessmeddelande-fran-tredje-part\/","og_locale":"sv_SE","og_type":"article","og_title":"Sekretessmeddelande fr\u00e5n tredje part - LikeTones","og_description":"Senaste uppdatering den 8 december 2023 Vi arbetar med vissa partners inom v\u00e5ra mobilappar och webbplatser f\u00f6r att tillhandah\u00e5lla sociala komponenter, analyser samt annonsvisning inom och utanf\u00f6r v\u00e5r tj\u00e4nst. Dessa partners kan anv\u00e4nda cookies, webbfyrar, lagringstekniker och\/eller andra liknande tekniker f\u00f6r att samla in eller ta emot data om dig, inklusive dina bes\u00f6k p\u00e5 och [&hellip;]","og_url":"https:\/\/liketones.com\/sv\/sekretessmeddelande-fran-tredje-part\/","og_site_name":"LikeTones","article_modified_time":"2023-12-08T21:04:51+00:00","twitter_card":"summary_large_image","twitter_misc":{"Ber\u00e4knad l\u00e4stid":"2 minuter"},"schema":{"@context":"https:\/\/schema.org","@graph":[{"@type":"WebPage","@id":"https:\/\/liketones.com\/sv\/sekretessmeddelande-fran-tredje-part\/","url":"https:\/\/liketones.com\/sv\/sekretessmeddelande-fran-tredje-part\/","name":"Sekretessmeddelande fr\u00e5n tredje part - LikeTones","isPartOf":{"@id":"https:\/\/liketones.com\/sv\/#website"},"datePublished":"2023-03-20T10:46:23+00:00","dateModified":"2023-12-08T21:04:51+00:00","breadcrumb":{"@id":"https:\/\/liketones.com\/sv\/sekretessmeddelande-fran-tredje-part\/#breadcrumb"},"inLanguage":"sv-SE","potentialAction":[{"@type":"ReadAction","target":["https:\/\/liketones.com\/sv\/sekretessmeddelande-fran-tredje-part\/"]}]},{"@type":"BreadcrumbList","@id":"https:\/\/liketones.com\/sv\/sekretessmeddelande-fran-tredje-part\/#breadcrumb","itemListElement":[{"@type":"ListItem","position":1,"name":"Home","item":"https:\/\/liketones.com\/sv\/lar-dig-att-spela-musikinstrument-gratis\/"},{"@type":"ListItem","position":2,"name":"Sekretessmeddelande fr\u00e5n tredje part"}]},{"@type":"WebSite","@id":"https:\/\/liketones.com\/sv\/#website","url":"https:\/\/liketones.com\/sv\/","name":"LikeTones","description":"Learn to play musical instruments","publisher":{"@id":"https:\/\/liketones.com\/sv\/#organization"},"potentialAction":[{"@type":"SearchAction","target":{"@type":"EntryPoint","urlTemplate":"https:\/\/liketones.com\/sv\/?s={search_term_string}"},"query-input":{"@type":"PropertyValueSpecification","valueRequired":true,"valueName":"search_term_string"}}],"inLanguage":"sv-SE"},{"@type":"Organization","@id":"https:\/\/liketones.com\/sv\/#organization","name":"LikeTones","url":"https:\/\/liketones.com\/sv\/","logo":{"@type":"ImageObject","inLanguage":"sv-SE","@id":"https:\/\/liketones.com\/sv\/#\/schema\/logo\/image\/","url":"https:\/\/i0.wp.com\/liketones.com\/wp-content\/uploads\/2023\/12\/liketones_logo.png?fit=440%2C99&ssl=1","contentUrl":"https:\/\/i0.wp.com\/liketones.com\/wp-content\/uploads\/2023\/12\/liketones_logo.png?fit=440%2C99&ssl=1","width":440,"height":99,"caption":"LikeTones"},"image":{"@id":"https:\/\/liketones.com\/sv\/#\/schema\/logo\/image\/"}}]}},"jetpack_sharing_enabled":true,"_links":{"self":[{"href":"https:\/\/liketones.com\/sv\/wp-json\/wp\/v2\/pages\/967","targetHints":{"allow":["GET"]}}],"collection":[{"href":"https:\/\/liketones.com\/sv\/wp-json\/wp\/v2\/pages"}],"about":[{"href":"https:\/\/liketones.com\/sv\/wp-json\/wp\/v2\/types\/page"}],"author":[{"embeddable":true,"href":"https:\/\/liketones.com\/sv\/wp-json\/wp\/v2\/users\/1"}],"replies":[{"embeddable":true,"href":"https:\/\/liketones.com\/sv\/wp-json\/wp\/v2\/comments?post=967"}],"version-history":[{"count":5,"href":"https:\/\/liketones.com\/sv\/wp-json\/wp\/v2\/pages\/967\/revisions"}],"predecessor-version":[{"id":1636,"href":"https:\/\/liketones.com\/sv\/wp-json\/wp\/v2\/pages\/967\/revisions\/1636"}],"wp:attachment":[{"href":"https:\/\/liketones.com\/sv\/wp-json\/wp\/v2\/media?parent=967"}],"curies":[{"name":"wp","href":"https:\/\/api.w.org\/{rel}","templated":true}]}}