{"id":306,"date":"2023-09-18T12:16:24","date_gmt":"2023-09-18T12:16:24","guid":{"rendered":"https:\/\/liketones.com\/radera-dina-uppgifter\/"},"modified":"2023-12-08T19:05:19","modified_gmt":"2023-12-08T19:05:19","slug":"radera-dina-uppgifter","status":"publish","type":"page","link":"https:\/\/liketones.com\/sv\/radera-dina-uppgifter\/","title":{"rendered":"Radera dina uppgifter"},"content":{"rendered":"\t\t<div data-elementor-type=\"wp-page\" data-elementor-id=\"306\" class=\"elementor elementor-306 elementor-73\" data-elementor-post-type=\"page\">\n\t\t\t\t\t\t<section class=\"elementor-section elementor-top-section elementor-element elementor-element-fea008c elementor-section-boxed elementor-section-height-default elementor-section-height-default\" data-id=\"fea008c\" data-element_type=\"section\" data-e-type=\"section\">\n\t\t\t\t\t\t<div class=\"elementor-container elementor-column-gap-default\">\n\t\t\t\t\t<div class=\"elementor-column elementor-col-100 elementor-top-column elementor-element elementor-element-d7e9ee3\" data-id=\"d7e9ee3\" data-element_type=\"column\" data-e-type=\"column\">\n\t\t\t<div class=\"elementor-widget-wrap elementor-element-populated\">\n\t\t\t\t\t\t<div class=\"elementor-element elementor-element-12167e3 elementor-widget elementor-widget-text-editor\" data-id=\"12167e3\" data-element_type=\"widget\" data-e-type=\"widget\" data-widget_type=\"text-editor.default\">\n\t\t\t\t<div class=\"elementor-widget-container\">\n\t\t\t\t\t\t\t\t\t<p>Om du vill radera dina uppgifter \u00f6ppnar du v\u00e5r mobilapplikation och klickar p\u00e5 knappen &#8221;Radera konto&#8221;. Vi raderar alla dina uppgifter fr\u00e5n v\u00e5rt system och avaktiverar ditt konto.<\/p>\r\n<p>I vissa av v\u00e5ra appar, t.ex. tuners, samlar vi inte in personuppgifter och d\u00e4rf\u00f6r finns det inget anv\u00e4ndarkonto. I s\u00e5 fall kan du avinstallera programmet fr\u00e5n din enhet.<\/p>\r\n<p>Har du fortfarande fr\u00e5gor om hur du raderar dina uppgifter? Skriv till oss p\u00e5 support@liketones.com<\/p>\t\t\t\t\t\t\t\t<\/div>\n\t\t\t\t<\/div>\n\t\t\t\t\t<\/div>\n\t\t<\/div>\n\t\t\t\t\t<\/div>\n\t\t<\/section>\n\t\t\t\t<\/div>\n\t\t","protected":false},"excerpt":{"rendered":"<p>Om du vill radera dina uppgifter \u00f6ppnar du v\u00e5r mobilapplikation och klickar p\u00e5 knappen &#8221;Radera konto&#8221;. Vi raderar alla dina uppgifter fr\u00e5n v\u00e5rt system och avaktiverar ditt konto. I vissa av v\u00e5ra appar, t.ex. tuners, samlar vi inte in personuppgifter och d\u00e4rf\u00f6r finns det inget anv\u00e4ndarkonto. I s\u00e5 fall kan du avinstallera programmet fr\u00e5n din [&hellip;]<\/p>\n","protected":false},"author":1,"featured_media":0,"parent":0,"menu_order":0,"comment_status":"closed","ping_status":"closed","template":"","meta":{"footnotes":""},"class_list":["post-306","page","type-page","status-publish","hentry"],"yoast_head":"<!-- This site is optimized with the Yoast SEO plugin v27.4 - https:\/\/yoast.com\/product\/yoast-seo-wordpress\/ -->\n<title>Radera dina uppgifter - LikeTones<\/title>\n<meta name=\"robots\" content=\"index, follow, max-snippet:-1, max-image-preview:large, max-video-preview:-1\" \/>\n<link rel=\"canonical\" href=\"https:\/\/liketones.com\/sv\/radera-dina-uppgifter\/\" \/>\n<meta property=\"og:locale\" content=\"sv_SE\" \/>\n<meta property=\"og:type\" content=\"article\" \/>\n<meta property=\"og:title\" content=\"Radera dina uppgifter - LikeTones\" \/>\n<meta property=\"og:description\" content=\"Om du vill radera dina uppgifter \u00f6ppnar du v\u00e5r mobilapplikation och klickar p\u00e5 knappen &#8221;Radera konto&#8221;. Vi raderar alla dina uppgifter fr\u00e5n v\u00e5rt system och avaktiverar ditt konto. I vissa av v\u00e5ra appar, t.ex. tuners, samlar vi inte in personuppgifter och d\u00e4rf\u00f6r finns det inget anv\u00e4ndarkonto. I s\u00e5 fall kan du avinstallera programmet fr\u00e5n din [&hellip;]\" \/>\n<meta property=\"og:url\" content=\"https:\/\/liketones.com\/sv\/radera-dina-uppgifter\/\" \/>\n<meta property=\"og:site_name\" content=\"LikeTones\" \/>\n<meta property=\"article:modified_time\" content=\"2023-12-08T19:05:19+00:00\" \/>\n<meta name=\"twitter:card\" content=\"summary_large_image\" \/>\n<script type=\"application\/ld+json\" class=\"yoast-schema-graph\">{\"@context\":\"https:\\\/\\\/schema.org\",\"@graph\":[{\"@type\":\"WebPage\",\"@id\":\"https:\\\/\\\/liketones.com\\\/sv\\\/radera-dina-uppgifter\\\/\",\"url\":\"https:\\\/\\\/liketones.com\\\/sv\\\/radera-dina-uppgifter\\\/\",\"name\":\"Radera dina uppgifter - LikeTones\",\"isPartOf\":{\"@id\":\"https:\\\/\\\/liketones.com\\\/sv\\\/#website\"},\"datePublished\":\"2023-09-18T12:16:24+00:00\",\"dateModified\":\"2023-12-08T19:05:19+00:00\",\"breadcrumb\":{\"@id\":\"https:\\\/\\\/liketones.com\\\/sv\\\/radera-dina-uppgifter\\\/#breadcrumb\"},\"inLanguage\":\"sv-SE\",\"potentialAction\":[{\"@type\":\"ReadAction\",\"target\":[\"https:\\\/\\\/liketones.com\\\/sv\\\/radera-dina-uppgifter\\\/\"]}]},{\"@type\":\"BreadcrumbList\",\"@id\":\"https:\\\/\\\/liketones.com\\\/sv\\\/radera-dina-uppgifter\\\/#breadcrumb\",\"itemListElement\":[{\"@type\":\"ListItem\",\"position\":1,\"name\":\"Home\",\"item\":\"https:\\\/\\\/liketones.com\\\/sv\\\/lar-dig-att-spela-musikinstrument-gratis\\\/\"},{\"@type\":\"ListItem\",\"position\":2,\"name\":\"Radera dina uppgifter\"}]},{\"@type\":\"WebSite\",\"@id\":\"https:\\\/\\\/liketones.com\\\/sv\\\/#website\",\"url\":\"https:\\\/\\\/liketones.com\\\/sv\\\/\",\"name\":\"LikeTones\",\"description\":\"Learn to play musical instruments\",\"publisher\":{\"@id\":\"https:\\\/\\\/liketones.com\\\/sv\\\/#organization\"},\"potentialAction\":[{\"@type\":\"SearchAction\",\"target\":{\"@type\":\"EntryPoint\",\"urlTemplate\":\"https:\\\/\\\/liketones.com\\\/sv\\\/?s={search_term_string}\"},\"query-input\":{\"@type\":\"PropertyValueSpecification\",\"valueRequired\":true,\"valueName\":\"search_term_string\"}}],\"inLanguage\":\"sv-SE\"},{\"@type\":\"Organization\",\"@id\":\"https:\\\/\\\/liketones.com\\\/sv\\\/#organization\",\"name\":\"LikeTones\",\"url\":\"https:\\\/\\\/liketones.com\\\/sv\\\/\",\"logo\":{\"@type\":\"ImageObject\",\"inLanguage\":\"sv-SE\",\"@id\":\"https:\\\/\\\/liketones.com\\\/sv\\\/#\\\/schema\\\/logo\\\/image\\\/\",\"url\":\"https:\\\/\\\/i0.wp.com\\\/liketones.com\\\/wp-content\\\/uploads\\\/2023\\\/12\\\/liketones_logo.png?fit=440%2C99&ssl=1\",\"contentUrl\":\"https:\\\/\\\/i0.wp.com\\\/liketones.com\\\/wp-content\\\/uploads\\\/2023\\\/12\\\/liketones_logo.png?fit=440%2C99&ssl=1\",\"width\":440,\"height\":99,\"caption\":\"LikeTones\"},\"image\":{\"@id\":\"https:\\\/\\\/liketones.com\\\/sv\\\/#\\\/schema\\\/logo\\\/image\\\/\"}}]}<\/script>\n<!-- \/ Yoast SEO plugin. -->","yoast_head_json":{"title":"Radera dina uppgifter - LikeTones","robots":{"index":"index","follow":"follow","max-snippet":"max-snippet:-1","max-image-preview":"max-image-preview:large","max-video-preview":"max-video-preview:-1"},"canonical":"https:\/\/liketones.com\/sv\/radera-dina-uppgifter\/","og_locale":"sv_SE","og_type":"article","og_title":"Radera dina uppgifter - LikeTones","og_description":"Om du vill radera dina uppgifter \u00f6ppnar du v\u00e5r mobilapplikation och klickar p\u00e5 knappen &#8221;Radera konto&#8221;. Vi raderar alla dina uppgifter fr\u00e5n v\u00e5rt system och avaktiverar ditt konto. I vissa av v\u00e5ra appar, t.ex. tuners, samlar vi inte in personuppgifter och d\u00e4rf\u00f6r finns det inget anv\u00e4ndarkonto. I s\u00e5 fall kan du avinstallera programmet fr\u00e5n din [&hellip;]","og_url":"https:\/\/liketones.com\/sv\/radera-dina-uppgifter\/","og_site_name":"LikeTones","article_modified_time":"2023-12-08T19:05:19+00:00","twitter_card":"summary_large_image","schema":{"@context":"https:\/\/schema.org","@graph":[{"@type":"WebPage","@id":"https:\/\/liketones.com\/sv\/radera-dina-uppgifter\/","url":"https:\/\/liketones.com\/sv\/radera-dina-uppgifter\/","name":"Radera dina uppgifter - LikeTones","isPartOf":{"@id":"https:\/\/liketones.com\/sv\/#website"},"datePublished":"2023-09-18T12:16:24+00:00","dateModified":"2023-12-08T19:05:19+00:00","breadcrumb":{"@id":"https:\/\/liketones.com\/sv\/radera-dina-uppgifter\/#breadcrumb"},"inLanguage":"sv-SE","potentialAction":[{"@type":"ReadAction","target":["https:\/\/liketones.com\/sv\/radera-dina-uppgifter\/"]}]},{"@type":"BreadcrumbList","@id":"https:\/\/liketones.com\/sv\/radera-dina-uppgifter\/#breadcrumb","itemListElement":[{"@type":"ListItem","position":1,"name":"Home","item":"https:\/\/liketones.com\/sv\/lar-dig-att-spela-musikinstrument-gratis\/"},{"@type":"ListItem","position":2,"name":"Radera dina uppgifter"}]},{"@type":"WebSite","@id":"https:\/\/liketones.com\/sv\/#website","url":"https:\/\/liketones.com\/sv\/","name":"LikeTones","description":"Learn to play musical instruments","publisher":{"@id":"https:\/\/liketones.com\/sv\/#organization"},"potentialAction":[{"@type":"SearchAction","target":{"@type":"EntryPoint","urlTemplate":"https:\/\/liketones.com\/sv\/?s={search_term_string}"},"query-input":{"@type":"PropertyValueSpecification","valueRequired":true,"valueName":"search_term_string"}}],"inLanguage":"sv-SE"},{"@type":"Organization","@id":"https:\/\/liketones.com\/sv\/#organization","name":"LikeTones","url":"https:\/\/liketones.com\/sv\/","logo":{"@type":"ImageObject","inLanguage":"sv-SE","@id":"https:\/\/liketones.com\/sv\/#\/schema\/logo\/image\/","url":"https:\/\/i0.wp.com\/liketones.com\/wp-content\/uploads\/2023\/12\/liketones_logo.png?fit=440%2C99&ssl=1","contentUrl":"https:\/\/i0.wp.com\/liketones.com\/wp-content\/uploads\/2023\/12\/liketones_logo.png?fit=440%2C99&ssl=1","width":440,"height":99,"caption":"LikeTones"},"image":{"@id":"https:\/\/liketones.com\/sv\/#\/schema\/logo\/image\/"}}]}},"jetpack_sharing_enabled":true,"_links":{"self":[{"href":"https:\/\/liketones.com\/sv\/wp-json\/wp\/v2\/pages\/306","targetHints":{"allow":["GET"]}}],"collection":[{"href":"https:\/\/liketones.com\/sv\/wp-json\/wp\/v2\/pages"}],"about":[{"href":"https:\/\/liketones.com\/sv\/wp-json\/wp\/v2\/types\/page"}],"author":[{"embeddable":true,"href":"https:\/\/liketones.com\/sv\/wp-json\/wp\/v2\/users\/1"}],"replies":[{"embeddable":true,"href":"https:\/\/liketones.com\/sv\/wp-json\/wp\/v2\/comments?post=306"}],"version-history":[{"count":3,"href":"https:\/\/liketones.com\/sv\/wp-json\/wp\/v2\/pages\/306\/revisions"}],"predecessor-version":[{"id":1473,"href":"https:\/\/liketones.com\/sv\/wp-json\/wp\/v2\/pages\/306\/revisions\/1473"}],"wp:attachment":[{"href":"https:\/\/liketones.com\/sv\/wp-json\/wp\/v2\/media?parent=306"}],"curies":[{"name":"wp","href":"https:\/\/api.w.org\/{rel}","templated":true}]}}