{"id":957,"date":"2023-03-20T10:46:23","date_gmt":"2023-03-20T10:46:23","guid":{"rendered":"https:\/\/liketones.com\/?page_id=957"},"modified":"2023-12-08T21:02:42","modified_gmt":"2023-12-08T21:02:42","slug":"oznamenie-o-ochrane-osobnych-udajov-tretia-strana","status":"publish","type":"page","link":"https:\/\/liketones.com\/sk\/oznamenie-o-ochrane-osobnych-udajov-tretia-strana\/","title":{"rendered":"Ozn\u00e1menie o ochrane osobn\u00fdch \u00fadajov Tretia strana"},"content":{"rendered":"\t\t<div data-elementor-type=\"wp-page\" data-elementor-id=\"957\" class=\"elementor elementor-957 elementor-27\" data-elementor-post-type=\"page\">\n\t\t\t\t\t\t<section class=\"elementor-section elementor-top-section elementor-element elementor-element-8fc10ea elementor-section-boxed elementor-section-height-default elementor-section-height-default\" data-id=\"8fc10ea\" data-element_type=\"section\" data-e-type=\"section\">\n\t\t\t\t\t\t<div class=\"elementor-container elementor-column-gap-default\">\n\t\t\t\t\t<div class=\"elementor-column elementor-col-100 elementor-top-column elementor-element elementor-element-9796f04\" data-id=\"9796f04\" data-element_type=\"column\" data-e-type=\"column\">\n\t\t\t<div class=\"elementor-widget-wrap elementor-element-populated\">\n\t\t\t\t\t\t<div class=\"elementor-element elementor-element-9cd095d elementor-widget elementor-widget-text-editor\" data-id=\"9cd095d\" data-element_type=\"widget\" data-e-type=\"widget\" data-widget_type=\"text-editor.default\">\n\t\t\t\t<div class=\"elementor-widget-container\">\n\t\t\t\t\t\t\t\t\t<p dir=\"ltr\" style=\"line-height: 1.9871999999999999; background-color: #ffffff; margin-top: 0pt; margin-bottom: 0pt;\">\n<p><i><span style=\"font-weight: 400;\">Posledn\u00e1 aktualiz\u00e1cia 8. decembra 2023<\/span><\/i><\/p>\n<p><span style=\"font-weight: 400;\">Spolupracujeme s ur\u010dit\u00fdmi partnermi v r\u00e1mci na\u0161ich mobiln\u00fdch aplik\u00e1ci\u00ed a webov\u00fdch str\u00e1nok, aby sme poskytovali soci\u00e1lne komponenty, anal\u00fdzy, ako aj zobrazovanie rekl\u00e1m v r\u00e1mci na\u0161ej Slu\u017eby aj mimo nej. T\u00edto partneri m\u00f4\u017eu pou\u017e\u00edva\u0165 s\u00fabory cookie, webov\u00e9 maj\u00e1ky, technol\u00f3gie ukladania a\/alebo in\u00e9 podobn\u00e9 technol\u00f3gie na zhroma\u017e\u010fovanie alebo prij\u00edmanie \u00fadajov o v\u00e1s, vr\u00e1tane va\u0161ich n\u00e1v\u0161tev a pou\u017e\u00edvania na\u0161ich webov\u00fdch str\u00e1nok a mobiln\u00fdch aplik\u00e1ci\u00ed, a v niektor\u00fdch pr\u00edpadoch si m\u00f4\u017eu n\u00e1rokova\u0165 pr\u00e1va spr\u00e1vcu na va\u0161e osobn\u00e9 \u00fadaje. \u010eal\u0161ie inform\u00e1cie o partneroch, ktor\u00fdch vyu\u017e\u00edvame, ich sp\u00f4soboch ochrany osobn\u00fdch \u00fadajov a mo\u017enostiach odhl\u00e1senia sa, n\u00e1jdete na ni\u017e\u0161ie uveden\u00fdch odkazoch.<\/span><\/p>\n<h4><span style=\"font-weight: 400;\">Google Ads<\/span><\/h4>\n<p><span style=\"font-weight: 400;\">Google Ads je reklamn\u00e1 slu\u017eba poskytovan\u00e1 spolo\u010dnos\u0165ou Google, Inc.<\/span><\/p>\n<p><span style=\"font-weight: 400;\">Inform\u00e1cie o ochrane osobn\u00fdch \u00fadajov:<\/span><\/p>\n<p><span style=\"font-weight: 400;\">Inform\u00e1cie o tom, ako spolo\u010dnos\u0165 Google, Inc. pou\u017e\u00edva zhroma\u017eden\u00e9 inform\u00e1cie v s\u00favislosti so slu\u017ebou Google Ads, n\u00e1jdete v jej pravidl\u00e1ch ochrany osobn\u00fdch \u00fadajov tu: <\/span><a href=\"https:\/\/policies.google.com\/privacy\"><span style=\"font-weight: 400;\">https:\/\/policies.google.com\/privacy<\/span><\/a><\/p>\n<p><span style=\"font-weight: 400;\">Niektor\u00e9 funkcie slu\u017eby Google Ads m\u00f4\u017eete zru\u0161i\u0165 na tejto str\u00e1nke: <\/span><a href=\"https:\/\/adssettings.google.com\/authenticated\"><span style=\"font-weight: 400;\">https:\/\/adssettings.google.com\/authenticated <\/span><\/a><span style=\"font-weight: 400;\">.<\/span><\/p>\n<p><span style=\"font-weight: 400;\">Pr\u00edpadne m\u00f4\u017eete ovl\u00e1da\u0165 pou\u017e\u00edvanie identifik\u00e1torov zariadenia pomocou nastaven\u00ed zariadenia. Viac inform\u00e1ci\u00ed n\u00e1jdete tu: <\/span><a href=\"https:\/\/support.google.com\/ads\/answer\/1660762#mob\"><span style=\"font-weight: 400;\">https:\/\/support.google.com\/ads\/answer\/1660762#mob<\/span><\/a><\/p>\n<h4><span style=\"font-weight: 400;\">Google Analytics<\/span><\/h4>\n<p><span style=\"font-weight: 400;\">Google Analytics je analytick\u00e1 slu\u017eba poskytovan\u00e1 spolo\u010dnos\u0165ou Google, Inc.<\/span><\/p>\n<p><span style=\"font-weight: 400;\">Inform\u00e1cie o ochrane osobn\u00fdch \u00fadajov:<\/span><\/p>\n<p><span style=\"font-weight: 400;\">Inform\u00e1cie o tom, ako spolo\u010dnos\u0165 Google, Inc. pou\u017e\u00edva zhroma\u017eden\u00e9 inform\u00e1cie v s\u00favislosti so slu\u017ebou Google Analytics, n\u00e1jdete v jej Z\u00e1sad\u00e1ch ochrany osobn\u00fdch \u00fadajov tu: <\/span><a href=\"https:\/\/policies.google.com\/privacy\"><span style=\"font-weight: 400;\">https:\/\/policies.google.com\/privacy<\/span><\/a><\/p>\n<p><span style=\"font-weight: 400;\">Inform\u00e1cie o tom, ako spolo\u010dnos\u0165 Google, Inc. pou\u017e\u00edva inform\u00e1cie zo str\u00e1nok alebo aplik\u00e1ci\u00ed, ktor\u00e9 vyu\u017e\u00edvaj\u00fa jej slu\u017eby v spojen\u00ed so slu\u017ebou Google Analytics, n\u00e1jdete tu: <\/span><a href=\"https:\/\/policies.google.com\/technologies\/partner-sites\"><span style=\"font-weight: 400;\">https:\/\/policies.google.com\/technologies\/partner-sites<\/span><\/a><\/p>\n<p><span style=\"font-weight: 400;\">Slu\u017ebu Google Analytics m\u00f4\u017eete deaktivova\u0165 pod\u013ea pokynov uveden\u00fdch tu: <\/span><a href=\"https:\/\/support.google.com\/analytics\/answer\/181881\"><span style=\"font-weight: 400;\">https:\/\/support.google.com\/analytics\/answer\/181881<\/span><\/a><\/p>\n<h4><span style=\"font-weight: 400;\">Google Tag Manager<\/span><\/h4>\n<p><span style=\"font-weight: 400;\">Google Tag Manager je slu\u017eba na spr\u00e1vu zna\u010diek poskytovan\u00e1 spolo\u010dnos\u0165ou Google, Inc.<\/span><\/p>\n<p><span style=\"font-weight: 400;\">Inform\u00e1cie o ochrane osobn\u00fdch \u00fadajov:<\/span><\/p>\n<p><span style=\"font-weight: 400;\">Inform\u00e1cie o tom, ako spolo\u010dnos\u0165 Google, Inc. pou\u017e\u00edva zhroma\u017eden\u00e9 inform\u00e1cie v s\u00favislosti so Spr\u00e1vcom zna\u010diek Google, n\u00e1jdete v jej pravidl\u00e1ch ochrany osobn\u00fdch \u00fadajov tu: <\/span><a href=\"https:\/\/policies.google.com\/privacy\"><span style=\"font-weight: 400;\">https:\/\/policies.google.com\/privacy<\/span><\/a><\/p>\n<h4><span style=\"font-weight: 400;\">Firebase<\/span><\/h4>\n<p><span style=\"font-weight: 400;\">Firebase je mobiln\u00e1 v\u00fdvojov\u00e1 platforma od spolo\u010dnosti Google, Inc., ktor\u00e1 poskytuje analytick\u00e9 slu\u017eby.<\/span><\/p>\n<p><span style=\"font-weight: 400;\">Inform\u00e1cie o ochrane osobn\u00fdch \u00fadajov:<\/span><\/p>\n<p><span style=\"font-weight: 400;\">Inform\u00e1cie o tom, ako spolo\u010dnos\u0165 Google, Inc. pou\u017e\u00edva zhroma\u017eden\u00e9 inform\u00e1cie v s\u00favislosti s platformou Firebase, n\u00e1jdete v jej pravidl\u00e1ch ochrany osobn\u00fdch \u00fadajov tu: <\/span><a href=\"https:\/\/policies.google.com\/privacy\"><span style=\"font-weight: 400;\">https:\/\/policies.google.com\/privacy<\/span><\/a><\/p>\n<p><span style=\"font-weight: 400;\">Inform\u00e1cie o tom, ako spolo\u010dnos\u0165 Google, Inc. pou\u017e\u00edva inform\u00e1cie zo str\u00e1nok alebo aplik\u00e1ci\u00ed, ktor\u00e9 pou\u017e\u00edvaj\u00fa jej slu\u017eby v s\u00favislosti s Firebase, n\u00e1jdete tu: <\/span><a href=\"https:\/\/policies.google.com\/technologies\/partner-sites\"><span style=\"font-weight: 400;\">https:\/\/policies.google.com\/technologies\/partner-sites<\/span><\/a><\/p>\n<p><span style=\"font-weight: 400;\">Niektor\u00e9 funkcie platformy Firebase m\u00f4\u017eete zru\u0161i\u0165 pod\u013ea pokynov uveden\u00fdch v pravidl\u00e1ch ochrany osobn\u00fdch \u00fadajov spolo\u010dnosti Google, Inc.<\/span><\/p>\n<h4><span style=\"font-weight: 400;\">RevenueCat<\/span><\/h4>\n<p><span style=\"font-weight: 400;\">Slu\u017eba RevenueCat pre n\u00e1kupy v aplik\u00e1cii.<\/span><\/p>\n<p><span style=\"font-weight: 400;\">Inform\u00e1cie o ochrane osobn\u00fdch \u00fadajov:<\/span><\/p>\n<p><span style=\"font-weight: 400;\">Inform\u00e1cie o tom, ako Unity Technologies SF pou\u017e\u00edva zhroma\u017eden\u00e9 inform\u00e1cie v s\u00favislosti s Unity IAP, n\u00e1jdete v ich Z\u00e1sad\u00e1ch ochrany osobn\u00fdch \u00fadajov tu: <\/span><a href=\"https:\/\/www.revenuecat.com\/privacy\/\"><span style=\"font-weight: 400;\">https:\/\/www.revenuecat.com\/privacy\/<\/span><\/a><\/p>\n\t\t\t\t\t\t\t\t<\/div>\n\t\t\t\t<\/div>\n\t\t\t\t\t<\/div>\n\t\t<\/div>\n\t\t\t\t\t<\/div>\n\t\t<\/section>\n\t\t\t\t<\/div>\n\t\t","protected":false},"excerpt":{"rendered":"<p>Posledn\u00e1 aktualiz\u00e1cia 8. decembra 2023 Spolupracujeme s ur\u010dit\u00fdmi partnermi v r\u00e1mci na\u0161ich mobiln\u00fdch aplik\u00e1ci\u00ed a webov\u00fdch str\u00e1nok, aby sme poskytovali soci\u00e1lne komponenty, anal\u00fdzy, ako aj zobrazovanie rekl\u00e1m v r\u00e1mci na\u0161ej Slu\u017eby aj mimo nej. T\u00edto partneri m\u00f4\u017eu pou\u017e\u00edva\u0165 s\u00fabory cookie, webov\u00e9 maj\u00e1ky, technol\u00f3gie ukladania a\/alebo in\u00e9 podobn\u00e9 technol\u00f3gie na zhroma\u017e\u010fovanie alebo prij\u00edmanie \u00fadajov o v\u00e1s, [&hellip;]<\/p>\n","protected":false},"author":1,"featured_media":0,"parent":0,"menu_order":0,"comment_status":"closed","ping_status":"closed","template":"","meta":{"footnotes":""},"class_list":["post-957","page","type-page","status-publish","hentry"],"yoast_head":"<!-- This site is optimized with the Yoast SEO plugin v27.4 - https:\/\/yoast.com\/product\/yoast-seo-wordpress\/ -->\n<title>Ozn\u00e1menie o ochrane osobn\u00fdch \u00fadajov Tretia strana - LikeTones<\/title>\n<meta name=\"robots\" content=\"index, follow, max-snippet:-1, max-image-preview:large, max-video-preview:-1\" \/>\n<link rel=\"canonical\" href=\"https:\/\/liketones.com\/sk\/oznamenie-o-ochrane-osobnych-udajov-tretia-strana\/\" \/>\n<meta property=\"og:locale\" content=\"sk_SK\" \/>\n<meta property=\"og:type\" content=\"article\" \/>\n<meta property=\"og:title\" content=\"Ozn\u00e1menie o ochrane osobn\u00fdch \u00fadajov Tretia strana - LikeTones\" \/>\n<meta property=\"og:description\" content=\"Posledn\u00e1 aktualiz\u00e1cia 8. decembra 2023 Spolupracujeme s ur\u010dit\u00fdmi partnermi v r\u00e1mci na\u0161ich mobiln\u00fdch aplik\u00e1ci\u00ed a webov\u00fdch str\u00e1nok, aby sme poskytovali soci\u00e1lne komponenty, anal\u00fdzy, ako aj zobrazovanie rekl\u00e1m v r\u00e1mci na\u0161ej Slu\u017eby aj mimo nej. T\u00edto partneri m\u00f4\u017eu pou\u017e\u00edva\u0165 s\u00fabory cookie, webov\u00e9 maj\u00e1ky, technol\u00f3gie ukladania a\/alebo in\u00e9 podobn\u00e9 technol\u00f3gie na zhroma\u017e\u010fovanie alebo prij\u00edmanie \u00fadajov o v\u00e1s, [&hellip;]\" \/>\n<meta property=\"og:url\" content=\"https:\/\/liketones.com\/sk\/oznamenie-o-ochrane-osobnych-udajov-tretia-strana\/\" \/>\n<meta property=\"og:site_name\" content=\"LikeTones\" \/>\n<meta property=\"article:modified_time\" content=\"2023-12-08T21:02:42+00:00\" \/>\n<meta name=\"twitter:card\" content=\"summary_large_image\" \/>\n<meta name=\"twitter:label1\" content=\"Predpokladan\u00fd \u010das \u010d\u00edtania\" \/>\n\t<meta name=\"twitter:data1\" content=\"3 min\u00faty\" \/>\n<script type=\"application\/ld+json\" class=\"yoast-schema-graph\">{\"@context\":\"https:\\\/\\\/schema.org\",\"@graph\":[{\"@type\":\"WebPage\",\"@id\":\"https:\\\/\\\/liketones.com\\\/sk\\\/oznamenie-o-ochrane-osobnych-udajov-tretia-strana\\\/\",\"url\":\"https:\\\/\\\/liketones.com\\\/sk\\\/oznamenie-o-ochrane-osobnych-udajov-tretia-strana\\\/\",\"name\":\"Ozn\u00e1menie o ochrane osobn\u00fdch \u00fadajov Tretia strana - LikeTones\",\"isPartOf\":{\"@id\":\"https:\\\/\\\/liketones.com\\\/sk\\\/#website\"},\"datePublished\":\"2023-03-20T10:46:23+00:00\",\"dateModified\":\"2023-12-08T21:02:42+00:00\",\"breadcrumb\":{\"@id\":\"https:\\\/\\\/liketones.com\\\/sk\\\/oznamenie-o-ochrane-osobnych-udajov-tretia-strana\\\/#breadcrumb\"},\"inLanguage\":\"sk-SK\",\"potentialAction\":[{\"@type\":\"ReadAction\",\"target\":[\"https:\\\/\\\/liketones.com\\\/sk\\\/oznamenie-o-ochrane-osobnych-udajov-tretia-strana\\\/\"]}]},{\"@type\":\"BreadcrumbList\",\"@id\":\"https:\\\/\\\/liketones.com\\\/sk\\\/oznamenie-o-ochrane-osobnych-udajov-tretia-strana\\\/#breadcrumb\",\"itemListElement\":[{\"@type\":\"ListItem\",\"position\":1,\"name\":\"Home\",\"item\":\"https:\\\/\\\/liketones.com\\\/sk\\\/naucte-sa-hrat-na-hudobne-nastroje-zadarmo\\\/\"},{\"@type\":\"ListItem\",\"position\":2,\"name\":\"Ozn\u00e1menie o ochrane osobn\u00fdch \u00fadajov Tretia strana\"}]},{\"@type\":\"WebSite\",\"@id\":\"https:\\\/\\\/liketones.com\\\/sk\\\/#website\",\"url\":\"https:\\\/\\\/liketones.com\\\/sk\\\/\",\"name\":\"LikeTones\",\"description\":\"Learn to play musical instruments\",\"publisher\":{\"@id\":\"https:\\\/\\\/liketones.com\\\/sk\\\/#organization\"},\"potentialAction\":[{\"@type\":\"SearchAction\",\"target\":{\"@type\":\"EntryPoint\",\"urlTemplate\":\"https:\\\/\\\/liketones.com\\\/sk\\\/?s={search_term_string}\"},\"query-input\":{\"@type\":\"PropertyValueSpecification\",\"valueRequired\":true,\"valueName\":\"search_term_string\"}}],\"inLanguage\":\"sk-SK\"},{\"@type\":\"Organization\",\"@id\":\"https:\\\/\\\/liketones.com\\\/sk\\\/#organization\",\"name\":\"LikeTones\",\"url\":\"https:\\\/\\\/liketones.com\\\/sk\\\/\",\"logo\":{\"@type\":\"ImageObject\",\"inLanguage\":\"sk-SK\",\"@id\":\"https:\\\/\\\/liketones.com\\\/sk\\\/#\\\/schema\\\/logo\\\/image\\\/\",\"url\":\"https:\\\/\\\/i0.wp.com\\\/liketones.com\\\/wp-content\\\/uploads\\\/2023\\\/12\\\/liketones_logo.png?fit=440%2C99&ssl=1\",\"contentUrl\":\"https:\\\/\\\/i0.wp.com\\\/liketones.com\\\/wp-content\\\/uploads\\\/2023\\\/12\\\/liketones_logo.png?fit=440%2C99&ssl=1\",\"width\":440,\"height\":99,\"caption\":\"LikeTones\"},\"image\":{\"@id\":\"https:\\\/\\\/liketones.com\\\/sk\\\/#\\\/schema\\\/logo\\\/image\\\/\"}}]}<\/script>\n<!-- \/ Yoast SEO plugin. -->","yoast_head_json":{"title":"Ozn\u00e1menie o ochrane osobn\u00fdch \u00fadajov Tretia strana - LikeTones","robots":{"index":"index","follow":"follow","max-snippet":"max-snippet:-1","max-image-preview":"max-image-preview:large","max-video-preview":"max-video-preview:-1"},"canonical":"https:\/\/liketones.com\/sk\/oznamenie-o-ochrane-osobnych-udajov-tretia-strana\/","og_locale":"sk_SK","og_type":"article","og_title":"Ozn\u00e1menie o ochrane osobn\u00fdch \u00fadajov Tretia strana - LikeTones","og_description":"Posledn\u00e1 aktualiz\u00e1cia 8. decembra 2023 Spolupracujeme s ur\u010dit\u00fdmi partnermi v r\u00e1mci na\u0161ich mobiln\u00fdch aplik\u00e1ci\u00ed a webov\u00fdch str\u00e1nok, aby sme poskytovali soci\u00e1lne komponenty, anal\u00fdzy, ako aj zobrazovanie rekl\u00e1m v r\u00e1mci na\u0161ej Slu\u017eby aj mimo nej. T\u00edto partneri m\u00f4\u017eu pou\u017e\u00edva\u0165 s\u00fabory cookie, webov\u00e9 maj\u00e1ky, technol\u00f3gie ukladania a\/alebo in\u00e9 podobn\u00e9 technol\u00f3gie na zhroma\u017e\u010fovanie alebo prij\u00edmanie \u00fadajov o v\u00e1s, [&hellip;]","og_url":"https:\/\/liketones.com\/sk\/oznamenie-o-ochrane-osobnych-udajov-tretia-strana\/","og_site_name":"LikeTones","article_modified_time":"2023-12-08T21:02:42+00:00","twitter_card":"summary_large_image","twitter_misc":{"Predpokladan\u00fd \u010das \u010d\u00edtania":"3 min\u00faty"},"schema":{"@context":"https:\/\/schema.org","@graph":[{"@type":"WebPage","@id":"https:\/\/liketones.com\/sk\/oznamenie-o-ochrane-osobnych-udajov-tretia-strana\/","url":"https:\/\/liketones.com\/sk\/oznamenie-o-ochrane-osobnych-udajov-tretia-strana\/","name":"Ozn\u00e1menie o ochrane osobn\u00fdch \u00fadajov Tretia strana - LikeTones","isPartOf":{"@id":"https:\/\/liketones.com\/sk\/#website"},"datePublished":"2023-03-20T10:46:23+00:00","dateModified":"2023-12-08T21:02:42+00:00","breadcrumb":{"@id":"https:\/\/liketones.com\/sk\/oznamenie-o-ochrane-osobnych-udajov-tretia-strana\/#breadcrumb"},"inLanguage":"sk-SK","potentialAction":[{"@type":"ReadAction","target":["https:\/\/liketones.com\/sk\/oznamenie-o-ochrane-osobnych-udajov-tretia-strana\/"]}]},{"@type":"BreadcrumbList","@id":"https:\/\/liketones.com\/sk\/oznamenie-o-ochrane-osobnych-udajov-tretia-strana\/#breadcrumb","itemListElement":[{"@type":"ListItem","position":1,"name":"Home","item":"https:\/\/liketones.com\/sk\/naucte-sa-hrat-na-hudobne-nastroje-zadarmo\/"},{"@type":"ListItem","position":2,"name":"Ozn\u00e1menie o ochrane osobn\u00fdch \u00fadajov Tretia strana"}]},{"@type":"WebSite","@id":"https:\/\/liketones.com\/sk\/#website","url":"https:\/\/liketones.com\/sk\/","name":"LikeTones","description":"Learn to play musical instruments","publisher":{"@id":"https:\/\/liketones.com\/sk\/#organization"},"potentialAction":[{"@type":"SearchAction","target":{"@type":"EntryPoint","urlTemplate":"https:\/\/liketones.com\/sk\/?s={search_term_string}"},"query-input":{"@type":"PropertyValueSpecification","valueRequired":true,"valueName":"search_term_string"}}],"inLanguage":"sk-SK"},{"@type":"Organization","@id":"https:\/\/liketones.com\/sk\/#organization","name":"LikeTones","url":"https:\/\/liketones.com\/sk\/","logo":{"@type":"ImageObject","inLanguage":"sk-SK","@id":"https:\/\/liketones.com\/sk\/#\/schema\/logo\/image\/","url":"https:\/\/i0.wp.com\/liketones.com\/wp-content\/uploads\/2023\/12\/liketones_logo.png?fit=440%2C99&ssl=1","contentUrl":"https:\/\/i0.wp.com\/liketones.com\/wp-content\/uploads\/2023\/12\/liketones_logo.png?fit=440%2C99&ssl=1","width":440,"height":99,"caption":"LikeTones"},"image":{"@id":"https:\/\/liketones.com\/sk\/#\/schema\/logo\/image\/"}}]}},"jetpack_sharing_enabled":true,"_links":{"self":[{"href":"https:\/\/liketones.com\/sk\/wp-json\/wp\/v2\/pages\/957","targetHints":{"allow":["GET"]}}],"collection":[{"href":"https:\/\/liketones.com\/sk\/wp-json\/wp\/v2\/pages"}],"about":[{"href":"https:\/\/liketones.com\/sk\/wp-json\/wp\/v2\/types\/page"}],"author":[{"embeddable":true,"href":"https:\/\/liketones.com\/sk\/wp-json\/wp\/v2\/users\/1"}],"replies":[{"embeddable":true,"href":"https:\/\/liketones.com\/sk\/wp-json\/wp\/v2\/comments?post=957"}],"version-history":[{"count":5,"href":"https:\/\/liketones.com\/sk\/wp-json\/wp\/v2\/pages\/957\/revisions"}],"predecessor-version":[{"id":1634,"href":"https:\/\/liketones.com\/sk\/wp-json\/wp\/v2\/pages\/957\/revisions\/1634"}],"wp:attachment":[{"href":"https:\/\/liketones.com\/sk\/wp-json\/wp\/v2\/media?parent=957"}],"curies":[{"name":"wp","href":"https:\/\/api.w.org\/{rel}","templated":true}]}}