{"id":947,"date":"2023-03-20T10:46:23","date_gmt":"2023-03-20T10:46:23","guid":{"rendered":"https:\/\/liketones.com\/?page_id=947"},"modified":"2023-12-08T21:00:11","modified_gmt":"2023-12-08T21:00:11","slug":"notificare-de-confidentialitate-terta-parte","status":"publish","type":"page","link":"https:\/\/liketones.com\/ro\/notificare-de-confidentialitate-terta-parte\/","title":{"rendered":"Notificare de confiden\u021bialitate ter\u021b\u0103 parte"},"content":{"rendered":"\t\t<div data-elementor-type=\"wp-page\" data-elementor-id=\"947\" class=\"elementor elementor-947 elementor-27\" data-elementor-post-type=\"page\">\n\t\t\t\t\t\t<section class=\"elementor-section elementor-top-section elementor-element elementor-element-8fc10ea elementor-section-boxed elementor-section-height-default elementor-section-height-default\" data-id=\"8fc10ea\" data-element_type=\"section\" data-e-type=\"section\">\n\t\t\t\t\t\t<div class=\"elementor-container elementor-column-gap-default\">\n\t\t\t\t\t<div class=\"elementor-column elementor-col-100 elementor-top-column elementor-element elementor-element-9796f04\" data-id=\"9796f04\" data-element_type=\"column\" data-e-type=\"column\">\n\t\t\t<div class=\"elementor-widget-wrap elementor-element-populated\">\n\t\t\t\t\t\t<div class=\"elementor-element elementor-element-9cd095d elementor-widget elementor-widget-text-editor\" data-id=\"9cd095d\" data-element_type=\"widget\" data-e-type=\"widget\" data-widget_type=\"text-editor.default\">\n\t\t\t\t<div class=\"elementor-widget-container\">\n\t\t\t\t\t\t\t\t\t<p dir=\"ltr\" style=\"line-height: 1.9871999999999999; background-color: #ffffff; margin-top: 0pt; margin-bottom: 0pt;\">\n<p><i><span style=\"font-weight: 400;\">Ultima actualizare pe 8 decembrie 2023<\/span><\/i><\/p>\n<p><span style=\"font-weight: 400;\">Lucr\u0103m cu anumi\u021bi parteneri \u00een aplica\u021biile \u0219i site-urile noastre mobile pentru a oferi componente sociale, analize, precum \u0219i difuzare de anun\u021buri \u00een interiorul \u0219i \u00een afara Serviciului nostru. Ace\u0219ti parteneri pot utiliza cookie-uri, semnalizatoare web, tehnologii de stocare \u0219i\/sau alte tehnologii similare pentru a colecta sau a primi date despre dvs., inclusiv vizitele \u0219i utilizarea site-urilor noastre web \u0219i a aplica\u021biilor mobile \u0219i, \u00een unele cazuri, ar putea revendica drepturi de control asupra dvs. date personale. Pentru mai multe informa\u021bii despre partenerii pe care \u00eei folosim, practicile lor de confiden\u021bialitate \u0219i posibilit\u0103\u021bile de renun\u021bare, v\u0103 rug\u0103m s\u0103 vizita\u021bi linkurile de mai jos.<\/span><\/p>\n<h4><span style=\"font-weight: 400;\">Google Ads<\/span><\/h4>\n<p><span style=\"font-weight: 400;\">Google Ads este un serviciu de publicitate oferit de Google, Inc.<\/span><\/p>\n<p><span style=\"font-weight: 400;\">Informa\u021bii de confiden\u021bialitate:<\/span><\/p>\n<p><span style=\"font-weight: 400;\">Pentru informa\u021bii despre modul \u00een care Google, Inc. utilizeaz\u0103 informa\u021biile colectate \u00een leg\u0103tur\u0103 cu Google Ads, v\u0103 rug\u0103m s\u0103 vizita\u021bi Politica de confiden\u021bialitate aici: <\/span><a href=\"https:\/\/policies.google.com\/privacy\"><span style=\"font-weight: 400;\">https:\/\/policies.google.com\/privacy<\/span><\/a><\/p>\n<p><span style=\"font-weight: 400;\">Pute\u021bi renun\u021ba la anumite func\u021bii Google Ads, vizit\u00e2nd aici: <\/span><a href=\"https:\/\/adssettings.google.com\/authenticated\"><span style=\"font-weight: 400;\">https:\/\/adssettings.google.com\/authenticated <\/span><\/a><span style=\"font-weight: 400;\">.<\/span><\/p>\n<p><span style=\"font-weight: 400;\">Alternativ, pute\u021bi controla utilizarea identificatorilor dispozitivului utiliz\u00e2nd set\u0103rile dispozitivului. Pentru mai multe informa\u021bii, accesa\u021bi aici: <\/span><a href=\"https:\/\/support.google.com\/ads\/answer\/1660762#mob\"><span style=\"font-weight: 400;\">https:\/\/support.google.com\/ads\/answer\/1660762#mob<\/span><\/a><\/p>\n<h4><span style=\"font-weight: 400;\">Google Analytics<\/span><\/h4>\n<p><span style=\"font-weight: 400;\">Google Analytics este un serviciu de analiz\u0103 oferit de Google, Inc.<\/span><\/p>\n<p><span style=\"font-weight: 400;\">Informa\u021bii de confiden\u021bialitate:<\/span><\/p>\n<p><span style=\"font-weight: 400;\">Pentru informa\u021bii despre modul \u00een care Google, Inc. utilizeaz\u0103 informa\u021biile colectate \u00een leg\u0103tur\u0103 cu Google Analytics, v\u0103 rug\u0103m s\u0103 vizita\u021bi Politica de confiden\u021bialitate aici: <\/span><a href=\"https:\/\/policies.google.com\/privacy\"><span style=\"font-weight: 400;\">https:\/\/policies.google.com\/privacy<\/span><\/a><\/p>\n<p><span style=\"font-weight: 400;\">Pentru informa\u021bii despre modul \u00een care Google, Inc. utilizeaz\u0103 informa\u021biile de pe site-urile sau aplica\u021biile care \u00ee\u0219i folosesc serviciile \u00een leg\u0103tur\u0103 cu Google Analytics, v\u0103 rug\u0103m s\u0103 vizita\u021bi aici: <\/span><a href=\"https:\/\/policies.google.com\/technologies\/partner-sites\"><span style=\"font-weight: 400;\">https:\/\/policies.google.com\/technologies\/partner-sites<\/span><\/a><\/p>\n<p><span style=\"font-weight: 400;\">Pute\u021bi renun\u021ba la Google Analytics urm\u00e2nd instruc\u021biunile furnizate aici: <\/span><a href=\"https:\/\/support.google.com\/analytics\/answer\/181881\"><span style=\"font-weight: 400;\">https:\/\/support.google.com\/analytics\/answer\/181881<\/span><\/a><\/p>\n<h4><span style=\"font-weight: 400;\">Google Tag Manager<\/span><\/h4>\n<p><span style=\"font-weight: 400;\">Google Tag Manager este un serviciu de gestionare a etichetelor oferit de Google, Inc.<\/span><\/p>\n<p><span style=\"font-weight: 400;\">Informa\u021bii de confiden\u021bialitate:<\/span><\/p>\n<p><span style=\"font-weight: 400;\">Pentru informa\u021bii despre modul \u00een care Google, Inc. utilizeaz\u0103 informa\u021biile colectate \u00een leg\u0103tur\u0103 cu Google Tag Manager, v\u0103 rug\u0103m s\u0103 vizita\u021bi Politica de confiden\u021bialitate aici: <\/span><a href=\"https:\/\/policies.google.com\/privacy\"><span style=\"font-weight: 400;\">https:\/\/policies.google.com\/privacy<\/span><\/a><\/p>\n<h4><span style=\"font-weight: 400;\">Firebase<\/span><\/h4>\n<p><span style=\"font-weight: 400;\">Firebase este o platform\u0103 de dezvoltare mobil\u0103 de la Google, Inc., care ofer\u0103 servicii de analiz\u0103.<\/span><\/p>\n<p><span style=\"font-weight: 400;\">Informa\u021bii de confiden\u021bialitate:<\/span><\/p>\n<p><span style=\"font-weight: 400;\">Pentru informa\u021bii despre modul \u00een care Google, Inc. utilizeaz\u0103 informa\u021biile colectate \u00een leg\u0103tur\u0103 cu Firebase, v\u0103 rug\u0103m s\u0103 vizita\u021bi Politica de confiden\u021bialitate aici: <\/span><a href=\"https:\/\/policies.google.com\/privacy\"><span style=\"font-weight: 400;\">https:\/\/policies.google.com\/privacy<\/span><\/a><\/p>\n<p><span style=\"font-weight: 400;\">Pentru informa\u021bii despre modul \u00een care Google, Inc. utilizeaz\u0103 informa\u021biile de pe site-urile sau aplica\u021biile care \u00ee\u0219i folosesc serviciile \u00een leg\u0103tur\u0103 cu Firebase, v\u0103 rug\u0103m s\u0103 vizita\u021bi aici: <\/span><a href=\"https:\/\/policies.google.com\/technologies\/partner-sites\"><span style=\"font-weight: 400;\">https:\/\/policies.google.com\/technologies\/partner-sites<\/span><\/a><\/p>\n<p><span style=\"font-weight: 400;\">Pute\u021bi renun\u021ba la anumite func\u021bii Firebase urm\u00e2nd instruc\u021biunile furnizate \u00een Politica de confiden\u021bialitate a Google, Inc.<\/span><\/p>\n<h4><span style=\"font-weight: 400;\">RevenueCat<\/span><\/h4>\n<p><span style=\"font-weight: 400;\">Serviciul RevenueCat pentru achizi\u021bii \u00een aplica\u021bie.<\/span><\/p>\n<p><span style=\"font-weight: 400;\">Informa\u021bii de confiden\u021bialitate:<\/span><\/p>\n<p><span style=\"font-weight: 400;\">Pentru informa\u021bii despre modul \u00een care Unity Technologies SF utilizeaz\u0103 informa\u021biile colectate \u00een leg\u0103tur\u0103 cu Unity IAP, v\u0103 rug\u0103m s\u0103 vizita\u021bi Politica de confiden\u021bialitate aici: <\/span><a href=\"https:\/\/www.revenuecat.com\/privacy\/\"><span style=\"font-weight: 400;\">https:\/\/www.revenuecat.com\/privacy\/<\/span><\/a><\/p>\n\t\t\t\t\t\t\t\t<\/div>\n\t\t\t\t<\/div>\n\t\t\t\t\t<\/div>\n\t\t<\/div>\n\t\t\t\t\t<\/div>\n\t\t<\/section>\n\t\t\t\t<\/div>\n\t\t","protected":false},"excerpt":{"rendered":"<p>Ultima actualizare pe 8 decembrie 2023 Lucr\u0103m cu anumi\u021bi parteneri \u00een aplica\u021biile \u0219i site-urile noastre mobile pentru a oferi componente sociale, analize, precum \u0219i difuzare de anun\u021buri \u00een interiorul \u0219i \u00een afara Serviciului nostru. Ace\u0219ti parteneri pot utiliza cookie-uri, semnalizatoare web, tehnologii de stocare \u0219i\/sau alte tehnologii similare pentru a colecta sau a primi date [&hellip;]<\/p>\n","protected":false},"author":1,"featured_media":0,"parent":0,"menu_order":0,"comment_status":"closed","ping_status":"closed","template":"","meta":{"footnotes":""},"class_list":["post-947","page","type-page","status-publish","hentry"],"yoast_head":"<!-- This site is optimized with the Yoast SEO plugin v27.4 - https:\/\/yoast.com\/product\/yoast-seo-wordpress\/ -->\n<title>Notificare de confiden\u021bialitate ter\u021b\u0103 parte - LikeTones<\/title>\n<meta name=\"robots\" content=\"index, follow, max-snippet:-1, max-image-preview:large, max-video-preview:-1\" \/>\n<link rel=\"canonical\" href=\"https:\/\/liketones.com\/ro\/notificare-de-confidentialitate-terta-parte\/\" \/>\n<meta property=\"og:locale\" content=\"ro_RO\" \/>\n<meta property=\"og:type\" content=\"article\" \/>\n<meta property=\"og:title\" content=\"Notificare de confiden\u021bialitate ter\u021b\u0103 parte - LikeTones\" \/>\n<meta property=\"og:description\" content=\"Ultima actualizare pe 8 decembrie 2023 Lucr\u0103m cu anumi\u021bi parteneri \u00een aplica\u021biile \u0219i site-urile noastre mobile pentru a oferi componente sociale, analize, precum \u0219i difuzare de anun\u021buri \u00een interiorul \u0219i \u00een afara Serviciului nostru. Ace\u0219ti parteneri pot utiliza cookie-uri, semnalizatoare web, tehnologii de stocare \u0219i\/sau alte tehnologii similare pentru a colecta sau a primi date [&hellip;]\" \/>\n<meta property=\"og:url\" content=\"https:\/\/liketones.com\/ro\/notificare-de-confidentialitate-terta-parte\/\" \/>\n<meta property=\"og:site_name\" content=\"LikeTones\" \/>\n<meta property=\"article:modified_time\" content=\"2023-12-08T21:00:11+00:00\" \/>\n<meta name=\"twitter:card\" content=\"summary_large_image\" \/>\n<meta name=\"twitter:label1\" content=\"Timp estimat pentru citire\" \/>\n\t<meta name=\"twitter:data1\" content=\"3 minute\" \/>\n<script type=\"application\/ld+json\" class=\"yoast-schema-graph\">{\"@context\":\"https:\\\/\\\/schema.org\",\"@graph\":[{\"@type\":\"WebPage\",\"@id\":\"https:\\\/\\\/liketones.com\\\/ro\\\/notificare-de-confidentialitate-terta-parte\\\/\",\"url\":\"https:\\\/\\\/liketones.com\\\/ro\\\/notificare-de-confidentialitate-terta-parte\\\/\",\"name\":\"Notificare de confiden\u021bialitate ter\u021b\u0103 parte - LikeTones\",\"isPartOf\":{\"@id\":\"https:\\\/\\\/liketones.com\\\/ro\\\/#website\"},\"datePublished\":\"2023-03-20T10:46:23+00:00\",\"dateModified\":\"2023-12-08T21:00:11+00:00\",\"breadcrumb\":{\"@id\":\"https:\\\/\\\/liketones.com\\\/ro\\\/notificare-de-confidentialitate-terta-parte\\\/#breadcrumb\"},\"inLanguage\":\"ro-RO\",\"potentialAction\":[{\"@type\":\"ReadAction\",\"target\":[\"https:\\\/\\\/liketones.com\\\/ro\\\/notificare-de-confidentialitate-terta-parte\\\/\"]}]},{\"@type\":\"BreadcrumbList\",\"@id\":\"https:\\\/\\\/liketones.com\\\/ro\\\/notificare-de-confidentialitate-terta-parte\\\/#breadcrumb\",\"itemListElement\":[{\"@type\":\"ListItem\",\"position\":1,\"name\":\"Home\",\"item\":\"https:\\\/\\\/liketones.com\\\/ro\\\/aflati-gratuit-cum-sa-cantati-la-instrumente-muzicale\\\/\"},{\"@type\":\"ListItem\",\"position\":2,\"name\":\"Notificare de confiden\u021bialitate ter\u021b\u0103 parte\"}]},{\"@type\":\"WebSite\",\"@id\":\"https:\\\/\\\/liketones.com\\\/ro\\\/#website\",\"url\":\"https:\\\/\\\/liketones.com\\\/ro\\\/\",\"name\":\"LikeTones\",\"description\":\"Learn to play musical instruments\",\"publisher\":{\"@id\":\"https:\\\/\\\/liketones.com\\\/ro\\\/#organization\"},\"potentialAction\":[{\"@type\":\"SearchAction\",\"target\":{\"@type\":\"EntryPoint\",\"urlTemplate\":\"https:\\\/\\\/liketones.com\\\/ro\\\/?s={search_term_string}\"},\"query-input\":{\"@type\":\"PropertyValueSpecification\",\"valueRequired\":true,\"valueName\":\"search_term_string\"}}],\"inLanguage\":\"ro-RO\"},{\"@type\":\"Organization\",\"@id\":\"https:\\\/\\\/liketones.com\\\/ro\\\/#organization\",\"name\":\"LikeTones\",\"url\":\"https:\\\/\\\/liketones.com\\\/ro\\\/\",\"logo\":{\"@type\":\"ImageObject\",\"inLanguage\":\"ro-RO\",\"@id\":\"https:\\\/\\\/liketones.com\\\/ro\\\/#\\\/schema\\\/logo\\\/image\\\/\",\"url\":\"https:\\\/\\\/i0.wp.com\\\/liketones.com\\\/wp-content\\\/uploads\\\/2023\\\/12\\\/liketones_logo.png?fit=440%2C99&ssl=1\",\"contentUrl\":\"https:\\\/\\\/i0.wp.com\\\/liketones.com\\\/wp-content\\\/uploads\\\/2023\\\/12\\\/liketones_logo.png?fit=440%2C99&ssl=1\",\"width\":440,\"height\":99,\"caption\":\"LikeTones\"},\"image\":{\"@id\":\"https:\\\/\\\/liketones.com\\\/ro\\\/#\\\/schema\\\/logo\\\/image\\\/\"}}]}<\/script>\n<!-- \/ Yoast SEO plugin. -->","yoast_head_json":{"title":"Notificare de confiden\u021bialitate ter\u021b\u0103 parte - LikeTones","robots":{"index":"index","follow":"follow","max-snippet":"max-snippet:-1","max-image-preview":"max-image-preview:large","max-video-preview":"max-video-preview:-1"},"canonical":"https:\/\/liketones.com\/ro\/notificare-de-confidentialitate-terta-parte\/","og_locale":"ro_RO","og_type":"article","og_title":"Notificare de confiden\u021bialitate ter\u021b\u0103 parte - LikeTones","og_description":"Ultima actualizare pe 8 decembrie 2023 Lucr\u0103m cu anumi\u021bi parteneri \u00een aplica\u021biile \u0219i site-urile noastre mobile pentru a oferi componente sociale, analize, precum \u0219i difuzare de anun\u021buri \u00een interiorul \u0219i \u00een afara Serviciului nostru. Ace\u0219ti parteneri pot utiliza cookie-uri, semnalizatoare web, tehnologii de stocare \u0219i\/sau alte tehnologii similare pentru a colecta sau a primi date [&hellip;]","og_url":"https:\/\/liketones.com\/ro\/notificare-de-confidentialitate-terta-parte\/","og_site_name":"LikeTones","article_modified_time":"2023-12-08T21:00:11+00:00","twitter_card":"summary_large_image","twitter_misc":{"Timp estimat pentru citire":"3 minute"},"schema":{"@context":"https:\/\/schema.org","@graph":[{"@type":"WebPage","@id":"https:\/\/liketones.com\/ro\/notificare-de-confidentialitate-terta-parte\/","url":"https:\/\/liketones.com\/ro\/notificare-de-confidentialitate-terta-parte\/","name":"Notificare de confiden\u021bialitate ter\u021b\u0103 parte - LikeTones","isPartOf":{"@id":"https:\/\/liketones.com\/ro\/#website"},"datePublished":"2023-03-20T10:46:23+00:00","dateModified":"2023-12-08T21:00:11+00:00","breadcrumb":{"@id":"https:\/\/liketones.com\/ro\/notificare-de-confidentialitate-terta-parte\/#breadcrumb"},"inLanguage":"ro-RO","potentialAction":[{"@type":"ReadAction","target":["https:\/\/liketones.com\/ro\/notificare-de-confidentialitate-terta-parte\/"]}]},{"@type":"BreadcrumbList","@id":"https:\/\/liketones.com\/ro\/notificare-de-confidentialitate-terta-parte\/#breadcrumb","itemListElement":[{"@type":"ListItem","position":1,"name":"Home","item":"https:\/\/liketones.com\/ro\/aflati-gratuit-cum-sa-cantati-la-instrumente-muzicale\/"},{"@type":"ListItem","position":2,"name":"Notificare de confiden\u021bialitate ter\u021b\u0103 parte"}]},{"@type":"WebSite","@id":"https:\/\/liketones.com\/ro\/#website","url":"https:\/\/liketones.com\/ro\/","name":"LikeTones","description":"Learn to play musical instruments","publisher":{"@id":"https:\/\/liketones.com\/ro\/#organization"},"potentialAction":[{"@type":"SearchAction","target":{"@type":"EntryPoint","urlTemplate":"https:\/\/liketones.com\/ro\/?s={search_term_string}"},"query-input":{"@type":"PropertyValueSpecification","valueRequired":true,"valueName":"search_term_string"}}],"inLanguage":"ro-RO"},{"@type":"Organization","@id":"https:\/\/liketones.com\/ro\/#organization","name":"LikeTones","url":"https:\/\/liketones.com\/ro\/","logo":{"@type":"ImageObject","inLanguage":"ro-RO","@id":"https:\/\/liketones.com\/ro\/#\/schema\/logo\/image\/","url":"https:\/\/i0.wp.com\/liketones.com\/wp-content\/uploads\/2023\/12\/liketones_logo.png?fit=440%2C99&ssl=1","contentUrl":"https:\/\/i0.wp.com\/liketones.com\/wp-content\/uploads\/2023\/12\/liketones_logo.png?fit=440%2C99&ssl=1","width":440,"height":99,"caption":"LikeTones"},"image":{"@id":"https:\/\/liketones.com\/ro\/#\/schema\/logo\/image\/"}}]}},"jetpack_sharing_enabled":true,"_links":{"self":[{"href":"https:\/\/liketones.com\/ro\/wp-json\/wp\/v2\/pages\/947","targetHints":{"allow":["GET"]}}],"collection":[{"href":"https:\/\/liketones.com\/ro\/wp-json\/wp\/v2\/pages"}],"about":[{"href":"https:\/\/liketones.com\/ro\/wp-json\/wp\/v2\/types\/page"}],"author":[{"embeddable":true,"href":"https:\/\/liketones.com\/ro\/wp-json\/wp\/v2\/users\/1"}],"replies":[{"embeddable":true,"href":"https:\/\/liketones.com\/ro\/wp-json\/wp\/v2\/comments?post=947"}],"version-history":[{"count":5,"href":"https:\/\/liketones.com\/ro\/wp-json\/wp\/v2\/pages\/947\/revisions"}],"predecessor-version":[{"id":1632,"href":"https:\/\/liketones.com\/ro\/wp-json\/wp\/v2\/pages\/947\/revisions\/1632"}],"wp:attachment":[{"href":"https:\/\/liketones.com\/ro\/wp-json\/wp\/v2\/media?parent=947"}],"curies":[{"name":"wp","href":"https:\/\/api.w.org\/{rel}","templated":true}]}}