{"id":326,"date":"2023-09-18T12:16:24","date_gmt":"2023-09-18T12:16:24","guid":{"rendered":"https:\/\/liketones.com\/stergeti-datele-dvs\/"},"modified":"2023-12-04T13:16:08","modified_gmt":"2023-12-04T13:16:08","slug":"stergeti-datele-dvs","status":"publish","type":"page","link":"https:\/\/liketones.com\/ro\/stergeti-datele-dvs\/","title":{"rendered":"\u0218terge\u021bi datele dvs."},"content":{"rendered":"\t\t<div data-elementor-type=\"wp-page\" data-elementor-id=\"326\" class=\"elementor elementor-326 elementor-73\" data-elementor-post-type=\"page\">\n\t\t\t\t\t\t<section class=\"elementor-section elementor-top-section elementor-element elementor-element-fea008c elementor-section-boxed elementor-section-height-default elementor-section-height-default\" data-id=\"fea008c\" data-element_type=\"section\" data-e-type=\"section\">\n\t\t\t\t\t\t<div class=\"elementor-container elementor-column-gap-default\">\n\t\t\t\t\t<div class=\"elementor-column elementor-col-100 elementor-top-column elementor-element elementor-element-d7e9ee3\" data-id=\"d7e9ee3\" data-element_type=\"column\" data-e-type=\"column\">\n\t\t\t<div class=\"elementor-widget-wrap elementor-element-populated\">\n\t\t\t\t\t\t<div class=\"elementor-element elementor-element-12167e3 elementor-widget elementor-widget-text-editor\" data-id=\"12167e3\" data-element_type=\"widget\" data-e-type=\"widget\" data-widget_type=\"text-editor.default\">\n\t\t\t\t<div class=\"elementor-widget-container\">\n\t\t\t\t\t\t\t\t\t<p>Dac\u0103 dori\u021bi s\u0103 v\u0103 \u0219terge\u021bi datele, v\u0103 rug\u0103m s\u0103 deschide\u021bi aplica\u021bia noastr\u0103 mobil\u0103 \u0219i s\u0103 face\u021bi clic pe butonul &#8222;\u0218terge\u021bi contul&#8221;. Vom \u0219terge toate datele dvs. din sistemul nostru \u0219i v\u0103 vom dezactiva contul.<\/p>\n<p>\u00cen unele dintre aplica\u021biile noastre, cum ar fi tunerii, nu colect\u0103m informa\u021bii personale; prin urmare, nu exist\u0103 un cont de utilizator. \u00cen acest caz, pute\u021bi dezinstala aplica\u021bia de pe dispozitiv.<\/p>\n<p>Mai ave\u021bi o \u00eentrebare despre \u0219tergerea datelor dumneavoastr\u0103? V\u0103 rug\u0103m s\u0103 ne scrie\u021bi la support@liketones.com<\/p>\t\t\t\t\t\t\t\t<\/div>\n\t\t\t\t<\/div>\n\t\t\t\t\t<\/div>\n\t\t<\/div>\n\t\t\t\t\t<\/div>\n\t\t<\/section>\n\t\t\t\t<\/div>\n\t\t","protected":false},"excerpt":{"rendered":"<p>Dac\u0103 dori\u021bi s\u0103 v\u0103 \u0219terge\u021bi datele, v\u0103 rug\u0103m s\u0103 deschide\u021bi aplica\u021bia noastr\u0103 mobil\u0103 \u0219i s\u0103 face\u021bi clic pe butonul &#8222;\u0218terge\u021bi contul&#8221;. Vom \u0219terge toate datele dvs. din sistemul nostru \u0219i v\u0103 vom dezactiva contul. \u00cen unele dintre aplica\u021biile noastre, cum ar fi tunerii, nu colect\u0103m informa\u021bii personale; prin urmare, nu exist\u0103 un cont de utilizator. [&hellip;]<\/p>\n","protected":false},"author":1,"featured_media":0,"parent":0,"menu_order":0,"comment_status":"closed","ping_status":"closed","template":"","meta":{"footnotes":""},"class_list":["post-326","page","type-page","status-publish","hentry"],"yoast_head":"<!-- This site is optimized with the Yoast SEO plugin v27.4 - https:\/\/yoast.com\/product\/yoast-seo-wordpress\/ -->\n<title>\u0218terge\u021bi datele dvs. - LikeTones<\/title>\n<meta name=\"robots\" content=\"index, follow, max-snippet:-1, max-image-preview:large, max-video-preview:-1\" \/>\n<link rel=\"canonical\" href=\"https:\/\/liketones.com\/ro\/stergeti-datele-dvs\/\" \/>\n<meta property=\"og:locale\" content=\"ro_RO\" \/>\n<meta property=\"og:type\" content=\"article\" \/>\n<meta property=\"og:title\" content=\"\u0218terge\u021bi datele dvs. - LikeTones\" \/>\n<meta property=\"og:description\" content=\"Dac\u0103 dori\u021bi s\u0103 v\u0103 \u0219terge\u021bi datele, v\u0103 rug\u0103m s\u0103 deschide\u021bi aplica\u021bia noastr\u0103 mobil\u0103 \u0219i s\u0103 face\u021bi clic pe butonul &#8222;\u0218terge\u021bi contul&#8221;. Vom \u0219terge toate datele dvs. din sistemul nostru \u0219i v\u0103 vom dezactiva contul. \u00cen unele dintre aplica\u021biile noastre, cum ar fi tunerii, nu colect\u0103m informa\u021bii personale; prin urmare, nu exist\u0103 un cont de utilizator. [&hellip;]\" \/>\n<meta property=\"og:url\" content=\"https:\/\/liketones.com\/ro\/stergeti-datele-dvs\/\" \/>\n<meta property=\"og:site_name\" content=\"LikeTones\" \/>\n<meta property=\"article:modified_time\" content=\"2023-12-04T13:16:08+00:00\" \/>\n<meta name=\"twitter:card\" content=\"summary_large_image\" \/>\n<script type=\"application\/ld+json\" class=\"yoast-schema-graph\">{\"@context\":\"https:\\\/\\\/schema.org\",\"@graph\":[{\"@type\":\"WebPage\",\"@id\":\"https:\\\/\\\/liketones.com\\\/ro\\\/stergeti-datele-dvs\\\/\",\"url\":\"https:\\\/\\\/liketones.com\\\/ro\\\/stergeti-datele-dvs\\\/\",\"name\":\"\u0218terge\u021bi datele dvs. - LikeTones\",\"isPartOf\":{\"@id\":\"https:\\\/\\\/liketones.com\\\/ro\\\/#website\"},\"datePublished\":\"2023-09-18T12:16:24+00:00\",\"dateModified\":\"2023-12-04T13:16:08+00:00\",\"breadcrumb\":{\"@id\":\"https:\\\/\\\/liketones.com\\\/ro\\\/stergeti-datele-dvs\\\/#breadcrumb\"},\"inLanguage\":\"ro-RO\",\"potentialAction\":[{\"@type\":\"ReadAction\",\"target\":[\"https:\\\/\\\/liketones.com\\\/ro\\\/stergeti-datele-dvs\\\/\"]}]},{\"@type\":\"BreadcrumbList\",\"@id\":\"https:\\\/\\\/liketones.com\\\/ro\\\/stergeti-datele-dvs\\\/#breadcrumb\",\"itemListElement\":[{\"@type\":\"ListItem\",\"position\":1,\"name\":\"Home\",\"item\":\"https:\\\/\\\/liketones.com\\\/ro\\\/aflati-gratuit-cum-sa-cantati-la-instrumente-muzicale\\\/\"},{\"@type\":\"ListItem\",\"position\":2,\"name\":\"\u0218terge\u021bi datele dvs.\"}]},{\"@type\":\"WebSite\",\"@id\":\"https:\\\/\\\/liketones.com\\\/ro\\\/#website\",\"url\":\"https:\\\/\\\/liketones.com\\\/ro\\\/\",\"name\":\"LikeTones\",\"description\":\"Learn to play musical instruments\",\"publisher\":{\"@id\":\"https:\\\/\\\/liketones.com\\\/ro\\\/#organization\"},\"potentialAction\":[{\"@type\":\"SearchAction\",\"target\":{\"@type\":\"EntryPoint\",\"urlTemplate\":\"https:\\\/\\\/liketones.com\\\/ro\\\/?s={search_term_string}\"},\"query-input\":{\"@type\":\"PropertyValueSpecification\",\"valueRequired\":true,\"valueName\":\"search_term_string\"}}],\"inLanguage\":\"ro-RO\"},{\"@type\":\"Organization\",\"@id\":\"https:\\\/\\\/liketones.com\\\/ro\\\/#organization\",\"name\":\"LikeTones\",\"url\":\"https:\\\/\\\/liketones.com\\\/ro\\\/\",\"logo\":{\"@type\":\"ImageObject\",\"inLanguage\":\"ro-RO\",\"@id\":\"https:\\\/\\\/liketones.com\\\/ro\\\/#\\\/schema\\\/logo\\\/image\\\/\",\"url\":\"https:\\\/\\\/i0.wp.com\\\/liketones.com\\\/wp-content\\\/uploads\\\/2023\\\/12\\\/liketones_logo.png?fit=440%2C99&ssl=1\",\"contentUrl\":\"https:\\\/\\\/i0.wp.com\\\/liketones.com\\\/wp-content\\\/uploads\\\/2023\\\/12\\\/liketones_logo.png?fit=440%2C99&ssl=1\",\"width\":440,\"height\":99,\"caption\":\"LikeTones\"},\"image\":{\"@id\":\"https:\\\/\\\/liketones.com\\\/ro\\\/#\\\/schema\\\/logo\\\/image\\\/\"}}]}<\/script>\n<!-- \/ Yoast SEO plugin. -->","yoast_head_json":{"title":"\u0218terge\u021bi datele dvs. - LikeTones","robots":{"index":"index","follow":"follow","max-snippet":"max-snippet:-1","max-image-preview":"max-image-preview:large","max-video-preview":"max-video-preview:-1"},"canonical":"https:\/\/liketones.com\/ro\/stergeti-datele-dvs\/","og_locale":"ro_RO","og_type":"article","og_title":"\u0218terge\u021bi datele dvs. - LikeTones","og_description":"Dac\u0103 dori\u021bi s\u0103 v\u0103 \u0219terge\u021bi datele, v\u0103 rug\u0103m s\u0103 deschide\u021bi aplica\u021bia noastr\u0103 mobil\u0103 \u0219i s\u0103 face\u021bi clic pe butonul &#8222;\u0218terge\u021bi contul&#8221;. Vom \u0219terge toate datele dvs. din sistemul nostru \u0219i v\u0103 vom dezactiva contul. \u00cen unele dintre aplica\u021biile noastre, cum ar fi tunerii, nu colect\u0103m informa\u021bii personale; prin urmare, nu exist\u0103 un cont de utilizator. [&hellip;]","og_url":"https:\/\/liketones.com\/ro\/stergeti-datele-dvs\/","og_site_name":"LikeTones","article_modified_time":"2023-12-04T13:16:08+00:00","twitter_card":"summary_large_image","schema":{"@context":"https:\/\/schema.org","@graph":[{"@type":"WebPage","@id":"https:\/\/liketones.com\/ro\/stergeti-datele-dvs\/","url":"https:\/\/liketones.com\/ro\/stergeti-datele-dvs\/","name":"\u0218terge\u021bi datele dvs. - LikeTones","isPartOf":{"@id":"https:\/\/liketones.com\/ro\/#website"},"datePublished":"2023-09-18T12:16:24+00:00","dateModified":"2023-12-04T13:16:08+00:00","breadcrumb":{"@id":"https:\/\/liketones.com\/ro\/stergeti-datele-dvs\/#breadcrumb"},"inLanguage":"ro-RO","potentialAction":[{"@type":"ReadAction","target":["https:\/\/liketones.com\/ro\/stergeti-datele-dvs\/"]}]},{"@type":"BreadcrumbList","@id":"https:\/\/liketones.com\/ro\/stergeti-datele-dvs\/#breadcrumb","itemListElement":[{"@type":"ListItem","position":1,"name":"Home","item":"https:\/\/liketones.com\/ro\/aflati-gratuit-cum-sa-cantati-la-instrumente-muzicale\/"},{"@type":"ListItem","position":2,"name":"\u0218terge\u021bi datele dvs."}]},{"@type":"WebSite","@id":"https:\/\/liketones.com\/ro\/#website","url":"https:\/\/liketones.com\/ro\/","name":"LikeTones","description":"Learn to play musical instruments","publisher":{"@id":"https:\/\/liketones.com\/ro\/#organization"},"potentialAction":[{"@type":"SearchAction","target":{"@type":"EntryPoint","urlTemplate":"https:\/\/liketones.com\/ro\/?s={search_term_string}"},"query-input":{"@type":"PropertyValueSpecification","valueRequired":true,"valueName":"search_term_string"}}],"inLanguage":"ro-RO"},{"@type":"Organization","@id":"https:\/\/liketones.com\/ro\/#organization","name":"LikeTones","url":"https:\/\/liketones.com\/ro\/","logo":{"@type":"ImageObject","inLanguage":"ro-RO","@id":"https:\/\/liketones.com\/ro\/#\/schema\/logo\/image\/","url":"https:\/\/i0.wp.com\/liketones.com\/wp-content\/uploads\/2023\/12\/liketones_logo.png?fit=440%2C99&ssl=1","contentUrl":"https:\/\/i0.wp.com\/liketones.com\/wp-content\/uploads\/2023\/12\/liketones_logo.png?fit=440%2C99&ssl=1","width":440,"height":99,"caption":"LikeTones"},"image":{"@id":"https:\/\/liketones.com\/ro\/#\/schema\/logo\/image\/"}}]}},"jetpack_sharing_enabled":true,"_links":{"self":[{"href":"https:\/\/liketones.com\/ro\/wp-json\/wp\/v2\/pages\/326","targetHints":{"allow":["GET"]}}],"collection":[{"href":"https:\/\/liketones.com\/ro\/wp-json\/wp\/v2\/pages"}],"about":[{"href":"https:\/\/liketones.com\/ro\/wp-json\/wp\/v2\/types\/page"}],"author":[{"embeddable":true,"href":"https:\/\/liketones.com\/ro\/wp-json\/wp\/v2\/users\/1"}],"replies":[{"embeddable":true,"href":"https:\/\/liketones.com\/ro\/wp-json\/wp\/v2\/comments?post=326"}],"version-history":[{"count":1,"href":"https:\/\/liketones.com\/ro\/wp-json\/wp\/v2\/pages\/326\/revisions"}],"predecessor-version":[{"id":342,"href":"https:\/\/liketones.com\/ro\/wp-json\/wp\/v2\/pages\/326\/revisions\/342"}],"wp:attachment":[{"href":"https:\/\/liketones.com\/ro\/wp-json\/wp\/v2\/media?parent=326"}],"curies":[{"name":"wp","href":"https:\/\/api.w.org\/{rel}","templated":true}]}}