{"id":937,"date":"2023-03-20T10:46:23","date_gmt":"2023-03-20T10:46:23","guid":{"rendered":"https:\/\/liketones.com\/?page_id=937"},"modified":"2023-12-08T20:57:26","modified_gmt":"2023-12-08T20:57:26","slug":"informacja-o-ochronie-prywatnosci-strona-trzecia","status":"publish","type":"page","link":"https:\/\/liketones.com\/pl\/informacja-o-ochronie-prywatnosci-strona-trzecia\/","title":{"rendered":"Informacja o ochronie prywatno\u015bci Strona trzecia"},"content":{"rendered":"\t\t<div data-elementor-type=\"wp-page\" data-elementor-id=\"937\" class=\"elementor elementor-937 elementor-27\" data-elementor-post-type=\"page\">\n\t\t\t\t\t\t<section class=\"elementor-section elementor-top-section elementor-element elementor-element-8fc10ea elementor-section-boxed elementor-section-height-default elementor-section-height-default\" data-id=\"8fc10ea\" data-element_type=\"section\" data-e-type=\"section\">\n\t\t\t\t\t\t<div class=\"elementor-container elementor-column-gap-default\">\n\t\t\t\t\t<div class=\"elementor-column elementor-col-100 elementor-top-column elementor-element elementor-element-9796f04\" data-id=\"9796f04\" data-element_type=\"column\" data-e-type=\"column\">\n\t\t\t<div class=\"elementor-widget-wrap elementor-element-populated\">\n\t\t\t\t\t\t<div class=\"elementor-element elementor-element-9cd095d elementor-widget elementor-widget-text-editor\" data-id=\"9cd095d\" data-element_type=\"widget\" data-e-type=\"widget\" data-widget_type=\"text-editor.default\">\n\t\t\t\t<div class=\"elementor-widget-container\">\n\t\t\t\t\t\t\t\t\t<p dir=\"ltr\" style=\"line-height: 1.9871999999999999; background-color: #ffffff; margin-top: 0pt; margin-bottom: 0pt;\">\n<p><i><span style=\"font-weight: 400;\">Ostatnia aktualizacja 8 grudnia 2023 r<\/span><\/i><\/p>\n<p><span style=\"font-weight: 400;\">Wsp\u00f3\u0142pracujemy z okre\u015blonymi partnerami w ramach naszych aplikacji mobilnych i witryn internetowych, aby udost\u0119pnia\u0107 komponenty spo\u0142eczno\u015bciowe, analizy oraz wy\u015bwietlanie reklam w ramach naszej Us\u0142ugi i poza ni\u0105. Partnerzy ci mog\u0105 u\u017cywa\u0107 plik\u00f3w cookie, sygna\u0142\u00f3w nawigacyjnych, technologii przechowywania i\/lub innych podobnych technologii do gromadzenia lub otrzymywania danych o Tobie, w tym o Twoich wizytach i korzystaniu z naszych stron internetowych i aplikacji mobilnych, a w niekt\u00f3rych przypadkach mog\u0105 ro\u015bci\u0107 sobie prawa do administratora Twoich danych dane osobiste. Aby uzyska\u0107 wi\u0119cej informacji na temat partner\u00f3w, z kt\u00f3rych korzystamy, ich praktyk w zakresie prywatno\u015bci i mo\u017cliwo\u015bci rezygnacji, odwied\u017a poni\u017csze \u0142\u0105cza.<\/span><\/p>\n<h4><span style=\"font-weight: 400;\">Google Ads<\/span><\/h4>\n<p><span style=\"font-weight: 400;\">Google Ads to us\u0142uga reklamowa \u015bwiadczona przez Google, Inc.<\/span><\/p>\n<p><span style=\"font-weight: 400;\">Informacje o prywatno\u015bci:<\/span><\/p>\n<p><span style=\"font-weight: 400;\">Aby uzyska\u0107 informacje o tym, jak Google, Inc. wykorzystuje zebrane informacje w zwi\u0105zku z Google Ads, zapoznaj si\u0119 z ich Polityk\u0105 prywatno\u015bci tutaj: <\/span><a href=\"https:\/\/policies.google.com\/privacy\"><span style=\"font-weight: 400;\">https:\/\/policies.google.com\/privacy<\/span><\/a><\/p>\n<p><span style=\"font-weight: 400;\">Mo\u017cesz zrezygnowa\u0107 z niekt\u00f3rych funkcji Google Ads, odwiedzaj\u0105c t\u0119 stron\u0119: <\/span><a href=\"https:\/\/adssettings.google.com\/authenticated\"><span style=\"font-weight: 400;\">https:\/\/adssettings.google.com\/authenticated <\/span><\/a><span style=\"font-weight: 400;\">.<\/span><\/p>\n<p><span style=\"font-weight: 400;\">Alternatywnie mo\u017cesz kontrolowa\u0107 wykorzystanie identyfikator\u00f3w urz\u0105dze\u0144, korzystaj\u0105c z ustawie\u0144 swojego urz\u0105dzenia. Wi\u0119cej informacji mo\u017cna znale\u017a\u0107 tutaj: <\/span><a href=\"https:\/\/support.google.com\/ads\/answer\/1660762#mob\"><span style=\"font-weight: 400;\">https:\/\/support.google.com\/ads\/answer\/1660762#mob<\/span><\/a><\/p>\n<h4><span style=\"font-weight: 400;\">Google Analytics<\/span><\/h4>\n<p><span style=\"font-weight: 400;\">Google Analytics to us\u0142uga analityczna \u015bwiadczona przez firm\u0119 Google, Inc.<\/span><\/p>\n<p><span style=\"font-weight: 400;\">Informacje o prywatno\u015bci:<\/span><\/p>\n<p><span style=\"font-weight: 400;\">Aby uzyska\u0107 informacje na temat sposobu, w jaki Google, Inc. wykorzystuje zebrane informacje w zwi\u0105zku z Google Analytics, zapoznaj si\u0119 z ich Polityk\u0105 prywatno\u015bci tutaj: <\/span><a href=\"https:\/\/policies.google.com\/privacy\"><span style=\"font-weight: 400;\">https:\/\/policies.google.com\/privacy<\/span><\/a><\/p>\n<p><span style=\"font-weight: 400;\">Informacje o tym, jak firma Google Inc. wykorzystuje informacje z witryn lub aplikacji korzystaj\u0105cych z jej us\u0142ug w powi\u0105zaniu z Google Analytics, mo\u017cna znale\u017a\u0107 tutaj: <\/span><a href=\"https:\/\/policies.google.com\/technologies\/partner-sites\"><span style=\"font-weight: 400;\">https:\/\/policies.google.com\/technologies\/partner-sites<\/span><\/a><\/p>\n<p><span style=\"font-weight: 400;\">Mo\u017cesz zrezygnowa\u0107 z Google Analytics, post\u0119puj\u0105c zgodnie z instrukcjami podanymi tutaj: <\/span><a href=\"https:\/\/support.google.com\/analytics\/answer\/181881\"><span style=\"font-weight: 400;\">https:\/\/support.google.com\/analytics\/answer\/181881<\/span><\/a><\/p>\n<h4><span style=\"font-weight: 400;\">Google Tag Manager<\/span><\/h4>\n<p><span style=\"font-weight: 400;\">Mened\u017cer tag\u00f3w Google to us\u0142uga zarz\u0105dzania tagami \u015bwiadczona przez firm\u0119 Google, Inc.<\/span><\/p>\n<p><span style=\"font-weight: 400;\">Informacje o prywatno\u015bci:<\/span><\/p>\n<p><span style=\"font-weight: 400;\">Aby uzyska\u0107 informacje o tym, jak Google, Inc. wykorzystuje zebrane informacje w zwi\u0105zku z Mened\u017cerem tag\u00f3w Google, zapoznaj si\u0119 z ich Polityk\u0105 prywatno\u015bci tutaj: <\/span><a href=\"https:\/\/policies.google.com\/privacy\"><span style=\"font-weight: 400;\">https:\/\/policies.google.com\/privacy<\/span><\/a><\/p>\n<h4><span style=\"font-weight: 400;\">Firebase<\/span><\/h4>\n<p><span style=\"font-weight: 400;\">Firebase to mobilna platforma programistyczna firmy Google, Inc., kt\u00f3ra \u015bwiadczy us\u0142ugi analityczne.<\/span><\/p>\n<p><span style=\"font-weight: 400;\">Informacje o prywatno\u015bci:<\/span><\/p>\n<p><span style=\"font-weight: 400;\">Aby uzyska\u0107 informacje o tym, jak firma Google Inc. wykorzystuje zebrane informacje w zwi\u0105zku z Firebase, zapoznaj si\u0119 z jej Polityk\u0105 prywatno\u015bci tutaj: <\/span><a href=\"https:\/\/policies.google.com\/privacy\"><span style=\"font-weight: 400;\">https:\/\/policies.google.com\/privacy<\/span><\/a><\/p>\n<p><span style=\"font-weight: 400;\">Informacje o tym, jak firma Google Inc. wykorzystuje informacje z witryn lub aplikacji korzystaj\u0105cych z jej us\u0142ug w po\u0142\u0105czeniu z Firebase, mo\u017cna znale\u017a\u0107 tutaj: <\/span><a href=\"https:\/\/policies.google.com\/technologies\/partner-sites\"><span style=\"font-weight: 400;\">https:\/\/policies.google.com\/technologies\/partner-sites<\/span><\/a><\/p>\n<p><span style=\"font-weight: 400;\">Mo\u017cesz zrezygnowa\u0107 z niekt\u00f3rych funkcji Firebase, post\u0119puj\u0105c zgodnie z instrukcjami zawartymi w Polityce prywatno\u015bci firmy Google, Inc.<\/span><\/p>\n<h4><span style=\"font-weight: 400;\">RevenueCat<\/span><\/h4>\n<p><span style=\"font-weight: 400;\">Us\u0142uga RevenueCat do zakup\u00f3w w aplikacji.<\/span><\/p>\n<p><span style=\"font-weight: 400;\">Informacje o prywatno\u015bci:<\/span><\/p>\n<p><span style=\"font-weight: 400;\">Aby uzyska\u0107 informacje na temat sposobu, w jaki Unity Technologies SF wykorzystuje zebrane informacje w zwi\u0105zku z Unity IAP, odwied\u017a ich Polityk\u0119 prywatno\u015bci tutaj: <\/span><a href=\"https:\/\/www.revenuecat.com\/privacy\/\"><span style=\"font-weight: 400;\">https:\/\/www.revenuecat.com\/privacy\/<\/span><\/a><\/p>\n\t\t\t\t\t\t\t\t<\/div>\n\t\t\t\t<\/div>\n\t\t\t\t\t<\/div>\n\t\t<\/div>\n\t\t\t\t\t<\/div>\n\t\t<\/section>\n\t\t\t\t<\/div>\n\t\t","protected":false},"excerpt":{"rendered":"<p>Ostatnia aktualizacja 8 grudnia 2023 r Wsp\u00f3\u0142pracujemy z okre\u015blonymi partnerami w ramach naszych aplikacji mobilnych i witryn internetowych, aby udost\u0119pnia\u0107 komponenty spo\u0142eczno\u015bciowe, analizy oraz wy\u015bwietlanie reklam w ramach naszej Us\u0142ugi i poza ni\u0105. Partnerzy ci mog\u0105 u\u017cywa\u0107 plik\u00f3w cookie, sygna\u0142\u00f3w nawigacyjnych, technologii przechowywania i\/lub innych podobnych technologii do gromadzenia lub otrzymywania danych o Tobie, w [&hellip;]<\/p>\n","protected":false},"author":1,"featured_media":0,"parent":0,"menu_order":0,"comment_status":"closed","ping_status":"closed","template":"","meta":{"footnotes":""},"class_list":["post-937","page","type-page","status-publish","hentry"],"yoast_head":"<!-- This site is optimized with the Yoast SEO plugin v27.4 - https:\/\/yoast.com\/product\/yoast-seo-wordpress\/ -->\n<title>Informacja o ochronie prywatno\u015bci Strona trzecia - LikeTones<\/title>\n<meta name=\"robots\" content=\"index, follow, max-snippet:-1, max-image-preview:large, max-video-preview:-1\" \/>\n<link rel=\"canonical\" href=\"https:\/\/liketones.com\/pl\/informacja-o-ochronie-prywatnosci-strona-trzecia\/\" \/>\n<meta property=\"og:locale\" content=\"pl_PL\" \/>\n<meta property=\"og:type\" content=\"article\" \/>\n<meta property=\"og:title\" content=\"Informacja o ochronie prywatno\u015bci Strona trzecia - LikeTones\" \/>\n<meta property=\"og:description\" content=\"Ostatnia aktualizacja 8 grudnia 2023 r Wsp\u00f3\u0142pracujemy z okre\u015blonymi partnerami w ramach naszych aplikacji mobilnych i witryn internetowych, aby udost\u0119pnia\u0107 komponenty spo\u0142eczno\u015bciowe, analizy oraz wy\u015bwietlanie reklam w ramach naszej Us\u0142ugi i poza ni\u0105. Partnerzy ci mog\u0105 u\u017cywa\u0107 plik\u00f3w cookie, sygna\u0142\u00f3w nawigacyjnych, technologii przechowywania i\/lub innych podobnych technologii do gromadzenia lub otrzymywania danych o Tobie, w [&hellip;]\" \/>\n<meta property=\"og:url\" content=\"https:\/\/liketones.com\/pl\/informacja-o-ochronie-prywatnosci-strona-trzecia\/\" \/>\n<meta property=\"og:site_name\" content=\"LikeTones\" \/>\n<meta property=\"article:modified_time\" content=\"2023-12-08T20:57:26+00:00\" \/>\n<meta name=\"twitter:card\" content=\"summary_large_image\" \/>\n<meta name=\"twitter:label1\" content=\"Szacowany czas czytania\" \/>\n\t<meta name=\"twitter:data1\" content=\"3 minuty\" \/>\n<script type=\"application\/ld+json\" class=\"yoast-schema-graph\">{\"@context\":\"https:\\\/\\\/schema.org\",\"@graph\":[{\"@type\":\"WebPage\",\"@id\":\"https:\\\/\\\/liketones.com\\\/pl\\\/informacja-o-ochronie-prywatnosci-strona-trzecia\\\/\",\"url\":\"https:\\\/\\\/liketones.com\\\/pl\\\/informacja-o-ochronie-prywatnosci-strona-trzecia\\\/\",\"name\":\"Informacja o ochronie prywatno\u015bci Strona trzecia - LikeTones\",\"isPartOf\":{\"@id\":\"https:\\\/\\\/liketones.com\\\/pl\\\/#website\"},\"datePublished\":\"2023-03-20T10:46:23+00:00\",\"dateModified\":\"2023-12-08T20:57:26+00:00\",\"breadcrumb\":{\"@id\":\"https:\\\/\\\/liketones.com\\\/pl\\\/informacja-o-ochronie-prywatnosci-strona-trzecia\\\/#breadcrumb\"},\"inLanguage\":\"pl-PL\",\"potentialAction\":[{\"@type\":\"ReadAction\",\"target\":[\"https:\\\/\\\/liketones.com\\\/pl\\\/informacja-o-ochronie-prywatnosci-strona-trzecia\\\/\"]}]},{\"@type\":\"BreadcrumbList\",\"@id\":\"https:\\\/\\\/liketones.com\\\/pl\\\/informacja-o-ochronie-prywatnosci-strona-trzecia\\\/#breadcrumb\",\"itemListElement\":[{\"@type\":\"ListItem\",\"position\":1,\"name\":\"Home\",\"item\":\"https:\\\/\\\/liketones.com\\\/pl\\\/naucz-sie-grac-na-instrumentach-muzycznych-za-darmo\\\/\"},{\"@type\":\"ListItem\",\"position\":2,\"name\":\"Informacja o ochronie prywatno\u015bci Strona trzecia\"}]},{\"@type\":\"WebSite\",\"@id\":\"https:\\\/\\\/liketones.com\\\/pl\\\/#website\",\"url\":\"https:\\\/\\\/liketones.com\\\/pl\\\/\",\"name\":\"LikeTones\",\"description\":\"Learn to play musical instruments\",\"publisher\":{\"@id\":\"https:\\\/\\\/liketones.com\\\/pl\\\/#organization\"},\"potentialAction\":[{\"@type\":\"SearchAction\",\"target\":{\"@type\":\"EntryPoint\",\"urlTemplate\":\"https:\\\/\\\/liketones.com\\\/pl\\\/?s={search_term_string}\"},\"query-input\":{\"@type\":\"PropertyValueSpecification\",\"valueRequired\":true,\"valueName\":\"search_term_string\"}}],\"inLanguage\":\"pl-PL\"},{\"@type\":\"Organization\",\"@id\":\"https:\\\/\\\/liketones.com\\\/pl\\\/#organization\",\"name\":\"LikeTones\",\"url\":\"https:\\\/\\\/liketones.com\\\/pl\\\/\",\"logo\":{\"@type\":\"ImageObject\",\"inLanguage\":\"pl-PL\",\"@id\":\"https:\\\/\\\/liketones.com\\\/pl\\\/#\\\/schema\\\/logo\\\/image\\\/\",\"url\":\"https:\\\/\\\/i0.wp.com\\\/liketones.com\\\/wp-content\\\/uploads\\\/2023\\\/12\\\/liketones_logo.png?fit=440%2C99&ssl=1\",\"contentUrl\":\"https:\\\/\\\/i0.wp.com\\\/liketones.com\\\/wp-content\\\/uploads\\\/2023\\\/12\\\/liketones_logo.png?fit=440%2C99&ssl=1\",\"width\":440,\"height\":99,\"caption\":\"LikeTones\"},\"image\":{\"@id\":\"https:\\\/\\\/liketones.com\\\/pl\\\/#\\\/schema\\\/logo\\\/image\\\/\"}}]}<\/script>\n<!-- \/ Yoast SEO plugin. -->","yoast_head_json":{"title":"Informacja o ochronie prywatno\u015bci Strona trzecia - LikeTones","robots":{"index":"index","follow":"follow","max-snippet":"max-snippet:-1","max-image-preview":"max-image-preview:large","max-video-preview":"max-video-preview:-1"},"canonical":"https:\/\/liketones.com\/pl\/informacja-o-ochronie-prywatnosci-strona-trzecia\/","og_locale":"pl_PL","og_type":"article","og_title":"Informacja o ochronie prywatno\u015bci Strona trzecia - LikeTones","og_description":"Ostatnia aktualizacja 8 grudnia 2023 r Wsp\u00f3\u0142pracujemy z okre\u015blonymi partnerami w ramach naszych aplikacji mobilnych i witryn internetowych, aby udost\u0119pnia\u0107 komponenty spo\u0142eczno\u015bciowe, analizy oraz wy\u015bwietlanie reklam w ramach naszej Us\u0142ugi i poza ni\u0105. Partnerzy ci mog\u0105 u\u017cywa\u0107 plik\u00f3w cookie, sygna\u0142\u00f3w nawigacyjnych, technologii przechowywania i\/lub innych podobnych technologii do gromadzenia lub otrzymywania danych o Tobie, w [&hellip;]","og_url":"https:\/\/liketones.com\/pl\/informacja-o-ochronie-prywatnosci-strona-trzecia\/","og_site_name":"LikeTones","article_modified_time":"2023-12-08T20:57:26+00:00","twitter_card":"summary_large_image","twitter_misc":{"Szacowany czas czytania":"3 minuty"},"schema":{"@context":"https:\/\/schema.org","@graph":[{"@type":"WebPage","@id":"https:\/\/liketones.com\/pl\/informacja-o-ochronie-prywatnosci-strona-trzecia\/","url":"https:\/\/liketones.com\/pl\/informacja-o-ochronie-prywatnosci-strona-trzecia\/","name":"Informacja o ochronie prywatno\u015bci Strona trzecia - LikeTones","isPartOf":{"@id":"https:\/\/liketones.com\/pl\/#website"},"datePublished":"2023-03-20T10:46:23+00:00","dateModified":"2023-12-08T20:57:26+00:00","breadcrumb":{"@id":"https:\/\/liketones.com\/pl\/informacja-o-ochronie-prywatnosci-strona-trzecia\/#breadcrumb"},"inLanguage":"pl-PL","potentialAction":[{"@type":"ReadAction","target":["https:\/\/liketones.com\/pl\/informacja-o-ochronie-prywatnosci-strona-trzecia\/"]}]},{"@type":"BreadcrumbList","@id":"https:\/\/liketones.com\/pl\/informacja-o-ochronie-prywatnosci-strona-trzecia\/#breadcrumb","itemListElement":[{"@type":"ListItem","position":1,"name":"Home","item":"https:\/\/liketones.com\/pl\/naucz-sie-grac-na-instrumentach-muzycznych-za-darmo\/"},{"@type":"ListItem","position":2,"name":"Informacja o ochronie prywatno\u015bci Strona trzecia"}]},{"@type":"WebSite","@id":"https:\/\/liketones.com\/pl\/#website","url":"https:\/\/liketones.com\/pl\/","name":"LikeTones","description":"Learn to play musical instruments","publisher":{"@id":"https:\/\/liketones.com\/pl\/#organization"},"potentialAction":[{"@type":"SearchAction","target":{"@type":"EntryPoint","urlTemplate":"https:\/\/liketones.com\/pl\/?s={search_term_string}"},"query-input":{"@type":"PropertyValueSpecification","valueRequired":true,"valueName":"search_term_string"}}],"inLanguage":"pl-PL"},{"@type":"Organization","@id":"https:\/\/liketones.com\/pl\/#organization","name":"LikeTones","url":"https:\/\/liketones.com\/pl\/","logo":{"@type":"ImageObject","inLanguage":"pl-PL","@id":"https:\/\/liketones.com\/pl\/#\/schema\/logo\/image\/","url":"https:\/\/i0.wp.com\/liketones.com\/wp-content\/uploads\/2023\/12\/liketones_logo.png?fit=440%2C99&ssl=1","contentUrl":"https:\/\/i0.wp.com\/liketones.com\/wp-content\/uploads\/2023\/12\/liketones_logo.png?fit=440%2C99&ssl=1","width":440,"height":99,"caption":"LikeTones"},"image":{"@id":"https:\/\/liketones.com\/pl\/#\/schema\/logo\/image\/"}}]}},"jetpack_sharing_enabled":true,"_links":{"self":[{"href":"https:\/\/liketones.com\/pl\/wp-json\/wp\/v2\/pages\/937","targetHints":{"allow":["GET"]}}],"collection":[{"href":"https:\/\/liketones.com\/pl\/wp-json\/wp\/v2\/pages"}],"about":[{"href":"https:\/\/liketones.com\/pl\/wp-json\/wp\/v2\/types\/page"}],"author":[{"embeddable":true,"href":"https:\/\/liketones.com\/pl\/wp-json\/wp\/v2\/users\/1"}],"replies":[{"embeddable":true,"href":"https:\/\/liketones.com\/pl\/wp-json\/wp\/v2\/comments?post=937"}],"version-history":[{"count":5,"href":"https:\/\/liketones.com\/pl\/wp-json\/wp\/v2\/pages\/937\/revisions"}],"predecessor-version":[{"id":1630,"href":"https:\/\/liketones.com\/pl\/wp-json\/wp\/v2\/pages\/937\/revisions\/1630"}],"wp:attachment":[{"href":"https:\/\/liketones.com\/pl\/wp-json\/wp\/v2\/media?parent=937"}],"curies":[{"name":"wp","href":"https:\/\/api.w.org\/{rel}","templated":true}]}}