{"id":420,"date":"2023-04-28T08:19:59","date_gmt":"2023-04-28T08:19:59","guid":{"rendered":"https:\/\/liketones.com\/wsparcie\/"},"modified":"2023-12-11T10:56:09","modified_gmt":"2023-12-11T10:56:09","slug":"wsparcie","status":"publish","type":"page","link":"https:\/\/liketones.com\/pl\/wsparcie\/","title":{"rendered":"Pomoc i wsparcie"},"content":{"rendered":"\t\t<div data-elementor-type=\"wp-page\" data-elementor-id=\"420\" class=\"elementor elementor-420 elementor-50\" data-elementor-post-type=\"page\">\n\t\t\t\t\t\t<section class=\"elementor-section elementor-top-section elementor-element elementor-element-b5f972c elementor-section-boxed elementor-section-height-default elementor-section-height-default\" data-id=\"b5f972c\" data-element_type=\"section\" data-e-type=\"section\">\n\t\t\t\t\t\t<div class=\"elementor-container elementor-column-gap-default\">\n\t\t\t\t\t<div class=\"elementor-column elementor-col-100 elementor-top-column elementor-element elementor-element-ff518c5\" data-id=\"ff518c5\" data-element_type=\"column\" data-e-type=\"column\">\n\t\t\t<div class=\"elementor-widget-wrap elementor-element-populated\">\n\t\t\t\t\t\t<div class=\"elementor-element elementor-element-f41ea88 elementor-widget elementor-widget-text-editor\" data-id=\"f41ea88\" data-element_type=\"widget\" data-e-type=\"widget\" data-widget_type=\"text-editor.default\">\n\t\t\t\t<div class=\"elementor-widget-container\">\n\t\t\t\t\t\t\t\t\t<p>Masz pytania dotycz\u0105ce naszych aplikacji? Prosimy o przes\u0142anie pro\u015bby do naszego zespo\u0142u pomocy technicznej na adres <a href=\"mailto:support@liketones.com\">support@liketones.com<\/a>.<\/p>\n\t\t\t\t\t\t\t\t<\/div>\n\t\t\t\t<\/div>\n\t\t\t\t\t<\/div>\n\t\t<\/div>\n\t\t\t\t\t<\/div>\n\t\t<\/section>\n\t\t\t\t<\/div>\n\t\t","protected":false},"excerpt":{"rendered":"<p>Masz pytania dotycz\u0105ce naszych aplikacji? Prosimy o przes\u0142anie pro\u015bby do naszego zespo\u0142u pomocy technicznej na adres support@liketones.com.<\/p>\n","protected":false},"author":1,"featured_media":0,"parent":0,"menu_order":0,"comment_status":"closed","ping_status":"closed","template":"","meta":{"footnotes":""},"class_list":["post-420","page","type-page","status-publish","hentry"],"yoast_head":"<!-- This site is optimized with the Yoast SEO plugin v27.4 - https:\/\/yoast.com\/product\/yoast-seo-wordpress\/ -->\n<title>Pomoc i wsparcie - LikeTones<\/title>\n<meta name=\"robots\" content=\"index, follow, max-snippet:-1, max-image-preview:large, max-video-preview:-1\" \/>\n<link rel=\"canonical\" href=\"https:\/\/liketones.com\/pl\/wsparcie\/\" \/>\n<meta property=\"og:locale\" content=\"pl_PL\" \/>\n<meta property=\"og:type\" content=\"article\" \/>\n<meta property=\"og:title\" content=\"Pomoc i wsparcie - LikeTones\" \/>\n<meta property=\"og:description\" content=\"Masz pytania dotycz\u0105ce naszych aplikacji? Prosimy o przes\u0142anie pro\u015bby do naszego zespo\u0142u pomocy technicznej na adres support@liketones.com.\" \/>\n<meta property=\"og:url\" content=\"https:\/\/liketones.com\/pl\/wsparcie\/\" \/>\n<meta property=\"og:site_name\" content=\"LikeTones\" \/>\n<meta property=\"article:modified_time\" content=\"2023-12-11T10:56:09+00:00\" \/>\n<meta name=\"twitter:card\" content=\"summary_large_image\" \/>\n<script type=\"application\/ld+json\" class=\"yoast-schema-graph\">{\"@context\":\"https:\\\/\\\/schema.org\",\"@graph\":[{\"@type\":\"WebPage\",\"@id\":\"https:\\\/\\\/liketones.com\\\/pl\\\/wsparcie\\\/\",\"url\":\"https:\\\/\\\/liketones.com\\\/pl\\\/wsparcie\\\/\",\"name\":\"Pomoc i wsparcie - LikeTones\",\"isPartOf\":{\"@id\":\"https:\\\/\\\/liketones.com\\\/pl\\\/#website\"},\"datePublished\":\"2023-04-28T08:19:59+00:00\",\"dateModified\":\"2023-12-11T10:56:09+00:00\",\"breadcrumb\":{\"@id\":\"https:\\\/\\\/liketones.com\\\/pl\\\/wsparcie\\\/#breadcrumb\"},\"inLanguage\":\"pl-PL\",\"potentialAction\":[{\"@type\":\"ReadAction\",\"target\":[\"https:\\\/\\\/liketones.com\\\/pl\\\/wsparcie\\\/\"]}]},{\"@type\":\"BreadcrumbList\",\"@id\":\"https:\\\/\\\/liketones.com\\\/pl\\\/wsparcie\\\/#breadcrumb\",\"itemListElement\":[{\"@type\":\"ListItem\",\"position\":1,\"name\":\"Home\",\"item\":\"https:\\\/\\\/liketones.com\\\/pl\\\/naucz-sie-grac-na-instrumentach-muzycznych-za-darmo\\\/\"},{\"@type\":\"ListItem\",\"position\":2,\"name\":\"Pomoc i wsparcie\"}]},{\"@type\":\"WebSite\",\"@id\":\"https:\\\/\\\/liketones.com\\\/pl\\\/#website\",\"url\":\"https:\\\/\\\/liketones.com\\\/pl\\\/\",\"name\":\"LikeTones\",\"description\":\"Learn to play musical instruments\",\"publisher\":{\"@id\":\"https:\\\/\\\/liketones.com\\\/pl\\\/#organization\"},\"potentialAction\":[{\"@type\":\"SearchAction\",\"target\":{\"@type\":\"EntryPoint\",\"urlTemplate\":\"https:\\\/\\\/liketones.com\\\/pl\\\/?s={search_term_string}\"},\"query-input\":{\"@type\":\"PropertyValueSpecification\",\"valueRequired\":true,\"valueName\":\"search_term_string\"}}],\"inLanguage\":\"pl-PL\"},{\"@type\":\"Organization\",\"@id\":\"https:\\\/\\\/liketones.com\\\/pl\\\/#organization\",\"name\":\"LikeTones\",\"url\":\"https:\\\/\\\/liketones.com\\\/pl\\\/\",\"logo\":{\"@type\":\"ImageObject\",\"inLanguage\":\"pl-PL\",\"@id\":\"https:\\\/\\\/liketones.com\\\/pl\\\/#\\\/schema\\\/logo\\\/image\\\/\",\"url\":\"https:\\\/\\\/i0.wp.com\\\/liketones.com\\\/wp-content\\\/uploads\\\/2023\\\/12\\\/liketones_logo.png?fit=440%2C99&ssl=1\",\"contentUrl\":\"https:\\\/\\\/i0.wp.com\\\/liketones.com\\\/wp-content\\\/uploads\\\/2023\\\/12\\\/liketones_logo.png?fit=440%2C99&ssl=1\",\"width\":440,\"height\":99,\"caption\":\"LikeTones\"},\"image\":{\"@id\":\"https:\\\/\\\/liketones.com\\\/pl\\\/#\\\/schema\\\/logo\\\/image\\\/\"}}]}<\/script>\n<!-- \/ Yoast SEO plugin. -->","yoast_head_json":{"title":"Pomoc i wsparcie - LikeTones","robots":{"index":"index","follow":"follow","max-snippet":"max-snippet:-1","max-image-preview":"max-image-preview:large","max-video-preview":"max-video-preview:-1"},"canonical":"https:\/\/liketones.com\/pl\/wsparcie\/","og_locale":"pl_PL","og_type":"article","og_title":"Pomoc i wsparcie - LikeTones","og_description":"Masz pytania dotycz\u0105ce naszych aplikacji? Prosimy o przes\u0142anie pro\u015bby do naszego zespo\u0142u pomocy technicznej na adres support@liketones.com.","og_url":"https:\/\/liketones.com\/pl\/wsparcie\/","og_site_name":"LikeTones","article_modified_time":"2023-12-11T10:56:09+00:00","twitter_card":"summary_large_image","schema":{"@context":"https:\/\/schema.org","@graph":[{"@type":"WebPage","@id":"https:\/\/liketones.com\/pl\/wsparcie\/","url":"https:\/\/liketones.com\/pl\/wsparcie\/","name":"Pomoc i wsparcie - LikeTones","isPartOf":{"@id":"https:\/\/liketones.com\/pl\/#website"},"datePublished":"2023-04-28T08:19:59+00:00","dateModified":"2023-12-11T10:56:09+00:00","breadcrumb":{"@id":"https:\/\/liketones.com\/pl\/wsparcie\/#breadcrumb"},"inLanguage":"pl-PL","potentialAction":[{"@type":"ReadAction","target":["https:\/\/liketones.com\/pl\/wsparcie\/"]}]},{"@type":"BreadcrumbList","@id":"https:\/\/liketones.com\/pl\/wsparcie\/#breadcrumb","itemListElement":[{"@type":"ListItem","position":1,"name":"Home","item":"https:\/\/liketones.com\/pl\/naucz-sie-grac-na-instrumentach-muzycznych-za-darmo\/"},{"@type":"ListItem","position":2,"name":"Pomoc i wsparcie"}]},{"@type":"WebSite","@id":"https:\/\/liketones.com\/pl\/#website","url":"https:\/\/liketones.com\/pl\/","name":"LikeTones","description":"Learn to play musical instruments","publisher":{"@id":"https:\/\/liketones.com\/pl\/#organization"},"potentialAction":[{"@type":"SearchAction","target":{"@type":"EntryPoint","urlTemplate":"https:\/\/liketones.com\/pl\/?s={search_term_string}"},"query-input":{"@type":"PropertyValueSpecification","valueRequired":true,"valueName":"search_term_string"}}],"inLanguage":"pl-PL"},{"@type":"Organization","@id":"https:\/\/liketones.com\/pl\/#organization","name":"LikeTones","url":"https:\/\/liketones.com\/pl\/","logo":{"@type":"ImageObject","inLanguage":"pl-PL","@id":"https:\/\/liketones.com\/pl\/#\/schema\/logo\/image\/","url":"https:\/\/i0.wp.com\/liketones.com\/wp-content\/uploads\/2023\/12\/liketones_logo.png?fit=440%2C99&ssl=1","contentUrl":"https:\/\/i0.wp.com\/liketones.com\/wp-content\/uploads\/2023\/12\/liketones_logo.png?fit=440%2C99&ssl=1","width":440,"height":99,"caption":"LikeTones"},"image":{"@id":"https:\/\/liketones.com\/pl\/#\/schema\/logo\/image\/"}}]}},"jetpack_sharing_enabled":true,"_links":{"self":[{"href":"https:\/\/liketones.com\/pl\/wp-json\/wp\/v2\/pages\/420","targetHints":{"allow":["GET"]}}],"collection":[{"href":"https:\/\/liketones.com\/pl\/wp-json\/wp\/v2\/pages"}],"about":[{"href":"https:\/\/liketones.com\/pl\/wp-json\/wp\/v2\/types\/page"}],"author":[{"embeddable":true,"href":"https:\/\/liketones.com\/pl\/wp-json\/wp\/v2\/users\/1"}],"replies":[{"embeddable":true,"href":"https:\/\/liketones.com\/pl\/wp-json\/wp\/v2\/comments?post=420"}],"version-history":[{"count":2,"href":"https:\/\/liketones.com\/pl\/wp-json\/wp\/v2\/pages\/420\/revisions"}],"predecessor-version":[{"id":1662,"href":"https:\/\/liketones.com\/pl\/wp-json\/wp\/v2\/pages\/420\/revisions\/1662"}],"wp:attachment":[{"href":"https:\/\/liketones.com\/pl\/wp-json\/wp\/v2\/media?parent=420"}],"curies":[{"name":"wp","href":"https:\/\/api.w.org\/{rel}","templated":true}]}}