{"id":288,"date":"2023-09-18T12:16:24","date_gmt":"2023-09-18T12:16:24","guid":{"rendered":"https:\/\/liketones.com\/usun-swoje-dane\/"},"modified":"2023-12-04T13:16:07","modified_gmt":"2023-12-04T13:16:07","slug":"usun-swoje-dane","status":"publish","type":"page","link":"https:\/\/liketones.com\/pl\/usun-swoje-dane\/","title":{"rendered":"Usu\u0144 swoje dane"},"content":{"rendered":"\t\t<div data-elementor-type=\"wp-page\" data-elementor-id=\"288\" class=\"elementor elementor-288 elementor-73\" data-elementor-post-type=\"page\">\n\t\t\t\t\t\t<section class=\"elementor-section elementor-top-section elementor-element elementor-element-fea008c elementor-section-boxed elementor-section-height-default elementor-section-height-default\" data-id=\"fea008c\" data-element_type=\"section\" data-e-type=\"section\">\n\t\t\t\t\t\t<div class=\"elementor-container elementor-column-gap-default\">\n\t\t\t\t\t<div class=\"elementor-column elementor-col-100 elementor-top-column elementor-element elementor-element-d7e9ee3\" data-id=\"d7e9ee3\" data-element_type=\"column\" data-e-type=\"column\">\n\t\t\t<div class=\"elementor-widget-wrap elementor-element-populated\">\n\t\t\t\t\t\t<div class=\"elementor-element elementor-element-12167e3 elementor-widget elementor-widget-text-editor\" data-id=\"12167e3\" data-element_type=\"widget\" data-e-type=\"widget\" data-widget_type=\"text-editor.default\">\n\t\t\t\t<div class=\"elementor-widget-container\">\n\t\t\t\t\t\t\t\t\t<p>Je\u015bli chcesz usun\u0105\u0107 swoje dane, otw\u00f3rz nasz\u0105 aplikacj\u0119 mobiln\u0105 i kliknij przycisk &#8222;Usu\u0144 konto&#8221;. Usuniemy wszystkie dane u\u017cytkownika z naszego systemu i dezaktywujemy jego konto.<\/p>\n<p>W niekt\u00f3rych naszych aplikacjach, takich jak tunery, nie gromadzimy danych osobowych; dlatego nie ma konta u\u017cytkownika. W takim przypadku mo\u017cna odinstalowa\u0107 aplikacj\u0119 z urz\u0105dzenia.<\/p>\n<p>Czy nadal masz pytania dotycz\u0105ce usuwania danych? Napisz do nas na adres support@liketones.com<\/p>\t\t\t\t\t\t\t\t<\/div>\n\t\t\t\t<\/div>\n\t\t\t\t\t<\/div>\n\t\t<\/div>\n\t\t\t\t\t<\/div>\n\t\t<\/section>\n\t\t\t\t<\/div>\n\t\t","protected":false},"excerpt":{"rendered":"<p>Je\u015bli chcesz usun\u0105\u0107 swoje dane, otw\u00f3rz nasz\u0105 aplikacj\u0119 mobiln\u0105 i kliknij przycisk &#8222;Usu\u0144 konto&#8221;. Usuniemy wszystkie dane u\u017cytkownika z naszego systemu i dezaktywujemy jego konto. W niekt\u00f3rych naszych aplikacjach, takich jak tunery, nie gromadzimy danych osobowych; dlatego nie ma konta u\u017cytkownika. W takim przypadku mo\u017cna odinstalowa\u0107 aplikacj\u0119 z urz\u0105dzenia. Czy nadal masz pytania dotycz\u0105ce usuwania [&hellip;]<\/p>\n","protected":false},"author":1,"featured_media":0,"parent":0,"menu_order":0,"comment_status":"closed","ping_status":"closed","template":"","meta":{"footnotes":""},"class_list":["post-288","page","type-page","status-publish","hentry"],"yoast_head":"<!-- This site is optimized with the Yoast SEO plugin v27.4 - https:\/\/yoast.com\/product\/yoast-seo-wordpress\/ -->\n<title>Usu\u0144 swoje dane - LikeTones<\/title>\n<meta name=\"robots\" content=\"index, follow, max-snippet:-1, max-image-preview:large, max-video-preview:-1\" \/>\n<link rel=\"canonical\" href=\"https:\/\/liketones.com\/pl\/usun-swoje-dane\/\" \/>\n<meta property=\"og:locale\" content=\"pl_PL\" \/>\n<meta property=\"og:type\" content=\"article\" \/>\n<meta property=\"og:title\" content=\"Usu\u0144 swoje dane - LikeTones\" \/>\n<meta property=\"og:description\" content=\"Je\u015bli chcesz usun\u0105\u0107 swoje dane, otw\u00f3rz nasz\u0105 aplikacj\u0119 mobiln\u0105 i kliknij przycisk &#8222;Usu\u0144 konto&#8221;. Usuniemy wszystkie dane u\u017cytkownika z naszego systemu i dezaktywujemy jego konto. W niekt\u00f3rych naszych aplikacjach, takich jak tunery, nie gromadzimy danych osobowych; dlatego nie ma konta u\u017cytkownika. W takim przypadku mo\u017cna odinstalowa\u0107 aplikacj\u0119 z urz\u0105dzenia. Czy nadal masz pytania dotycz\u0105ce usuwania [&hellip;]\" \/>\n<meta property=\"og:url\" content=\"https:\/\/liketones.com\/pl\/usun-swoje-dane\/\" \/>\n<meta property=\"og:site_name\" content=\"LikeTones\" \/>\n<meta property=\"article:modified_time\" content=\"2023-12-04T13:16:07+00:00\" \/>\n<meta name=\"twitter:card\" content=\"summary_large_image\" \/>\n<script type=\"application\/ld+json\" class=\"yoast-schema-graph\">{\"@context\":\"https:\\\/\\\/schema.org\",\"@graph\":[{\"@type\":\"WebPage\",\"@id\":\"https:\\\/\\\/liketones.com\\\/pl\\\/usun-swoje-dane\\\/\",\"url\":\"https:\\\/\\\/liketones.com\\\/pl\\\/usun-swoje-dane\\\/\",\"name\":\"Usu\u0144 swoje dane - LikeTones\",\"isPartOf\":{\"@id\":\"https:\\\/\\\/liketones.com\\\/pl\\\/#website\"},\"datePublished\":\"2023-09-18T12:16:24+00:00\",\"dateModified\":\"2023-12-04T13:16:07+00:00\",\"breadcrumb\":{\"@id\":\"https:\\\/\\\/liketones.com\\\/pl\\\/usun-swoje-dane\\\/#breadcrumb\"},\"inLanguage\":\"pl-PL\",\"potentialAction\":[{\"@type\":\"ReadAction\",\"target\":[\"https:\\\/\\\/liketones.com\\\/pl\\\/usun-swoje-dane\\\/\"]}]},{\"@type\":\"BreadcrumbList\",\"@id\":\"https:\\\/\\\/liketones.com\\\/pl\\\/usun-swoje-dane\\\/#breadcrumb\",\"itemListElement\":[{\"@type\":\"ListItem\",\"position\":1,\"name\":\"Home\",\"item\":\"https:\\\/\\\/liketones.com\\\/pl\\\/naucz-sie-grac-na-instrumentach-muzycznych-za-darmo\\\/\"},{\"@type\":\"ListItem\",\"position\":2,\"name\":\"Usu\u0144 swoje dane\"}]},{\"@type\":\"WebSite\",\"@id\":\"https:\\\/\\\/liketones.com\\\/pl\\\/#website\",\"url\":\"https:\\\/\\\/liketones.com\\\/pl\\\/\",\"name\":\"LikeTones\",\"description\":\"Learn to play musical instruments\",\"publisher\":{\"@id\":\"https:\\\/\\\/liketones.com\\\/pl\\\/#organization\"},\"potentialAction\":[{\"@type\":\"SearchAction\",\"target\":{\"@type\":\"EntryPoint\",\"urlTemplate\":\"https:\\\/\\\/liketones.com\\\/pl\\\/?s={search_term_string}\"},\"query-input\":{\"@type\":\"PropertyValueSpecification\",\"valueRequired\":true,\"valueName\":\"search_term_string\"}}],\"inLanguage\":\"pl-PL\"},{\"@type\":\"Organization\",\"@id\":\"https:\\\/\\\/liketones.com\\\/pl\\\/#organization\",\"name\":\"LikeTones\",\"url\":\"https:\\\/\\\/liketones.com\\\/pl\\\/\",\"logo\":{\"@type\":\"ImageObject\",\"inLanguage\":\"pl-PL\",\"@id\":\"https:\\\/\\\/liketones.com\\\/pl\\\/#\\\/schema\\\/logo\\\/image\\\/\",\"url\":\"https:\\\/\\\/i0.wp.com\\\/liketones.com\\\/wp-content\\\/uploads\\\/2023\\\/12\\\/liketones_logo.png?fit=440%2C99&ssl=1\",\"contentUrl\":\"https:\\\/\\\/i0.wp.com\\\/liketones.com\\\/wp-content\\\/uploads\\\/2023\\\/12\\\/liketones_logo.png?fit=440%2C99&ssl=1\",\"width\":440,\"height\":99,\"caption\":\"LikeTones\"},\"image\":{\"@id\":\"https:\\\/\\\/liketones.com\\\/pl\\\/#\\\/schema\\\/logo\\\/image\\\/\"}}]}<\/script>\n<!-- \/ Yoast SEO plugin. -->","yoast_head_json":{"title":"Usu\u0144 swoje dane - LikeTones","robots":{"index":"index","follow":"follow","max-snippet":"max-snippet:-1","max-image-preview":"max-image-preview:large","max-video-preview":"max-video-preview:-1"},"canonical":"https:\/\/liketones.com\/pl\/usun-swoje-dane\/","og_locale":"pl_PL","og_type":"article","og_title":"Usu\u0144 swoje dane - LikeTones","og_description":"Je\u015bli chcesz usun\u0105\u0107 swoje dane, otw\u00f3rz nasz\u0105 aplikacj\u0119 mobiln\u0105 i kliknij przycisk &#8222;Usu\u0144 konto&#8221;. Usuniemy wszystkie dane u\u017cytkownika z naszego systemu i dezaktywujemy jego konto. W niekt\u00f3rych naszych aplikacjach, takich jak tunery, nie gromadzimy danych osobowych; dlatego nie ma konta u\u017cytkownika. W takim przypadku mo\u017cna odinstalowa\u0107 aplikacj\u0119 z urz\u0105dzenia. Czy nadal masz pytania dotycz\u0105ce usuwania [&hellip;]","og_url":"https:\/\/liketones.com\/pl\/usun-swoje-dane\/","og_site_name":"LikeTones","article_modified_time":"2023-12-04T13:16:07+00:00","twitter_card":"summary_large_image","schema":{"@context":"https:\/\/schema.org","@graph":[{"@type":"WebPage","@id":"https:\/\/liketones.com\/pl\/usun-swoje-dane\/","url":"https:\/\/liketones.com\/pl\/usun-swoje-dane\/","name":"Usu\u0144 swoje dane - LikeTones","isPartOf":{"@id":"https:\/\/liketones.com\/pl\/#website"},"datePublished":"2023-09-18T12:16:24+00:00","dateModified":"2023-12-04T13:16:07+00:00","breadcrumb":{"@id":"https:\/\/liketones.com\/pl\/usun-swoje-dane\/#breadcrumb"},"inLanguage":"pl-PL","potentialAction":[{"@type":"ReadAction","target":["https:\/\/liketones.com\/pl\/usun-swoje-dane\/"]}]},{"@type":"BreadcrumbList","@id":"https:\/\/liketones.com\/pl\/usun-swoje-dane\/#breadcrumb","itemListElement":[{"@type":"ListItem","position":1,"name":"Home","item":"https:\/\/liketones.com\/pl\/naucz-sie-grac-na-instrumentach-muzycznych-za-darmo\/"},{"@type":"ListItem","position":2,"name":"Usu\u0144 swoje dane"}]},{"@type":"WebSite","@id":"https:\/\/liketones.com\/pl\/#website","url":"https:\/\/liketones.com\/pl\/","name":"LikeTones","description":"Learn to play musical instruments","publisher":{"@id":"https:\/\/liketones.com\/pl\/#organization"},"potentialAction":[{"@type":"SearchAction","target":{"@type":"EntryPoint","urlTemplate":"https:\/\/liketones.com\/pl\/?s={search_term_string}"},"query-input":{"@type":"PropertyValueSpecification","valueRequired":true,"valueName":"search_term_string"}}],"inLanguage":"pl-PL"},{"@type":"Organization","@id":"https:\/\/liketones.com\/pl\/#organization","name":"LikeTones","url":"https:\/\/liketones.com\/pl\/","logo":{"@type":"ImageObject","inLanguage":"pl-PL","@id":"https:\/\/liketones.com\/pl\/#\/schema\/logo\/image\/","url":"https:\/\/i0.wp.com\/liketones.com\/wp-content\/uploads\/2023\/12\/liketones_logo.png?fit=440%2C99&ssl=1","contentUrl":"https:\/\/i0.wp.com\/liketones.com\/wp-content\/uploads\/2023\/12\/liketones_logo.png?fit=440%2C99&ssl=1","width":440,"height":99,"caption":"LikeTones"},"image":{"@id":"https:\/\/liketones.com\/pl\/#\/schema\/logo\/image\/"}}]}},"jetpack_sharing_enabled":true,"_links":{"self":[{"href":"https:\/\/liketones.com\/pl\/wp-json\/wp\/v2\/pages\/288","targetHints":{"allow":["GET"]}}],"collection":[{"href":"https:\/\/liketones.com\/pl\/wp-json\/wp\/v2\/pages"}],"about":[{"href":"https:\/\/liketones.com\/pl\/wp-json\/wp\/v2\/types\/page"}],"author":[{"embeddable":true,"href":"https:\/\/liketones.com\/pl\/wp-json\/wp\/v2\/users\/1"}],"replies":[{"embeddable":true,"href":"https:\/\/liketones.com\/pl\/wp-json\/wp\/v2\/comments?post=288"}],"version-history":[{"count":1,"href":"https:\/\/liketones.com\/pl\/wp-json\/wp\/v2\/pages\/288\/revisions"}],"predecessor-version":[{"id":299,"href":"https:\/\/liketones.com\/pl\/wp-json\/wp\/v2\/pages\/288\/revisions\/299"}],"wp:attachment":[{"href":"https:\/\/liketones.com\/pl\/wp-json\/wp\/v2\/media?parent=288"}],"curies":[{"name":"wp","href":"https:\/\/api.w.org\/{rel}","templated":true}]}}