{"id":932,"date":"2023-03-20T10:46:23","date_gmt":"2023-03-20T10:46:23","guid":{"rendered":"https:\/\/liketones.com\/?page_id=932"},"modified":"2023-12-08T20:56:21","modified_gmt":"2023-12-08T20:56:21","slug":"personvernerklaering-tredjepart","status":"publish","type":"page","link":"https:\/\/liketones.com\/no\/personvernerklaering-tredjepart\/","title":{"rendered":"Personvernerkl\u00e6ring Tredjepart"},"content":{"rendered":"\t\t<div data-elementor-type=\"wp-page\" data-elementor-id=\"932\" class=\"elementor elementor-932 elementor-27\" data-elementor-post-type=\"page\">\n\t\t\t\t\t\t<section class=\"elementor-section elementor-top-section elementor-element elementor-element-8fc10ea elementor-section-boxed elementor-section-height-default elementor-section-height-default\" data-id=\"8fc10ea\" data-element_type=\"section\" data-e-type=\"section\">\n\t\t\t\t\t\t<div class=\"elementor-container elementor-column-gap-default\">\n\t\t\t\t\t<div class=\"elementor-column elementor-col-100 elementor-top-column elementor-element elementor-element-9796f04\" data-id=\"9796f04\" data-element_type=\"column\" data-e-type=\"column\">\n\t\t\t<div class=\"elementor-widget-wrap elementor-element-populated\">\n\t\t\t\t\t\t<div class=\"elementor-element elementor-element-9cd095d elementor-widget elementor-widget-text-editor\" data-id=\"9cd095d\" data-element_type=\"widget\" data-e-type=\"widget\" data-widget_type=\"text-editor.default\">\n\t\t\t\t<div class=\"elementor-widget-container\">\n\t\t\t\t\t\t\t\t\t<p dir=\"ltr\" style=\"line-height: 1.9871999999999999; background-color: #ffffff; margin-top: 0pt; margin-bottom: 0pt;\">\n<p><i><span style=\"font-weight: 400;\">Siste oppdatering 8. desember 2023<\/span><\/i><\/p>\n<p><span style=\"font-weight: 400;\">Vi samarbeider med visse partnere innenfor mobilappene og nettstedene v\u00e5re for \u00e5 tilby sosiale komponenter, analyser samt annonselevering i og utenfor tjenesten v\u00e5r. Disse partnerne kan bruke informasjonskapsler, web-beacons, lagringsteknologier og\/eller andre lignende teknologier for \u00e5 samle inn eller motta data om deg, inkludert dine bes\u00f8k p\u00e5 og bruk av v\u00e5re nettsider og mobilapper, og i noen tilfeller kan de kreve kontrollrettigheter over dine personlig informasjon. For mer informasjon om partnerne vi bruker, deres personvernpraksis og avmeldingsmuligheter, vennligst bes\u00f8k lenkene nedenfor.<\/span><\/p>\n<h4><span style=\"font-weight: 400;\">Google Ads<\/span><\/h4>\n<p><span style=\"font-weight: 400;\">Google Ads er en annonseringstjeneste levert av Google, Inc.<\/span><\/p>\n<p><span style=\"font-weight: 400;\">Personverninformasjon:<\/span><\/p>\n<p><span style=\"font-weight: 400;\">For informasjon om hvordan Google, Inc. bruker innsamlet informasjon i forbindelse med Google Ads, vennligst bes\u00f8k personvernreglene deres her: <\/span><a href=\"https:\/\/policies.google.com\/privacy\"><span style=\"font-weight: 400;\">https:\/\/policies.google.com\/privacy<\/span><\/a><\/p>\n<p><span style=\"font-weight: 400;\">Du kan velge bort visse Google Ads-funksjoner ved \u00e5 g\u00e5 til her: <\/span><a href=\"https:\/\/adssettings.google.com\/authenticated\"><span style=\"font-weight: 400;\">https:\/\/adssettings.google.com\/authenticated <\/span><\/a><span style=\"font-weight: 400;\">.<\/span><\/p>\n<p><span style=\"font-weight: 400;\">Alternativt kan du kontrollere bruken av enhetsidentifikatorer ved \u00e5 bruke enhetsinnstillingene. For mer informasjon, bes\u00f8k her: <\/span><a href=\"https:\/\/support.google.com\/ads\/answer\/1660762#mob\"><span style=\"font-weight: 400;\">https:\/\/support.google.com\/ads\/answer\/1660762#mob<\/span><\/a><\/p>\n<h4><span style=\"font-weight: 400;\">Google Analytics<\/span><\/h4>\n<p><span style=\"font-weight: 400;\">Google Analytics er en analysetjeneste levert av Google, Inc.<\/span><\/p>\n<p><span style=\"font-weight: 400;\">Personverninformasjon:<\/span><\/p>\n<p><span style=\"font-weight: 400;\">For informasjon om hvordan Google, Inc. bruker innsamlet informasjon i forbindelse med Google Analytics, vennligst bes\u00f8k deres personvernregler her: <\/span><a href=\"https:\/\/policies.google.com\/privacy\"><span style=\"font-weight: 400;\">https:\/\/policies.google.com\/privacy<\/span><\/a><\/p>\n<p><span style=\"font-weight: 400;\">For informasjon om hvordan Google, Inc. bruker informasjon fra nettsteder eller apper som bruker tjenestene deres i forbindelse med Google Analytics, vennligst bes\u00f8k her: <\/span><a href=\"https:\/\/policies.google.com\/technologies\/partner-sites\"><span style=\"font-weight: 400;\">https:\/\/policies.google.com\/technologies\/partner-sites<\/span><\/a><\/p>\n<p><span style=\"font-weight: 400;\">Du kan velge bort Google Analytics ved \u00e5 f\u00f8lge instruksjonene her: <\/span><a href=\"https:\/\/support.google.com\/analytics\/answer\/181881\"><span style=\"font-weight: 400;\">https:\/\/support.google.com\/analytics\/answer\/181881<\/span><\/a><\/p>\n<h4><span style=\"font-weight: 400;\">Google Tag Manager<\/span><\/h4>\n<p><span style=\"font-weight: 400;\">Google Tag Manager er en tagadministrasjonstjeneste levert av Google, Inc.<\/span><\/p>\n<p><span style=\"font-weight: 400;\">Personverninformasjon:<\/span><\/p>\n<p><span style=\"font-weight: 400;\">For informasjon om hvordan Google, Inc. bruker innsamlet informasjon i forbindelse med Google Tag Manager, vennligst bes\u00f8k personvernreglene deres her: <\/span><a href=\"https:\/\/policies.google.com\/privacy\"><span style=\"font-weight: 400;\">https:\/\/policies.google.com\/privacy<\/span><\/a><\/p>\n<h4><span style=\"font-weight: 400;\">Firebase<\/span><\/h4>\n<p><span style=\"font-weight: 400;\">Firebase er en mobilutviklingsplattform fra Google, Inc., som tilbyr analysetjenester.<\/span><\/p>\n<p><span style=\"font-weight: 400;\">Personverninformasjon:<\/span><\/p>\n<p><span style=\"font-weight: 400;\">For informasjon om hvordan Google, Inc. bruker innsamlet informasjon i forbindelse med Firebase, kan du g\u00e5 til personvernreglene deres her: <\/span><a href=\"https:\/\/policies.google.com\/privacy\"><span style=\"font-weight: 400;\">https:\/\/policies.google.com\/privacy<\/span><\/a><\/p>\n<p><span style=\"font-weight: 400;\">For informasjon om hvordan Google, Inc. bruker informasjon fra nettsteder eller apper som bruker tjenestene deres i forbindelse med Firebase, vennligst bes\u00f8k her: <\/span><a href=\"https:\/\/policies.google.com\/technologies\/partner-sites\"><span style=\"font-weight: 400;\">https:\/\/policies.google.com\/technologies\/partner-sites<\/span><\/a><\/p>\n<p><span style=\"font-weight: 400;\">Du kan velge bort visse Firebase-funksjoner ved \u00e5 f\u00f8lge instruksjonene i Google, Incs personvernregler.<\/span><\/p>\n<h4><span style=\"font-weight: 400;\">RevenueCat<\/span><\/h4>\n<p><span style=\"font-weight: 400;\">RevenueCat-tjeneste for kj\u00f8p i appen.<\/span><\/p>\n<p><span style=\"font-weight: 400;\">Personverninformasjon:<\/span><\/p>\n<p><span style=\"font-weight: 400;\">For informasjon om hvordan Unity Technologies SF bruker innsamlet informasjon i forbindelse med Unity IAP, vennligst bes\u00f8k deres personvernregler her: <\/span><a href=\"https:\/\/www.revenuecat.com\/privacy\/\"><span style=\"font-weight: 400;\">https:\/\/www.revenuecat.com\/privacy\/<\/span><\/a><\/p>\n\t\t\t\t\t\t\t\t<\/div>\n\t\t\t\t<\/div>\n\t\t\t\t\t<\/div>\n\t\t<\/div>\n\t\t\t\t\t<\/div>\n\t\t<\/section>\n\t\t\t\t<\/div>\n\t\t","protected":false},"excerpt":{"rendered":"<p>Siste oppdatering 8. desember 2023 Vi samarbeider med visse partnere innenfor mobilappene og nettstedene v\u00e5re for \u00e5 tilby sosiale komponenter, analyser samt annonselevering i og utenfor tjenesten v\u00e5r. Disse partnerne kan bruke informasjonskapsler, web-beacons, lagringsteknologier og\/eller andre lignende teknologier for \u00e5 samle inn eller motta data om deg, inkludert dine bes\u00f8k p\u00e5 og bruk av [&hellip;]<\/p>\n","protected":false},"author":1,"featured_media":0,"parent":0,"menu_order":0,"comment_status":"closed","ping_status":"closed","template":"","meta":{"footnotes":""},"class_list":["post-932","page","type-page","status-publish","hentry"],"yoast_head":"<!-- This site is optimized with the Yoast SEO plugin v27.4 - https:\/\/yoast.com\/product\/yoast-seo-wordpress\/ -->\n<title>Personvernerkl\u00e6ring Tredjepart - LikeTones<\/title>\n<meta name=\"robots\" content=\"index, follow, max-snippet:-1, max-image-preview:large, max-video-preview:-1\" \/>\n<link rel=\"canonical\" href=\"https:\/\/liketones.com\/no\/personvernerklaering-tredjepart\/\" \/>\n<meta property=\"og:locale\" content=\"nb_NO\" \/>\n<meta property=\"og:type\" content=\"article\" \/>\n<meta property=\"og:title\" content=\"Personvernerkl\u00e6ring Tredjepart - LikeTones\" \/>\n<meta property=\"og:description\" content=\"Siste oppdatering 8. desember 2023 Vi samarbeider med visse partnere innenfor mobilappene og nettstedene v\u00e5re for \u00e5 tilby sosiale komponenter, analyser samt annonselevering i og utenfor tjenesten v\u00e5r. Disse partnerne kan bruke informasjonskapsler, web-beacons, lagringsteknologier og\/eller andre lignende teknologier for \u00e5 samle inn eller motta data om deg, inkludert dine bes\u00f8k p\u00e5 og bruk av [&hellip;]\" \/>\n<meta property=\"og:url\" content=\"https:\/\/liketones.com\/no\/personvernerklaering-tredjepart\/\" \/>\n<meta property=\"og:site_name\" content=\"LikeTones\" \/>\n<meta property=\"article:modified_time\" content=\"2023-12-08T20:56:21+00:00\" \/>\n<meta name=\"twitter:card\" content=\"summary_large_image\" \/>\n<meta name=\"twitter:label1\" content=\"Ansl. lesetid\" \/>\n\t<meta name=\"twitter:data1\" content=\"2 minutter\" \/>\n<script type=\"application\/ld+json\" class=\"yoast-schema-graph\">{\"@context\":\"https:\\\/\\\/schema.org\",\"@graph\":[{\"@type\":\"WebPage\",\"@id\":\"https:\\\/\\\/liketones.com\\\/no\\\/personvernerklaering-tredjepart\\\/\",\"url\":\"https:\\\/\\\/liketones.com\\\/no\\\/personvernerklaering-tredjepart\\\/\",\"name\":\"Personvernerkl\u00e6ring Tredjepart - LikeTones\",\"isPartOf\":{\"@id\":\"https:\\\/\\\/liketones.com\\\/no\\\/#website\"},\"datePublished\":\"2023-03-20T10:46:23+00:00\",\"dateModified\":\"2023-12-08T20:56:21+00:00\",\"breadcrumb\":{\"@id\":\"https:\\\/\\\/liketones.com\\\/no\\\/personvernerklaering-tredjepart\\\/#breadcrumb\"},\"inLanguage\":\"nb-NO\",\"potentialAction\":[{\"@type\":\"ReadAction\",\"target\":[\"https:\\\/\\\/liketones.com\\\/no\\\/personvernerklaering-tredjepart\\\/\"]}]},{\"@type\":\"BreadcrumbList\",\"@id\":\"https:\\\/\\\/liketones.com\\\/no\\\/personvernerklaering-tredjepart\\\/#breadcrumb\",\"itemListElement\":[{\"@type\":\"ListItem\",\"position\":1,\"name\":\"Home\",\"item\":\"https:\\\/\\\/liketones.com\\\/no\\\/laer-hvordan-du-spiller-musikkinstrumenter-gratis\\\/\"},{\"@type\":\"ListItem\",\"position\":2,\"name\":\"Personvernerkl\u00e6ring Tredjepart\"}]},{\"@type\":\"WebSite\",\"@id\":\"https:\\\/\\\/liketones.com\\\/no\\\/#website\",\"url\":\"https:\\\/\\\/liketones.com\\\/no\\\/\",\"name\":\"LikeTones\",\"description\":\"Learn to play musical instruments\",\"publisher\":{\"@id\":\"https:\\\/\\\/liketones.com\\\/no\\\/#organization\"},\"potentialAction\":[{\"@type\":\"SearchAction\",\"target\":{\"@type\":\"EntryPoint\",\"urlTemplate\":\"https:\\\/\\\/liketones.com\\\/no\\\/?s={search_term_string}\"},\"query-input\":{\"@type\":\"PropertyValueSpecification\",\"valueRequired\":true,\"valueName\":\"search_term_string\"}}],\"inLanguage\":\"nb-NO\"},{\"@type\":\"Organization\",\"@id\":\"https:\\\/\\\/liketones.com\\\/no\\\/#organization\",\"name\":\"LikeTones\",\"url\":\"https:\\\/\\\/liketones.com\\\/no\\\/\",\"logo\":{\"@type\":\"ImageObject\",\"inLanguage\":\"nb-NO\",\"@id\":\"https:\\\/\\\/liketones.com\\\/no\\\/#\\\/schema\\\/logo\\\/image\\\/\",\"url\":\"https:\\\/\\\/i0.wp.com\\\/liketones.com\\\/wp-content\\\/uploads\\\/2023\\\/12\\\/liketones_logo.png?fit=440%2C99&ssl=1\",\"contentUrl\":\"https:\\\/\\\/i0.wp.com\\\/liketones.com\\\/wp-content\\\/uploads\\\/2023\\\/12\\\/liketones_logo.png?fit=440%2C99&ssl=1\",\"width\":440,\"height\":99,\"caption\":\"LikeTones\"},\"image\":{\"@id\":\"https:\\\/\\\/liketones.com\\\/no\\\/#\\\/schema\\\/logo\\\/image\\\/\"}}]}<\/script>\n<!-- \/ Yoast SEO plugin. -->","yoast_head_json":{"title":"Personvernerkl\u00e6ring Tredjepart - LikeTones","robots":{"index":"index","follow":"follow","max-snippet":"max-snippet:-1","max-image-preview":"max-image-preview:large","max-video-preview":"max-video-preview:-1"},"canonical":"https:\/\/liketones.com\/no\/personvernerklaering-tredjepart\/","og_locale":"nb_NO","og_type":"article","og_title":"Personvernerkl\u00e6ring Tredjepart - LikeTones","og_description":"Siste oppdatering 8. desember 2023 Vi samarbeider med visse partnere innenfor mobilappene og nettstedene v\u00e5re for \u00e5 tilby sosiale komponenter, analyser samt annonselevering i og utenfor tjenesten v\u00e5r. Disse partnerne kan bruke informasjonskapsler, web-beacons, lagringsteknologier og\/eller andre lignende teknologier for \u00e5 samle inn eller motta data om deg, inkludert dine bes\u00f8k p\u00e5 og bruk av [&hellip;]","og_url":"https:\/\/liketones.com\/no\/personvernerklaering-tredjepart\/","og_site_name":"LikeTones","article_modified_time":"2023-12-08T20:56:21+00:00","twitter_card":"summary_large_image","twitter_misc":{"Ansl. lesetid":"2 minutter"},"schema":{"@context":"https:\/\/schema.org","@graph":[{"@type":"WebPage","@id":"https:\/\/liketones.com\/no\/personvernerklaering-tredjepart\/","url":"https:\/\/liketones.com\/no\/personvernerklaering-tredjepart\/","name":"Personvernerkl\u00e6ring Tredjepart - LikeTones","isPartOf":{"@id":"https:\/\/liketones.com\/no\/#website"},"datePublished":"2023-03-20T10:46:23+00:00","dateModified":"2023-12-08T20:56:21+00:00","breadcrumb":{"@id":"https:\/\/liketones.com\/no\/personvernerklaering-tredjepart\/#breadcrumb"},"inLanguage":"nb-NO","potentialAction":[{"@type":"ReadAction","target":["https:\/\/liketones.com\/no\/personvernerklaering-tredjepart\/"]}]},{"@type":"BreadcrumbList","@id":"https:\/\/liketones.com\/no\/personvernerklaering-tredjepart\/#breadcrumb","itemListElement":[{"@type":"ListItem","position":1,"name":"Home","item":"https:\/\/liketones.com\/no\/laer-hvordan-du-spiller-musikkinstrumenter-gratis\/"},{"@type":"ListItem","position":2,"name":"Personvernerkl\u00e6ring Tredjepart"}]},{"@type":"WebSite","@id":"https:\/\/liketones.com\/no\/#website","url":"https:\/\/liketones.com\/no\/","name":"LikeTones","description":"Learn to play musical instruments","publisher":{"@id":"https:\/\/liketones.com\/no\/#organization"},"potentialAction":[{"@type":"SearchAction","target":{"@type":"EntryPoint","urlTemplate":"https:\/\/liketones.com\/no\/?s={search_term_string}"},"query-input":{"@type":"PropertyValueSpecification","valueRequired":true,"valueName":"search_term_string"}}],"inLanguage":"nb-NO"},{"@type":"Organization","@id":"https:\/\/liketones.com\/no\/#organization","name":"LikeTones","url":"https:\/\/liketones.com\/no\/","logo":{"@type":"ImageObject","inLanguage":"nb-NO","@id":"https:\/\/liketones.com\/no\/#\/schema\/logo\/image\/","url":"https:\/\/i0.wp.com\/liketones.com\/wp-content\/uploads\/2023\/12\/liketones_logo.png?fit=440%2C99&ssl=1","contentUrl":"https:\/\/i0.wp.com\/liketones.com\/wp-content\/uploads\/2023\/12\/liketones_logo.png?fit=440%2C99&ssl=1","width":440,"height":99,"caption":"LikeTones"},"image":{"@id":"https:\/\/liketones.com\/no\/#\/schema\/logo\/image\/"}}]}},"jetpack_sharing_enabled":true,"_links":{"self":[{"href":"https:\/\/liketones.com\/no\/wp-json\/wp\/v2\/pages\/932","targetHints":{"allow":["GET"]}}],"collection":[{"href":"https:\/\/liketones.com\/no\/wp-json\/wp\/v2\/pages"}],"about":[{"href":"https:\/\/liketones.com\/no\/wp-json\/wp\/v2\/types\/page"}],"author":[{"embeddable":true,"href":"https:\/\/liketones.com\/no\/wp-json\/wp\/v2\/users\/1"}],"replies":[{"embeddable":true,"href":"https:\/\/liketones.com\/no\/wp-json\/wp\/v2\/comments?post=932"}],"version-history":[{"count":5,"href":"https:\/\/liketones.com\/no\/wp-json\/wp\/v2\/pages\/932\/revisions"}],"predecessor-version":[{"id":1629,"href":"https:\/\/liketones.com\/no\/wp-json\/wp\/v2\/pages\/932\/revisions\/1629"}],"wp:attachment":[{"href":"https:\/\/liketones.com\/no\/wp-json\/wp\/v2\/media?parent=932"}],"curies":[{"name":"wp","href":"https:\/\/api.w.org\/{rel}","templated":true}]}}