{"id":902,"date":"2023-03-20T10:46:23","date_gmt":"2023-03-20T10:46:23","guid":{"rendered":"https:\/\/liketones.com\/?page_id=902"},"modified":"2023-12-08T20:48:49","modified_gmt":"2023-12-08T20:48:49","slug":"harmadik-fel-adatvedelmi-nyilatkozata","status":"publish","type":"page","link":"https:\/\/liketones.com\/hu\/harmadik-fel-adatvedelmi-nyilatkozata\/","title":{"rendered":"Harmadik f\u00e9l adatv\u00e9delmi nyilatkozata"},"content":{"rendered":"\t\t<div data-elementor-type=\"wp-page\" data-elementor-id=\"902\" class=\"elementor elementor-902 elementor-27\" data-elementor-post-type=\"page\">\n\t\t\t\t\t\t<section class=\"elementor-section elementor-top-section elementor-element elementor-element-8fc10ea elementor-section-boxed elementor-section-height-default elementor-section-height-default\" data-id=\"8fc10ea\" data-element_type=\"section\" data-e-type=\"section\">\n\t\t\t\t\t\t<div class=\"elementor-container elementor-column-gap-default\">\n\t\t\t\t\t<div class=\"elementor-column elementor-col-100 elementor-top-column elementor-element elementor-element-9796f04\" data-id=\"9796f04\" data-element_type=\"column\" data-e-type=\"column\">\n\t\t\t<div class=\"elementor-widget-wrap elementor-element-populated\">\n\t\t\t\t\t\t<div class=\"elementor-element elementor-element-9cd095d elementor-widget elementor-widget-text-editor\" data-id=\"9cd095d\" data-element_type=\"widget\" data-e-type=\"widget\" data-widget_type=\"text-editor.default\">\n\t\t\t\t<div class=\"elementor-widget-container\">\n\t\t\t\t\t\t\t\t\t<p dir=\"ltr\" style=\"line-height: 1.9871999999999999; background-color: #ffffff; margin-top: 0pt; margin-bottom: 0pt;\">\n<p><i><span style=\"font-weight: 400;\">Utols\u00f3 friss\u00edt\u00e9s: 2023. december 8<\/span><\/i><\/p>\n<p><span style=\"font-weight: 400;\">Egy\u00fcttm\u0171k\u00f6d\u00fcnk bizonyos partnerekkel mobilalkalmaz\u00e1sainkon \u00e9s webhelyeinken, hogy k\u00f6z\u00f6ss\u00e9gi \u00f6sszetev\u0151ket, elemz\u00e9seket, valamint hirdet\u00e9smegjelen\u00edt\u00e9st biztos\u00edtsunk a Szolg\u00e1ltat\u00e1sunkon bel\u00fcl \u00e9s k\u00edv\u00fcl. Ezek a partnerek cookie-kat, webjelz\u0151ket, t\u00e1rol\u00e1si technol\u00f3gi\u00e1kat \u00e9s\/vagy m\u00e1s hasonl\u00f3 technol\u00f3gi\u00e1kat haszn\u00e1lhatnak arra, hogy adatokat gy\u0171jtsenek vagy fogadjanak \u00d6nr\u0151l, bele\u00e9rtve a webhelyeink \u00e9s mobilalkalmaz\u00e1saink l\u00e1togat\u00e1sait \u00e9s haszn\u00e1lat\u00e1t, \u00e9s bizonyos esetekben adatkezel\u0151i jogokat ig\u00e9nyelhetnek az \u00d6n szem\u00e9lyes adatok. Az \u00e1ltalunk haszn\u00e1lt partnerekkel, adatv\u00e9delmi gyakorlatukkal \u00e9s leiratkoz\u00e1si lehet\u0151s\u00e9gekkel kapcsolatos tov\u00e1bbi inform\u00e1ci\u00f3k\u00e9rt k\u00e9rj\u00fck, keresse fel az al\u00e1bbi linkeket.<\/span><\/p>\n<h4><span style=\"font-weight: 400;\">Google Ads<\/span><\/h4>\n<p><span style=\"font-weight: 400;\">A Google Ads a Google, Inc. \u00e1ltal ny\u00fajtott hirdet\u00e9si szolg\u00e1ltat\u00e1s.<\/span><\/p>\n<p><span style=\"font-weight: 400;\">Adatv\u00e9delmi inform\u00e1ci\u00f3k:<\/span><\/p>\n<p><span style=\"font-weight: 400;\">Ha t\u00f6bbet szeretne megtudni arr\u00f3l, hogy a Google, Inc. hogyan haszn\u00e1lja fel az \u00f6sszegy\u0171jt\u00f6tt inform\u00e1ci\u00f3kat a Google Ads szolg\u00e1ltat\u00e1ssal kapcsolatban, k\u00e9rj\u00fck, tekintse meg adatv\u00e9delmi ir\u00e1nyelveit itt: <\/span><a href=\"https:\/\/policies.google.com\/privacy\"><span style=\"font-weight: 400;\">https:\/\/policies.google.com\/privacy<\/span><\/a><\/p>\n<p><span style=\"font-weight: 400;\">Az AdWords bizonyos funkci\u00f3ir\u00f3l a k\u00f6vetkez\u0151 c\u00edmen iratkozhat le: <\/span><a href=\"https:\/\/adssettings.google.com\/authenticated\"><span style=\"font-weight: 400;\">https:\/\/adssettings.google.com\/authenticated <\/span><\/a><span style=\"font-weight: 400;\">.<\/span><\/p>\n<p><span style=\"font-weight: 400;\">Alternat\u00edv megold\u00e1sk\u00e9nt az eszk\u00f6zbe\u00e1ll\u00edt\u00e1sok seg\u00edts\u00e9g\u00e9vel szab\u00e1lyozhatja az eszk\u00f6zazonos\u00edt\u00f3k haszn\u00e1lat\u00e1t. Tov\u00e1bbi inform\u00e1ci\u00f3\u00e9rt l\u00e1togasson el ide: <\/span><a href=\"https:\/\/support.google.com\/ads\/answer\/1660762#mob\"><span style=\"font-weight: 400;\">https:\/\/support.google.com\/ads\/answer\/1660762#mob<\/span><\/a><\/p>\n<h4><span style=\"font-weight: 400;\">Google Analytics<\/span><\/h4>\n<p><span style=\"font-weight: 400;\">A Google Analytics a Google, Inc. \u00e1ltal ny\u00fajtott analitikai szolg\u00e1ltat\u00e1s.<\/span><\/p>\n<p><span style=\"font-weight: 400;\">Adatv\u00e9delmi inform\u00e1ci\u00f3k:<\/span><\/p>\n<p><span style=\"font-weight: 400;\">Ha t\u00f6bbet szeretne megtudni arr\u00f3l, hogy a Google, Inc. hogyan haszn\u00e1lja fel az \u00f6sszegy\u0171jt\u00f6tt inform\u00e1ci\u00f3kat a Google Analytics szolg\u00e1ltat\u00e1ssal kapcsolatban, k\u00e9rj\u00fck, tekintse meg adatv\u00e9delmi szab\u00e1lyzat\u00e1t itt: <\/span><a href=\"https:\/\/policies.google.com\/privacy\"><span style=\"font-weight: 400;\">https:\/\/policies.google.com\/privacy<\/span><\/a><\/p>\n<p><span style=\"font-weight: 400;\">Ha t\u00f6bbet szeretne megtudni arr\u00f3l, hogy a Google, Inc. hogyan haszn\u00e1lja fel az olyan webhelyekr\u0151l vagy alkalmaz\u00e1sokb\u00f3l sz\u00e1rmaz\u00f3 inform\u00e1ci\u00f3kat, amelyek a szolg\u00e1ltat\u00e1sait a Google Analytics szolg\u00e1ltat\u00e1ssal kapcsolatban haszn\u00e1lj\u00e1k, l\u00e1togasson el ide: <\/span><a href=\"https:\/\/policies.google.com\/technologies\/partner-sites\"><span style=\"font-weight: 400;\">https:\/\/policies.google.com\/technologies\/partner-sites<\/span><\/a><\/p>\n<p><span style=\"font-weight: 400;\">Leiratkozhat a Google Analytics szolg\u00e1ltat\u00e1sr\u00f3l az itt tal\u00e1lhat\u00f3 utas\u00edt\u00e1sok k\u00f6vet\u00e9s\u00e9vel: <\/span><a href=\"https:\/\/support.google.com\/analytics\/answer\/181881\"><span style=\"font-weight: 400;\">https:\/\/support.google.com\/analytics\/answer\/181881<\/span><\/a><\/p>\n<h4><span style=\"font-weight: 400;\">Google Tag Manager<\/span><\/h4>\n<p><span style=\"font-weight: 400;\">A Google C\u00edmkekezel\u0151 a Google, Inc. \u00e1ltal biztos\u00edtott c\u00edmkekezel\u0151 szolg\u00e1ltat\u00e1s.<\/span><\/p>\n<p><span style=\"font-weight: 400;\">Adatv\u00e9delmi inform\u00e1ci\u00f3k:<\/span><\/p>\n<p><span style=\"font-weight: 400;\">Ha t\u00f6bbet szeretne megtudni arr\u00f3l, hogy a Google, Inc. hogyan haszn\u00e1lja fel az \u00f6sszegy\u0171jt\u00f6tt inform\u00e1ci\u00f3kat a Google C\u00edmkekezel\u0151vel kapcsolatban, k\u00e9rj\u00fck, keresse fel adatv\u00e9delmi ir\u00e1nyelveit itt: <\/span><a href=\"https:\/\/policies.google.com\/privacy\"><span style=\"font-weight: 400;\">https:\/\/policies.google.com\/privacy<\/span><\/a><\/p>\n<h4><span style=\"font-weight: 400;\">Firebase<\/span><\/h4>\n<p><span style=\"font-weight: 400;\">A Firebase a Google, Inc. mobilfejleszt\u00e9si platformja, amely elemz\u00e9si szolg\u00e1ltat\u00e1sokat ny\u00fajt.<\/span><\/p>\n<p><span style=\"font-weight: 400;\">Adatv\u00e9delmi inform\u00e1ci\u00f3k:<\/span><\/p>\n<p><span style=\"font-weight: 400;\">Ha t\u00f6bbet szeretne megtudni arr\u00f3l, hogy a Google, Inc. hogyan haszn\u00e1lja fel az \u00f6sszegy\u0171jt\u00f6tt inform\u00e1ci\u00f3kat a Firebase-szel kapcsolatban, k\u00e9rj\u00fck, tekintse meg adatv\u00e9delmi ir\u00e1nyelveit itt: <\/span><a href=\"https:\/\/policies.google.com\/privacy\"><span style=\"font-weight: 400;\">https:\/\/policies.google.com\/privacy<\/span><\/a><\/p>\n<p><span style=\"font-weight: 400;\">Ha t\u00f6bbet szeretne megtudni arr\u00f3l, hogy a Google, Inc. hogyan haszn\u00e1lja fel a szolg\u00e1ltat\u00e1sait a Firebase-szel kapcsolatban haszn\u00e1l\u00f3 webhelyekr\u0151l vagy alkalmaz\u00e1sokb\u00f3l sz\u00e1rmaz\u00f3 inform\u00e1ci\u00f3kat, l\u00e1togasson el ide: <\/span><a href=\"https:\/\/policies.google.com\/technologies\/partner-sites\"><span style=\"font-weight: 400;\">https:\/\/policies.google.com\/technologies\/partner-sites<\/span><\/a><\/p>\n<p><span style=\"font-weight: 400;\">A Google, Inc. adatv\u00e9delmi ir\u00e1nyelveiben tal\u00e1lhat\u00f3 utas\u00edt\u00e1sokat k\u00f6vetve leiratkozhat bizonyos Firebase-funkci\u00f3kr\u00f3l.<\/span><\/p>\n<h4><span style=\"font-weight: 400;\">RevenueCat<\/span><\/h4>\n<p><span style=\"font-weight: 400;\">RevenueCat szolg\u00e1ltat\u00e1s alkalmaz\u00e1son bel\u00fcli v\u00e1s\u00e1rl\u00e1sokhoz.<\/span><\/p>\n<p><span style=\"font-weight: 400;\">Adatv\u00e9delmi inform\u00e1ci\u00f3k:<\/span><\/p>\n<p><span style=\"font-weight: 400;\">Ha t\u00f6bbet szeretne megtudni arr\u00f3l, hogy a Unity Technologies SF hogyan haszn\u00e1lja fel az \u00f6sszegy\u0171jt\u00f6tt inform\u00e1ci\u00f3kat a Unity IAP-vel kapcsolatban, k\u00e9rj\u00fck, keresse fel adatv\u00e9delmi szab\u00e1lyzat\u00e1t itt: <\/span><a href=\"https:\/\/www.revenuecat.com\/privacy\/\"><span style=\"font-weight: 400;\">https:\/\/www.revenuecat.com\/privacy\/<\/span><\/a><\/p>\n\t\t\t\t\t\t\t\t<\/div>\n\t\t\t\t<\/div>\n\t\t\t\t\t<\/div>\n\t\t<\/div>\n\t\t\t\t\t<\/div>\n\t\t<\/section>\n\t\t\t\t<\/div>\n\t\t","protected":false},"excerpt":{"rendered":"<p>Utols\u00f3 friss\u00edt\u00e9s: 2023. december 8 Egy\u00fcttm\u0171k\u00f6d\u00fcnk bizonyos partnerekkel mobilalkalmaz\u00e1sainkon \u00e9s webhelyeinken, hogy k\u00f6z\u00f6ss\u00e9gi \u00f6sszetev\u0151ket, elemz\u00e9seket, valamint hirdet\u00e9smegjelen\u00edt\u00e9st biztos\u00edtsunk a Szolg\u00e1ltat\u00e1sunkon bel\u00fcl \u00e9s k\u00edv\u00fcl. Ezek a partnerek cookie-kat, webjelz\u0151ket, t\u00e1rol\u00e1si technol\u00f3gi\u00e1kat \u00e9s\/vagy m\u00e1s hasonl\u00f3 technol\u00f3gi\u00e1kat haszn\u00e1lhatnak arra, hogy adatokat gy\u0171jtsenek vagy fogadjanak \u00d6nr\u0151l, bele\u00e9rtve a webhelyeink \u00e9s mobilalkalmaz\u00e1saink l\u00e1togat\u00e1sait \u00e9s haszn\u00e1lat\u00e1t, \u00e9s bizonyos esetekben adatkezel\u0151i jogokat [&hellip;]<\/p>\n","protected":false},"author":1,"featured_media":0,"parent":0,"menu_order":0,"comment_status":"closed","ping_status":"closed","template":"","meta":{"footnotes":""},"class_list":["post-902","page","type-page","status-publish","hentry"],"yoast_head":"<!-- This site is optimized with the Yoast SEO plugin v27.4 - https:\/\/yoast.com\/product\/yoast-seo-wordpress\/ -->\n<title>Harmadik f\u00e9l adatv\u00e9delmi nyilatkozata - LikeTones<\/title>\n<meta name=\"robots\" content=\"index, follow, max-snippet:-1, max-image-preview:large, max-video-preview:-1\" \/>\n<link rel=\"canonical\" href=\"https:\/\/liketones.com\/hu\/harmadik-fel-adatvedelmi-nyilatkozata\/\" \/>\n<meta property=\"og:locale\" content=\"hu_HU\" \/>\n<meta property=\"og:type\" content=\"article\" \/>\n<meta property=\"og:title\" content=\"Harmadik f\u00e9l adatv\u00e9delmi nyilatkozata - LikeTones\" \/>\n<meta property=\"og:description\" content=\"Utols\u00f3 friss\u00edt\u00e9s: 2023. december 8 Egy\u00fcttm\u0171k\u00f6d\u00fcnk bizonyos partnerekkel mobilalkalmaz\u00e1sainkon \u00e9s webhelyeinken, hogy k\u00f6z\u00f6ss\u00e9gi \u00f6sszetev\u0151ket, elemz\u00e9seket, valamint hirdet\u00e9smegjelen\u00edt\u00e9st biztos\u00edtsunk a Szolg\u00e1ltat\u00e1sunkon bel\u00fcl \u00e9s k\u00edv\u00fcl. Ezek a partnerek cookie-kat, webjelz\u0151ket, t\u00e1rol\u00e1si technol\u00f3gi\u00e1kat \u00e9s\/vagy m\u00e1s hasonl\u00f3 technol\u00f3gi\u00e1kat haszn\u00e1lhatnak arra, hogy adatokat gy\u0171jtsenek vagy fogadjanak \u00d6nr\u0151l, bele\u00e9rtve a webhelyeink \u00e9s mobilalkalmaz\u00e1saink l\u00e1togat\u00e1sait \u00e9s haszn\u00e1lat\u00e1t, \u00e9s bizonyos esetekben adatkezel\u0151i jogokat [&hellip;]\" \/>\n<meta property=\"og:url\" content=\"https:\/\/liketones.com\/hu\/harmadik-fel-adatvedelmi-nyilatkozata\/\" \/>\n<meta property=\"og:site_name\" content=\"LikeTones\" \/>\n<meta property=\"article:modified_time\" content=\"2023-12-08T20:48:49+00:00\" \/>\n<meta name=\"twitter:card\" content=\"summary_large_image\" \/>\n<meta name=\"twitter:label1\" content=\"Becs\u00fclt olvas\u00e1si id\u0151\" \/>\n\t<meta name=\"twitter:data1\" content=\"3 perc\" \/>\n<script type=\"application\/ld+json\" class=\"yoast-schema-graph\">{\"@context\":\"https:\\\/\\\/schema.org\",\"@graph\":[{\"@type\":\"WebPage\",\"@id\":\"https:\\\/\\\/liketones.com\\\/hu\\\/harmadik-fel-adatvedelmi-nyilatkozata\\\/\",\"url\":\"https:\\\/\\\/liketones.com\\\/hu\\\/harmadik-fel-adatvedelmi-nyilatkozata\\\/\",\"name\":\"Harmadik f\u00e9l adatv\u00e9delmi nyilatkozata - LikeTones\",\"isPartOf\":{\"@id\":\"https:\\\/\\\/liketones.com\\\/hu\\\/#website\"},\"datePublished\":\"2023-03-20T10:46:23+00:00\",\"dateModified\":\"2023-12-08T20:48:49+00:00\",\"breadcrumb\":{\"@id\":\"https:\\\/\\\/liketones.com\\\/hu\\\/harmadik-fel-adatvedelmi-nyilatkozata\\\/#breadcrumb\"},\"inLanguage\":\"hu\",\"potentialAction\":[{\"@type\":\"ReadAction\",\"target\":[\"https:\\\/\\\/liketones.com\\\/hu\\\/harmadik-fel-adatvedelmi-nyilatkozata\\\/\"]}]},{\"@type\":\"BreadcrumbList\",\"@id\":\"https:\\\/\\\/liketones.com\\\/hu\\\/harmadik-fel-adatvedelmi-nyilatkozata\\\/#breadcrumb\",\"itemListElement\":[{\"@type\":\"ListItem\",\"position\":1,\"name\":\"Home\",\"item\":\"https:\\\/\\\/liketones.com\\\/hu\\\/tanulj-meg-hangszeren-jatszani-ingyen\\\/\"},{\"@type\":\"ListItem\",\"position\":2,\"name\":\"Harmadik f\u00e9l adatv\u00e9delmi nyilatkozata\"}]},{\"@type\":\"WebSite\",\"@id\":\"https:\\\/\\\/liketones.com\\\/hu\\\/#website\",\"url\":\"https:\\\/\\\/liketones.com\\\/hu\\\/\",\"name\":\"LikeTones\",\"description\":\"Learn to play musical instruments\",\"publisher\":{\"@id\":\"https:\\\/\\\/liketones.com\\\/hu\\\/#organization\"},\"potentialAction\":[{\"@type\":\"SearchAction\",\"target\":{\"@type\":\"EntryPoint\",\"urlTemplate\":\"https:\\\/\\\/liketones.com\\\/hu\\\/?s={search_term_string}\"},\"query-input\":{\"@type\":\"PropertyValueSpecification\",\"valueRequired\":true,\"valueName\":\"search_term_string\"}}],\"inLanguage\":\"hu\"},{\"@type\":\"Organization\",\"@id\":\"https:\\\/\\\/liketones.com\\\/hu\\\/#organization\",\"name\":\"LikeTones\",\"url\":\"https:\\\/\\\/liketones.com\\\/hu\\\/\",\"logo\":{\"@type\":\"ImageObject\",\"inLanguage\":\"hu\",\"@id\":\"https:\\\/\\\/liketones.com\\\/hu\\\/#\\\/schema\\\/logo\\\/image\\\/\",\"url\":\"https:\\\/\\\/i0.wp.com\\\/liketones.com\\\/wp-content\\\/uploads\\\/2023\\\/12\\\/liketones_logo.png?fit=440%2C99&ssl=1\",\"contentUrl\":\"https:\\\/\\\/i0.wp.com\\\/liketones.com\\\/wp-content\\\/uploads\\\/2023\\\/12\\\/liketones_logo.png?fit=440%2C99&ssl=1\",\"width\":440,\"height\":99,\"caption\":\"LikeTones\"},\"image\":{\"@id\":\"https:\\\/\\\/liketones.com\\\/hu\\\/#\\\/schema\\\/logo\\\/image\\\/\"}}]}<\/script>\n<!-- \/ Yoast SEO plugin. -->","yoast_head_json":{"title":"Harmadik f\u00e9l adatv\u00e9delmi nyilatkozata - LikeTones","robots":{"index":"index","follow":"follow","max-snippet":"max-snippet:-1","max-image-preview":"max-image-preview:large","max-video-preview":"max-video-preview:-1"},"canonical":"https:\/\/liketones.com\/hu\/harmadik-fel-adatvedelmi-nyilatkozata\/","og_locale":"hu_HU","og_type":"article","og_title":"Harmadik f\u00e9l adatv\u00e9delmi nyilatkozata - LikeTones","og_description":"Utols\u00f3 friss\u00edt\u00e9s: 2023. december 8 Egy\u00fcttm\u0171k\u00f6d\u00fcnk bizonyos partnerekkel mobilalkalmaz\u00e1sainkon \u00e9s webhelyeinken, hogy k\u00f6z\u00f6ss\u00e9gi \u00f6sszetev\u0151ket, elemz\u00e9seket, valamint hirdet\u00e9smegjelen\u00edt\u00e9st biztos\u00edtsunk a Szolg\u00e1ltat\u00e1sunkon bel\u00fcl \u00e9s k\u00edv\u00fcl. Ezek a partnerek cookie-kat, webjelz\u0151ket, t\u00e1rol\u00e1si technol\u00f3gi\u00e1kat \u00e9s\/vagy m\u00e1s hasonl\u00f3 technol\u00f3gi\u00e1kat haszn\u00e1lhatnak arra, hogy adatokat gy\u0171jtsenek vagy fogadjanak \u00d6nr\u0151l, bele\u00e9rtve a webhelyeink \u00e9s mobilalkalmaz\u00e1saink l\u00e1togat\u00e1sait \u00e9s haszn\u00e1lat\u00e1t, \u00e9s bizonyos esetekben adatkezel\u0151i jogokat [&hellip;]","og_url":"https:\/\/liketones.com\/hu\/harmadik-fel-adatvedelmi-nyilatkozata\/","og_site_name":"LikeTones","article_modified_time":"2023-12-08T20:48:49+00:00","twitter_card":"summary_large_image","twitter_misc":{"Becs\u00fclt olvas\u00e1si id\u0151":"3 perc"},"schema":{"@context":"https:\/\/schema.org","@graph":[{"@type":"WebPage","@id":"https:\/\/liketones.com\/hu\/harmadik-fel-adatvedelmi-nyilatkozata\/","url":"https:\/\/liketones.com\/hu\/harmadik-fel-adatvedelmi-nyilatkozata\/","name":"Harmadik f\u00e9l adatv\u00e9delmi nyilatkozata - LikeTones","isPartOf":{"@id":"https:\/\/liketones.com\/hu\/#website"},"datePublished":"2023-03-20T10:46:23+00:00","dateModified":"2023-12-08T20:48:49+00:00","breadcrumb":{"@id":"https:\/\/liketones.com\/hu\/harmadik-fel-adatvedelmi-nyilatkozata\/#breadcrumb"},"inLanguage":"hu","potentialAction":[{"@type":"ReadAction","target":["https:\/\/liketones.com\/hu\/harmadik-fel-adatvedelmi-nyilatkozata\/"]}]},{"@type":"BreadcrumbList","@id":"https:\/\/liketones.com\/hu\/harmadik-fel-adatvedelmi-nyilatkozata\/#breadcrumb","itemListElement":[{"@type":"ListItem","position":1,"name":"Home","item":"https:\/\/liketones.com\/hu\/tanulj-meg-hangszeren-jatszani-ingyen\/"},{"@type":"ListItem","position":2,"name":"Harmadik f\u00e9l adatv\u00e9delmi nyilatkozata"}]},{"@type":"WebSite","@id":"https:\/\/liketones.com\/hu\/#website","url":"https:\/\/liketones.com\/hu\/","name":"LikeTones","description":"Learn to play musical instruments","publisher":{"@id":"https:\/\/liketones.com\/hu\/#organization"},"potentialAction":[{"@type":"SearchAction","target":{"@type":"EntryPoint","urlTemplate":"https:\/\/liketones.com\/hu\/?s={search_term_string}"},"query-input":{"@type":"PropertyValueSpecification","valueRequired":true,"valueName":"search_term_string"}}],"inLanguage":"hu"},{"@type":"Organization","@id":"https:\/\/liketones.com\/hu\/#organization","name":"LikeTones","url":"https:\/\/liketones.com\/hu\/","logo":{"@type":"ImageObject","inLanguage":"hu","@id":"https:\/\/liketones.com\/hu\/#\/schema\/logo\/image\/","url":"https:\/\/i0.wp.com\/liketones.com\/wp-content\/uploads\/2023\/12\/liketones_logo.png?fit=440%2C99&ssl=1","contentUrl":"https:\/\/i0.wp.com\/liketones.com\/wp-content\/uploads\/2023\/12\/liketones_logo.png?fit=440%2C99&ssl=1","width":440,"height":99,"caption":"LikeTones"},"image":{"@id":"https:\/\/liketones.com\/hu\/#\/schema\/logo\/image\/"}}]}},"jetpack_sharing_enabled":true,"_links":{"self":[{"href":"https:\/\/liketones.com\/hu\/wp-json\/wp\/v2\/pages\/902","targetHints":{"allow":["GET"]}}],"collection":[{"href":"https:\/\/liketones.com\/hu\/wp-json\/wp\/v2\/pages"}],"about":[{"href":"https:\/\/liketones.com\/hu\/wp-json\/wp\/v2\/types\/page"}],"author":[{"embeddable":true,"href":"https:\/\/liketones.com\/hu\/wp-json\/wp\/v2\/users\/1"}],"replies":[{"embeddable":true,"href":"https:\/\/liketones.com\/hu\/wp-json\/wp\/v2\/comments?post=902"}],"version-history":[{"count":5,"href":"https:\/\/liketones.com\/hu\/wp-json\/wp\/v2\/pages\/902\/revisions"}],"predecessor-version":[{"id":1623,"href":"https:\/\/liketones.com\/hu\/wp-json\/wp\/v2\/pages\/902\/revisions\/1623"}],"wp:attachment":[{"href":"https:\/\/liketones.com\/hu\/wp-json\/wp\/v2\/media?parent=902"}],"curies":[{"name":"wp","href":"https:\/\/api.w.org\/{rel}","templated":true}]}}