{"id":358,"date":"2023-09-18T12:16:24","date_gmt":"2023-09-18T12:16:24","guid":{"rendered":"https:\/\/liketones.com\/torolje-adatait\/"},"modified":"2023-12-04T13:16:08","modified_gmt":"2023-12-04T13:16:08","slug":"torolje-adatait","status":"publish","type":"page","link":"https:\/\/liketones.com\/hu\/torolje-adatait\/","title":{"rendered":"T\u00f6r\u00f6lje adatait"},"content":{"rendered":"\t\t<div data-elementor-type=\"wp-page\" data-elementor-id=\"358\" class=\"elementor elementor-358 elementor-73\" data-elementor-post-type=\"page\">\n\t\t\t\t\t\t<section class=\"elementor-section elementor-top-section elementor-element elementor-element-fea008c elementor-section-boxed elementor-section-height-default elementor-section-height-default\" data-id=\"fea008c\" data-element_type=\"section\" data-e-type=\"section\">\n\t\t\t\t\t\t<div class=\"elementor-container elementor-column-gap-default\">\n\t\t\t\t\t<div class=\"elementor-column elementor-col-100 elementor-top-column elementor-element elementor-element-d7e9ee3\" data-id=\"d7e9ee3\" data-element_type=\"column\" data-e-type=\"column\">\n\t\t\t<div class=\"elementor-widget-wrap elementor-element-populated\">\n\t\t\t\t\t\t<div class=\"elementor-element elementor-element-12167e3 elementor-widget elementor-widget-text-editor\" data-id=\"12167e3\" data-element_type=\"widget\" data-e-type=\"widget\" data-widget_type=\"text-editor.default\">\n\t\t\t\t<div class=\"elementor-widget-container\">\n\t\t\t\t\t\t\t\t\t<p>Ha t\u00f6r\u00f6lni szeretn\u00e9 adatait, k\u00e9rj\u00fck, nyissa meg mobilalkalmaz\u00e1sunkat, \u00e9s kattintson a &#8222;Fi\u00f3k t\u00f6rl\u00e9se&#8221; gombra. T\u00f6r\u00f6lj\u00fck az \u00f6sszes adat\u00e1t a rendszer\u00fcnkb\u0151l, \u00e9s deaktiv\u00e1ljuk a fi\u00f3kj\u00e1t.<\/p>\n<p>N\u00e9h\u00e1ny alkalmaz\u00e1sunkban, p\u00e9ld\u00e1ul a tunerekben nem gy\u0171jt\u00fcnk szem\u00e9lyes adatokat, ez\u00e9rt nincs felhaszn\u00e1l\u00f3i fi\u00f3k. Ebben az esetben elt\u00e1vol\u00edthatja az alkalmaz\u00e1st a k\u00e9sz\u00fcl\u00e9k\u00e9r\u0151l.<\/p>\n<p>M\u00e9g mindig k\u00e9rd\u00e9se van az adatok t\u00f6rl\u00e9s\u00e9vel kapcsolatban? K\u00e9rj\u00fck, \u00edrjon nek\u00fcnk a support@liketones.com c\u00edmre.<\/p>\t\t\t\t\t\t\t\t<\/div>\n\t\t\t\t<\/div>\n\t\t\t\t\t<\/div>\n\t\t<\/div>\n\t\t\t\t\t<\/div>\n\t\t<\/section>\n\t\t\t\t<\/div>\n\t\t","protected":false},"excerpt":{"rendered":"<p>Ha t\u00f6r\u00f6lni szeretn\u00e9 adatait, k\u00e9rj\u00fck, nyissa meg mobilalkalmaz\u00e1sunkat, \u00e9s kattintson a &#8222;Fi\u00f3k t\u00f6rl\u00e9se&#8221; gombra. T\u00f6r\u00f6lj\u00fck az \u00f6sszes adat\u00e1t a rendszer\u00fcnkb\u0151l, \u00e9s deaktiv\u00e1ljuk a fi\u00f3kj\u00e1t. N\u00e9h\u00e1ny alkalmaz\u00e1sunkban, p\u00e9ld\u00e1ul a tunerekben nem gy\u0171jt\u00fcnk szem\u00e9lyes adatokat, ez\u00e9rt nincs felhaszn\u00e1l\u00f3i fi\u00f3k. Ebben az esetben elt\u00e1vol\u00edthatja az alkalmaz\u00e1st a k\u00e9sz\u00fcl\u00e9k\u00e9r\u0151l. M\u00e9g mindig k\u00e9rd\u00e9se van az adatok t\u00f6rl\u00e9s\u00e9vel kapcsolatban? K\u00e9rj\u00fck, \u00edrjon [&hellip;]<\/p>\n","protected":false},"author":1,"featured_media":0,"parent":0,"menu_order":0,"comment_status":"closed","ping_status":"closed","template":"","meta":{"footnotes":""},"class_list":["post-358","page","type-page","status-publish","hentry"],"yoast_head":"<!-- This site is optimized with the Yoast SEO plugin v27.6 - https:\/\/yoast.com\/product\/yoast-seo-wordpress\/ -->\n<title>T\u00f6r\u00f6lje adatait - LikeTones<\/title>\n<meta name=\"robots\" content=\"index, follow, max-snippet:-1, max-image-preview:large, max-video-preview:-1\" \/>\n<link rel=\"canonical\" href=\"https:\/\/liketones.com\/hu\/torolje-adatait\/\" \/>\n<meta property=\"og:locale\" content=\"hu_HU\" \/>\n<meta property=\"og:type\" content=\"article\" \/>\n<meta property=\"og:title\" content=\"T\u00f6r\u00f6lje adatait - LikeTones\" \/>\n<meta property=\"og:description\" content=\"Ha t\u00f6r\u00f6lni szeretn\u00e9 adatait, k\u00e9rj\u00fck, nyissa meg mobilalkalmaz\u00e1sunkat, \u00e9s kattintson a &#8222;Fi\u00f3k t\u00f6rl\u00e9se&#8221; gombra. T\u00f6r\u00f6lj\u00fck az \u00f6sszes adat\u00e1t a rendszer\u00fcnkb\u0151l, \u00e9s deaktiv\u00e1ljuk a fi\u00f3kj\u00e1t. N\u00e9h\u00e1ny alkalmaz\u00e1sunkban, p\u00e9ld\u00e1ul a tunerekben nem gy\u0171jt\u00fcnk szem\u00e9lyes adatokat, ez\u00e9rt nincs felhaszn\u00e1l\u00f3i fi\u00f3k. Ebben az esetben elt\u00e1vol\u00edthatja az alkalmaz\u00e1st a k\u00e9sz\u00fcl\u00e9k\u00e9r\u0151l. M\u00e9g mindig k\u00e9rd\u00e9se van az adatok t\u00f6rl\u00e9s\u00e9vel kapcsolatban? K\u00e9rj\u00fck, \u00edrjon [&hellip;]\" \/>\n<meta property=\"og:url\" content=\"https:\/\/liketones.com\/hu\/torolje-adatait\/\" \/>\n<meta property=\"og:site_name\" content=\"LikeTones\" \/>\n<meta property=\"article:modified_time\" content=\"2023-12-04T13:16:08+00:00\" \/>\n<meta name=\"twitter:card\" content=\"summary_large_image\" \/>\n<meta name=\"twitter:label1\" content=\"Becs\u00fclt olvas\u00e1si id\u0151\" \/>\n\t<meta name=\"twitter:data1\" content=\"1 perc\" \/>\n<script type=\"application\/ld+json\" class=\"yoast-schema-graph\">{\"@context\":\"https:\\\/\\\/schema.org\",\"@graph\":[{\"@type\":\"WebPage\",\"@id\":\"https:\\\/\\\/liketones.com\\\/hu\\\/torolje-adatait\\\/\",\"url\":\"https:\\\/\\\/liketones.com\\\/hu\\\/torolje-adatait\\\/\",\"name\":\"T\u00f6r\u00f6lje adatait - LikeTones\",\"isPartOf\":{\"@id\":\"https:\\\/\\\/liketones.com\\\/hu\\\/#website\"},\"datePublished\":\"2023-09-18T12:16:24+00:00\",\"dateModified\":\"2023-12-04T13:16:08+00:00\",\"breadcrumb\":{\"@id\":\"https:\\\/\\\/liketones.com\\\/hu\\\/torolje-adatait\\\/#breadcrumb\"},\"inLanguage\":\"hu\",\"potentialAction\":[{\"@type\":\"ReadAction\",\"target\":[\"https:\\\/\\\/liketones.com\\\/hu\\\/torolje-adatait\\\/\"]}]},{\"@type\":\"BreadcrumbList\",\"@id\":\"https:\\\/\\\/liketones.com\\\/hu\\\/torolje-adatait\\\/#breadcrumb\",\"itemListElement\":[{\"@type\":\"ListItem\",\"position\":1,\"name\":\"Home\",\"item\":\"https:\\\/\\\/liketones.com\\\/hu\\\/tanulj-meg-hangszeren-jatszani-ingyen\\\/\"},{\"@type\":\"ListItem\",\"position\":2,\"name\":\"T\u00f6r\u00f6lje adatait\"}]},{\"@type\":\"WebSite\",\"@id\":\"https:\\\/\\\/liketones.com\\\/hu\\\/#website\",\"url\":\"https:\\\/\\\/liketones.com\\\/hu\\\/\",\"name\":\"LikeTones\",\"description\":\"Learn to play musical instruments\",\"publisher\":{\"@id\":\"https:\\\/\\\/liketones.com\\\/hu\\\/#organization\"},\"potentialAction\":[{\"@type\":\"SearchAction\",\"target\":{\"@type\":\"EntryPoint\",\"urlTemplate\":\"https:\\\/\\\/liketones.com\\\/hu\\\/?s={search_term_string}\"},\"query-input\":{\"@type\":\"PropertyValueSpecification\",\"valueRequired\":true,\"valueName\":\"search_term_string\"}}],\"inLanguage\":\"hu\"},{\"@type\":\"Organization\",\"@id\":\"https:\\\/\\\/liketones.com\\\/hu\\\/#organization\",\"name\":\"LikeTones\",\"url\":\"https:\\\/\\\/liketones.com\\\/hu\\\/\",\"logo\":{\"@type\":\"ImageObject\",\"inLanguage\":\"hu\",\"@id\":\"https:\\\/\\\/liketones.com\\\/hu\\\/#\\\/schema\\\/logo\\\/image\\\/\",\"url\":\"https:\\\/\\\/i0.wp.com\\\/liketones.com\\\/wp-content\\\/uploads\\\/2023\\\/12\\\/liketones_logo.png?fit=440%2C99&ssl=1\",\"contentUrl\":\"https:\\\/\\\/i0.wp.com\\\/liketones.com\\\/wp-content\\\/uploads\\\/2023\\\/12\\\/liketones_logo.png?fit=440%2C99&ssl=1\",\"width\":440,\"height\":99,\"caption\":\"LikeTones\"},\"image\":{\"@id\":\"https:\\\/\\\/liketones.com\\\/hu\\\/#\\\/schema\\\/logo\\\/image\\\/\"}}]}<\/script>\n<!-- \/ Yoast SEO plugin. -->","yoast_head_json":{"title":"T\u00f6r\u00f6lje adatait - LikeTones","robots":{"index":"index","follow":"follow","max-snippet":"max-snippet:-1","max-image-preview":"max-image-preview:large","max-video-preview":"max-video-preview:-1"},"canonical":"https:\/\/liketones.com\/hu\/torolje-adatait\/","og_locale":"hu_HU","og_type":"article","og_title":"T\u00f6r\u00f6lje adatait - LikeTones","og_description":"Ha t\u00f6r\u00f6lni szeretn\u00e9 adatait, k\u00e9rj\u00fck, nyissa meg mobilalkalmaz\u00e1sunkat, \u00e9s kattintson a &#8222;Fi\u00f3k t\u00f6rl\u00e9se&#8221; gombra. T\u00f6r\u00f6lj\u00fck az \u00f6sszes adat\u00e1t a rendszer\u00fcnkb\u0151l, \u00e9s deaktiv\u00e1ljuk a fi\u00f3kj\u00e1t. N\u00e9h\u00e1ny alkalmaz\u00e1sunkban, p\u00e9ld\u00e1ul a tunerekben nem gy\u0171jt\u00fcnk szem\u00e9lyes adatokat, ez\u00e9rt nincs felhaszn\u00e1l\u00f3i fi\u00f3k. Ebben az esetben elt\u00e1vol\u00edthatja az alkalmaz\u00e1st a k\u00e9sz\u00fcl\u00e9k\u00e9r\u0151l. M\u00e9g mindig k\u00e9rd\u00e9se van az adatok t\u00f6rl\u00e9s\u00e9vel kapcsolatban? K\u00e9rj\u00fck, \u00edrjon [&hellip;]","og_url":"https:\/\/liketones.com\/hu\/torolje-adatait\/","og_site_name":"LikeTones","article_modified_time":"2023-12-04T13:16:08+00:00","twitter_card":"summary_large_image","twitter_misc":{"Becs\u00fclt olvas\u00e1si id\u0151":"1 perc"},"schema":{"@context":"https:\/\/schema.org","@graph":[{"@type":"WebPage","@id":"https:\/\/liketones.com\/hu\/torolje-adatait\/","url":"https:\/\/liketones.com\/hu\/torolje-adatait\/","name":"T\u00f6r\u00f6lje adatait - LikeTones","isPartOf":{"@id":"https:\/\/liketones.com\/hu\/#website"},"datePublished":"2023-09-18T12:16:24+00:00","dateModified":"2023-12-04T13:16:08+00:00","breadcrumb":{"@id":"https:\/\/liketones.com\/hu\/torolje-adatait\/#breadcrumb"},"inLanguage":"hu","potentialAction":[{"@type":"ReadAction","target":["https:\/\/liketones.com\/hu\/torolje-adatait\/"]}]},{"@type":"BreadcrumbList","@id":"https:\/\/liketones.com\/hu\/torolje-adatait\/#breadcrumb","itemListElement":[{"@type":"ListItem","position":1,"name":"Home","item":"https:\/\/liketones.com\/hu\/tanulj-meg-hangszeren-jatszani-ingyen\/"},{"@type":"ListItem","position":2,"name":"T\u00f6r\u00f6lje adatait"}]},{"@type":"WebSite","@id":"https:\/\/liketones.com\/hu\/#website","url":"https:\/\/liketones.com\/hu\/","name":"LikeTones","description":"Learn to play musical instruments","publisher":{"@id":"https:\/\/liketones.com\/hu\/#organization"},"potentialAction":[{"@type":"SearchAction","target":{"@type":"EntryPoint","urlTemplate":"https:\/\/liketones.com\/hu\/?s={search_term_string}"},"query-input":{"@type":"PropertyValueSpecification","valueRequired":true,"valueName":"search_term_string"}}],"inLanguage":"hu"},{"@type":"Organization","@id":"https:\/\/liketones.com\/hu\/#organization","name":"LikeTones","url":"https:\/\/liketones.com\/hu\/","logo":{"@type":"ImageObject","inLanguage":"hu","@id":"https:\/\/liketones.com\/hu\/#\/schema\/logo\/image\/","url":"https:\/\/i0.wp.com\/liketones.com\/wp-content\/uploads\/2023\/12\/liketones_logo.png?fit=440%2C99&ssl=1","contentUrl":"https:\/\/i0.wp.com\/liketones.com\/wp-content\/uploads\/2023\/12\/liketones_logo.png?fit=440%2C99&ssl=1","width":440,"height":99,"caption":"LikeTones"},"image":{"@id":"https:\/\/liketones.com\/hu\/#\/schema\/logo\/image\/"}}]}},"jetpack_sharing_enabled":true,"_links":{"self":[{"href":"https:\/\/liketones.com\/hu\/wp-json\/wp\/v2\/pages\/358","targetHints":{"allow":["GET"]}}],"collection":[{"href":"https:\/\/liketones.com\/hu\/wp-json\/wp\/v2\/pages"}],"about":[{"href":"https:\/\/liketones.com\/hu\/wp-json\/wp\/v2\/types\/page"}],"author":[{"embeddable":true,"href":"https:\/\/liketones.com\/hu\/wp-json\/wp\/v2\/users\/1"}],"replies":[{"embeddable":true,"href":"https:\/\/liketones.com\/hu\/wp-json\/wp\/v2\/comments?post=358"}],"version-history":[{"count":1,"href":"https:\/\/liketones.com\/hu\/wp-json\/wp\/v2\/pages\/358\/revisions"}],"predecessor-version":[{"id":371,"href":"https:\/\/liketones.com\/hu\/wp-json\/wp\/v2\/pages\/358\/revisions\/371"}],"wp:attachment":[{"href":"https:\/\/liketones.com\/hu\/wp-json\/wp\/v2\/media?parent=358"}],"curies":[{"name":"wp","href":"https:\/\/api.w.org\/{rel}","templated":true}]}}