{"id":849,"date":"2023-03-20T10:46:23","date_gmt":"2023-03-20T10:46:23","guid":{"rendered":"https:\/\/liketones.com\/?page_id=849"},"modified":"2023-12-08T20:38:14","modified_gmt":"2023-12-08T20:38:14","slug":"obavijest-o-privatnosti-trece-strane","status":"publish","type":"page","link":"https:\/\/liketones.com\/hr\/obavijest-o-privatnosti-trece-strane\/","title":{"rendered":"Obavijest o privatnosti tre\u0107e strane"},"content":{"rendered":"\t\t<div data-elementor-type=\"wp-page\" data-elementor-id=\"849\" class=\"elementor elementor-849 elementor-27\" data-elementor-post-type=\"page\">\n\t\t\t\t\t\t<section class=\"elementor-section elementor-top-section elementor-element elementor-element-8fc10ea elementor-section-boxed elementor-section-height-default elementor-section-height-default\" data-id=\"8fc10ea\" data-element_type=\"section\" data-e-type=\"section\">\n\t\t\t\t\t\t<div class=\"elementor-container elementor-column-gap-default\">\n\t\t\t\t\t<div class=\"elementor-column elementor-col-100 elementor-top-column elementor-element elementor-element-9796f04\" data-id=\"9796f04\" data-element_type=\"column\" data-e-type=\"column\">\n\t\t\t<div class=\"elementor-widget-wrap elementor-element-populated\">\n\t\t\t\t\t\t<div class=\"elementor-element elementor-element-9cd095d elementor-widget elementor-widget-text-editor\" data-id=\"9cd095d\" data-element_type=\"widget\" data-e-type=\"widget\" data-widget_type=\"text-editor.default\">\n\t\t\t\t<div class=\"elementor-widget-container\">\n\t\t\t\t\t\t\t\t\t<p><i><span style=\"font-weight: 400;\">Zadnje a\u017euriranje 8. prosinca 2023<\/span><\/i><\/p>\n<p><span style=\"font-weight: 400;\">Sura\u0111ujemo s odre\u0111enim partnerima unutar na\u0161ih mobilnih aplikacija i web stranica kako bismo pru\u017eili dru\u0161tvene komponente, analitiku kao i poslu\u017eivanje oglasa unutar i izvan na\u0161e Usluge. Ovi partneri mogu koristiti kola\u010di\u0107e, web pratioce, tehnologije za pohranu i\/ili druge sli\u010dne tehnologije za prikupljanje ili primanje podataka o vama, uklju\u010duju\u0107i va\u0161e posjete i kori\u0161tenje na\u0161ih web stranica i mobilnih aplikacija, te, u nekim slu\u010dajevima, mogu tra\u017eiti prava kontrolora nad va\u0161im osobni podaci. Za vi\u0161e informacija o partnerima koje koristimo, njihovim praksama privatnosti i mogu\u0107nostima isklju\u010divanja posjetite poveznice u nastavku.<\/span><\/p>\n<h4><span style=\"font-weight: 400;\">Google Ads<\/span><\/h4>\n<p><span style=\"font-weight: 400;\">Google Ads je usluga ogla\u0161avanja koju pru\u017ea Google, Inc.<\/span><\/p>\n<p><span style=\"font-weight: 400;\">Podaci o privatnosti:<\/span><\/p>\n<p><span style=\"font-weight: 400;\">Za informacije o tome kako Google, Inc. koristi prikupljene podatke u vezi s Google oglasima, posjetite njihova Pravila o privatnosti ovdje: <\/span><a href=\"https:\/\/policies.google.com\/privacy\"><span style=\"font-weight: 400;\">https:\/\/policies.google.com\/privacy<\/span><\/a><\/p>\n<p><span style=\"font-weight: 400;\">Mo\u017eete isklju\u010diti odre\u0111ene Google Ads zna\u010dajke ako posjetite ovdje: <\/span><a href=\"https:\/\/adssettings.google.com\/authenticated\"><span style=\"font-weight: 400;\">https:\/\/adssettings.google.com\/authenticated <\/span><\/a><span style=\"font-weight: 400;\">.<\/span><\/p>\n<p><span style=\"font-weight: 400;\">Alternativno, mo\u017eete kontrolirati upotrebu identifikatora ure\u0111aja pomo\u0107u postavki ure\u0111aja. Za vi\u0161e informacija posjetite ovdje: <\/span><a href=\"https:\/\/support.google.com\/ads\/answer\/1660762#mob\"><span style=\"font-weight: 400;\">https:\/\/support.google.com\/ads\/answer\/1660762#mob<\/span><\/a><\/p>\n<h4><span style=\"font-weight: 400;\">Google Analytics<\/span><\/h4>\n<p><span style=\"font-weight: 400;\">Google Analytics je analiti\u010dka usluga koju pru\u017ea Google, Inc.<\/span><\/p>\n<p><span style=\"font-weight: 400;\">Podaci o privatnosti:<\/span><\/p>\n<p><span style=\"font-weight: 400;\">Za informacije o tome kako Google, Inc. koristi prikupljene podatke u vezi s Google Analyticsom, posjetite njihova Pravila o privatnosti ovdje: <\/span><a href=\"https:\/\/policies.google.com\/privacy\"><span style=\"font-weight: 400;\">https:\/\/policies.google.com\/privacy<\/span><\/a><\/p>\n<p><span style=\"font-weight: 400;\">Za informacije o tome kako Google, Inc. koristi informacije s web-mjesta ili aplikacija koje koriste njegove usluge u vezi s Google Analyticsom, posjetite ovdje: <\/span><a href=\"https:\/\/policies.google.com\/technologies\/partner-sites\"><span style=\"font-weight: 400;\">https:\/\/policies.google.com\/technologies\/partner-sites<\/span><\/a><\/p>\n<p><span style=\"font-weight: 400;\">Mo\u017eete se isklju\u010diti iz usluge Google Analytics slijede\u0107i upute navedene ovdje: <\/span><a href=\"https:\/\/support.google.com\/analytics\/answer\/181881\"><span style=\"font-weight: 400;\">https:\/\/support.google.com\/analytics\/answer\/181881<\/span><\/a><\/p>\n<h4><span style=\"font-weight: 400;\">Google Tag Manager<\/span><\/h4>\n<p><span style=\"font-weight: 400;\">Google Tag Manager usluga je upravljanja oznakama koju pru\u017ea Google, Inc.<\/span><\/p>\n<p><span style=\"font-weight: 400;\">Podaci o privatnosti:<\/span><\/p>\n<p><span style=\"font-weight: 400;\">Za informacije o tome kako Google, Inc. koristi prikupljene podatke u vezi s Google Tag Managerom, posjetite njihova Pravila o privatnosti ovdje: <\/span><a href=\"https:\/\/policies.google.com\/privacy\"><span style=\"font-weight: 400;\">https:\/\/policies.google.com\/privacy<\/span><\/a><\/p>\n<h4><span style=\"font-weight: 400;\">Firebase<\/span><\/h4>\n<p><span style=\"font-weight: 400;\">Firebase je mobilna razvojna platforma tvrtke Google, Inc., koja pru\u017ea analiti\u010dke usluge.<\/span><\/p>\n<p><span style=\"font-weight: 400;\">Podaci o privatnosti:<\/span><\/p>\n<p><span style=\"font-weight: 400;\">Za informacije o tome kako Google, Inc. koristi prikupljene podatke u vezi s Firebaseom, posjetite njihova Pravila o privatnosti ovdje: <\/span><a href=\"https:\/\/policies.google.com\/privacy\"><span style=\"font-weight: 400;\">https:\/\/policies.google.com\/privacy<\/span><\/a><\/p>\n<p><span style=\"font-weight: 400;\">Za informacije o tome kako Google, Inc. koristi informacije s web-mjesta ili iz aplikacija koje koriste njegove usluge u vezi s Firebaseom, posjetite ovdje: <\/span><a href=\"https:\/\/policies.google.com\/technologies\/partner-sites\"><span style=\"font-weight: 400;\">https:\/\/policies.google.com\/technologies\/partner-sites<\/span><\/a><\/p>\n<p><span style=\"font-weight: 400;\">Mo\u017eete isklju\u010diti odre\u0111ene zna\u010dajke Firebasea slijede\u0107i upute navedene u Pravilima o privatnosti tvrtke Google, Inc.<\/span><\/p>\n<h4><span style=\"font-weight: 400;\">RevenueCat<\/span><\/h4>\n<p><span style=\"font-weight: 400;\">Usluga RevenueCat za kupnju putem aplikacije.<\/span><\/p>\n<p><span style=\"font-weight: 400;\">Podaci o privatnosti:<\/span><\/p>\n<p><span style=\"font-weight: 400;\">Za informacije o tome kako Unity Technologies SF koristi prikupljene podatke u vezi s Unity IAP-om, posjetite njihova Pravila o privatnosti ovdje: <\/span><a href=\"https:\/\/www.revenuecat.com\/privacy\/\"><span style=\"font-weight: 400;\">https:\/\/www.revenuecat.com\/privacy\/<\/span><\/a><\/p>\n\t\t\t\t\t\t\t\t<\/div>\n\t\t\t\t<\/div>\n\t\t\t\t\t<\/div>\n\t\t<\/div>\n\t\t\t\t\t<\/div>\n\t\t<\/section>\n\t\t\t\t<\/div>\n\t\t","protected":false},"excerpt":{"rendered":"<p>Zadnje a\u017euriranje 8. prosinca 2023 Sura\u0111ujemo s odre\u0111enim partnerima unutar na\u0161ih mobilnih aplikacija i web stranica kako bismo pru\u017eili dru\u0161tvene komponente, analitiku kao i poslu\u017eivanje oglasa unutar i izvan na\u0161e Usluge. Ovi partneri mogu koristiti kola\u010di\u0107e, web pratioce, tehnologije za pohranu i\/ili druge sli\u010dne tehnologije za prikupljanje ili primanje podataka o vama, uklju\u010duju\u0107i va\u0161e posjete [&hellip;]<\/p>\n","protected":false},"author":1,"featured_media":0,"parent":0,"menu_order":0,"comment_status":"closed","ping_status":"closed","template":"","meta":{"footnotes":""},"class_list":["post-849","page","type-page","status-publish","hentry"],"yoast_head":"<!-- This site is optimized with the Yoast SEO plugin v27.4 - https:\/\/yoast.com\/product\/yoast-seo-wordpress\/ -->\n<title>Obavijest o privatnosti tre\u0107e strane - LikeTones<\/title>\n<meta name=\"robots\" content=\"index, follow, max-snippet:-1, max-image-preview:large, max-video-preview:-1\" \/>\n<link rel=\"canonical\" href=\"https:\/\/liketones.com\/hr\/obavijest-o-privatnosti-trece-strane\/\" \/>\n<meta property=\"og:locale\" content=\"hr_HR\" \/>\n<meta property=\"og:type\" content=\"article\" \/>\n<meta property=\"og:title\" content=\"Obavijest o privatnosti tre\u0107e strane - LikeTones\" \/>\n<meta property=\"og:description\" content=\"Zadnje a\u017euriranje 8. prosinca 2023 Sura\u0111ujemo s odre\u0111enim partnerima unutar na\u0161ih mobilnih aplikacija i web stranica kako bismo pru\u017eili dru\u0161tvene komponente, analitiku kao i poslu\u017eivanje oglasa unutar i izvan na\u0161e Usluge. Ovi partneri mogu koristiti kola\u010di\u0107e, web pratioce, tehnologije za pohranu i\/ili druge sli\u010dne tehnologije za prikupljanje ili primanje podataka o vama, uklju\u010duju\u0107i va\u0161e posjete [&hellip;]\" \/>\n<meta property=\"og:url\" content=\"https:\/\/liketones.com\/hr\/obavijest-o-privatnosti-trece-strane\/\" \/>\n<meta property=\"og:site_name\" content=\"LikeTones\" \/>\n<meta property=\"article:modified_time\" content=\"2023-12-08T20:38:14+00:00\" \/>\n<meta name=\"twitter:card\" content=\"summary_large_image\" \/>\n<meta name=\"twitter:label1\" content=\"Procijenjeno vrijeme \u010ditanja\" \/>\n\t<meta name=\"twitter:data1\" content=\"3 minute\" \/>\n<script type=\"application\/ld+json\" class=\"yoast-schema-graph\">{\"@context\":\"https:\\\/\\\/schema.org\",\"@graph\":[{\"@type\":\"WebPage\",\"@id\":\"https:\\\/\\\/liketones.com\\\/hr\\\/obavijest-o-privatnosti-trece-strane\\\/\",\"url\":\"https:\\\/\\\/liketones.com\\\/hr\\\/obavijest-o-privatnosti-trece-strane\\\/\",\"name\":\"Obavijest o privatnosti tre\u0107e strane - LikeTones\",\"isPartOf\":{\"@id\":\"https:\\\/\\\/liketones.com\\\/hr\\\/#website\"},\"datePublished\":\"2023-03-20T10:46:23+00:00\",\"dateModified\":\"2023-12-08T20:38:14+00:00\",\"breadcrumb\":{\"@id\":\"https:\\\/\\\/liketones.com\\\/hr\\\/obavijest-o-privatnosti-trece-strane\\\/#breadcrumb\"},\"inLanguage\":\"hr\",\"potentialAction\":[{\"@type\":\"ReadAction\",\"target\":[\"https:\\\/\\\/liketones.com\\\/hr\\\/obavijest-o-privatnosti-trece-strane\\\/\"]}]},{\"@type\":\"BreadcrumbList\",\"@id\":\"https:\\\/\\\/liketones.com\\\/hr\\\/obavijest-o-privatnosti-trece-strane\\\/#breadcrumb\",\"itemListElement\":[{\"@type\":\"ListItem\",\"position\":1,\"name\":\"Home\",\"item\":\"https:\\\/\\\/liketones.com\\\/hr\\\/\"},{\"@type\":\"ListItem\",\"position\":2,\"name\":\"Obavijest o privatnosti tre\u0107e strane\"}]},{\"@type\":\"WebSite\",\"@id\":\"https:\\\/\\\/liketones.com\\\/hr\\\/#website\",\"url\":\"https:\\\/\\\/liketones.com\\\/hr\\\/\",\"name\":\"LikeTones\",\"description\":\"Learn to play musical instruments\",\"publisher\":{\"@id\":\"https:\\\/\\\/liketones.com\\\/hr\\\/#organization\"},\"potentialAction\":[{\"@type\":\"SearchAction\",\"target\":{\"@type\":\"EntryPoint\",\"urlTemplate\":\"https:\\\/\\\/liketones.com\\\/hr\\\/?s={search_term_string}\"},\"query-input\":{\"@type\":\"PropertyValueSpecification\",\"valueRequired\":true,\"valueName\":\"search_term_string\"}}],\"inLanguage\":\"hr\"},{\"@type\":\"Organization\",\"@id\":\"https:\\\/\\\/liketones.com\\\/hr\\\/#organization\",\"name\":\"LikeTones\",\"url\":\"https:\\\/\\\/liketones.com\\\/hr\\\/\",\"logo\":{\"@type\":\"ImageObject\",\"inLanguage\":\"hr\",\"@id\":\"https:\\\/\\\/liketones.com\\\/hr\\\/#\\\/schema\\\/logo\\\/image\\\/\",\"url\":\"https:\\\/\\\/i0.wp.com\\\/liketones.com\\\/wp-content\\\/uploads\\\/2023\\\/12\\\/liketones_logo.png?fit=440%2C99&ssl=1\",\"contentUrl\":\"https:\\\/\\\/i0.wp.com\\\/liketones.com\\\/wp-content\\\/uploads\\\/2023\\\/12\\\/liketones_logo.png?fit=440%2C99&ssl=1\",\"width\":440,\"height\":99,\"caption\":\"LikeTones\"},\"image\":{\"@id\":\"https:\\\/\\\/liketones.com\\\/hr\\\/#\\\/schema\\\/logo\\\/image\\\/\"}}]}<\/script>\n<!-- \/ Yoast SEO plugin. -->","yoast_head_json":{"title":"Obavijest o privatnosti tre\u0107e strane - LikeTones","robots":{"index":"index","follow":"follow","max-snippet":"max-snippet:-1","max-image-preview":"max-image-preview:large","max-video-preview":"max-video-preview:-1"},"canonical":"https:\/\/liketones.com\/hr\/obavijest-o-privatnosti-trece-strane\/","og_locale":"hr_HR","og_type":"article","og_title":"Obavijest o privatnosti tre\u0107e strane - LikeTones","og_description":"Zadnje a\u017euriranje 8. prosinca 2023 Sura\u0111ujemo s odre\u0111enim partnerima unutar na\u0161ih mobilnih aplikacija i web stranica kako bismo pru\u017eili dru\u0161tvene komponente, analitiku kao i poslu\u017eivanje oglasa unutar i izvan na\u0161e Usluge. Ovi partneri mogu koristiti kola\u010di\u0107e, web pratioce, tehnologije za pohranu i\/ili druge sli\u010dne tehnologije za prikupljanje ili primanje podataka o vama, uklju\u010duju\u0107i va\u0161e posjete [&hellip;]","og_url":"https:\/\/liketones.com\/hr\/obavijest-o-privatnosti-trece-strane\/","og_site_name":"LikeTones","article_modified_time":"2023-12-08T20:38:14+00:00","twitter_card":"summary_large_image","twitter_misc":{"Procijenjeno vrijeme \u010ditanja":"3 minute"},"schema":{"@context":"https:\/\/schema.org","@graph":[{"@type":"WebPage","@id":"https:\/\/liketones.com\/hr\/obavijest-o-privatnosti-trece-strane\/","url":"https:\/\/liketones.com\/hr\/obavijest-o-privatnosti-trece-strane\/","name":"Obavijest o privatnosti tre\u0107e strane - LikeTones","isPartOf":{"@id":"https:\/\/liketones.com\/hr\/#website"},"datePublished":"2023-03-20T10:46:23+00:00","dateModified":"2023-12-08T20:38:14+00:00","breadcrumb":{"@id":"https:\/\/liketones.com\/hr\/obavijest-o-privatnosti-trece-strane\/#breadcrumb"},"inLanguage":"hr","potentialAction":[{"@type":"ReadAction","target":["https:\/\/liketones.com\/hr\/obavijest-o-privatnosti-trece-strane\/"]}]},{"@type":"BreadcrumbList","@id":"https:\/\/liketones.com\/hr\/obavijest-o-privatnosti-trece-strane\/#breadcrumb","itemListElement":[{"@type":"ListItem","position":1,"name":"Home","item":"https:\/\/liketones.com\/hr\/"},{"@type":"ListItem","position":2,"name":"Obavijest o privatnosti tre\u0107e strane"}]},{"@type":"WebSite","@id":"https:\/\/liketones.com\/hr\/#website","url":"https:\/\/liketones.com\/hr\/","name":"LikeTones","description":"Learn to play musical instruments","publisher":{"@id":"https:\/\/liketones.com\/hr\/#organization"},"potentialAction":[{"@type":"SearchAction","target":{"@type":"EntryPoint","urlTemplate":"https:\/\/liketones.com\/hr\/?s={search_term_string}"},"query-input":{"@type":"PropertyValueSpecification","valueRequired":true,"valueName":"search_term_string"}}],"inLanguage":"hr"},{"@type":"Organization","@id":"https:\/\/liketones.com\/hr\/#organization","name":"LikeTones","url":"https:\/\/liketones.com\/hr\/","logo":{"@type":"ImageObject","inLanguage":"hr","@id":"https:\/\/liketones.com\/hr\/#\/schema\/logo\/image\/","url":"https:\/\/i0.wp.com\/liketones.com\/wp-content\/uploads\/2023\/12\/liketones_logo.png?fit=440%2C99&ssl=1","contentUrl":"https:\/\/i0.wp.com\/liketones.com\/wp-content\/uploads\/2023\/12\/liketones_logo.png?fit=440%2C99&ssl=1","width":440,"height":99,"caption":"LikeTones"},"image":{"@id":"https:\/\/liketones.com\/hr\/#\/schema\/logo\/image\/"}}]}},"jetpack_sharing_enabled":true,"_links":{"self":[{"href":"https:\/\/liketones.com\/hr\/wp-json\/wp\/v2\/pages\/849","targetHints":{"allow":["GET"]}}],"collection":[{"href":"https:\/\/liketones.com\/hr\/wp-json\/wp\/v2\/pages"}],"about":[{"href":"https:\/\/liketones.com\/hr\/wp-json\/wp\/v2\/types\/page"}],"author":[{"embeddable":true,"href":"https:\/\/liketones.com\/hr\/wp-json\/wp\/v2\/users\/1"}],"replies":[{"embeddable":true,"href":"https:\/\/liketones.com\/hr\/wp-json\/wp\/v2\/comments?post=849"}],"version-history":[{"count":5,"href":"https:\/\/liketones.com\/hr\/wp-json\/wp\/v2\/pages\/849\/revisions"}],"predecessor-version":[{"id":1613,"href":"https:\/\/liketones.com\/hr\/wp-json\/wp\/v2\/pages\/849\/revisions\/1613"}],"wp:attachment":[{"href":"https:\/\/liketones.com\/hr\/wp-json\/wp\/v2\/media?parent=849"}],"curies":[{"name":"wp","href":"https:\/\/api.w.org\/{rel}","templated":true}]}}