{"id":874,"date":"2023-03-20T10:46:23","date_gmt":"2023-03-20T10:46:23","guid":{"rendered":"https:\/\/liketones.com\/?page_id=874"},"modified":"2023-12-08T20:43:38","modified_gmt":"2023-12-08T20:43:38","slug":"avis-de-confidentialite-tiers","status":"publish","type":"page","link":"https:\/\/liketones.com\/fr\/avis-de-confidentialite-tiers\/","title":{"rendered":"Avis de confidentialit\u00e9 Tiers"},"content":{"rendered":"\t\t<div data-elementor-type=\"wp-page\" data-elementor-id=\"874\" class=\"elementor elementor-874 elementor-27\" data-elementor-post-type=\"page\">\n\t\t\t\t\t\t<section class=\"elementor-section elementor-top-section elementor-element elementor-element-8fc10ea elementor-section-boxed elementor-section-height-default elementor-section-height-default\" data-id=\"8fc10ea\" data-element_type=\"section\" data-e-type=\"section\">\n\t\t\t\t\t\t<div class=\"elementor-container elementor-column-gap-default\">\n\t\t\t\t\t<div class=\"elementor-column elementor-col-100 elementor-top-column elementor-element elementor-element-9796f04\" data-id=\"9796f04\" data-element_type=\"column\" data-e-type=\"column\">\n\t\t\t<div class=\"elementor-widget-wrap elementor-element-populated\">\n\t\t\t\t\t\t<div class=\"elementor-element elementor-element-9cd095d elementor-widget elementor-widget-text-editor\" data-id=\"9cd095d\" data-element_type=\"widget\" data-e-type=\"widget\" data-widget_type=\"text-editor.default\">\n\t\t\t\t<div class=\"elementor-widget-container\">\n\t\t\t\t\t\t\t\t\t<p dir=\"ltr\" style=\"line-height: 1.9871999999999999; background-color: #ffffff; margin-top: 0pt; margin-bottom: 0pt;\">\n<p><i><span style=\"font-weight: 400;\">Derni\u00e8re mise \u00e0 jour le 8 d\u00e9cembre 2023<\/span><\/i><\/p>\n<p><span style=\"font-weight: 400;\">Nous travaillons avec certains partenaires au sein de nos applications mobiles et de nos sites Web pour fournir des composants sociaux, des analyses ainsi que la diffusion de publicit\u00e9s \u00e0 l&rsquo;int\u00e9rieur et \u00e0 l&rsquo;ext\u00e9rieur de notre Service. Ces partenaires peuvent utiliser des cookies, des balises Web, des technologies de stockage et\/ou d&rsquo;autres technologies similaires pour collecter ou recevoir des donn\u00e9es vous concernant, y compris vos visites et votre utilisation de nos sites Web et applications mobiles, et, dans certains cas, peuvent revendiquer des droits de contr\u00f4leur sur votre donn\u00e9es personnelles. Pour plus d&rsquo;informations sur les partenaires que nous utilisons, leurs pratiques de confidentialit\u00e9 et les possibilit\u00e9s de d\u00e9sinscription, veuillez visiter les liens ci-dessous.<\/span><\/p>\n<h4><span style=\"font-weight: 400;\">Google Ads<\/span><\/h4>\n<p><span style=\"font-weight: 400;\">Google Ads est un service publicitaire fourni par Google, Inc.<\/span><\/p>\n<p><span style=\"font-weight: 400;\">Informations de confidentialit\u00e9\u00a0:<\/span><\/p>\n<p><span style=\"font-weight: 400;\">Pour plus d&rsquo;informations sur la mani\u00e8re dont Google, Inc. utilise les informations collect\u00e9es dans le cadre de Google Ads, veuillez consulter leur politique de confidentialit\u00e9 ici\u00a0: <\/span><a href=\"https:\/\/policies.google.com\/privacy\"><span style=\"font-weight: 400;\">https:\/\/policies.google.com\/privacy<\/span><\/a><\/p>\n<p><span style=\"font-weight: 400;\">Vous pouvez d\u00e9sactiver certaines fonctionnalit\u00e9s de Google Ads en visitant ici\u00a0: <\/span><a href=\"https:\/\/adssettings.google.com\/authenticated\"><span style=\"font-weight: 400;\">https:\/\/adssettings.google.com\/authenticated <\/span><\/a><span style=\"font-weight: 400;\">.<\/span><\/p>\n<p><span style=\"font-weight: 400;\">Vous pouvez \u00e9galement contr\u00f4ler l&rsquo;utilisation des identifiants d&rsquo;appareil en utilisant les param\u00e8tres de votre appareil. Pour plus d&rsquo;informations, veuillez visiter ici\u00a0: <\/span><a href=\"https:\/\/support.google.com\/ads\/answer\/1660762#mob\"><span style=\"font-weight: 400;\">https:\/\/support.google.com\/ads\/answer\/1660762#mob<\/span><\/a><\/p>\n<h4><span style=\"font-weight: 400;\">Google Analytics<\/span><\/h4>\n<p><span style=\"font-weight: 400;\">Google Analytics est un service d&rsquo;analyse fourni par Google, Inc.<\/span><\/p>\n<p><span style=\"font-weight: 400;\">Informations de confidentialit\u00e9\u00a0:<\/span><\/p>\n<p><span style=\"font-weight: 400;\">Pour plus d&rsquo;informations sur la mani\u00e8re dont Google, Inc. utilise les informations collect\u00e9es dans le cadre de Google Analytics, veuillez consulter leur politique de confidentialit\u00e9 ici\u00a0: <\/span><a href=\"https:\/\/policies.google.com\/privacy\"><span style=\"font-weight: 400;\">https:\/\/policies.google.com\/privacy<\/span><\/a><\/p>\n<p><span style=\"font-weight: 400;\">Pour plus d&rsquo;informations sur la mani\u00e8re dont Google, Inc. utilise les informations provenant de sites ou d&rsquo;applications qui utilisent ses services en relation avec Google Analytics, veuillez visiter ici\u00a0: <\/span><a href=\"https:\/\/policies.google.com\/technologies\/partner-sites\"><span style=\"font-weight: 400;\">https:\/\/policies.google.com\/technologies\/partner-sites<\/span><\/a><\/p>\n<p><span style=\"font-weight: 400;\">Vous pouvez vous d\u00e9sinscrire de Google Analytics en suivant les instructions fournies ici\u00a0: <\/span><a href=\"https:\/\/support.google.com\/analytics\/answer\/181881\"><span style=\"font-weight: 400;\">https:\/\/support.google.com\/analytics\/answer\/181881 .<\/span><\/a><\/p>\n<h4><span style=\"font-weight: 400;\">Google Tag Manager<\/span><\/h4>\n<p><span style=\"font-weight: 400;\">Google Tag Manager est un service de gestion de balises fourni par Google, Inc.<\/span><\/p>\n<p><span style=\"font-weight: 400;\">Informations de confidentialit\u00e9\u00a0:<\/span><\/p>\n<p><span style=\"font-weight: 400;\">Pour plus d&rsquo;informations sur la mani\u00e8re dont Google, Inc. utilise les informations collect\u00e9es dans le cadre de Google Tag Manager, veuillez consulter leur politique de confidentialit\u00e9 ici\u00a0: <\/span><a href=\"https:\/\/policies.google.com\/privacy\"><span style=\"font-weight: 400;\">https:\/\/policies.google.com\/privacy<\/span><\/a><\/p>\n<h4><span style=\"font-weight: 400;\">Firebase<\/span><\/h4>\n<p><span style=\"font-weight: 400;\">Firebase est une plate-forme de d\u00e9veloppement mobile de Google, Inc., qui fournit des services d&rsquo;analyse.<\/span><\/p>\n<p><span style=\"font-weight: 400;\">Informations de confidentialit\u00e9\u00a0:<\/span><\/p>\n<p><span style=\"font-weight: 400;\">Pour plus d&rsquo;informations sur la mani\u00e8re dont Google, Inc. utilise les informations collect\u00e9es en relation avec Firebase, veuillez consulter leur politique de confidentialit\u00e9 ici\u00a0: <\/span><a href=\"https:\/\/policies.google.com\/privacy\"><span style=\"font-weight: 400;\">https:\/\/policies.google.com\/privacy<\/span><\/a><\/p>\n<p><span style=\"font-weight: 400;\">Pour plus d&rsquo;informations sur la mani\u00e8re dont Google, Inc. utilise les informations provenant de sites ou d&rsquo;applications qui utilisent ses services en relation avec Firebase, veuillez visiter ici\u00a0: <\/span><a href=\"https:\/\/policies.google.com\/technologies\/partner-sites\"><span style=\"font-weight: 400;\">https:\/\/policies.google.com\/technologies\/partner-sites<\/span><\/a><\/p>\n<p><span style=\"font-weight: 400;\">Vous pouvez d\u00e9sactiver certaines fonctionnalit\u00e9s de Firebase en suivant les instructions fournies dans la politique de confidentialit\u00e9 de Google, Inc.<\/span><\/p>\n<h4><span style=\"font-weight: 400;\">RevenueCat<\/span><\/h4>\n<p><span style=\"font-weight: 400;\">Service RevenueCat pour les achats int\u00e9gr\u00e9s.<\/span><\/p>\n<p><span style=\"font-weight: 400;\">Informations de confidentialit\u00e9\u00a0:<\/span><\/p>\n<p><span style=\"font-weight: 400;\">Pour plus d&rsquo;informations sur la mani\u00e8re dont Unity Technologies SF utilise les informations collect\u00e9es dans le cadre d&rsquo;Unity IAP, veuillez consulter leur politique de confidentialit\u00e9 ici\u00a0: <\/span><a href=\"https:\/\/www.revenuecat.com\/privacy\/\"><span style=\"font-weight: 400;\">https:\/\/www.revenuecat.com\/privacy\/<\/span><\/a><\/p>\n\t\t\t\t\t\t\t\t<\/div>\n\t\t\t\t<\/div>\n\t\t\t\t\t<\/div>\n\t\t<\/div>\n\t\t\t\t\t<\/div>\n\t\t<\/section>\n\t\t\t\t<\/div>\n\t\t","protected":false},"excerpt":{"rendered":"<p>Derni\u00e8re mise \u00e0 jour le 8 d\u00e9cembre 2023 Nous travaillons avec certains partenaires au sein de nos applications mobiles et de nos sites Web pour fournir des composants sociaux, des analyses ainsi que la diffusion de publicit\u00e9s \u00e0 l&rsquo;int\u00e9rieur et \u00e0 l&rsquo;ext\u00e9rieur de notre Service. Ces partenaires peuvent utiliser des cookies, des balises Web, des [&hellip;]<\/p>\n","protected":false},"author":1,"featured_media":0,"parent":0,"menu_order":0,"comment_status":"closed","ping_status":"closed","template":"","meta":{"footnotes":""},"class_list":["post-874","page","type-page","status-publish","hentry"],"yoast_head":"<!-- This site is optimized with the Yoast SEO plugin v27.4 - https:\/\/yoast.com\/product\/yoast-seo-wordpress\/ -->\n<title>Avis de confidentialit\u00e9 Tiers - LikeTones<\/title>\n<meta name=\"robots\" content=\"index, follow, max-snippet:-1, max-image-preview:large, max-video-preview:-1\" \/>\n<link rel=\"canonical\" href=\"https:\/\/liketones.com\/fr\/avis-de-confidentialite-tiers\/\" \/>\n<meta property=\"og:locale\" content=\"fr_FR\" \/>\n<meta property=\"og:type\" content=\"article\" \/>\n<meta property=\"og:title\" content=\"Avis de confidentialit\u00e9 Tiers - LikeTones\" \/>\n<meta property=\"og:description\" content=\"Derni\u00e8re mise \u00e0 jour le 8 d\u00e9cembre 2023 Nous travaillons avec certains partenaires au sein de nos applications mobiles et de nos sites Web pour fournir des composants sociaux, des analyses ainsi que la diffusion de publicit\u00e9s \u00e0 l&rsquo;int\u00e9rieur et \u00e0 l&rsquo;ext\u00e9rieur de notre Service. Ces partenaires peuvent utiliser des cookies, des balises Web, des [&hellip;]\" \/>\n<meta property=\"og:url\" content=\"https:\/\/liketones.com\/fr\/avis-de-confidentialite-tiers\/\" \/>\n<meta property=\"og:site_name\" content=\"LikeTones\" \/>\n<meta property=\"article:modified_time\" content=\"2023-12-08T20:43:38+00:00\" \/>\n<meta name=\"twitter:card\" content=\"summary_large_image\" \/>\n<meta name=\"twitter:label1\" content=\"Dur\u00e9e de lecture estim\u00e9e\" \/>\n\t<meta name=\"twitter:data1\" content=\"3 minutes\" \/>\n<script type=\"application\/ld+json\" class=\"yoast-schema-graph\">{\"@context\":\"https:\\\/\\\/schema.org\",\"@graph\":[{\"@type\":\"WebPage\",\"@id\":\"https:\\\/\\\/liketones.com\\\/fr\\\/avis-de-confidentialite-tiers\\\/\",\"url\":\"https:\\\/\\\/liketones.com\\\/fr\\\/avis-de-confidentialite-tiers\\\/\",\"name\":\"Avis de confidentialit\u00e9 Tiers - LikeTones\",\"isPartOf\":{\"@id\":\"https:\\\/\\\/liketones.com\\\/fr\\\/#website\"},\"datePublished\":\"2023-03-20T10:46:23+00:00\",\"dateModified\":\"2023-12-08T20:43:38+00:00\",\"breadcrumb\":{\"@id\":\"https:\\\/\\\/liketones.com\\\/fr\\\/avis-de-confidentialite-tiers\\\/#breadcrumb\"},\"inLanguage\":\"fr-FR\",\"potentialAction\":[{\"@type\":\"ReadAction\",\"target\":[\"https:\\\/\\\/liketones.com\\\/fr\\\/avis-de-confidentialite-tiers\\\/\"]}]},{\"@type\":\"BreadcrumbList\",\"@id\":\"https:\\\/\\\/liketones.com\\\/fr\\\/avis-de-confidentialite-tiers\\\/#breadcrumb\",\"itemListElement\":[{\"@type\":\"ListItem\",\"position\":1,\"name\":\"Home\",\"item\":\"https:\\\/\\\/liketones.com\\\/fr\\\/apprendre-a-jouer-dun-instrument-de-musique-gratuitement\\\/\"},{\"@type\":\"ListItem\",\"position\":2,\"name\":\"Avis de confidentialit\u00e9 Tiers\"}]},{\"@type\":\"WebSite\",\"@id\":\"https:\\\/\\\/liketones.com\\\/fr\\\/#website\",\"url\":\"https:\\\/\\\/liketones.com\\\/fr\\\/\",\"name\":\"LikeTones\",\"description\":\"Learn to play musical instruments\",\"publisher\":{\"@id\":\"https:\\\/\\\/liketones.com\\\/fr\\\/#organization\"},\"potentialAction\":[{\"@type\":\"SearchAction\",\"target\":{\"@type\":\"EntryPoint\",\"urlTemplate\":\"https:\\\/\\\/liketones.com\\\/fr\\\/?s={search_term_string}\"},\"query-input\":{\"@type\":\"PropertyValueSpecification\",\"valueRequired\":true,\"valueName\":\"search_term_string\"}}],\"inLanguage\":\"fr-FR\"},{\"@type\":\"Organization\",\"@id\":\"https:\\\/\\\/liketones.com\\\/fr\\\/#organization\",\"name\":\"LikeTones\",\"url\":\"https:\\\/\\\/liketones.com\\\/fr\\\/\",\"logo\":{\"@type\":\"ImageObject\",\"inLanguage\":\"fr-FR\",\"@id\":\"https:\\\/\\\/liketones.com\\\/fr\\\/#\\\/schema\\\/logo\\\/image\\\/\",\"url\":\"https:\\\/\\\/i0.wp.com\\\/liketones.com\\\/wp-content\\\/uploads\\\/2023\\\/12\\\/liketones_logo.png?fit=440%2C99&ssl=1\",\"contentUrl\":\"https:\\\/\\\/i0.wp.com\\\/liketones.com\\\/wp-content\\\/uploads\\\/2023\\\/12\\\/liketones_logo.png?fit=440%2C99&ssl=1\",\"width\":440,\"height\":99,\"caption\":\"LikeTones\"},\"image\":{\"@id\":\"https:\\\/\\\/liketones.com\\\/fr\\\/#\\\/schema\\\/logo\\\/image\\\/\"}}]}<\/script>\n<!-- \/ Yoast SEO plugin. -->","yoast_head_json":{"title":"Avis de confidentialit\u00e9 Tiers - LikeTones","robots":{"index":"index","follow":"follow","max-snippet":"max-snippet:-1","max-image-preview":"max-image-preview:large","max-video-preview":"max-video-preview:-1"},"canonical":"https:\/\/liketones.com\/fr\/avis-de-confidentialite-tiers\/","og_locale":"fr_FR","og_type":"article","og_title":"Avis de confidentialit\u00e9 Tiers - LikeTones","og_description":"Derni\u00e8re mise \u00e0 jour le 8 d\u00e9cembre 2023 Nous travaillons avec certains partenaires au sein de nos applications mobiles et de nos sites Web pour fournir des composants sociaux, des analyses ainsi que la diffusion de publicit\u00e9s \u00e0 l&rsquo;int\u00e9rieur et \u00e0 l&rsquo;ext\u00e9rieur de notre Service. Ces partenaires peuvent utiliser des cookies, des balises Web, des [&hellip;]","og_url":"https:\/\/liketones.com\/fr\/avis-de-confidentialite-tiers\/","og_site_name":"LikeTones","article_modified_time":"2023-12-08T20:43:38+00:00","twitter_card":"summary_large_image","twitter_misc":{"Dur\u00e9e de lecture estim\u00e9e":"3 minutes"},"schema":{"@context":"https:\/\/schema.org","@graph":[{"@type":"WebPage","@id":"https:\/\/liketones.com\/fr\/avis-de-confidentialite-tiers\/","url":"https:\/\/liketones.com\/fr\/avis-de-confidentialite-tiers\/","name":"Avis de confidentialit\u00e9 Tiers - LikeTones","isPartOf":{"@id":"https:\/\/liketones.com\/fr\/#website"},"datePublished":"2023-03-20T10:46:23+00:00","dateModified":"2023-12-08T20:43:38+00:00","breadcrumb":{"@id":"https:\/\/liketones.com\/fr\/avis-de-confidentialite-tiers\/#breadcrumb"},"inLanguage":"fr-FR","potentialAction":[{"@type":"ReadAction","target":["https:\/\/liketones.com\/fr\/avis-de-confidentialite-tiers\/"]}]},{"@type":"BreadcrumbList","@id":"https:\/\/liketones.com\/fr\/avis-de-confidentialite-tiers\/#breadcrumb","itemListElement":[{"@type":"ListItem","position":1,"name":"Home","item":"https:\/\/liketones.com\/fr\/apprendre-a-jouer-dun-instrument-de-musique-gratuitement\/"},{"@type":"ListItem","position":2,"name":"Avis de confidentialit\u00e9 Tiers"}]},{"@type":"WebSite","@id":"https:\/\/liketones.com\/fr\/#website","url":"https:\/\/liketones.com\/fr\/","name":"LikeTones","description":"Learn to play musical instruments","publisher":{"@id":"https:\/\/liketones.com\/fr\/#organization"},"potentialAction":[{"@type":"SearchAction","target":{"@type":"EntryPoint","urlTemplate":"https:\/\/liketones.com\/fr\/?s={search_term_string}"},"query-input":{"@type":"PropertyValueSpecification","valueRequired":true,"valueName":"search_term_string"}}],"inLanguage":"fr-FR"},{"@type":"Organization","@id":"https:\/\/liketones.com\/fr\/#organization","name":"LikeTones","url":"https:\/\/liketones.com\/fr\/","logo":{"@type":"ImageObject","inLanguage":"fr-FR","@id":"https:\/\/liketones.com\/fr\/#\/schema\/logo\/image\/","url":"https:\/\/i0.wp.com\/liketones.com\/wp-content\/uploads\/2023\/12\/liketones_logo.png?fit=440%2C99&ssl=1","contentUrl":"https:\/\/i0.wp.com\/liketones.com\/wp-content\/uploads\/2023\/12\/liketones_logo.png?fit=440%2C99&ssl=1","width":440,"height":99,"caption":"LikeTones"},"image":{"@id":"https:\/\/liketones.com\/fr\/#\/schema\/logo\/image\/"}}]}},"jetpack_sharing_enabled":true,"_links":{"self":[{"href":"https:\/\/liketones.com\/fr\/wp-json\/wp\/v2\/pages\/874","targetHints":{"allow":["GET"]}}],"collection":[{"href":"https:\/\/liketones.com\/fr\/wp-json\/wp\/v2\/pages"}],"about":[{"href":"https:\/\/liketones.com\/fr\/wp-json\/wp\/v2\/types\/page"}],"author":[{"embeddable":true,"href":"https:\/\/liketones.com\/fr\/wp-json\/wp\/v2\/users\/1"}],"replies":[{"embeddable":true,"href":"https:\/\/liketones.com\/fr\/wp-json\/wp\/v2\/comments?post=874"}],"version-history":[{"count":5,"href":"https:\/\/liketones.com\/fr\/wp-json\/wp\/v2\/pages\/874\/revisions"}],"predecessor-version":[{"id":1618,"href":"https:\/\/liketones.com\/fr\/wp-json\/wp\/v2\/pages\/874\/revisions\/1618"}],"wp:attachment":[{"href":"https:\/\/liketones.com\/fr\/wp-json\/wp\/v2\/media?parent=874"}],"curies":[{"name":"wp","href":"https:\/\/api.w.org\/{rel}","templated":true}]}}