{"id":337,"date":"2023-09-18T12:16:24","date_gmt":"2023-09-18T12:16:24","guid":{"rendered":"https:\/\/liketones.com\/effacer-vos-donnees\/"},"modified":"2023-12-04T13:16:06","modified_gmt":"2023-12-04T13:16:06","slug":"effacer-vos-donnees","status":"publish","type":"page","link":"https:\/\/liketones.com\/fr\/effacer-vos-donnees\/","title":{"rendered":"Effacer vos donn\u00e9es"},"content":{"rendered":"\t\t<div data-elementor-type=\"wp-page\" data-elementor-id=\"337\" class=\"elementor elementor-337 elementor-73\" data-elementor-post-type=\"page\">\n\t\t\t\t\t\t<section class=\"elementor-section elementor-top-section elementor-element elementor-element-fea008c elementor-section-boxed elementor-section-height-default elementor-section-height-default\" data-id=\"fea008c\" data-element_type=\"section\" data-e-type=\"section\">\n\t\t\t\t\t\t<div class=\"elementor-container elementor-column-gap-default\">\n\t\t\t\t\t<div class=\"elementor-column elementor-col-100 elementor-top-column elementor-element elementor-element-d7e9ee3\" data-id=\"d7e9ee3\" data-element_type=\"column\" data-e-type=\"column\">\n\t\t\t<div class=\"elementor-widget-wrap elementor-element-populated\">\n\t\t\t\t\t\t<div class=\"elementor-element elementor-element-12167e3 elementor-widget elementor-widget-text-editor\" data-id=\"12167e3\" data-element_type=\"widget\" data-e-type=\"widget\" data-widget_type=\"text-editor.default\">\n\t\t\t\t<div class=\"elementor-widget-container\">\n\t\t\t\t\t\t\t\t\t<p>Si vous souhaitez supprimer vos donn\u00e9es, ouvrez notre application mobile et cliquez sur le bouton \u00ab\u00a0Supprimer le compte\u00a0\u00bb. Nous supprimerons toutes vos donn\u00e9es de notre syst\u00e8me et d\u00e9sactiverons votre compte.<\/p>\n<p>Dans certaines de nos applications, comme les tuners, nous ne recueillons pas d&rsquo;informations personnelles ; il n&rsquo;y a donc pas de compte d&rsquo;utilisateur. Dans ce cas, vous pouvez d\u00e9sinstaller l&rsquo;application de votre appareil.<\/p>\n<p>Vous avez encore une question sur la suppression de vos donn\u00e9es ? Veuillez nous \u00e9crire \u00e0 l&rsquo;adresse suivante : support@liketones.com<\/p>\t\t\t\t\t\t\t\t<\/div>\n\t\t\t\t<\/div>\n\t\t\t\t\t<\/div>\n\t\t<\/div>\n\t\t\t\t\t<\/div>\n\t\t<\/section>\n\t\t\t\t<\/div>\n\t\t","protected":false},"excerpt":{"rendered":"<p>Si vous souhaitez supprimer vos donn\u00e9es, ouvrez notre application mobile et cliquez sur le bouton \u00ab\u00a0Supprimer le compte\u00a0\u00bb. Nous supprimerons toutes vos donn\u00e9es de notre syst\u00e8me et d\u00e9sactiverons votre compte. Dans certaines de nos applications, comme les tuners, nous ne recueillons pas d&rsquo;informations personnelles ; il n&rsquo;y a donc pas de compte d&rsquo;utilisateur. Dans ce [&hellip;]<\/p>\n","protected":false},"author":1,"featured_media":0,"parent":0,"menu_order":0,"comment_status":"closed","ping_status":"closed","template":"","meta":{"footnotes":""},"class_list":["post-337","page","type-page","status-publish","hentry"],"yoast_head":"<!-- This site is optimized with the Yoast SEO plugin v27.4 - https:\/\/yoast.com\/product\/yoast-seo-wordpress\/ -->\n<title>Effacer vos donn\u00e9es - LikeTones<\/title>\n<meta name=\"robots\" content=\"index, follow, max-snippet:-1, max-image-preview:large, max-video-preview:-1\" \/>\n<link rel=\"canonical\" href=\"https:\/\/liketones.com\/fr\/effacer-vos-donnees\/\" \/>\n<meta property=\"og:locale\" content=\"fr_FR\" \/>\n<meta property=\"og:type\" content=\"article\" \/>\n<meta property=\"og:title\" content=\"Effacer vos donn\u00e9es - LikeTones\" \/>\n<meta property=\"og:description\" content=\"Si vous souhaitez supprimer vos donn\u00e9es, ouvrez notre application mobile et cliquez sur le bouton \u00ab\u00a0Supprimer le compte\u00a0\u00bb. Nous supprimerons toutes vos donn\u00e9es de notre syst\u00e8me et d\u00e9sactiverons votre compte. Dans certaines de nos applications, comme les tuners, nous ne recueillons pas d&rsquo;informations personnelles ; il n&rsquo;y a donc pas de compte d&rsquo;utilisateur. Dans ce [&hellip;]\" \/>\n<meta property=\"og:url\" content=\"https:\/\/liketones.com\/fr\/effacer-vos-donnees\/\" \/>\n<meta property=\"og:site_name\" content=\"LikeTones\" \/>\n<meta property=\"article:modified_time\" content=\"2023-12-04T13:16:06+00:00\" \/>\n<meta name=\"twitter:card\" content=\"summary_large_image\" \/>\n<script type=\"application\/ld+json\" class=\"yoast-schema-graph\">{\"@context\":\"https:\\\/\\\/schema.org\",\"@graph\":[{\"@type\":\"WebPage\",\"@id\":\"https:\\\/\\\/liketones.com\\\/fr\\\/effacer-vos-donnees\\\/\",\"url\":\"https:\\\/\\\/liketones.com\\\/fr\\\/effacer-vos-donnees\\\/\",\"name\":\"Effacer vos donn\u00e9es - LikeTones\",\"isPartOf\":{\"@id\":\"https:\\\/\\\/liketones.com\\\/fr\\\/#website\"},\"datePublished\":\"2023-09-18T12:16:24+00:00\",\"dateModified\":\"2023-12-04T13:16:06+00:00\",\"breadcrumb\":{\"@id\":\"https:\\\/\\\/liketones.com\\\/fr\\\/effacer-vos-donnees\\\/#breadcrumb\"},\"inLanguage\":\"fr-FR\",\"potentialAction\":[{\"@type\":\"ReadAction\",\"target\":[\"https:\\\/\\\/liketones.com\\\/fr\\\/effacer-vos-donnees\\\/\"]}]},{\"@type\":\"BreadcrumbList\",\"@id\":\"https:\\\/\\\/liketones.com\\\/fr\\\/effacer-vos-donnees\\\/#breadcrumb\",\"itemListElement\":[{\"@type\":\"ListItem\",\"position\":1,\"name\":\"Home\",\"item\":\"https:\\\/\\\/liketones.com\\\/fr\\\/apprendre-a-jouer-dun-instrument-de-musique-gratuitement\\\/\"},{\"@type\":\"ListItem\",\"position\":2,\"name\":\"Effacer vos donn\u00e9es\"}]},{\"@type\":\"WebSite\",\"@id\":\"https:\\\/\\\/liketones.com\\\/fr\\\/#website\",\"url\":\"https:\\\/\\\/liketones.com\\\/fr\\\/\",\"name\":\"LikeTones\",\"description\":\"Learn to play musical instruments\",\"publisher\":{\"@id\":\"https:\\\/\\\/liketones.com\\\/fr\\\/#organization\"},\"potentialAction\":[{\"@type\":\"SearchAction\",\"target\":{\"@type\":\"EntryPoint\",\"urlTemplate\":\"https:\\\/\\\/liketones.com\\\/fr\\\/?s={search_term_string}\"},\"query-input\":{\"@type\":\"PropertyValueSpecification\",\"valueRequired\":true,\"valueName\":\"search_term_string\"}}],\"inLanguage\":\"fr-FR\"},{\"@type\":\"Organization\",\"@id\":\"https:\\\/\\\/liketones.com\\\/fr\\\/#organization\",\"name\":\"LikeTones\",\"url\":\"https:\\\/\\\/liketones.com\\\/fr\\\/\",\"logo\":{\"@type\":\"ImageObject\",\"inLanguage\":\"fr-FR\",\"@id\":\"https:\\\/\\\/liketones.com\\\/fr\\\/#\\\/schema\\\/logo\\\/image\\\/\",\"url\":\"https:\\\/\\\/i0.wp.com\\\/liketones.com\\\/wp-content\\\/uploads\\\/2023\\\/12\\\/liketones_logo.png?fit=440%2C99&ssl=1\",\"contentUrl\":\"https:\\\/\\\/i0.wp.com\\\/liketones.com\\\/wp-content\\\/uploads\\\/2023\\\/12\\\/liketones_logo.png?fit=440%2C99&ssl=1\",\"width\":440,\"height\":99,\"caption\":\"LikeTones\"},\"image\":{\"@id\":\"https:\\\/\\\/liketones.com\\\/fr\\\/#\\\/schema\\\/logo\\\/image\\\/\"}}]}<\/script>\n<!-- \/ Yoast SEO plugin. -->","yoast_head_json":{"title":"Effacer vos donn\u00e9es - LikeTones","robots":{"index":"index","follow":"follow","max-snippet":"max-snippet:-1","max-image-preview":"max-image-preview:large","max-video-preview":"max-video-preview:-1"},"canonical":"https:\/\/liketones.com\/fr\/effacer-vos-donnees\/","og_locale":"fr_FR","og_type":"article","og_title":"Effacer vos donn\u00e9es - LikeTones","og_description":"Si vous souhaitez supprimer vos donn\u00e9es, ouvrez notre application mobile et cliquez sur le bouton \u00ab\u00a0Supprimer le compte\u00a0\u00bb. Nous supprimerons toutes vos donn\u00e9es de notre syst\u00e8me et d\u00e9sactiverons votre compte. Dans certaines de nos applications, comme les tuners, nous ne recueillons pas d&rsquo;informations personnelles ; il n&rsquo;y a donc pas de compte d&rsquo;utilisateur. Dans ce [&hellip;]","og_url":"https:\/\/liketones.com\/fr\/effacer-vos-donnees\/","og_site_name":"LikeTones","article_modified_time":"2023-12-04T13:16:06+00:00","twitter_card":"summary_large_image","schema":{"@context":"https:\/\/schema.org","@graph":[{"@type":"WebPage","@id":"https:\/\/liketones.com\/fr\/effacer-vos-donnees\/","url":"https:\/\/liketones.com\/fr\/effacer-vos-donnees\/","name":"Effacer vos donn\u00e9es - LikeTones","isPartOf":{"@id":"https:\/\/liketones.com\/fr\/#website"},"datePublished":"2023-09-18T12:16:24+00:00","dateModified":"2023-12-04T13:16:06+00:00","breadcrumb":{"@id":"https:\/\/liketones.com\/fr\/effacer-vos-donnees\/#breadcrumb"},"inLanguage":"fr-FR","potentialAction":[{"@type":"ReadAction","target":["https:\/\/liketones.com\/fr\/effacer-vos-donnees\/"]}]},{"@type":"BreadcrumbList","@id":"https:\/\/liketones.com\/fr\/effacer-vos-donnees\/#breadcrumb","itemListElement":[{"@type":"ListItem","position":1,"name":"Home","item":"https:\/\/liketones.com\/fr\/apprendre-a-jouer-dun-instrument-de-musique-gratuitement\/"},{"@type":"ListItem","position":2,"name":"Effacer vos donn\u00e9es"}]},{"@type":"WebSite","@id":"https:\/\/liketones.com\/fr\/#website","url":"https:\/\/liketones.com\/fr\/","name":"LikeTones","description":"Learn to play musical instruments","publisher":{"@id":"https:\/\/liketones.com\/fr\/#organization"},"potentialAction":[{"@type":"SearchAction","target":{"@type":"EntryPoint","urlTemplate":"https:\/\/liketones.com\/fr\/?s={search_term_string}"},"query-input":{"@type":"PropertyValueSpecification","valueRequired":true,"valueName":"search_term_string"}}],"inLanguage":"fr-FR"},{"@type":"Organization","@id":"https:\/\/liketones.com\/fr\/#organization","name":"LikeTones","url":"https:\/\/liketones.com\/fr\/","logo":{"@type":"ImageObject","inLanguage":"fr-FR","@id":"https:\/\/liketones.com\/fr\/#\/schema\/logo\/image\/","url":"https:\/\/i0.wp.com\/liketones.com\/wp-content\/uploads\/2023\/12\/liketones_logo.png?fit=440%2C99&ssl=1","contentUrl":"https:\/\/i0.wp.com\/liketones.com\/wp-content\/uploads\/2023\/12\/liketones_logo.png?fit=440%2C99&ssl=1","width":440,"height":99,"caption":"LikeTones"},"image":{"@id":"https:\/\/liketones.com\/fr\/#\/schema\/logo\/image\/"}}]}},"jetpack_sharing_enabled":true,"_links":{"self":[{"href":"https:\/\/liketones.com\/fr\/wp-json\/wp\/v2\/pages\/337","targetHints":{"allow":["GET"]}}],"collection":[{"href":"https:\/\/liketones.com\/fr\/wp-json\/wp\/v2\/pages"}],"about":[{"href":"https:\/\/liketones.com\/fr\/wp-json\/wp\/v2\/types\/page"}],"author":[{"embeddable":true,"href":"https:\/\/liketones.com\/fr\/wp-json\/wp\/v2\/users\/1"}],"replies":[{"embeddable":true,"href":"https:\/\/liketones.com\/fr\/wp-json\/wp\/v2\/comments?post=337"}],"version-history":[{"count":1,"href":"https:\/\/liketones.com\/fr\/wp-json\/wp\/v2\/pages\/337\/revisions"}],"predecessor-version":[{"id":352,"href":"https:\/\/liketones.com\/fr\/wp-json\/wp\/v2\/pages\/337\/revisions\/352"}],"wp:attachment":[{"href":"https:\/\/liketones.com\/fr\/wp-json\/wp\/v2\/media?parent=337"}],"curies":[{"name":"wp","href":"https:\/\/api.w.org\/{rel}","templated":true}]}}