{"id":869,"date":"2023-03-20T10:46:23","date_gmt":"2023-03-20T10:46:23","guid":{"rendered":"https:\/\/liketones.com\/?page_id=869"},"modified":"2023-12-08T20:42:11","modified_gmt":"2023-12-08T20:42:11","slug":"kolmannen-osapuolen-tietosuojailmoitus","status":"publish","type":"page","link":"https:\/\/liketones.com\/fi\/kolmannen-osapuolen-tietosuojailmoitus\/","title":{"rendered":"Kolmannen osapuolen tietosuojailmoitus"},"content":{"rendered":"\t\t<div data-elementor-type=\"wp-page\" data-elementor-id=\"869\" class=\"elementor elementor-869 elementor-27\" data-elementor-post-type=\"page\">\n\t\t\t\t\t\t<section class=\"elementor-section elementor-top-section elementor-element elementor-element-8fc10ea elementor-section-boxed elementor-section-height-default elementor-section-height-default\" data-id=\"8fc10ea\" data-element_type=\"section\" data-e-type=\"section\">\n\t\t\t\t\t\t<div class=\"elementor-container elementor-column-gap-default\">\n\t\t\t\t\t<div class=\"elementor-column elementor-col-100 elementor-top-column elementor-element elementor-element-9796f04\" data-id=\"9796f04\" data-element_type=\"column\" data-e-type=\"column\">\n\t\t\t<div class=\"elementor-widget-wrap elementor-element-populated\">\n\t\t\t\t\t\t<div class=\"elementor-element elementor-element-9cd095d elementor-widget elementor-widget-text-editor\" data-id=\"9cd095d\" data-element_type=\"widget\" data-e-type=\"widget\" data-widget_type=\"text-editor.default\">\n\t\t\t\t<div class=\"elementor-widget-container\">\n\t\t\t\t\t\t\t\t\t<p dir=\"ltr\" style=\"line-height: 1.9871999999999999; background-color: #ffffff; margin-top: 0pt; margin-bottom: 0pt;\">\n<p><i><span style=\"font-weight: 400;\">Viimeisin p\u00e4ivitys 8. joulukuuta 2023<\/span><\/i><\/p>\n<p><span style=\"font-weight: 400;\">Teemme yhteisty\u00f6t\u00e4 tiettyjen kumppaneiden kanssa mobiilisovelluksissamme ja verkkosivustoillamme tarjotaksemme sosiaalisia komponentteja, analytiikkaa sek\u00e4 mainosten n\u00e4ytt\u00e4mist\u00e4 Palvelussamme ja sen ulkopuolella. N\u00e4m\u00e4 kumppanit voivat k\u00e4ytt\u00e4\u00e4 ev\u00e4steit\u00e4, verkkoj\u00e4ljitteit\u00e4, tallennustekniikoita ja\/tai muita vastaavia tekniikoita ker\u00e4t\u00e4kseen tai vastaanottaakseen tietoja sinusta, mukaan lukien vierailusi verkkosivustoillamme ja mobiilisovelluksissamme, ja joissain tapauksissa he voivat vaatia rekisterinpit\u00e4j\u00e4n oikeuksia henkil\u00f6kohtaiset tiedot. Lis\u00e4tietoja k\u00e4ytt\u00e4mist\u00e4mme kumppaneista, heid\u00e4n tietosuojak\u00e4yt\u00e4nn\u00f6ist\u00e4\u00e4n ja kielt\u00e4ytymismahdollisuuksista saat alla olevista linkeist\u00e4.<\/span><\/p>\n<h4><span style=\"font-weight: 400;\">Google Ads<\/span><\/h4>\n<p><span style=\"font-weight: 400;\">Google Ads on Google, Inc:n tarjoama mainospalvelu.<\/span><\/p>\n<p><span style=\"font-weight: 400;\">Tietosuojatiedot:<\/span><\/p>\n<p><span style=\"font-weight: 400;\">Lis\u00e4tietoja siit\u00e4, kuinka Google, Inc. k\u00e4ytt\u00e4\u00e4 ker\u00e4ttyj\u00e4 tietoja Google Adsin yhteydess\u00e4, on heid\u00e4n tietosuojak\u00e4yt\u00e4nn\u00f6ss\u00e4\u00e4n t\u00e4\u00e4ll\u00e4: <\/span><a href=\"https:\/\/policies.google.com\/privacy\"><span style=\"font-weight: 400;\">https:\/\/policies.google.com\/privacy<\/span><\/a><\/p>\n<p><span style=\"font-weight: 400;\">Voit poistaa tietyt Google Adsin ominaisuudet k\u00e4yt\u00f6st\u00e4 osoitteessa <\/span><a href=\"https:\/\/adssettings.google.com\/authenticated\"><span style=\"font-weight: 400;\">https:\/\/adssettings.google.com\/authenticated <\/span><\/a><span style=\"font-weight: 400;\">.<\/span><\/p>\n<p><span style=\"font-weight: 400;\">Vaihtoehtoisesti voit hallita laitetunnisteiden k\u00e4ytt\u00f6\u00e4 k\u00e4ytt\u00e4m\u00e4ll\u00e4 laitteen asetuksia. Lis\u00e4tietoja on t\u00e4\u00e4ll\u00e4: <\/span><a href=\"https:\/\/support.google.com\/ads\/answer\/1660762#mob\"><span style=\"font-weight: 400;\">https:\/\/support.google.com\/ads\/answer\/1660762#mob<\/span><\/a><\/p>\n<h4><span style=\"font-weight: 400;\">Google Analytics<\/span><\/h4>\n<p><span style=\"font-weight: 400;\">Google Analytics on Google, Inc:n tarjoama analytiikkapalvelu.<\/span><\/p>\n<p><span style=\"font-weight: 400;\">Tietosuojatiedot:<\/span><\/p>\n<p><span style=\"font-weight: 400;\">Lis\u00e4tietoja siit\u00e4, miten Google, Inc. k\u00e4ytt\u00e4\u00e4 ker\u00e4ttyj\u00e4 tietoja Google Analyticsin yhteydess\u00e4, on heid\u00e4n tietosuojak\u00e4yt\u00e4nn\u00f6ss\u00e4\u00e4n t\u00e4\u00e4ll\u00e4: <\/span><a href=\"https:\/\/policies.google.com\/privacy\"><span style=\"font-weight: 400;\">https:\/\/policies.google.com\/privacy<\/span><\/a><\/p>\n<p><span style=\"font-weight: 400;\">Lis\u00e4tietoja siit\u00e4, kuinka Google, Inc. k\u00e4ytt\u00e4\u00e4 tietoja sivustoilta tai sovelluksista, jotka k\u00e4ytt\u00e4v\u00e4t sen palveluita Google Analyticsin yhteydess\u00e4, on osoitteessa <\/span><a href=\"https:\/\/policies.google.com\/technologies\/partner-sites\"><span style=\"font-weight: 400;\">https:\/\/policies.google.com\/technologies\/partner-sites<\/span><\/a><\/p>\n<p><span style=\"font-weight: 400;\">Voit poistaa Google Analyticsin k\u00e4yt\u00f6st\u00e4 noudattamalla t\u00e4\u00e4ll\u00e4 olevia ohjeita: <\/span><a href=\"https:\/\/support.google.com\/analytics\/answer\/181881\"><span style=\"font-weight: 400;\">https:\/\/support.google.com\/analytics\/answer\/181881<\/span><\/a><\/p>\n<h4><span style=\"font-weight: 400;\">Google Tag Manager<\/span><\/h4>\n<p><span style=\"font-weight: 400;\">Google Tag Manager on Google, Inc:n tarjoama tagien hallintapalvelu.<\/span><\/p>\n<p><span style=\"font-weight: 400;\">Tietosuojatiedot:<\/span><\/p>\n<p><span style=\"font-weight: 400;\">Lis\u00e4tietoja siit\u00e4, kuinka Google, Inc. k\u00e4ytt\u00e4\u00e4 ker\u00e4ttyj\u00e4 tietoja Google Tag Managerin yhteydess\u00e4, on heid\u00e4n tietosuojak\u00e4yt\u00e4nn\u00f6ss\u00e4\u00e4n t\u00e4\u00e4ll\u00e4: <\/span><a href=\"https:\/\/policies.google.com\/privacy\"><span style=\"font-weight: 400;\">https:\/\/policies.google.com\/privacy<\/span><\/a><\/p>\n<h4><span style=\"font-weight: 400;\">Firebase<\/span><\/h4>\n<p><span style=\"font-weight: 400;\">Firebase on Google Inc:n mobiilikehitysalusta, joka tarjoaa analytiikkapalveluita.<\/span><\/p>\n<p><span style=\"font-weight: 400;\">Tietosuojatiedot:<\/span><\/p>\n<p><span style=\"font-weight: 400;\">Lis\u00e4tietoja siit\u00e4, kuinka Google, Inc. k\u00e4ytt\u00e4\u00e4 ker\u00e4ttyj\u00e4 tietoja Firebasen yhteydess\u00e4, on heid\u00e4n tietosuojak\u00e4yt\u00e4nn\u00f6ss\u00e4\u00e4n t\u00e4\u00e4ll\u00e4: <\/span><a href=\"https:\/\/policies.google.com\/privacy\"><span style=\"font-weight: 400;\">https:\/\/policies.google.com\/privacy<\/span><\/a><\/p>\n<p><span style=\"font-weight: 400;\">Lis\u00e4tietoja siit\u00e4, kuinka Google, Inc. k\u00e4ytt\u00e4\u00e4 tietoja sivustoilta tai sovelluksista, jotka k\u00e4ytt\u00e4v\u00e4t sen palveluita Firebasen yhteydess\u00e4, on osoitteessa <\/span><a href=\"https:\/\/policies.google.com\/technologies\/partner-sites\"><span style=\"font-weight: 400;\">https:\/\/policies.google.com\/technologies\/partner-sites<\/span><\/a><\/p>\n<p><span style=\"font-weight: 400;\">Voit poistaa tietyt Firebasen ominaisuudet k\u00e4yt\u00f6st\u00e4 noudattamalla Google, Inc:n tietosuojak\u00e4yt\u00e4nn\u00f6n ohjeita.<\/span><\/p>\n<h4><span style=\"font-weight: 400;\">RevenueCat<\/span><\/h4>\n<p><span style=\"font-weight: 400;\">RevenueCat-palvelu sovelluksen sis\u00e4isiin ostoihin.<\/span><\/p>\n<p><span style=\"font-weight: 400;\">Tietosuojatiedot:<\/span><\/p>\n<p><span style=\"font-weight: 400;\">Lis\u00e4tietoja siit\u00e4, kuinka Unity Technologies SF k\u00e4ytt\u00e4\u00e4 ker\u00e4ttyj\u00e4 tietoja Unity IAP:n yhteydess\u00e4, on heid\u00e4n tietosuojak\u00e4yt\u00e4nn\u00f6ss\u00e4\u00e4n t\u00e4\u00e4ll\u00e4: <\/span><a href=\"https:\/\/www.revenuecat.com\/privacy\/\"><span style=\"font-weight: 400;\">https:\/\/www.revenuecat.com\/privacy\/<\/span><\/a><\/p>\n\t\t\t\t\t\t\t\t<\/div>\n\t\t\t\t<\/div>\n\t\t\t\t\t<\/div>\n\t\t<\/div>\n\t\t\t\t\t<\/div>\n\t\t<\/section>\n\t\t\t\t<\/div>\n\t\t","protected":false},"excerpt":{"rendered":"<p>Viimeisin p\u00e4ivitys 8. joulukuuta 2023 Teemme yhteisty\u00f6t\u00e4 tiettyjen kumppaneiden kanssa mobiilisovelluksissamme ja verkkosivustoillamme tarjotaksemme sosiaalisia komponentteja, analytiikkaa sek\u00e4 mainosten n\u00e4ytt\u00e4mist\u00e4 Palvelussamme ja sen ulkopuolella. N\u00e4m\u00e4 kumppanit voivat k\u00e4ytt\u00e4\u00e4 ev\u00e4steit\u00e4, verkkoj\u00e4ljitteit\u00e4, tallennustekniikoita ja\/tai muita vastaavia tekniikoita ker\u00e4t\u00e4kseen tai vastaanottaakseen tietoja sinusta, mukaan lukien vierailusi verkkosivustoillamme ja mobiilisovelluksissamme, ja joissain tapauksissa he voivat vaatia rekisterinpit\u00e4j\u00e4n oikeuksia henkil\u00f6kohtaiset [&hellip;]<\/p>\n","protected":false},"author":1,"featured_media":0,"parent":0,"menu_order":0,"comment_status":"closed","ping_status":"closed","template":"","meta":{"footnotes":""},"class_list":["post-869","page","type-page","status-publish","hentry"],"yoast_head":"<!-- This site is optimized with the Yoast SEO plugin v27.4 - https:\/\/yoast.com\/product\/yoast-seo-wordpress\/ -->\n<title>Kolmannen osapuolen tietosuojailmoitus - LikeTones<\/title>\n<meta name=\"robots\" content=\"index, follow, max-snippet:-1, max-image-preview:large, max-video-preview:-1\" \/>\n<link rel=\"canonical\" href=\"https:\/\/liketones.com\/fi\/kolmannen-osapuolen-tietosuojailmoitus\/\" \/>\n<meta property=\"og:locale\" content=\"fi_FI\" \/>\n<meta property=\"og:type\" content=\"article\" \/>\n<meta property=\"og:title\" content=\"Kolmannen osapuolen tietosuojailmoitus - LikeTones\" \/>\n<meta property=\"og:description\" content=\"Viimeisin p\u00e4ivitys 8. joulukuuta 2023 Teemme yhteisty\u00f6t\u00e4 tiettyjen kumppaneiden kanssa mobiilisovelluksissamme ja verkkosivustoillamme tarjotaksemme sosiaalisia komponentteja, analytiikkaa sek\u00e4 mainosten n\u00e4ytt\u00e4mist\u00e4 Palvelussamme ja sen ulkopuolella. N\u00e4m\u00e4 kumppanit voivat k\u00e4ytt\u00e4\u00e4 ev\u00e4steit\u00e4, verkkoj\u00e4ljitteit\u00e4, tallennustekniikoita ja\/tai muita vastaavia tekniikoita ker\u00e4t\u00e4kseen tai vastaanottaakseen tietoja sinusta, mukaan lukien vierailusi verkkosivustoillamme ja mobiilisovelluksissamme, ja joissain tapauksissa he voivat vaatia rekisterinpit\u00e4j\u00e4n oikeuksia henkil\u00f6kohtaiset [&hellip;]\" \/>\n<meta property=\"og:url\" content=\"https:\/\/liketones.com\/fi\/kolmannen-osapuolen-tietosuojailmoitus\/\" \/>\n<meta property=\"og:site_name\" content=\"LikeTones\" \/>\n<meta property=\"article:modified_time\" content=\"2023-12-08T20:42:11+00:00\" \/>\n<meta name=\"twitter:card\" content=\"summary_large_image\" \/>\n<meta name=\"twitter:label1\" content=\"Arvioitu lukuaika\" \/>\n\t<meta name=\"twitter:data1\" content=\"2 minuuttia\" \/>\n<script type=\"application\/ld+json\" class=\"yoast-schema-graph\">{\"@context\":\"https:\\\/\\\/schema.org\",\"@graph\":[{\"@type\":\"WebPage\",\"@id\":\"https:\\\/\\\/liketones.com\\\/fi\\\/kolmannen-osapuolen-tietosuojailmoitus\\\/\",\"url\":\"https:\\\/\\\/liketones.com\\\/fi\\\/kolmannen-osapuolen-tietosuojailmoitus\\\/\",\"name\":\"Kolmannen osapuolen tietosuojailmoitus - LikeTones\",\"isPartOf\":{\"@id\":\"https:\\\/\\\/liketones.com\\\/fi\\\/#website\"},\"datePublished\":\"2023-03-20T10:46:23+00:00\",\"dateModified\":\"2023-12-08T20:42:11+00:00\",\"breadcrumb\":{\"@id\":\"https:\\\/\\\/liketones.com\\\/fi\\\/kolmannen-osapuolen-tietosuojailmoitus\\\/#breadcrumb\"},\"inLanguage\":\"fi\",\"potentialAction\":[{\"@type\":\"ReadAction\",\"target\":[\"https:\\\/\\\/liketones.com\\\/fi\\\/kolmannen-osapuolen-tietosuojailmoitus\\\/\"]}]},{\"@type\":\"BreadcrumbList\",\"@id\":\"https:\\\/\\\/liketones.com\\\/fi\\\/kolmannen-osapuolen-tietosuojailmoitus\\\/#breadcrumb\",\"itemListElement\":[{\"@type\":\"ListItem\",\"position\":1,\"name\":\"Home\",\"item\":\"https:\\\/\\\/liketones.com\\\/fi\\\/opi-soittamaan-soittimia-ilmaiseksi\\\/\"},{\"@type\":\"ListItem\",\"position\":2,\"name\":\"Kolmannen osapuolen tietosuojailmoitus\"}]},{\"@type\":\"WebSite\",\"@id\":\"https:\\\/\\\/liketones.com\\\/fi\\\/#website\",\"url\":\"https:\\\/\\\/liketones.com\\\/fi\\\/\",\"name\":\"LikeTones\",\"description\":\"Learn to play musical instruments\",\"publisher\":{\"@id\":\"https:\\\/\\\/liketones.com\\\/fi\\\/#organization\"},\"potentialAction\":[{\"@type\":\"SearchAction\",\"target\":{\"@type\":\"EntryPoint\",\"urlTemplate\":\"https:\\\/\\\/liketones.com\\\/fi\\\/?s={search_term_string}\"},\"query-input\":{\"@type\":\"PropertyValueSpecification\",\"valueRequired\":true,\"valueName\":\"search_term_string\"}}],\"inLanguage\":\"fi\"},{\"@type\":\"Organization\",\"@id\":\"https:\\\/\\\/liketones.com\\\/fi\\\/#organization\",\"name\":\"LikeTones\",\"url\":\"https:\\\/\\\/liketones.com\\\/fi\\\/\",\"logo\":{\"@type\":\"ImageObject\",\"inLanguage\":\"fi\",\"@id\":\"https:\\\/\\\/liketones.com\\\/fi\\\/#\\\/schema\\\/logo\\\/image\\\/\",\"url\":\"https:\\\/\\\/i0.wp.com\\\/liketones.com\\\/wp-content\\\/uploads\\\/2023\\\/12\\\/liketones_logo.png?fit=440%2C99&ssl=1\",\"contentUrl\":\"https:\\\/\\\/i0.wp.com\\\/liketones.com\\\/wp-content\\\/uploads\\\/2023\\\/12\\\/liketones_logo.png?fit=440%2C99&ssl=1\",\"width\":440,\"height\":99,\"caption\":\"LikeTones\"},\"image\":{\"@id\":\"https:\\\/\\\/liketones.com\\\/fi\\\/#\\\/schema\\\/logo\\\/image\\\/\"}}]}<\/script>\n<!-- \/ Yoast SEO plugin. -->","yoast_head_json":{"title":"Kolmannen osapuolen tietosuojailmoitus - LikeTones","robots":{"index":"index","follow":"follow","max-snippet":"max-snippet:-1","max-image-preview":"max-image-preview:large","max-video-preview":"max-video-preview:-1"},"canonical":"https:\/\/liketones.com\/fi\/kolmannen-osapuolen-tietosuojailmoitus\/","og_locale":"fi_FI","og_type":"article","og_title":"Kolmannen osapuolen tietosuojailmoitus - LikeTones","og_description":"Viimeisin p\u00e4ivitys 8. joulukuuta 2023 Teemme yhteisty\u00f6t\u00e4 tiettyjen kumppaneiden kanssa mobiilisovelluksissamme ja verkkosivustoillamme tarjotaksemme sosiaalisia komponentteja, analytiikkaa sek\u00e4 mainosten n\u00e4ytt\u00e4mist\u00e4 Palvelussamme ja sen ulkopuolella. N\u00e4m\u00e4 kumppanit voivat k\u00e4ytt\u00e4\u00e4 ev\u00e4steit\u00e4, verkkoj\u00e4ljitteit\u00e4, tallennustekniikoita ja\/tai muita vastaavia tekniikoita ker\u00e4t\u00e4kseen tai vastaanottaakseen tietoja sinusta, mukaan lukien vierailusi verkkosivustoillamme ja mobiilisovelluksissamme, ja joissain tapauksissa he voivat vaatia rekisterinpit\u00e4j\u00e4n oikeuksia henkil\u00f6kohtaiset [&hellip;]","og_url":"https:\/\/liketones.com\/fi\/kolmannen-osapuolen-tietosuojailmoitus\/","og_site_name":"LikeTones","article_modified_time":"2023-12-08T20:42:11+00:00","twitter_card":"summary_large_image","twitter_misc":{"Arvioitu lukuaika":"2 minuuttia"},"schema":{"@context":"https:\/\/schema.org","@graph":[{"@type":"WebPage","@id":"https:\/\/liketones.com\/fi\/kolmannen-osapuolen-tietosuojailmoitus\/","url":"https:\/\/liketones.com\/fi\/kolmannen-osapuolen-tietosuojailmoitus\/","name":"Kolmannen osapuolen tietosuojailmoitus - LikeTones","isPartOf":{"@id":"https:\/\/liketones.com\/fi\/#website"},"datePublished":"2023-03-20T10:46:23+00:00","dateModified":"2023-12-08T20:42:11+00:00","breadcrumb":{"@id":"https:\/\/liketones.com\/fi\/kolmannen-osapuolen-tietosuojailmoitus\/#breadcrumb"},"inLanguage":"fi","potentialAction":[{"@type":"ReadAction","target":["https:\/\/liketones.com\/fi\/kolmannen-osapuolen-tietosuojailmoitus\/"]}]},{"@type":"BreadcrumbList","@id":"https:\/\/liketones.com\/fi\/kolmannen-osapuolen-tietosuojailmoitus\/#breadcrumb","itemListElement":[{"@type":"ListItem","position":1,"name":"Home","item":"https:\/\/liketones.com\/fi\/opi-soittamaan-soittimia-ilmaiseksi\/"},{"@type":"ListItem","position":2,"name":"Kolmannen osapuolen tietosuojailmoitus"}]},{"@type":"WebSite","@id":"https:\/\/liketones.com\/fi\/#website","url":"https:\/\/liketones.com\/fi\/","name":"LikeTones","description":"Learn to play musical instruments","publisher":{"@id":"https:\/\/liketones.com\/fi\/#organization"},"potentialAction":[{"@type":"SearchAction","target":{"@type":"EntryPoint","urlTemplate":"https:\/\/liketones.com\/fi\/?s={search_term_string}"},"query-input":{"@type":"PropertyValueSpecification","valueRequired":true,"valueName":"search_term_string"}}],"inLanguage":"fi"},{"@type":"Organization","@id":"https:\/\/liketones.com\/fi\/#organization","name":"LikeTones","url":"https:\/\/liketones.com\/fi\/","logo":{"@type":"ImageObject","inLanguage":"fi","@id":"https:\/\/liketones.com\/fi\/#\/schema\/logo\/image\/","url":"https:\/\/i0.wp.com\/liketones.com\/wp-content\/uploads\/2023\/12\/liketones_logo.png?fit=440%2C99&ssl=1","contentUrl":"https:\/\/i0.wp.com\/liketones.com\/wp-content\/uploads\/2023\/12\/liketones_logo.png?fit=440%2C99&ssl=1","width":440,"height":99,"caption":"LikeTones"},"image":{"@id":"https:\/\/liketones.com\/fi\/#\/schema\/logo\/image\/"}}]}},"jetpack_sharing_enabled":true,"_links":{"self":[{"href":"https:\/\/liketones.com\/fi\/wp-json\/wp\/v2\/pages\/869","targetHints":{"allow":["GET"]}}],"collection":[{"href":"https:\/\/liketones.com\/fi\/wp-json\/wp\/v2\/pages"}],"about":[{"href":"https:\/\/liketones.com\/fi\/wp-json\/wp\/v2\/types\/page"}],"author":[{"embeddable":true,"href":"https:\/\/liketones.com\/fi\/wp-json\/wp\/v2\/users\/1"}],"replies":[{"embeddable":true,"href":"https:\/\/liketones.com\/fi\/wp-json\/wp\/v2\/comments?post=869"}],"version-history":[{"count":5,"href":"https:\/\/liketones.com\/fi\/wp-json\/wp\/v2\/pages\/869\/revisions"}],"predecessor-version":[{"id":1617,"href":"https:\/\/liketones.com\/fi\/wp-json\/wp\/v2\/pages\/869\/revisions\/1617"}],"wp:attachment":[{"href":"https:\/\/liketones.com\/fi\/wp-json\/wp\/v2\/media?parent=869"}],"curies":[{"name":"wp","href":"https:\/\/api.w.org\/{rel}","templated":true}]}}