{"id":361,"date":"2023-04-28T08:19:59","date_gmt":"2023-04-28T08:19:59","guid":{"rendered":"https:\/\/liketones.com\/tuki\/"},"modified":"2023-12-11T09:56:32","modified_gmt":"2023-12-11T09:56:32","slug":"tuki","status":"publish","type":"page","link":"https:\/\/liketones.com\/fi\/tuki\/","title":{"rendered":"Apu ja tuki"},"content":{"rendered":"\t\t<div data-elementor-type=\"wp-page\" data-elementor-id=\"361\" class=\"elementor elementor-361 elementor-50\" data-elementor-post-type=\"page\">\n\t\t\t\t\t\t<section class=\"elementor-section elementor-top-section elementor-element elementor-element-b5f972c elementor-section-boxed elementor-section-height-default elementor-section-height-default\" data-id=\"b5f972c\" data-element_type=\"section\" data-e-type=\"section\">\n\t\t\t\t\t\t<div class=\"elementor-container elementor-column-gap-default\">\n\t\t\t\t\t<div class=\"elementor-column elementor-col-100 elementor-top-column elementor-element elementor-element-ff518c5\" data-id=\"ff518c5\" data-element_type=\"column\" data-e-type=\"column\">\n\t\t\t<div class=\"elementor-widget-wrap elementor-element-populated\">\n\t\t\t\t\t\t<div class=\"elementor-element elementor-element-f41ea88 elementor-widget elementor-widget-text-editor\" data-id=\"f41ea88\" data-element_type=\"widget\" data-e-type=\"widget\" data-widget_type=\"text-editor.default\">\n\t\t\t\t<div class=\"elementor-widget-container\">\n\t\t\t\t\t\t\t\t\t<p>Onko sinulla kysytt\u00e4v\u00e4\u00e4 sovelluksistamme? L\u00e4het\u00e4 pyynt\u00f6si tukitiimillemme osoitteeseen <a href=\"mailto:support@liketones.com\">support@liketones.com<\/a>.<\/p>\n\t\t\t\t\t\t\t\t<\/div>\n\t\t\t\t<\/div>\n\t\t\t\t\t<\/div>\n\t\t<\/div>\n\t\t\t\t\t<\/div>\n\t\t<\/section>\n\t\t\t\t<\/div>\n\t\t","protected":false},"excerpt":{"rendered":"<p>Onko sinulla kysytt\u00e4v\u00e4\u00e4 sovelluksistamme? L\u00e4het\u00e4 pyynt\u00f6si tukitiimillemme osoitteeseen support@liketones.com.<\/p>\n","protected":false},"author":1,"featured_media":0,"parent":0,"menu_order":0,"comment_status":"closed","ping_status":"closed","template":"","meta":{"footnotes":""},"class_list":["post-361","page","type-page","status-publish","hentry"],"yoast_head":"<!-- This site is optimized with the Yoast SEO plugin v27.4 - https:\/\/yoast.com\/product\/yoast-seo-wordpress\/ -->\n<title>Apu ja tuki - LikeTones<\/title>\n<meta name=\"robots\" content=\"index, follow, max-snippet:-1, max-image-preview:large, max-video-preview:-1\" \/>\n<link rel=\"canonical\" href=\"https:\/\/liketones.com\/fi\/tuki\/\" \/>\n<meta property=\"og:locale\" content=\"fi_FI\" \/>\n<meta property=\"og:type\" content=\"article\" \/>\n<meta property=\"og:title\" content=\"Apu ja tuki - LikeTones\" \/>\n<meta property=\"og:description\" content=\"Onko sinulla kysytt\u00e4v\u00e4\u00e4 sovelluksistamme? L\u00e4het\u00e4 pyynt\u00f6si tukitiimillemme osoitteeseen support@liketones.com.\" \/>\n<meta property=\"og:url\" content=\"https:\/\/liketones.com\/fi\/tuki\/\" \/>\n<meta property=\"og:site_name\" content=\"LikeTones\" \/>\n<meta property=\"article:modified_time\" content=\"2023-12-11T09:56:32+00:00\" \/>\n<meta name=\"twitter:card\" content=\"summary_large_image\" \/>\n<script type=\"application\/ld+json\" class=\"yoast-schema-graph\">{\"@context\":\"https:\\\/\\\/schema.org\",\"@graph\":[{\"@type\":\"WebPage\",\"@id\":\"https:\\\/\\\/liketones.com\\\/fi\\\/tuki\\\/\",\"url\":\"https:\\\/\\\/liketones.com\\\/fi\\\/tuki\\\/\",\"name\":\"Apu ja tuki - LikeTones\",\"isPartOf\":{\"@id\":\"https:\\\/\\\/liketones.com\\\/fi\\\/#website\"},\"datePublished\":\"2023-04-28T08:19:59+00:00\",\"dateModified\":\"2023-12-11T09:56:32+00:00\",\"breadcrumb\":{\"@id\":\"https:\\\/\\\/liketones.com\\\/fi\\\/tuki\\\/#breadcrumb\"},\"inLanguage\":\"fi\",\"potentialAction\":[{\"@type\":\"ReadAction\",\"target\":[\"https:\\\/\\\/liketones.com\\\/fi\\\/tuki\\\/\"]}]},{\"@type\":\"BreadcrumbList\",\"@id\":\"https:\\\/\\\/liketones.com\\\/fi\\\/tuki\\\/#breadcrumb\",\"itemListElement\":[{\"@type\":\"ListItem\",\"position\":1,\"name\":\"Home\",\"item\":\"https:\\\/\\\/liketones.com\\\/fi\\\/opi-soittamaan-soittimia-ilmaiseksi\\\/\"},{\"@type\":\"ListItem\",\"position\":2,\"name\":\"Apu ja tuki\"}]},{\"@type\":\"WebSite\",\"@id\":\"https:\\\/\\\/liketones.com\\\/fi\\\/#website\",\"url\":\"https:\\\/\\\/liketones.com\\\/fi\\\/\",\"name\":\"LikeTones\",\"description\":\"Learn to play musical instruments\",\"publisher\":{\"@id\":\"https:\\\/\\\/liketones.com\\\/fi\\\/#organization\"},\"potentialAction\":[{\"@type\":\"SearchAction\",\"target\":{\"@type\":\"EntryPoint\",\"urlTemplate\":\"https:\\\/\\\/liketones.com\\\/fi\\\/?s={search_term_string}\"},\"query-input\":{\"@type\":\"PropertyValueSpecification\",\"valueRequired\":true,\"valueName\":\"search_term_string\"}}],\"inLanguage\":\"fi\"},{\"@type\":\"Organization\",\"@id\":\"https:\\\/\\\/liketones.com\\\/fi\\\/#organization\",\"name\":\"LikeTones\",\"url\":\"https:\\\/\\\/liketones.com\\\/fi\\\/\",\"logo\":{\"@type\":\"ImageObject\",\"inLanguage\":\"fi\",\"@id\":\"https:\\\/\\\/liketones.com\\\/fi\\\/#\\\/schema\\\/logo\\\/image\\\/\",\"url\":\"https:\\\/\\\/i0.wp.com\\\/liketones.com\\\/wp-content\\\/uploads\\\/2023\\\/12\\\/liketones_logo.png?fit=440%2C99&ssl=1\",\"contentUrl\":\"https:\\\/\\\/i0.wp.com\\\/liketones.com\\\/wp-content\\\/uploads\\\/2023\\\/12\\\/liketones_logo.png?fit=440%2C99&ssl=1\",\"width\":440,\"height\":99,\"caption\":\"LikeTones\"},\"image\":{\"@id\":\"https:\\\/\\\/liketones.com\\\/fi\\\/#\\\/schema\\\/logo\\\/image\\\/\"}}]}<\/script>\n<!-- \/ Yoast SEO plugin. -->","yoast_head_json":{"title":"Apu ja tuki - LikeTones","robots":{"index":"index","follow":"follow","max-snippet":"max-snippet:-1","max-image-preview":"max-image-preview:large","max-video-preview":"max-video-preview:-1"},"canonical":"https:\/\/liketones.com\/fi\/tuki\/","og_locale":"fi_FI","og_type":"article","og_title":"Apu ja tuki - LikeTones","og_description":"Onko sinulla kysytt\u00e4v\u00e4\u00e4 sovelluksistamme? L\u00e4het\u00e4 pyynt\u00f6si tukitiimillemme osoitteeseen support@liketones.com.","og_url":"https:\/\/liketones.com\/fi\/tuki\/","og_site_name":"LikeTones","article_modified_time":"2023-12-11T09:56:32+00:00","twitter_card":"summary_large_image","schema":{"@context":"https:\/\/schema.org","@graph":[{"@type":"WebPage","@id":"https:\/\/liketones.com\/fi\/tuki\/","url":"https:\/\/liketones.com\/fi\/tuki\/","name":"Apu ja tuki - LikeTones","isPartOf":{"@id":"https:\/\/liketones.com\/fi\/#website"},"datePublished":"2023-04-28T08:19:59+00:00","dateModified":"2023-12-11T09:56:32+00:00","breadcrumb":{"@id":"https:\/\/liketones.com\/fi\/tuki\/#breadcrumb"},"inLanguage":"fi","potentialAction":[{"@type":"ReadAction","target":["https:\/\/liketones.com\/fi\/tuki\/"]}]},{"@type":"BreadcrumbList","@id":"https:\/\/liketones.com\/fi\/tuki\/#breadcrumb","itemListElement":[{"@type":"ListItem","position":1,"name":"Home","item":"https:\/\/liketones.com\/fi\/opi-soittamaan-soittimia-ilmaiseksi\/"},{"@type":"ListItem","position":2,"name":"Apu ja tuki"}]},{"@type":"WebSite","@id":"https:\/\/liketones.com\/fi\/#website","url":"https:\/\/liketones.com\/fi\/","name":"LikeTones","description":"Learn to play musical instruments","publisher":{"@id":"https:\/\/liketones.com\/fi\/#organization"},"potentialAction":[{"@type":"SearchAction","target":{"@type":"EntryPoint","urlTemplate":"https:\/\/liketones.com\/fi\/?s={search_term_string}"},"query-input":{"@type":"PropertyValueSpecification","valueRequired":true,"valueName":"search_term_string"}}],"inLanguage":"fi"},{"@type":"Organization","@id":"https:\/\/liketones.com\/fi\/#organization","name":"LikeTones","url":"https:\/\/liketones.com\/fi\/","logo":{"@type":"ImageObject","inLanguage":"fi","@id":"https:\/\/liketones.com\/fi\/#\/schema\/logo\/image\/","url":"https:\/\/i0.wp.com\/liketones.com\/wp-content\/uploads\/2023\/12\/liketones_logo.png?fit=440%2C99&ssl=1","contentUrl":"https:\/\/i0.wp.com\/liketones.com\/wp-content\/uploads\/2023\/12\/liketones_logo.png?fit=440%2C99&ssl=1","width":440,"height":99,"caption":"LikeTones"},"image":{"@id":"https:\/\/liketones.com\/fi\/#\/schema\/logo\/image\/"}}]}},"jetpack_sharing_enabled":true,"_links":{"self":[{"href":"https:\/\/liketones.com\/fi\/wp-json\/wp\/v2\/pages\/361","targetHints":{"allow":["GET"]}}],"collection":[{"href":"https:\/\/liketones.com\/fi\/wp-json\/wp\/v2\/pages"}],"about":[{"href":"https:\/\/liketones.com\/fi\/wp-json\/wp\/v2\/types\/page"}],"author":[{"embeddable":true,"href":"https:\/\/liketones.com\/fi\/wp-json\/wp\/v2\/users\/1"}],"replies":[{"embeddable":true,"href":"https:\/\/liketones.com\/fi\/wp-json\/wp\/v2\/comments?post=361"}],"version-history":[{"count":2,"href":"https:\/\/liketones.com\/fi\/wp-json\/wp\/v2\/pages\/361\/revisions"}],"predecessor-version":[{"id":1649,"href":"https:\/\/liketones.com\/fi\/wp-json\/wp\/v2\/pages\/361\/revisions\/1649"}],"wp:attachment":[{"href":"https:\/\/liketones.com\/fi\/wp-json\/wp\/v2\/media?parent=361"}],"curies":[{"name":"wp","href":"https:\/\/api.w.org\/{rel}","templated":true}]}}