{"id":318,"date":"2023-09-18T12:16:24","date_gmt":"2023-09-18T12:16:24","guid":{"rendered":"https:\/\/liketones.com\/poista-tietosi\/"},"modified":"2023-12-04T13:16:06","modified_gmt":"2023-12-04T13:16:06","slug":"poista-tietosi","status":"publish","type":"page","link":"https:\/\/liketones.com\/fi\/poista-tietosi\/","title":{"rendered":"Poista tietosi"},"content":{"rendered":"\t\t<div data-elementor-type=\"wp-page\" data-elementor-id=\"318\" class=\"elementor elementor-318 elementor-73\" data-elementor-post-type=\"page\">\n\t\t\t\t\t\t<section class=\"elementor-section elementor-top-section elementor-element elementor-element-fea008c elementor-section-boxed elementor-section-height-default elementor-section-height-default\" data-id=\"fea008c\" data-element_type=\"section\" data-e-type=\"section\">\n\t\t\t\t\t\t<div class=\"elementor-container elementor-column-gap-default\">\n\t\t\t\t\t<div class=\"elementor-column elementor-col-100 elementor-top-column elementor-element elementor-element-d7e9ee3\" data-id=\"d7e9ee3\" data-element_type=\"column\" data-e-type=\"column\">\n\t\t\t<div class=\"elementor-widget-wrap elementor-element-populated\">\n\t\t\t\t\t\t<div class=\"elementor-element elementor-element-12167e3 elementor-widget elementor-widget-text-editor\" data-id=\"12167e3\" data-element_type=\"widget\" data-e-type=\"widget\" data-widget_type=\"text-editor.default\">\n\t\t\t\t<div class=\"elementor-widget-container\">\n\t\t\t\t\t\t\t\t\t<p>Jos haluat poistaa tietosi, avaa mobiilisovelluksemme ja napsauta &#8221;Poista tili&#8221; -painiketta. Poistamme kaikki tietosi j\u00e4rjestelm\u00e4st\u00e4mme ja poistamme tilisi k\u00e4yt\u00f6st\u00e4.<\/p>\n<p>Joissakin sovelluksissamme, kuten virittimiss\u00e4, emme ker\u00e4\u00e4 henkil\u00f6kohtaisia tietoja, joten niiss\u00e4 ei ole k\u00e4ytt\u00e4j\u00e4tili\u00e4. Siin\u00e4 tapauksessa voit poistaa sovelluksen laitteestasi.<\/p>\n<p>Onko sinulla viel\u00e4 kysytt\u00e4v\u00e4\u00e4 tietojen poistamisesta? Kirjoita meille osoitteeseen support@liketones.com<\/p>\t\t\t\t\t\t\t\t<\/div>\n\t\t\t\t<\/div>\n\t\t\t\t\t<\/div>\n\t\t<\/div>\n\t\t\t\t\t<\/div>\n\t\t<\/section>\n\t\t\t\t<\/div>\n\t\t","protected":false},"excerpt":{"rendered":"<p>Jos haluat poistaa tietosi, avaa mobiilisovelluksemme ja napsauta &#8221;Poista tili&#8221; -painiketta. Poistamme kaikki tietosi j\u00e4rjestelm\u00e4st\u00e4mme ja poistamme tilisi k\u00e4yt\u00f6st\u00e4. Joissakin sovelluksissamme, kuten virittimiss\u00e4, emme ker\u00e4\u00e4 henkil\u00f6kohtaisia tietoja, joten niiss\u00e4 ei ole k\u00e4ytt\u00e4j\u00e4tili\u00e4. Siin\u00e4 tapauksessa voit poistaa sovelluksen laitteestasi. Onko sinulla viel\u00e4 kysytt\u00e4v\u00e4\u00e4 tietojen poistamisesta? Kirjoita meille osoitteeseen support@liketones.com<\/p>\n","protected":false},"author":1,"featured_media":0,"parent":0,"menu_order":0,"comment_status":"closed","ping_status":"closed","template":"","meta":{"footnotes":""},"class_list":["post-318","page","type-page","status-publish","hentry"],"yoast_head":"<!-- This site is optimized with the Yoast SEO plugin v27.4 - https:\/\/yoast.com\/product\/yoast-seo-wordpress\/ -->\n<title>Poista tietosi - LikeTones<\/title>\n<meta name=\"robots\" content=\"index, follow, max-snippet:-1, max-image-preview:large, max-video-preview:-1\" \/>\n<link rel=\"canonical\" href=\"https:\/\/liketones.com\/fi\/poista-tietosi\/\" \/>\n<meta property=\"og:locale\" content=\"fi_FI\" \/>\n<meta property=\"og:type\" content=\"article\" \/>\n<meta property=\"og:title\" content=\"Poista tietosi - LikeTones\" \/>\n<meta property=\"og:description\" content=\"Jos haluat poistaa tietosi, avaa mobiilisovelluksemme ja napsauta &#8221;Poista tili&#8221; -painiketta. Poistamme kaikki tietosi j\u00e4rjestelm\u00e4st\u00e4mme ja poistamme tilisi k\u00e4yt\u00f6st\u00e4. Joissakin sovelluksissamme, kuten virittimiss\u00e4, emme ker\u00e4\u00e4 henkil\u00f6kohtaisia tietoja, joten niiss\u00e4 ei ole k\u00e4ytt\u00e4j\u00e4tili\u00e4. Siin\u00e4 tapauksessa voit poistaa sovelluksen laitteestasi. Onko sinulla viel\u00e4 kysytt\u00e4v\u00e4\u00e4 tietojen poistamisesta? Kirjoita meille osoitteeseen support@liketones.com\" \/>\n<meta property=\"og:url\" content=\"https:\/\/liketones.com\/fi\/poista-tietosi\/\" \/>\n<meta property=\"og:site_name\" content=\"LikeTones\" \/>\n<meta property=\"article:modified_time\" content=\"2023-12-04T13:16:06+00:00\" \/>\n<meta name=\"twitter:card\" content=\"summary_large_image\" \/>\n<script type=\"application\/ld+json\" class=\"yoast-schema-graph\">{\"@context\":\"https:\\\/\\\/schema.org\",\"@graph\":[{\"@type\":\"WebPage\",\"@id\":\"https:\\\/\\\/liketones.com\\\/fi\\\/poista-tietosi\\\/\",\"url\":\"https:\\\/\\\/liketones.com\\\/fi\\\/poista-tietosi\\\/\",\"name\":\"Poista tietosi - LikeTones\",\"isPartOf\":{\"@id\":\"https:\\\/\\\/liketones.com\\\/fi\\\/#website\"},\"datePublished\":\"2023-09-18T12:16:24+00:00\",\"dateModified\":\"2023-12-04T13:16:06+00:00\",\"breadcrumb\":{\"@id\":\"https:\\\/\\\/liketones.com\\\/fi\\\/poista-tietosi\\\/#breadcrumb\"},\"inLanguage\":\"fi\",\"potentialAction\":[{\"@type\":\"ReadAction\",\"target\":[\"https:\\\/\\\/liketones.com\\\/fi\\\/poista-tietosi\\\/\"]}]},{\"@type\":\"BreadcrumbList\",\"@id\":\"https:\\\/\\\/liketones.com\\\/fi\\\/poista-tietosi\\\/#breadcrumb\",\"itemListElement\":[{\"@type\":\"ListItem\",\"position\":1,\"name\":\"Home\",\"item\":\"https:\\\/\\\/liketones.com\\\/fi\\\/opi-soittamaan-soittimia-ilmaiseksi\\\/\"},{\"@type\":\"ListItem\",\"position\":2,\"name\":\"Poista tietosi\"}]},{\"@type\":\"WebSite\",\"@id\":\"https:\\\/\\\/liketones.com\\\/fi\\\/#website\",\"url\":\"https:\\\/\\\/liketones.com\\\/fi\\\/\",\"name\":\"LikeTones\",\"description\":\"Learn to play musical instruments\",\"publisher\":{\"@id\":\"https:\\\/\\\/liketones.com\\\/fi\\\/#organization\"},\"potentialAction\":[{\"@type\":\"SearchAction\",\"target\":{\"@type\":\"EntryPoint\",\"urlTemplate\":\"https:\\\/\\\/liketones.com\\\/fi\\\/?s={search_term_string}\"},\"query-input\":{\"@type\":\"PropertyValueSpecification\",\"valueRequired\":true,\"valueName\":\"search_term_string\"}}],\"inLanguage\":\"fi\"},{\"@type\":\"Organization\",\"@id\":\"https:\\\/\\\/liketones.com\\\/fi\\\/#organization\",\"name\":\"LikeTones\",\"url\":\"https:\\\/\\\/liketones.com\\\/fi\\\/\",\"logo\":{\"@type\":\"ImageObject\",\"inLanguage\":\"fi\",\"@id\":\"https:\\\/\\\/liketones.com\\\/fi\\\/#\\\/schema\\\/logo\\\/image\\\/\",\"url\":\"https:\\\/\\\/i0.wp.com\\\/liketones.com\\\/wp-content\\\/uploads\\\/2023\\\/12\\\/liketones_logo.png?fit=440%2C99&ssl=1\",\"contentUrl\":\"https:\\\/\\\/i0.wp.com\\\/liketones.com\\\/wp-content\\\/uploads\\\/2023\\\/12\\\/liketones_logo.png?fit=440%2C99&ssl=1\",\"width\":440,\"height\":99,\"caption\":\"LikeTones\"},\"image\":{\"@id\":\"https:\\\/\\\/liketones.com\\\/fi\\\/#\\\/schema\\\/logo\\\/image\\\/\"}}]}<\/script>\n<!-- \/ Yoast SEO plugin. -->","yoast_head_json":{"title":"Poista tietosi - LikeTones","robots":{"index":"index","follow":"follow","max-snippet":"max-snippet:-1","max-image-preview":"max-image-preview:large","max-video-preview":"max-video-preview:-1"},"canonical":"https:\/\/liketones.com\/fi\/poista-tietosi\/","og_locale":"fi_FI","og_type":"article","og_title":"Poista tietosi - LikeTones","og_description":"Jos haluat poistaa tietosi, avaa mobiilisovelluksemme ja napsauta &#8221;Poista tili&#8221; -painiketta. Poistamme kaikki tietosi j\u00e4rjestelm\u00e4st\u00e4mme ja poistamme tilisi k\u00e4yt\u00f6st\u00e4. Joissakin sovelluksissamme, kuten virittimiss\u00e4, emme ker\u00e4\u00e4 henkil\u00f6kohtaisia tietoja, joten niiss\u00e4 ei ole k\u00e4ytt\u00e4j\u00e4tili\u00e4. Siin\u00e4 tapauksessa voit poistaa sovelluksen laitteestasi. Onko sinulla viel\u00e4 kysytt\u00e4v\u00e4\u00e4 tietojen poistamisesta? Kirjoita meille osoitteeseen support@liketones.com","og_url":"https:\/\/liketones.com\/fi\/poista-tietosi\/","og_site_name":"LikeTones","article_modified_time":"2023-12-04T13:16:06+00:00","twitter_card":"summary_large_image","schema":{"@context":"https:\/\/schema.org","@graph":[{"@type":"WebPage","@id":"https:\/\/liketones.com\/fi\/poista-tietosi\/","url":"https:\/\/liketones.com\/fi\/poista-tietosi\/","name":"Poista tietosi - LikeTones","isPartOf":{"@id":"https:\/\/liketones.com\/fi\/#website"},"datePublished":"2023-09-18T12:16:24+00:00","dateModified":"2023-12-04T13:16:06+00:00","breadcrumb":{"@id":"https:\/\/liketones.com\/fi\/poista-tietosi\/#breadcrumb"},"inLanguage":"fi","potentialAction":[{"@type":"ReadAction","target":["https:\/\/liketones.com\/fi\/poista-tietosi\/"]}]},{"@type":"BreadcrumbList","@id":"https:\/\/liketones.com\/fi\/poista-tietosi\/#breadcrumb","itemListElement":[{"@type":"ListItem","position":1,"name":"Home","item":"https:\/\/liketones.com\/fi\/opi-soittamaan-soittimia-ilmaiseksi\/"},{"@type":"ListItem","position":2,"name":"Poista tietosi"}]},{"@type":"WebSite","@id":"https:\/\/liketones.com\/fi\/#website","url":"https:\/\/liketones.com\/fi\/","name":"LikeTones","description":"Learn to play musical instruments","publisher":{"@id":"https:\/\/liketones.com\/fi\/#organization"},"potentialAction":[{"@type":"SearchAction","target":{"@type":"EntryPoint","urlTemplate":"https:\/\/liketones.com\/fi\/?s={search_term_string}"},"query-input":{"@type":"PropertyValueSpecification","valueRequired":true,"valueName":"search_term_string"}}],"inLanguage":"fi"},{"@type":"Organization","@id":"https:\/\/liketones.com\/fi\/#organization","name":"LikeTones","url":"https:\/\/liketones.com\/fi\/","logo":{"@type":"ImageObject","inLanguage":"fi","@id":"https:\/\/liketones.com\/fi\/#\/schema\/logo\/image\/","url":"https:\/\/i0.wp.com\/liketones.com\/wp-content\/uploads\/2023\/12\/liketones_logo.png?fit=440%2C99&ssl=1","contentUrl":"https:\/\/i0.wp.com\/liketones.com\/wp-content\/uploads\/2023\/12\/liketones_logo.png?fit=440%2C99&ssl=1","width":440,"height":99,"caption":"LikeTones"},"image":{"@id":"https:\/\/liketones.com\/fi\/#\/schema\/logo\/image\/"}}]}},"jetpack_sharing_enabled":true,"_links":{"self":[{"href":"https:\/\/liketones.com\/fi\/wp-json\/wp\/v2\/pages\/318","targetHints":{"allow":["GET"]}}],"collection":[{"href":"https:\/\/liketones.com\/fi\/wp-json\/wp\/v2\/pages"}],"about":[{"href":"https:\/\/liketones.com\/fi\/wp-json\/wp\/v2\/types\/page"}],"author":[{"embeddable":true,"href":"https:\/\/liketones.com\/fi\/wp-json\/wp\/v2\/users\/1"}],"replies":[{"embeddable":true,"href":"https:\/\/liketones.com\/fi\/wp-json\/wp\/v2\/comments?post=318"}],"version-history":[{"count":1,"href":"https:\/\/liketones.com\/fi\/wp-json\/wp\/v2\/pages\/318\/revisions"}],"predecessor-version":[{"id":332,"href":"https:\/\/liketones.com\/fi\/wp-json\/wp\/v2\/pages\/318\/revisions\/332"}],"wp:attachment":[{"href":"https:\/\/liketones.com\/fi\/wp-json\/wp\/v2\/media?parent=318"}],"curies":[{"name":"wp","href":"https:\/\/api.w.org\/{rel}","templated":true}]}}