{"id":962,"date":"2023-03-20T10:46:23","date_gmt":"2023-03-20T10:46:23","guid":{"rendered":"https:\/\/liketones.com\/?page_id=962"},"modified":"2023-12-08T21:03:59","modified_gmt":"2023-12-08T21:03:59","slug":"aviso-de-privacidad-de-terceros","status":"publish","type":"page","link":"https:\/\/liketones.com\/es\/aviso-de-privacidad-de-terceros\/","title":{"rendered":"Aviso de privacidad de terceros"},"content":{"rendered":"\t\t<div data-elementor-type=\"wp-page\" data-elementor-id=\"962\" class=\"elementor elementor-962 elementor-27\" data-elementor-post-type=\"page\">\n\t\t\t\t\t\t<section class=\"elementor-section elementor-top-section elementor-element elementor-element-8fc10ea elementor-section-boxed elementor-section-height-default elementor-section-height-default\" data-id=\"8fc10ea\" data-element_type=\"section\" data-e-type=\"section\">\n\t\t\t\t\t\t<div class=\"elementor-container elementor-column-gap-default\">\n\t\t\t\t\t<div class=\"elementor-column elementor-col-100 elementor-top-column elementor-element elementor-element-9796f04\" data-id=\"9796f04\" data-element_type=\"column\" data-e-type=\"column\">\n\t\t\t<div class=\"elementor-widget-wrap elementor-element-populated\">\n\t\t\t\t\t\t<div class=\"elementor-element elementor-element-9cd095d elementor-widget elementor-widget-text-editor\" data-id=\"9cd095d\" data-element_type=\"widget\" data-e-type=\"widget\" data-widget_type=\"text-editor.default\">\n\t\t\t\t<div class=\"elementor-widget-container\">\n\t\t\t\t\t\t\t\t\t<p dir=\"ltr\" style=\"line-height: 1.9871999999999999; background-color: #ffffff; margin-top: 0pt; margin-bottom: 0pt;\">\n<p><i><span style=\"font-weight: 400;\">\u00daltima actualizaci\u00f3n el 8 de diciembre de 2023<\/span><\/i><\/p>\n<p><span style=\"font-weight: 400;\">Trabajamos con ciertos socios dentro de nuestras aplicaciones m\u00f3viles y sitios web para proporcionar componentes sociales, an\u00e1lisis y publicaci\u00f3n de anuncios dentro y fuera de nuestro Servicio. Estos socios pueden utilizar cookies, balizas web, tecnolog\u00edas de almacenamiento y\/u otras tecnolog\u00edas similares para recopilar o recibir datos sobre usted, incluidas sus visitas y uso de nuestros sitios web y aplicaciones m\u00f3viles y, en algunos casos, pueden reclamar derechos de controlador sobre su informaci\u00f3n personal. Para obtener m\u00e1s informaci\u00f3n sobre los socios que utilizamos, sus pr\u00e1cticas de privacidad y posibilidades de exclusi\u00f3n voluntaria, visite los enlaces a continuaci\u00f3n.<\/span><\/p>\n<h4><span style=\"font-weight: 400;\">Google Ads<\/span><\/h4>\n<p><span style=\"font-weight: 400;\">Google Ads es un servicio de publicidad proporcionado por Google, Inc.<\/span><\/p>\n<p><span style=\"font-weight: 400;\">Informaci\u00f3n de privacidad:<\/span><\/p>\n<p><span style=\"font-weight: 400;\">Para obtener informaci\u00f3n sobre c\u00f3mo Google, Inc. utiliza la informaci\u00f3n recopilada en relaci\u00f3n con Google Ads, visite su Pol\u00edtica de privacidad aqu\u00ed: <\/span><a href=\"https:\/\/policies.google.com\/privacy\"><span style=\"font-weight: 400;\">https:\/\/policies.google.com\/privacy<\/span><\/a><\/p>\n<p><span style=\"font-weight: 400;\">Puede optar por no participar en determinadas funciones de Google Ads visitando aqu\u00ed: <\/span><a href=\"https:\/\/adssettings.google.com\/authenticated\"><span style=\"font-weight: 400;\">https:\/\/adssettings.google.com\/authenticated <\/span><\/a><span style=\"font-weight: 400;\">.<\/span><\/p>\n<p><span style=\"font-weight: 400;\">Alternativamente, puede controlar el uso de identificadores de dispositivos utilizando la configuraci\u00f3n de su dispositivo. Para obtener m\u00e1s informaci\u00f3n, visite aqu\u00ed: <\/span><a href=\"https:\/\/support.google.com\/ads\/answer\/1660762#mob\"><span style=\"font-weight: 400;\">https:\/\/support.google.com\/ads\/answer\/1660762#mob<\/span><\/a><\/p>\n<h4><span style=\"font-weight: 400;\">Google Analytics<\/span><\/h4>\n<p><span style=\"font-weight: 400;\">Google Analytics es un servicio de an\u00e1lisis proporcionado por Google, Inc.<\/span><\/p>\n<p><span style=\"font-weight: 400;\">Informaci\u00f3n de privacidad:<\/span><\/p>\n<p><span style=\"font-weight: 400;\">Para obtener informaci\u00f3n sobre c\u00f3mo Google, Inc. utiliza la informaci\u00f3n recopilada en relaci\u00f3n con Google Analytics, visite su Pol\u00edtica de privacidad aqu\u00ed: <\/span><a href=\"https:\/\/policies.google.com\/privacy\"><span style=\"font-weight: 400;\">https:\/\/policies.google.com\/privacy<\/span><\/a><\/p>\n<p><span style=\"font-weight: 400;\">Para obtener informaci\u00f3n sobre c\u00f3mo Google, Inc. utiliza la informaci\u00f3n de los sitios o aplicaciones que utilizan sus servicios en relaci\u00f3n con Google Analytics, visite aqu\u00ed: <\/span><a href=\"https:\/\/policies.google.com\/technologies\/partner-sites\"><span style=\"font-weight: 400;\">https:\/\/policies.google.com\/technologies\/partner-sites<\/span><\/a><\/p>\n<p><span style=\"font-weight: 400;\">Puede optar por no participar en Google Analytics siguiendo las instrucciones proporcionadas aqu\u00ed: <\/span><a href=\"https:\/\/support.google.com\/analytics\/answer\/181881\"><span style=\"font-weight: 400;\">https:\/\/support.google.com\/analytics\/answer\/181881<\/span><\/a><\/p>\n<h4><span style=\"font-weight: 400;\">Google Tag Manager<\/span><\/h4>\n<p><span style=\"font-weight: 400;\">Google Tag Manager es un servicio de administraci\u00f3n de etiquetas proporcionado por Google, Inc.<\/span><\/p>\n<p><span style=\"font-weight: 400;\">Informaci\u00f3n de privacidad:<\/span><\/p>\n<p><span style=\"font-weight: 400;\">Para obtener informaci\u00f3n sobre c\u00f3mo Google, Inc. utiliza la informaci\u00f3n recopilada en relaci\u00f3n con Google Tag Manager, visite su Pol\u00edtica de privacidad aqu\u00ed: <\/span><a href=\"https:\/\/policies.google.com\/privacy\"><span style=\"font-weight: 400;\">https:\/\/policies.google.com\/privacy<\/span><\/a><\/p>\n<h4><span style=\"font-weight: 400;\">Firebase<\/span><\/h4>\n<p><span style=\"font-weight: 400;\">Firebase es una plataforma de desarrollo m\u00f3vil de Google, Inc., que proporciona servicios de an\u00e1lisis.<\/span><\/p>\n<p><span style=\"font-weight: 400;\">Informaci\u00f3n de privacidad:<\/span><\/p>\n<p><span style=\"font-weight: 400;\">Para obtener informaci\u00f3n sobre c\u00f3mo Google, Inc. utiliza la informaci\u00f3n recopilada en relaci\u00f3n con Firebase, visite su Pol\u00edtica de privacidad aqu\u00ed: <\/span><a href=\"https:\/\/policies.google.com\/privacy\"><span style=\"font-weight: 400;\">https:\/\/policies.google.com\/privacy<\/span><\/a><\/p>\n<p><span style=\"font-weight: 400;\">Para obtener informaci\u00f3n sobre c\u00f3mo Google, Inc. utiliza la informaci\u00f3n de los sitios o aplicaciones que utilizan sus servicios en relaci\u00f3n con Firebase, visite aqu\u00ed: <\/span><a href=\"https:\/\/policies.google.com\/technologies\/partner-sites\"><span style=\"font-weight: 400;\">https:\/\/policies.google.com\/technologies\/partner-sites<\/span><\/a><\/p>\n<p><span style=\"font-weight: 400;\">Puede optar por no participar en determinadas funciones de Firebase siguiendo las instrucciones proporcionadas en la Pol\u00edtica de privacidad de Google, Inc.<\/span><\/p>\n<h4><span style=\"font-weight: 400;\">RevenueCat<\/span><\/h4>\n<p><span style=\"font-weight: 400;\">Servicio RevenueCat para compras dentro de la aplicaci\u00f3n.<\/span><\/p>\n<p><span style=\"font-weight: 400;\">Informaci\u00f3n de privacidad:<\/span><\/p>\n<p><span style=\"font-weight: 400;\">Para obtener informaci\u00f3n sobre c\u00f3mo Unity Technologies SF utiliza la informaci\u00f3n recopilada en relaci\u00f3n con Unity IAP, visite su Pol\u00edtica de privacidad aqu\u00ed: <\/span><a href=\"https:\/\/www.revenuecat.com\/privacy\/\"><span style=\"font-weight: 400;\">https:\/\/www.revenuecat.com\/privacy\/<\/span><\/a><\/p>\n\t\t\t\t\t\t\t\t<\/div>\n\t\t\t\t<\/div>\n\t\t\t\t\t<\/div>\n\t\t<\/div>\n\t\t\t\t\t<\/div>\n\t\t<\/section>\n\t\t\t\t<\/div>\n\t\t","protected":false},"excerpt":{"rendered":"<p>\u00daltima actualizaci\u00f3n el 8 de diciembre de 2023 Trabajamos con ciertos socios dentro de nuestras aplicaciones m\u00f3viles y sitios web para proporcionar componentes sociales, an\u00e1lisis y publicaci\u00f3n de anuncios dentro y fuera de nuestro Servicio. Estos socios pueden utilizar cookies, balizas web, tecnolog\u00edas de almacenamiento y\/u otras tecnolog\u00edas similares para recopilar o recibir datos sobre [&hellip;]<\/p>\n","protected":false},"author":1,"featured_media":0,"parent":0,"menu_order":0,"comment_status":"closed","ping_status":"closed","template":"","meta":{"footnotes":""},"class_list":["post-962","page","type-page","status-publish","hentry"],"yoast_head":"<!-- This site is optimized with the Yoast SEO plugin v27.4 - https:\/\/yoast.com\/product\/yoast-seo-wordpress\/ -->\n<title>Aviso de privacidad de terceros - LikeTones<\/title>\n<meta name=\"robots\" content=\"index, follow, max-snippet:-1, max-image-preview:large, max-video-preview:-1\" \/>\n<link rel=\"canonical\" href=\"https:\/\/liketones.com\/es\/aviso-de-privacidad-de-terceros\/\" \/>\n<meta property=\"og:locale\" content=\"es_ES\" \/>\n<meta property=\"og:type\" content=\"article\" \/>\n<meta property=\"og:title\" content=\"Aviso de privacidad de terceros - LikeTones\" \/>\n<meta property=\"og:description\" content=\"\u00daltima actualizaci\u00f3n el 8 de diciembre de 2023 Trabajamos con ciertos socios dentro de nuestras aplicaciones m\u00f3viles y sitios web para proporcionar componentes sociales, an\u00e1lisis y publicaci\u00f3n de anuncios dentro y fuera de nuestro Servicio. Estos socios pueden utilizar cookies, balizas web, tecnolog\u00edas de almacenamiento y\/u otras tecnolog\u00edas similares para recopilar o recibir datos sobre [&hellip;]\" \/>\n<meta property=\"og:url\" content=\"https:\/\/liketones.com\/es\/aviso-de-privacidad-de-terceros\/\" \/>\n<meta property=\"og:site_name\" content=\"LikeTones\" \/>\n<meta property=\"article:modified_time\" content=\"2023-12-08T21:03:59+00:00\" \/>\n<meta name=\"twitter:card\" content=\"summary_large_image\" \/>\n<meta name=\"twitter:label1\" content=\"Tiempo de lectura\" \/>\n\t<meta name=\"twitter:data1\" content=\"2 minutos\" \/>\n<script type=\"application\/ld+json\" class=\"yoast-schema-graph\">{\"@context\":\"https:\\\/\\\/schema.org\",\"@graph\":[{\"@type\":\"WebPage\",\"@id\":\"https:\\\/\\\/liketones.com\\\/es\\\/aviso-de-privacidad-de-terceros\\\/\",\"url\":\"https:\\\/\\\/liketones.com\\\/es\\\/aviso-de-privacidad-de-terceros\\\/\",\"name\":\"Aviso de privacidad de terceros - LikeTones\",\"isPartOf\":{\"@id\":\"https:\\\/\\\/liketones.com\\\/es\\\/#website\"},\"datePublished\":\"2023-03-20T10:46:23+00:00\",\"dateModified\":\"2023-12-08T21:03:59+00:00\",\"breadcrumb\":{\"@id\":\"https:\\\/\\\/liketones.com\\\/es\\\/aviso-de-privacidad-de-terceros\\\/#breadcrumb\"},\"inLanguage\":\"es\",\"potentialAction\":[{\"@type\":\"ReadAction\",\"target\":[\"https:\\\/\\\/liketones.com\\\/es\\\/aviso-de-privacidad-de-terceros\\\/\"]}]},{\"@type\":\"BreadcrumbList\",\"@id\":\"https:\\\/\\\/liketones.com\\\/es\\\/aviso-de-privacidad-de-terceros\\\/#breadcrumb\",\"itemListElement\":[{\"@type\":\"ListItem\",\"position\":1,\"name\":\"Home\",\"item\":\"https:\\\/\\\/liketones.com\\\/es\\\/aprende-a-tocar-instrumentos-musicales-gratis\\\/\"},{\"@type\":\"ListItem\",\"position\":2,\"name\":\"Aviso de privacidad de terceros\"}]},{\"@type\":\"WebSite\",\"@id\":\"https:\\\/\\\/liketones.com\\\/es\\\/#website\",\"url\":\"https:\\\/\\\/liketones.com\\\/es\\\/\",\"name\":\"LikeTones\",\"description\":\"Learn to play musical instruments\",\"publisher\":{\"@id\":\"https:\\\/\\\/liketones.com\\\/es\\\/#organization\"},\"potentialAction\":[{\"@type\":\"SearchAction\",\"target\":{\"@type\":\"EntryPoint\",\"urlTemplate\":\"https:\\\/\\\/liketones.com\\\/es\\\/?s={search_term_string}\"},\"query-input\":{\"@type\":\"PropertyValueSpecification\",\"valueRequired\":true,\"valueName\":\"search_term_string\"}}],\"inLanguage\":\"es\"},{\"@type\":\"Organization\",\"@id\":\"https:\\\/\\\/liketones.com\\\/es\\\/#organization\",\"name\":\"LikeTones\",\"url\":\"https:\\\/\\\/liketones.com\\\/es\\\/\",\"logo\":{\"@type\":\"ImageObject\",\"inLanguage\":\"es\",\"@id\":\"https:\\\/\\\/liketones.com\\\/es\\\/#\\\/schema\\\/logo\\\/image\\\/\",\"url\":\"https:\\\/\\\/i0.wp.com\\\/liketones.com\\\/wp-content\\\/uploads\\\/2023\\\/12\\\/liketones_logo.png?fit=440%2C99&ssl=1\",\"contentUrl\":\"https:\\\/\\\/i0.wp.com\\\/liketones.com\\\/wp-content\\\/uploads\\\/2023\\\/12\\\/liketones_logo.png?fit=440%2C99&ssl=1\",\"width\":440,\"height\":99,\"caption\":\"LikeTones\"},\"image\":{\"@id\":\"https:\\\/\\\/liketones.com\\\/es\\\/#\\\/schema\\\/logo\\\/image\\\/\"}}]}<\/script>\n<!-- \/ Yoast SEO plugin. -->","yoast_head_json":{"title":"Aviso de privacidad de terceros - LikeTones","robots":{"index":"index","follow":"follow","max-snippet":"max-snippet:-1","max-image-preview":"max-image-preview:large","max-video-preview":"max-video-preview:-1"},"canonical":"https:\/\/liketones.com\/es\/aviso-de-privacidad-de-terceros\/","og_locale":"es_ES","og_type":"article","og_title":"Aviso de privacidad de terceros - LikeTones","og_description":"\u00daltima actualizaci\u00f3n el 8 de diciembre de 2023 Trabajamos con ciertos socios dentro de nuestras aplicaciones m\u00f3viles y sitios web para proporcionar componentes sociales, an\u00e1lisis y publicaci\u00f3n de anuncios dentro y fuera de nuestro Servicio. Estos socios pueden utilizar cookies, balizas web, tecnolog\u00edas de almacenamiento y\/u otras tecnolog\u00edas similares para recopilar o recibir datos sobre [&hellip;]","og_url":"https:\/\/liketones.com\/es\/aviso-de-privacidad-de-terceros\/","og_site_name":"LikeTones","article_modified_time":"2023-12-08T21:03:59+00:00","twitter_card":"summary_large_image","twitter_misc":{"Tiempo de lectura":"2 minutos"},"schema":{"@context":"https:\/\/schema.org","@graph":[{"@type":"WebPage","@id":"https:\/\/liketones.com\/es\/aviso-de-privacidad-de-terceros\/","url":"https:\/\/liketones.com\/es\/aviso-de-privacidad-de-terceros\/","name":"Aviso de privacidad de terceros - LikeTones","isPartOf":{"@id":"https:\/\/liketones.com\/es\/#website"},"datePublished":"2023-03-20T10:46:23+00:00","dateModified":"2023-12-08T21:03:59+00:00","breadcrumb":{"@id":"https:\/\/liketones.com\/es\/aviso-de-privacidad-de-terceros\/#breadcrumb"},"inLanguage":"es","potentialAction":[{"@type":"ReadAction","target":["https:\/\/liketones.com\/es\/aviso-de-privacidad-de-terceros\/"]}]},{"@type":"BreadcrumbList","@id":"https:\/\/liketones.com\/es\/aviso-de-privacidad-de-terceros\/#breadcrumb","itemListElement":[{"@type":"ListItem","position":1,"name":"Home","item":"https:\/\/liketones.com\/es\/aprende-a-tocar-instrumentos-musicales-gratis\/"},{"@type":"ListItem","position":2,"name":"Aviso de privacidad de terceros"}]},{"@type":"WebSite","@id":"https:\/\/liketones.com\/es\/#website","url":"https:\/\/liketones.com\/es\/","name":"LikeTones","description":"Learn to play musical instruments","publisher":{"@id":"https:\/\/liketones.com\/es\/#organization"},"potentialAction":[{"@type":"SearchAction","target":{"@type":"EntryPoint","urlTemplate":"https:\/\/liketones.com\/es\/?s={search_term_string}"},"query-input":{"@type":"PropertyValueSpecification","valueRequired":true,"valueName":"search_term_string"}}],"inLanguage":"es"},{"@type":"Organization","@id":"https:\/\/liketones.com\/es\/#organization","name":"LikeTones","url":"https:\/\/liketones.com\/es\/","logo":{"@type":"ImageObject","inLanguage":"es","@id":"https:\/\/liketones.com\/es\/#\/schema\/logo\/image\/","url":"https:\/\/i0.wp.com\/liketones.com\/wp-content\/uploads\/2023\/12\/liketones_logo.png?fit=440%2C99&ssl=1","contentUrl":"https:\/\/i0.wp.com\/liketones.com\/wp-content\/uploads\/2023\/12\/liketones_logo.png?fit=440%2C99&ssl=1","width":440,"height":99,"caption":"LikeTones"},"image":{"@id":"https:\/\/liketones.com\/es\/#\/schema\/logo\/image\/"}}]}},"jetpack_sharing_enabled":true,"_links":{"self":[{"href":"https:\/\/liketones.com\/es\/wp-json\/wp\/v2\/pages\/962","targetHints":{"allow":["GET"]}}],"collection":[{"href":"https:\/\/liketones.com\/es\/wp-json\/wp\/v2\/pages"}],"about":[{"href":"https:\/\/liketones.com\/es\/wp-json\/wp\/v2\/types\/page"}],"author":[{"embeddable":true,"href":"https:\/\/liketones.com\/es\/wp-json\/wp\/v2\/users\/1"}],"replies":[{"embeddable":true,"href":"https:\/\/liketones.com\/es\/wp-json\/wp\/v2\/comments?post=962"}],"version-history":[{"count":5,"href":"https:\/\/liketones.com\/es\/wp-json\/wp\/v2\/pages\/962\/revisions"}],"predecessor-version":[{"id":1635,"href":"https:\/\/liketones.com\/es\/wp-json\/wp\/v2\/pages\/962\/revisions\/1635"}],"wp:attachment":[{"href":"https:\/\/liketones.com\/es\/wp-json\/wp\/v2\/media?parent=962"}],"curies":[{"name":"wp","href":"https:\/\/api.w.org\/{rel}","templated":true}]}}