{"id":879,"date":"2023-03-20T10:46:23","date_gmt":"2023-03-20T10:46:23","guid":{"rendered":"https:\/\/liketones.com\/?page_id=879"},"modified":"2023-12-08T20:44:33","modified_gmt":"2023-12-08T20:44:33","slug":"datenschutzerklaerung-dritter","status":"publish","type":"page","link":"https:\/\/liketones.com\/de\/datenschutzerklaerung-dritter\/","title":{"rendered":"Datenschutzerkl\u00e4rung Dritter"},"content":{"rendered":"\t\t<div data-elementor-type=\"wp-page\" data-elementor-id=\"879\" class=\"elementor elementor-879 elementor-27\" data-elementor-post-type=\"page\">\n\t\t\t\t\t\t<section class=\"elementor-section elementor-top-section elementor-element elementor-element-8fc10ea elementor-section-boxed elementor-section-height-default elementor-section-height-default\" data-id=\"8fc10ea\" data-element_type=\"section\" data-e-type=\"section\">\n\t\t\t\t\t\t<div class=\"elementor-container elementor-column-gap-default\">\n\t\t\t\t\t<div class=\"elementor-column elementor-col-100 elementor-top-column elementor-element elementor-element-9796f04\" data-id=\"9796f04\" data-element_type=\"column\" data-e-type=\"column\">\n\t\t\t<div class=\"elementor-widget-wrap elementor-element-populated\">\n\t\t\t\t\t\t<div class=\"elementor-element elementor-element-9cd095d elementor-widget elementor-widget-text-editor\" data-id=\"9cd095d\" data-element_type=\"widget\" data-e-type=\"widget\" data-widget_type=\"text-editor.default\">\n\t\t\t\t<div class=\"elementor-widget-container\">\n\t\t\t\t\t\t\t\t\t<p dir=\"ltr\" style=\"line-height: 1.9871999999999999; background-color: #ffffff; margin-top: 0pt; margin-bottom: 0pt;\">\n<p><i><span style=\"font-weight: 400;\">Letzte Aktualisierung am 8. Dezember 2023<\/span><\/i><\/p>\n<p><span style=\"font-weight: 400;\">Wir arbeiten mit bestimmten Partnern innerhalb unserer mobilen Apps und Websites zusammen, um soziale Komponenten, Analysen sowie Anzeigenbereitstellung innerhalb und au\u00dferhalb unseres Dienstes bereitzustellen. Diese Partner k\u00f6nnen Cookies, Web-Beacons, Speichertechnologien und\/oder andere \u00e4hnliche Technologien verwenden, um Daten \u00fcber Sie zu sammeln oder zu empfangen, einschlie\u00dflich Ihrer Besuche und Nutzung unserer Websites und mobilen Apps, und k\u00f6nnen in einigen F\u00e4llen Controller-Rechte \u00fcber Sie beanspruchen pers\u00f6nliche Daten. Weitere Informationen zu den von uns genutzten Partnern, deren Datenschutzpraktiken und Opt-out-M\u00f6glichkeiten finden Sie unter den folgenden Links.<\/span><\/p>\n<h4><span style=\"font-weight: 400;\">Google Ads<\/span><\/h4>\n<p><span style=\"font-weight: 400;\">Google Ads ist ein Werbedienst von Google, Inc.<\/span><\/p>\n<p><span style=\"font-weight: 400;\">Datenschutzinformationen:<\/span><\/p>\n<p><span style=\"font-weight: 400;\">Informationen dar\u00fcber, wie Google, Inc. die gesammelten Informationen im Zusammenhang mit Google Ads verwendet, finden Sie in deren Datenschutzrichtlinie hier: <\/span><a href=\"https:\/\/policies.google.com\/privacy\"><span style=\"font-weight: 400;\">https:\/\/policies.google.com\/privacy<\/span><\/a><\/p>\n<p><span style=\"font-weight: 400;\">Sie k\u00f6nnen bestimmte Google Ads-Funktionen deaktivieren, indem Sie hier klicken: <\/span><a href=\"https:\/\/adssettings.google.com\/authenticated\"><span style=\"font-weight: 400;\">https:\/\/adssettings.google.com\/authenticated <\/span><\/a><span style=\"font-weight: 400;\">.<\/span><\/p>\n<p><span style=\"font-weight: 400;\">Alternativ k\u00f6nnen Sie die Verwendung von Ger\u00e4tekennungen \u00fcber Ihre Ger\u00e4teeinstellungen steuern. Weitere Informationen finden Sie hier: <\/span><a href=\"https:\/\/support.google.com\/ads\/answer\/1660762#mob\"><span style=\"font-weight: 400;\">https:\/\/support.google.com\/ads\/answer\/1660762#mob<\/span><\/a><\/p>\n<h4><span style=\"font-weight: 400;\">Google Analytics<\/span><\/h4>\n<p><span style=\"font-weight: 400;\">Google Analytics ist ein Analysedienst von Google, Inc.<\/span><\/p>\n<p><span style=\"font-weight: 400;\">Datenschutzinformationen:<\/span><\/p>\n<p><span style=\"font-weight: 400;\">Informationen dar\u00fcber, wie Google, Inc. die im Zusammenhang mit Google Analytics gesammelten Informationen verwendet, finden Sie in deren Datenschutzrichtlinie hier: <\/span><a href=\"https:\/\/policies.google.com\/privacy\"><span style=\"font-weight: 400;\">https:\/\/policies.google.com\/privacy<\/span><\/a><\/p>\n<p><span style=\"font-weight: 400;\">Informationen dar\u00fcber, wie Google, Inc. Informationen von Websites oder Apps verwendet, die seine Dienste in Verbindung mit Google Analytics nutzen, finden Sie hier: <\/span><a href=\"https:\/\/policies.google.com\/technologies\/partner-sites\"><span style=\"font-weight: 400;\">https:\/\/policies.google.com\/technologies\/partner-sites<\/span><\/a><\/p>\n<p><span style=\"font-weight: 400;\">Sie k\u00f6nnen Google Analytics deaktivieren, indem Sie den hier bereitgestellten Anweisungen folgen: <\/span><a href=\"https:\/\/support.google.com\/analytics\/answer\/181881\"><span style=\"font-weight: 400;\">https:\/\/support.google.com\/analytics\/answer\/181881<\/span><\/a><\/p>\n<h4><span style=\"font-weight: 400;\">Google Tag Manager<\/span><\/h4>\n<p><span style=\"font-weight: 400;\">Google Tag Manager ist ein Tag-Verwaltungsdienst von Google, Inc.<\/span><\/p>\n<p><span style=\"font-weight: 400;\">Datenschutzinformationen:<\/span><\/p>\n<p><span style=\"font-weight: 400;\">Informationen dar\u00fcber, wie Google, Inc. die im Zusammenhang mit Google Tag Manager gesammelten Informationen verwendet, finden Sie in deren Datenschutzrichtlinie hier: <\/span><a href=\"https:\/\/policies.google.com\/privacy\"><span style=\"font-weight: 400;\">https:\/\/policies.google.com\/privacy<\/span><\/a><\/p>\n<h4><span style=\"font-weight: 400;\">Firebase<\/span><\/h4>\n<p><span style=\"font-weight: 400;\">Firebase ist eine mobile Entwicklungsplattform von Google, Inc., die Analysedienste bereitstellt.<\/span><\/p>\n<p><span style=\"font-weight: 400;\">Datenschutzinformationen:<\/span><\/p>\n<p><span style=\"font-weight: 400;\">Informationen dar\u00fcber, wie Google, Inc. die im Zusammenhang mit Firebase gesammelten Informationen verwendet, finden Sie in deren Datenschutzrichtlinie hier: <\/span><a href=\"https:\/\/policies.google.com\/privacy\"><span style=\"font-weight: 400;\">https:\/\/policies.google.com\/privacy<\/span><\/a><\/p>\n<p><span style=\"font-weight: 400;\">Informationen dar\u00fcber, wie Google, Inc. Informationen von Websites oder Apps verwendet, die seine Dienste in Verbindung mit Firebase nutzen, finden Sie hier: <\/span><a href=\"https:\/\/policies.google.com\/technologies\/partner-sites\"><span style=\"font-weight: 400;\">https:\/\/policies.google.com\/technologies\/partner-sites<\/span><\/a><\/p>\n<p><span style=\"font-weight: 400;\">Sie k\u00f6nnen bestimmte Firebase-Funktionen deaktivieren, indem Sie den Anweisungen in der Datenschutzrichtlinie von Google, Inc. folgen.<\/span><\/p>\n<h4><span style=\"font-weight: 400;\">RevenueCat<\/span><\/h4>\n<p><span style=\"font-weight: 400;\">RevenueCat-Service f\u00fcr In-App-K\u00e4ufe.<\/span><\/p>\n<p><span style=\"font-weight: 400;\">Datenschutzinformationen:<\/span><\/p>\n<p><span style=\"font-weight: 400;\">Informationen dar\u00fcber, wie Unity Technologies SF die gesammelten Informationen im Zusammenhang mit Unity IAP verwendet, finden Sie in der Datenschutzrichtlinie hier: <\/span><a href=\"https:\/\/www.revenuecat.com\/privacy\/\"><span style=\"font-weight: 400;\">https:\/\/www.revenuecat.com\/privacy\/<\/span><\/a><\/p>\n\t\t\t\t\t\t\t\t<\/div>\n\t\t\t\t<\/div>\n\t\t\t\t\t<\/div>\n\t\t<\/div>\n\t\t\t\t\t<\/div>\n\t\t<\/section>\n\t\t\t\t<\/div>\n\t\t","protected":false},"excerpt":{"rendered":"<p>Letzte Aktualisierung am 8. Dezember 2023 Wir arbeiten mit bestimmten Partnern innerhalb unserer mobilen Apps und Websites zusammen, um soziale Komponenten, Analysen sowie Anzeigenbereitstellung innerhalb und au\u00dferhalb unseres Dienstes bereitzustellen. Diese Partner k\u00f6nnen Cookies, Web-Beacons, Speichertechnologien und\/oder andere \u00e4hnliche Technologien verwenden, um Daten \u00fcber Sie zu sammeln oder zu empfangen, einschlie\u00dflich Ihrer Besuche und Nutzung [&hellip;]<\/p>\n","protected":false},"author":1,"featured_media":0,"parent":0,"menu_order":0,"comment_status":"closed","ping_status":"closed","template":"","meta":{"footnotes":""},"class_list":["post-879","page","type-page","status-publish","hentry"],"yoast_head":"<!-- This site is optimized with the Yoast SEO plugin v27.4 - https:\/\/yoast.com\/product\/yoast-seo-wordpress\/ -->\n<title>Datenschutzerkl\u00e4rung Dritter - LikeTones<\/title>\n<meta name=\"robots\" content=\"index, follow, max-snippet:-1, max-image-preview:large, max-video-preview:-1\" \/>\n<link rel=\"canonical\" href=\"https:\/\/liketones.com\/de\/datenschutzerklaerung-dritter\/\" \/>\n<meta property=\"og:locale\" content=\"de_DE\" \/>\n<meta property=\"og:type\" content=\"article\" \/>\n<meta property=\"og:title\" content=\"Datenschutzerkl\u00e4rung Dritter - LikeTones\" \/>\n<meta property=\"og:description\" content=\"Letzte Aktualisierung am 8. Dezember 2023 Wir arbeiten mit bestimmten Partnern innerhalb unserer mobilen Apps und Websites zusammen, um soziale Komponenten, Analysen sowie Anzeigenbereitstellung innerhalb und au\u00dferhalb unseres Dienstes bereitzustellen. Diese Partner k\u00f6nnen Cookies, Web-Beacons, Speichertechnologien und\/oder andere \u00e4hnliche Technologien verwenden, um Daten \u00fcber Sie zu sammeln oder zu empfangen, einschlie\u00dflich Ihrer Besuche und Nutzung [&hellip;]\" \/>\n<meta property=\"og:url\" content=\"https:\/\/liketones.com\/de\/datenschutzerklaerung-dritter\/\" \/>\n<meta property=\"og:site_name\" content=\"LikeTones\" \/>\n<meta property=\"article:modified_time\" content=\"2023-12-08T20:44:33+00:00\" \/>\n<meta name=\"twitter:card\" content=\"summary_large_image\" \/>\n<meta name=\"twitter:label1\" content=\"Gesch\u00e4tzte Lesezeit\" \/>\n\t<meta name=\"twitter:data1\" content=\"2\u00a0Minuten\" \/>\n<script type=\"application\/ld+json\" class=\"yoast-schema-graph\">{\"@context\":\"https:\\\/\\\/schema.org\",\"@graph\":[{\"@type\":\"WebPage\",\"@id\":\"https:\\\/\\\/liketones.com\\\/de\\\/datenschutzerklaerung-dritter\\\/\",\"url\":\"https:\\\/\\\/liketones.com\\\/de\\\/datenschutzerklaerung-dritter\\\/\",\"name\":\"Datenschutzerkl\u00e4rung Dritter - LikeTones\",\"isPartOf\":{\"@id\":\"https:\\\/\\\/liketones.com\\\/de\\\/#website\"},\"datePublished\":\"2023-03-20T10:46:23+00:00\",\"dateModified\":\"2023-12-08T20:44:33+00:00\",\"breadcrumb\":{\"@id\":\"https:\\\/\\\/liketones.com\\\/de\\\/datenschutzerklaerung-dritter\\\/#breadcrumb\"},\"inLanguage\":\"de\",\"potentialAction\":[{\"@type\":\"ReadAction\",\"target\":[\"https:\\\/\\\/liketones.com\\\/de\\\/datenschutzerklaerung-dritter\\\/\"]}]},{\"@type\":\"BreadcrumbList\",\"@id\":\"https:\\\/\\\/liketones.com\\\/de\\\/datenschutzerklaerung-dritter\\\/#breadcrumb\",\"itemListElement\":[{\"@type\":\"ListItem\",\"position\":1,\"name\":\"Home\",\"item\":\"https:\\\/\\\/liketones.com\\\/de\\\/lernen-sie-kostenlos-musikinstrumente-zu-spielen\\\/\"},{\"@type\":\"ListItem\",\"position\":2,\"name\":\"Datenschutzerkl\u00e4rung Dritter\"}]},{\"@type\":\"WebSite\",\"@id\":\"https:\\\/\\\/liketones.com\\\/de\\\/#website\",\"url\":\"https:\\\/\\\/liketones.com\\\/de\\\/\",\"name\":\"LikeTones\",\"description\":\"Learn to play musical instruments\",\"publisher\":{\"@id\":\"https:\\\/\\\/liketones.com\\\/de\\\/#organization\"},\"potentialAction\":[{\"@type\":\"SearchAction\",\"target\":{\"@type\":\"EntryPoint\",\"urlTemplate\":\"https:\\\/\\\/liketones.com\\\/de\\\/?s={search_term_string}\"},\"query-input\":{\"@type\":\"PropertyValueSpecification\",\"valueRequired\":true,\"valueName\":\"search_term_string\"}}],\"inLanguage\":\"de\"},{\"@type\":\"Organization\",\"@id\":\"https:\\\/\\\/liketones.com\\\/de\\\/#organization\",\"name\":\"LikeTones\",\"url\":\"https:\\\/\\\/liketones.com\\\/de\\\/\",\"logo\":{\"@type\":\"ImageObject\",\"inLanguage\":\"de\",\"@id\":\"https:\\\/\\\/liketones.com\\\/de\\\/#\\\/schema\\\/logo\\\/image\\\/\",\"url\":\"https:\\\/\\\/i0.wp.com\\\/liketones.com\\\/wp-content\\\/uploads\\\/2023\\\/12\\\/liketones_logo.png?fit=440%2C99&ssl=1\",\"contentUrl\":\"https:\\\/\\\/i0.wp.com\\\/liketones.com\\\/wp-content\\\/uploads\\\/2023\\\/12\\\/liketones_logo.png?fit=440%2C99&ssl=1\",\"width\":440,\"height\":99,\"caption\":\"LikeTones\"},\"image\":{\"@id\":\"https:\\\/\\\/liketones.com\\\/de\\\/#\\\/schema\\\/logo\\\/image\\\/\"}}]}<\/script>\n<!-- \/ Yoast SEO plugin. -->","yoast_head_json":{"title":"Datenschutzerkl\u00e4rung Dritter - LikeTones","robots":{"index":"index","follow":"follow","max-snippet":"max-snippet:-1","max-image-preview":"max-image-preview:large","max-video-preview":"max-video-preview:-1"},"canonical":"https:\/\/liketones.com\/de\/datenschutzerklaerung-dritter\/","og_locale":"de_DE","og_type":"article","og_title":"Datenschutzerkl\u00e4rung Dritter - LikeTones","og_description":"Letzte Aktualisierung am 8. Dezember 2023 Wir arbeiten mit bestimmten Partnern innerhalb unserer mobilen Apps und Websites zusammen, um soziale Komponenten, Analysen sowie Anzeigenbereitstellung innerhalb und au\u00dferhalb unseres Dienstes bereitzustellen. Diese Partner k\u00f6nnen Cookies, Web-Beacons, Speichertechnologien und\/oder andere \u00e4hnliche Technologien verwenden, um Daten \u00fcber Sie zu sammeln oder zu empfangen, einschlie\u00dflich Ihrer Besuche und Nutzung [&hellip;]","og_url":"https:\/\/liketones.com\/de\/datenschutzerklaerung-dritter\/","og_site_name":"LikeTones","article_modified_time":"2023-12-08T20:44:33+00:00","twitter_card":"summary_large_image","twitter_misc":{"Gesch\u00e4tzte Lesezeit":"2\u00a0Minuten"},"schema":{"@context":"https:\/\/schema.org","@graph":[{"@type":"WebPage","@id":"https:\/\/liketones.com\/de\/datenschutzerklaerung-dritter\/","url":"https:\/\/liketones.com\/de\/datenschutzerklaerung-dritter\/","name":"Datenschutzerkl\u00e4rung Dritter - LikeTones","isPartOf":{"@id":"https:\/\/liketones.com\/de\/#website"},"datePublished":"2023-03-20T10:46:23+00:00","dateModified":"2023-12-08T20:44:33+00:00","breadcrumb":{"@id":"https:\/\/liketones.com\/de\/datenschutzerklaerung-dritter\/#breadcrumb"},"inLanguage":"de","potentialAction":[{"@type":"ReadAction","target":["https:\/\/liketones.com\/de\/datenschutzerklaerung-dritter\/"]}]},{"@type":"BreadcrumbList","@id":"https:\/\/liketones.com\/de\/datenschutzerklaerung-dritter\/#breadcrumb","itemListElement":[{"@type":"ListItem","position":1,"name":"Home","item":"https:\/\/liketones.com\/de\/lernen-sie-kostenlos-musikinstrumente-zu-spielen\/"},{"@type":"ListItem","position":2,"name":"Datenschutzerkl\u00e4rung Dritter"}]},{"@type":"WebSite","@id":"https:\/\/liketones.com\/de\/#website","url":"https:\/\/liketones.com\/de\/","name":"LikeTones","description":"Learn to play musical instruments","publisher":{"@id":"https:\/\/liketones.com\/de\/#organization"},"potentialAction":[{"@type":"SearchAction","target":{"@type":"EntryPoint","urlTemplate":"https:\/\/liketones.com\/de\/?s={search_term_string}"},"query-input":{"@type":"PropertyValueSpecification","valueRequired":true,"valueName":"search_term_string"}}],"inLanguage":"de"},{"@type":"Organization","@id":"https:\/\/liketones.com\/de\/#organization","name":"LikeTones","url":"https:\/\/liketones.com\/de\/","logo":{"@type":"ImageObject","inLanguage":"de","@id":"https:\/\/liketones.com\/de\/#\/schema\/logo\/image\/","url":"https:\/\/i0.wp.com\/liketones.com\/wp-content\/uploads\/2023\/12\/liketones_logo.png?fit=440%2C99&ssl=1","contentUrl":"https:\/\/i0.wp.com\/liketones.com\/wp-content\/uploads\/2023\/12\/liketones_logo.png?fit=440%2C99&ssl=1","width":440,"height":99,"caption":"LikeTones"},"image":{"@id":"https:\/\/liketones.com\/de\/#\/schema\/logo\/image\/"}}]}},"jetpack_sharing_enabled":true,"_links":{"self":[{"href":"https:\/\/liketones.com\/de\/wp-json\/wp\/v2\/pages\/879","targetHints":{"allow":["GET"]}}],"collection":[{"href":"https:\/\/liketones.com\/de\/wp-json\/wp\/v2\/pages"}],"about":[{"href":"https:\/\/liketones.com\/de\/wp-json\/wp\/v2\/types\/page"}],"author":[{"embeddable":true,"href":"https:\/\/liketones.com\/de\/wp-json\/wp\/v2\/users\/1"}],"replies":[{"embeddable":true,"href":"https:\/\/liketones.com\/de\/wp-json\/wp\/v2\/comments?post=879"}],"version-history":[{"count":5,"href":"https:\/\/liketones.com\/de\/wp-json\/wp\/v2\/pages\/879\/revisions"}],"predecessor-version":[{"id":1619,"href":"https:\/\/liketones.com\/de\/wp-json\/wp\/v2\/pages\/879\/revisions\/1619"}],"wp:attachment":[{"href":"https:\/\/liketones.com\/de\/wp-json\/wp\/v2\/media?parent=879"}],"curies":[{"name":"wp","href":"https:\/\/api.w.org\/{rel}","templated":true}]}}