{"id":353,"date":"2023-09-18T12:16:24","date_gmt":"2023-09-18T12:16:24","guid":{"rendered":"https:\/\/liketones.com\/loeschen-sie-ihre-daten\/"},"modified":"2023-12-04T13:16:06","modified_gmt":"2023-12-04T13:16:06","slug":"loeschen-sie-ihre-daten","status":"publish","type":"page","link":"https:\/\/liketones.com\/de\/loeschen-sie-ihre-daten\/","title":{"rendered":"L\u00f6schen Sie Ihre Daten"},"content":{"rendered":"\t\t<div data-elementor-type=\"wp-page\" data-elementor-id=\"353\" class=\"elementor elementor-353 elementor-73\" data-elementor-post-type=\"page\">\n\t\t\t\t\t\t<section class=\"elementor-section elementor-top-section elementor-element elementor-element-fea008c elementor-section-boxed elementor-section-height-default elementor-section-height-default\" data-id=\"fea008c\" data-element_type=\"section\" data-e-type=\"section\">\n\t\t\t\t\t\t<div class=\"elementor-container elementor-column-gap-default\">\n\t\t\t\t\t<div class=\"elementor-column elementor-col-100 elementor-top-column elementor-element elementor-element-d7e9ee3\" data-id=\"d7e9ee3\" data-element_type=\"column\" data-e-type=\"column\">\n\t\t\t<div class=\"elementor-widget-wrap elementor-element-populated\">\n\t\t\t\t\t\t<div class=\"elementor-element elementor-element-12167e3 elementor-widget elementor-widget-text-editor\" data-id=\"12167e3\" data-element_type=\"widget\" data-e-type=\"widget\" data-widget_type=\"text-editor.default\">\n\t\t\t\t<div class=\"elementor-widget-container\">\n\t\t\t\t\t\t\t\t\t<p>Wenn Sie Ihre Daten l\u00f6schen m\u00f6chten, \u00f6ffnen Sie bitte unsere mobile Anwendung und klicken Sie auf die Schaltfl\u00e4che &#8222;Konto l\u00f6schen&#8220;. Wir werden alle Ihre Daten aus unserem System l\u00f6schen und Ihr Konto deaktivieren.<\/p>\n<p>Bei einigen unserer Anwendungen, wie z. B. Tunern, erfassen wir keine pers\u00f6nlichen Daten; daher gibt es kein Benutzerkonto. In diesem Fall k\u00f6nnen Sie die Anwendung von Ihrem Ger\u00e4t deinstallieren.<\/p>\n<p>Haben Sie noch Fragen zur L\u00f6schung Ihrer Daten? Bitte schreiben Sie uns an support@liketones.com<\/p>\t\t\t\t\t\t\t\t<\/div>\n\t\t\t\t<\/div>\n\t\t\t\t\t<\/div>\n\t\t<\/div>\n\t\t\t\t\t<\/div>\n\t\t<\/section>\n\t\t\t\t<\/div>\n\t\t","protected":false},"excerpt":{"rendered":"<p>Wenn Sie Ihre Daten l\u00f6schen m\u00f6chten, \u00f6ffnen Sie bitte unsere mobile Anwendung und klicken Sie auf die Schaltfl\u00e4che &#8222;Konto l\u00f6schen&#8220;. Wir werden alle Ihre Daten aus unserem System l\u00f6schen und Ihr Konto deaktivieren. Bei einigen unserer Anwendungen, wie z. B. Tunern, erfassen wir keine pers\u00f6nlichen Daten; daher gibt es kein Benutzerkonto. In diesem Fall k\u00f6nnen [&hellip;]<\/p>\n","protected":false},"author":1,"featured_media":0,"parent":0,"menu_order":0,"comment_status":"closed","ping_status":"closed","template":"","meta":{"footnotes":""},"class_list":["post-353","page","type-page","status-publish","hentry"],"yoast_head":"<!-- This site is optimized with the Yoast SEO plugin v27.4 - https:\/\/yoast.com\/product\/yoast-seo-wordpress\/ -->\n<title>L\u00f6schen Sie Ihre Daten - LikeTones<\/title>\n<meta name=\"robots\" content=\"index, follow, max-snippet:-1, max-image-preview:large, max-video-preview:-1\" \/>\n<link rel=\"canonical\" href=\"https:\/\/liketones.com\/de\/loeschen-sie-ihre-daten\/\" \/>\n<meta property=\"og:locale\" content=\"de_DE\" \/>\n<meta property=\"og:type\" content=\"article\" \/>\n<meta property=\"og:title\" content=\"L\u00f6schen Sie Ihre Daten - LikeTones\" \/>\n<meta property=\"og:description\" content=\"Wenn Sie Ihre Daten l\u00f6schen m\u00f6chten, \u00f6ffnen Sie bitte unsere mobile Anwendung und klicken Sie auf die Schaltfl\u00e4che &#8222;Konto l\u00f6schen&#8220;. Wir werden alle Ihre Daten aus unserem System l\u00f6schen und Ihr Konto deaktivieren. Bei einigen unserer Anwendungen, wie z. B. Tunern, erfassen wir keine pers\u00f6nlichen Daten; daher gibt es kein Benutzerkonto. In diesem Fall k\u00f6nnen [&hellip;]\" \/>\n<meta property=\"og:url\" content=\"https:\/\/liketones.com\/de\/loeschen-sie-ihre-daten\/\" \/>\n<meta property=\"og:site_name\" content=\"LikeTones\" \/>\n<meta property=\"article:modified_time\" content=\"2023-12-04T13:16:06+00:00\" \/>\n<meta name=\"twitter:card\" content=\"summary_large_image\" \/>\n<script type=\"application\/ld+json\" class=\"yoast-schema-graph\">{\"@context\":\"https:\\\/\\\/schema.org\",\"@graph\":[{\"@type\":\"WebPage\",\"@id\":\"https:\\\/\\\/liketones.com\\\/de\\\/loeschen-sie-ihre-daten\\\/\",\"url\":\"https:\\\/\\\/liketones.com\\\/de\\\/loeschen-sie-ihre-daten\\\/\",\"name\":\"L\u00f6schen Sie Ihre Daten - LikeTones\",\"isPartOf\":{\"@id\":\"https:\\\/\\\/liketones.com\\\/de\\\/#website\"},\"datePublished\":\"2023-09-18T12:16:24+00:00\",\"dateModified\":\"2023-12-04T13:16:06+00:00\",\"breadcrumb\":{\"@id\":\"https:\\\/\\\/liketones.com\\\/de\\\/loeschen-sie-ihre-daten\\\/#breadcrumb\"},\"inLanguage\":\"de\",\"potentialAction\":[{\"@type\":\"ReadAction\",\"target\":[\"https:\\\/\\\/liketones.com\\\/de\\\/loeschen-sie-ihre-daten\\\/\"]}]},{\"@type\":\"BreadcrumbList\",\"@id\":\"https:\\\/\\\/liketones.com\\\/de\\\/loeschen-sie-ihre-daten\\\/#breadcrumb\",\"itemListElement\":[{\"@type\":\"ListItem\",\"position\":1,\"name\":\"Home\",\"item\":\"https:\\\/\\\/liketones.com\\\/de\\\/lernen-sie-kostenlos-musikinstrumente-zu-spielen\\\/\"},{\"@type\":\"ListItem\",\"position\":2,\"name\":\"L\u00f6schen Sie Ihre Daten\"}]},{\"@type\":\"WebSite\",\"@id\":\"https:\\\/\\\/liketones.com\\\/de\\\/#website\",\"url\":\"https:\\\/\\\/liketones.com\\\/de\\\/\",\"name\":\"LikeTones\",\"description\":\"Learn to play musical instruments\",\"publisher\":{\"@id\":\"https:\\\/\\\/liketones.com\\\/de\\\/#organization\"},\"potentialAction\":[{\"@type\":\"SearchAction\",\"target\":{\"@type\":\"EntryPoint\",\"urlTemplate\":\"https:\\\/\\\/liketones.com\\\/de\\\/?s={search_term_string}\"},\"query-input\":{\"@type\":\"PropertyValueSpecification\",\"valueRequired\":true,\"valueName\":\"search_term_string\"}}],\"inLanguage\":\"de\"},{\"@type\":\"Organization\",\"@id\":\"https:\\\/\\\/liketones.com\\\/de\\\/#organization\",\"name\":\"LikeTones\",\"url\":\"https:\\\/\\\/liketones.com\\\/de\\\/\",\"logo\":{\"@type\":\"ImageObject\",\"inLanguage\":\"de\",\"@id\":\"https:\\\/\\\/liketones.com\\\/de\\\/#\\\/schema\\\/logo\\\/image\\\/\",\"url\":\"https:\\\/\\\/i0.wp.com\\\/liketones.com\\\/wp-content\\\/uploads\\\/2023\\\/12\\\/liketones_logo.png?fit=440%2C99&ssl=1\",\"contentUrl\":\"https:\\\/\\\/i0.wp.com\\\/liketones.com\\\/wp-content\\\/uploads\\\/2023\\\/12\\\/liketones_logo.png?fit=440%2C99&ssl=1\",\"width\":440,\"height\":99,\"caption\":\"LikeTones\"},\"image\":{\"@id\":\"https:\\\/\\\/liketones.com\\\/de\\\/#\\\/schema\\\/logo\\\/image\\\/\"}}]}<\/script>\n<!-- \/ Yoast SEO plugin. -->","yoast_head_json":{"title":"L\u00f6schen Sie Ihre Daten - LikeTones","robots":{"index":"index","follow":"follow","max-snippet":"max-snippet:-1","max-image-preview":"max-image-preview:large","max-video-preview":"max-video-preview:-1"},"canonical":"https:\/\/liketones.com\/de\/loeschen-sie-ihre-daten\/","og_locale":"de_DE","og_type":"article","og_title":"L\u00f6schen Sie Ihre Daten - LikeTones","og_description":"Wenn Sie Ihre Daten l\u00f6schen m\u00f6chten, \u00f6ffnen Sie bitte unsere mobile Anwendung und klicken Sie auf die Schaltfl\u00e4che &#8222;Konto l\u00f6schen&#8220;. Wir werden alle Ihre Daten aus unserem System l\u00f6schen und Ihr Konto deaktivieren. Bei einigen unserer Anwendungen, wie z. B. Tunern, erfassen wir keine pers\u00f6nlichen Daten; daher gibt es kein Benutzerkonto. In diesem Fall k\u00f6nnen [&hellip;]","og_url":"https:\/\/liketones.com\/de\/loeschen-sie-ihre-daten\/","og_site_name":"LikeTones","article_modified_time":"2023-12-04T13:16:06+00:00","twitter_card":"summary_large_image","schema":{"@context":"https:\/\/schema.org","@graph":[{"@type":"WebPage","@id":"https:\/\/liketones.com\/de\/loeschen-sie-ihre-daten\/","url":"https:\/\/liketones.com\/de\/loeschen-sie-ihre-daten\/","name":"L\u00f6schen Sie Ihre Daten - LikeTones","isPartOf":{"@id":"https:\/\/liketones.com\/de\/#website"},"datePublished":"2023-09-18T12:16:24+00:00","dateModified":"2023-12-04T13:16:06+00:00","breadcrumb":{"@id":"https:\/\/liketones.com\/de\/loeschen-sie-ihre-daten\/#breadcrumb"},"inLanguage":"de","potentialAction":[{"@type":"ReadAction","target":["https:\/\/liketones.com\/de\/loeschen-sie-ihre-daten\/"]}]},{"@type":"BreadcrumbList","@id":"https:\/\/liketones.com\/de\/loeschen-sie-ihre-daten\/#breadcrumb","itemListElement":[{"@type":"ListItem","position":1,"name":"Home","item":"https:\/\/liketones.com\/de\/lernen-sie-kostenlos-musikinstrumente-zu-spielen\/"},{"@type":"ListItem","position":2,"name":"L\u00f6schen Sie Ihre Daten"}]},{"@type":"WebSite","@id":"https:\/\/liketones.com\/de\/#website","url":"https:\/\/liketones.com\/de\/","name":"LikeTones","description":"Learn to play musical instruments","publisher":{"@id":"https:\/\/liketones.com\/de\/#organization"},"potentialAction":[{"@type":"SearchAction","target":{"@type":"EntryPoint","urlTemplate":"https:\/\/liketones.com\/de\/?s={search_term_string}"},"query-input":{"@type":"PropertyValueSpecification","valueRequired":true,"valueName":"search_term_string"}}],"inLanguage":"de"},{"@type":"Organization","@id":"https:\/\/liketones.com\/de\/#organization","name":"LikeTones","url":"https:\/\/liketones.com\/de\/","logo":{"@type":"ImageObject","inLanguage":"de","@id":"https:\/\/liketones.com\/de\/#\/schema\/logo\/image\/","url":"https:\/\/i0.wp.com\/liketones.com\/wp-content\/uploads\/2023\/12\/liketones_logo.png?fit=440%2C99&ssl=1","contentUrl":"https:\/\/i0.wp.com\/liketones.com\/wp-content\/uploads\/2023\/12\/liketones_logo.png?fit=440%2C99&ssl=1","width":440,"height":99,"caption":"LikeTones"},"image":{"@id":"https:\/\/liketones.com\/de\/#\/schema\/logo\/image\/"}}]}},"jetpack_sharing_enabled":true,"_links":{"self":[{"href":"https:\/\/liketones.com\/de\/wp-json\/wp\/v2\/pages\/353","targetHints":{"allow":["GET"]}}],"collection":[{"href":"https:\/\/liketones.com\/de\/wp-json\/wp\/v2\/pages"}],"about":[{"href":"https:\/\/liketones.com\/de\/wp-json\/wp\/v2\/types\/page"}],"author":[{"embeddable":true,"href":"https:\/\/liketones.com\/de\/wp-json\/wp\/v2\/users\/1"}],"replies":[{"embeddable":true,"href":"https:\/\/liketones.com\/de\/wp-json\/wp\/v2\/comments?post=353"}],"version-history":[{"count":1,"href":"https:\/\/liketones.com\/de\/wp-json\/wp\/v2\/pages\/353\/revisions"}],"predecessor-version":[{"id":369,"href":"https:\/\/liketones.com\/de\/wp-json\/wp\/v2\/pages\/353\/revisions\/369"}],"wp:attachment":[{"href":"https:\/\/liketones.com\/de\/wp-json\/wp\/v2\/media?parent=353"}],"curies":[{"name":"wp","href":"https:\/\/api.w.org\/{rel}","templated":true}]}}