{"id":859,"date":"2023-03-20T10:46:23","date_gmt":"2023-03-20T10:46:23","guid":{"rendered":"https:\/\/liketones.com\/?page_id=859"},"modified":"2023-12-08T20:39:57","modified_gmt":"2023-12-08T20:39:57","slug":"tredjepartserklaering-om-beskyttelse-af-personlige-oplysninger","status":"publish","type":"page","link":"https:\/\/liketones.com\/da\/tredjepartserklaering-om-beskyttelse-af-personlige-oplysninger\/","title":{"rendered":"Tredjepartserkl\u00e6ring om beskyttelse af personlige oplysninger"},"content":{"rendered":"\t\t<div data-elementor-type=\"wp-page\" data-elementor-id=\"859\" class=\"elementor elementor-859 elementor-27\" data-elementor-post-type=\"page\">\n\t\t\t\t\t\t<section class=\"elementor-section elementor-top-section elementor-element elementor-element-8fc10ea elementor-section-boxed elementor-section-height-default elementor-section-height-default\" data-id=\"8fc10ea\" data-element_type=\"section\" data-e-type=\"section\">\n\t\t\t\t\t\t<div class=\"elementor-container elementor-column-gap-default\">\n\t\t\t\t\t<div class=\"elementor-column elementor-col-100 elementor-top-column elementor-element elementor-element-9796f04\" data-id=\"9796f04\" data-element_type=\"column\" data-e-type=\"column\">\n\t\t\t<div class=\"elementor-widget-wrap elementor-element-populated\">\n\t\t\t\t\t\t<div class=\"elementor-element elementor-element-9cd095d elementor-widget elementor-widget-text-editor\" data-id=\"9cd095d\" data-element_type=\"widget\" data-e-type=\"widget\" data-widget_type=\"text-editor.default\">\n\t\t\t\t<div class=\"elementor-widget-container\">\n\t\t\t\t\t\t\t\t\t<p dir=\"ltr\" style=\"line-height: 1.9871999999999999; background-color: #ffffff; margin-top: 0pt; margin-bottom: 0pt;\">\n<p><i><span style=\"font-weight: 400;\">Sidst opdateret den 8. december 2023<\/span><\/i><\/p>\n<p><span style=\"font-weight: 400;\">Vi arbejder med visse partnere inden for vores mobilapps og websteder for at levere sociale komponenter, analyser samt annoncevisning i og uden for vores tjeneste. Disse partnere kan bruge cookies, web-beacons, lagringsteknologier og\/eller andre lignende teknologier til at indsamle eller modtage data om dig, herunder dine bes\u00f8g p\u00e5 og brug af vores hjemmesider og mobilapps, og kan i nogle tilf\u00e6lde kr\u00e6ve controllerrettigheder over din personlig data. For mere information om de partnere, vi bruger, deres privatlivspraksis og fravalgsmuligheder, bes\u00f8g venligst nedenst\u00e5ende links.<\/span><\/p>\n<h4><span style=\"font-weight: 400;\">Google Ads<\/span><\/h4>\n<p><span style=\"font-weight: 400;\">Google Ads er en annonceringstjeneste leveret af Google, Inc.<\/span><\/p>\n<p><span style=\"font-weight: 400;\">Privatlivsoplysninger:<\/span><\/p>\n<p><span style=\"font-weight: 400;\">For information om, hvordan Google, Inc. bruger indsamlede oplysninger i forbindelse med Google Ads, kan du bes\u00f8ge deres privatlivspolitik her: <\/span><a href=\"https:\/\/policies.google.com\/privacy\"><span style=\"font-weight: 400;\">https:\/\/policies.google.com\/privacy<\/span><\/a><\/p>\n<p><span style=\"font-weight: 400;\">Du kan frav\u00e6lge visse Google Ads-funktioner ved at bes\u00f8ge her: <\/span><a href=\"https:\/\/adssettings.google.com\/authenticated\"><span style=\"font-weight: 400;\">https:\/\/adssettings.google.com\/authenticated <\/span><\/a><span style=\"font-weight: 400;\">.<\/span><\/p>\n<p><span style=\"font-weight: 400;\">Alternativt kan du styre brugen af enhedsidentifikatorer ved at bruge dine enhedsindstillinger. For mere information, bes\u00f8g venligst her: <\/span><a href=\"https:\/\/support.google.com\/ads\/answer\/1660762#mob\"><span style=\"font-weight: 400;\">https:\/\/support.google.com\/ads\/answer\/1660762#mob<\/span><\/a><\/p>\n<h4><span style=\"font-weight: 400;\">Google Analytics<\/span><\/h4>\n<p><span style=\"font-weight: 400;\">Google Analytics er en analysetjeneste leveret af Google, Inc.<\/span><\/p>\n<p><span style=\"font-weight: 400;\">Privatlivsoplysninger:<\/span><\/p>\n<p><span style=\"font-weight: 400;\">For information om, hvordan Google, Inc. bruger indsamlede oplysninger i forbindelse med Google Analytics, kan du bes\u00f8ge deres privatlivspolitik her: <\/span><a href=\"https:\/\/policies.google.com\/privacy\"><span style=\"font-weight: 400;\">https:\/\/policies.google.com\/privacy<\/span><\/a><\/p>\n<p><span style=\"font-weight: 400;\">For information om, hvordan Google, Inc. bruger oplysninger fra websteder eller apps, der bruger dets tjenester i forbindelse med Google Analytics, bes\u00f8g venligst her: <\/span><a href=\"https:\/\/policies.google.com\/technologies\/partner-sites\"><span style=\"font-weight: 400;\">https:\/\/policies.google.com\/technologies\/partner-sites<\/span><\/a><\/p>\n<p><span style=\"font-weight: 400;\">Du kan frav\u00e6lge Google Analytics ved at f\u00f8lge instruktionerne her: <\/span><a href=\"https:\/\/support.google.com\/analytics\/answer\/181881\"><span style=\"font-weight: 400;\">https:\/\/support.google.com\/analytics\/answer\/181881<\/span><\/a><\/p>\n<h4><span style=\"font-weight: 400;\">Google Tag Manager<\/span><\/h4>\n<p><span style=\"font-weight: 400;\">Google Tag Manager er en tag-administrationstjeneste leveret af Google, Inc.<\/span><\/p>\n<p><span style=\"font-weight: 400;\">Privatlivsoplysninger:<\/span><\/p>\n<p><span style=\"font-weight: 400;\">For information om, hvordan Google, Inc. bruger indsamlede oplysninger i forbindelse med Google Tag Manager, kan du bes\u00f8ge deres privatlivspolitik her: <\/span><a href=\"https:\/\/policies.google.com\/privacy\"><span style=\"font-weight: 400;\">https:\/\/policies.google.com\/privacy<\/span><\/a><\/p>\n<h4><span style=\"font-weight: 400;\">Firebase<\/span><\/h4>\n<p><span style=\"font-weight: 400;\">Firebase er en mobiludviklingsplatform fra Google, Inc., som leverer analysetjenester.<\/span><\/p>\n<p><span style=\"font-weight: 400;\">Privatlivsoplysninger:<\/span><\/p>\n<p><span style=\"font-weight: 400;\">For information om, hvordan Google, Inc. bruger indsamlede oplysninger i forbindelse med Firebase, kan du bes\u00f8ge deres privatlivspolitik her: <\/span><a href=\"https:\/\/policies.google.com\/privacy\"><span style=\"font-weight: 400;\">https:\/\/policies.google.com\/privacy<\/span><\/a><\/p>\n<p><span style=\"font-weight: 400;\">For information om, hvordan Google, Inc. bruger oplysninger fra websteder eller apps, der bruger dets tjenester i forbindelse med Firebase, kan du bes\u00f8ge her: <\/span><a href=\"https:\/\/policies.google.com\/technologies\/partner-sites\"><span style=\"font-weight: 400;\">https:\/\/policies.google.com\/technologies\/partner-sites<\/span><\/a><\/p>\n<p><span style=\"font-weight: 400;\">Du kan frav\u00e6lge visse Firebase-funktioner ved at f\u00f8lge instruktionerne i Google, Inc.s privatlivspolitik.<\/span><\/p>\n<h4><span style=\"font-weight: 400;\">RevenueCat<\/span><\/h4>\n<p><span style=\"font-weight: 400;\">RevenueCat-tjeneste til k\u00f8b i appen.<\/span><\/p>\n<p><span style=\"font-weight: 400;\">Privatlivsoplysninger:<\/span><\/p>\n<p><span style=\"font-weight: 400;\">For information om, hvordan Unity Technologies SF bruger indsamlede oplysninger i forbindelse med Unity IAP, bes\u00f8g venligst deres privatlivspolitik her: <\/span><a href=\"https:\/\/www.revenuecat.com\/privacy\/\"><span style=\"font-weight: 400;\">https:\/\/www.revenuecat.com\/privacy\/<\/span><\/a><\/p>\n\t\t\t\t\t\t\t\t<\/div>\n\t\t\t\t<\/div>\n\t\t\t\t\t<\/div>\n\t\t<\/div>\n\t\t\t\t\t<\/div>\n\t\t<\/section>\n\t\t\t\t<\/div>\n\t\t","protected":false},"excerpt":{"rendered":"<p>Sidst opdateret den 8. december 2023 Vi arbejder med visse partnere inden for vores mobilapps og websteder for at levere sociale komponenter, analyser samt annoncevisning i og uden for vores tjeneste. Disse partnere kan bruge cookies, web-beacons, lagringsteknologier og\/eller andre lignende teknologier til at indsamle eller modtage data om dig, herunder dine bes\u00f8g p\u00e5 og [&hellip;]<\/p>\n","protected":false},"author":1,"featured_media":0,"parent":0,"menu_order":0,"comment_status":"closed","ping_status":"closed","template":"","meta":{"footnotes":""},"class_list":["post-859","page","type-page","status-publish","hentry"],"yoast_head":"<!-- This site is optimized with the Yoast SEO plugin v27.4 - https:\/\/yoast.com\/product\/yoast-seo-wordpress\/ -->\n<title>Tredjepartserkl\u00e6ring om beskyttelse af personlige oplysninger - LikeTones<\/title>\n<meta name=\"robots\" content=\"index, follow, max-snippet:-1, max-image-preview:large, max-video-preview:-1\" \/>\n<link rel=\"canonical\" href=\"https:\/\/liketones.com\/da\/tredjepartserklaering-om-beskyttelse-af-personlige-oplysninger\/\" \/>\n<meta property=\"og:locale\" content=\"da_DK\" \/>\n<meta property=\"og:type\" content=\"article\" \/>\n<meta property=\"og:title\" content=\"Tredjepartserkl\u00e6ring om beskyttelse af personlige oplysninger - LikeTones\" \/>\n<meta property=\"og:description\" content=\"Sidst opdateret den 8. december 2023 Vi arbejder med visse partnere inden for vores mobilapps og websteder for at levere sociale komponenter, analyser samt annoncevisning i og uden for vores tjeneste. Disse partnere kan bruge cookies, web-beacons, lagringsteknologier og\/eller andre lignende teknologier til at indsamle eller modtage data om dig, herunder dine bes\u00f8g p\u00e5 og [&hellip;]\" \/>\n<meta property=\"og:url\" content=\"https:\/\/liketones.com\/da\/tredjepartserklaering-om-beskyttelse-af-personlige-oplysninger\/\" \/>\n<meta property=\"og:site_name\" content=\"LikeTones\" \/>\n<meta property=\"article:modified_time\" content=\"2023-12-08T20:39:57+00:00\" \/>\n<meta name=\"twitter:card\" content=\"summary_large_image\" \/>\n<meta name=\"twitter:label1\" content=\"Estimeret l\u00e6setid\" \/>\n\t<meta name=\"twitter:data1\" content=\"2 minutter\" \/>\n<script type=\"application\/ld+json\" class=\"yoast-schema-graph\">{\"@context\":\"https:\\\/\\\/schema.org\",\"@graph\":[{\"@type\":\"WebPage\",\"@id\":\"https:\\\/\\\/liketones.com\\\/da\\\/tredjepartserklaering-om-beskyttelse-af-personlige-oplysninger\\\/\",\"url\":\"https:\\\/\\\/liketones.com\\\/da\\\/tredjepartserklaering-om-beskyttelse-af-personlige-oplysninger\\\/\",\"name\":\"Tredjepartserkl\u00e6ring om beskyttelse af personlige oplysninger - LikeTones\",\"isPartOf\":{\"@id\":\"https:\\\/\\\/liketones.com\\\/da\\\/#website\"},\"datePublished\":\"2023-03-20T10:46:23+00:00\",\"dateModified\":\"2023-12-08T20:39:57+00:00\",\"breadcrumb\":{\"@id\":\"https:\\\/\\\/liketones.com\\\/da\\\/tredjepartserklaering-om-beskyttelse-af-personlige-oplysninger\\\/#breadcrumb\"},\"inLanguage\":\"da-DK\",\"potentialAction\":[{\"@type\":\"ReadAction\",\"target\":[\"https:\\\/\\\/liketones.com\\\/da\\\/tredjepartserklaering-om-beskyttelse-af-personlige-oplysninger\\\/\"]}]},{\"@type\":\"BreadcrumbList\",\"@id\":\"https:\\\/\\\/liketones.com\\\/da\\\/tredjepartserklaering-om-beskyttelse-af-personlige-oplysninger\\\/#breadcrumb\",\"itemListElement\":[{\"@type\":\"ListItem\",\"position\":1,\"name\":\"Home\",\"item\":\"https:\\\/\\\/liketones.com\\\/da\\\/laer-at-spille-paa-musikinstrumenter-helt-gratis\\\/\"},{\"@type\":\"ListItem\",\"position\":2,\"name\":\"Tredjepartserkl\u00e6ring om beskyttelse af personlige oplysninger\"}]},{\"@type\":\"WebSite\",\"@id\":\"https:\\\/\\\/liketones.com\\\/da\\\/#website\",\"url\":\"https:\\\/\\\/liketones.com\\\/da\\\/\",\"name\":\"LikeTones\",\"description\":\"Learn to play musical instruments\",\"publisher\":{\"@id\":\"https:\\\/\\\/liketones.com\\\/da\\\/#organization\"},\"potentialAction\":[{\"@type\":\"SearchAction\",\"target\":{\"@type\":\"EntryPoint\",\"urlTemplate\":\"https:\\\/\\\/liketones.com\\\/da\\\/?s={search_term_string}\"},\"query-input\":{\"@type\":\"PropertyValueSpecification\",\"valueRequired\":true,\"valueName\":\"search_term_string\"}}],\"inLanguage\":\"da-DK\"},{\"@type\":\"Organization\",\"@id\":\"https:\\\/\\\/liketones.com\\\/da\\\/#organization\",\"name\":\"LikeTones\",\"url\":\"https:\\\/\\\/liketones.com\\\/da\\\/\",\"logo\":{\"@type\":\"ImageObject\",\"inLanguage\":\"da-DK\",\"@id\":\"https:\\\/\\\/liketones.com\\\/da\\\/#\\\/schema\\\/logo\\\/image\\\/\",\"url\":\"https:\\\/\\\/i0.wp.com\\\/liketones.com\\\/wp-content\\\/uploads\\\/2023\\\/12\\\/liketones_logo.png?fit=440%2C99&ssl=1\",\"contentUrl\":\"https:\\\/\\\/i0.wp.com\\\/liketones.com\\\/wp-content\\\/uploads\\\/2023\\\/12\\\/liketones_logo.png?fit=440%2C99&ssl=1\",\"width\":440,\"height\":99,\"caption\":\"LikeTones\"},\"image\":{\"@id\":\"https:\\\/\\\/liketones.com\\\/da\\\/#\\\/schema\\\/logo\\\/image\\\/\"}}]}<\/script>\n<!-- \/ Yoast SEO plugin. -->","yoast_head_json":{"title":"Tredjepartserkl\u00e6ring om beskyttelse af personlige oplysninger - LikeTones","robots":{"index":"index","follow":"follow","max-snippet":"max-snippet:-1","max-image-preview":"max-image-preview:large","max-video-preview":"max-video-preview:-1"},"canonical":"https:\/\/liketones.com\/da\/tredjepartserklaering-om-beskyttelse-af-personlige-oplysninger\/","og_locale":"da_DK","og_type":"article","og_title":"Tredjepartserkl\u00e6ring om beskyttelse af personlige oplysninger - LikeTones","og_description":"Sidst opdateret den 8. december 2023 Vi arbejder med visse partnere inden for vores mobilapps og websteder for at levere sociale komponenter, analyser samt annoncevisning i og uden for vores tjeneste. Disse partnere kan bruge cookies, web-beacons, lagringsteknologier og\/eller andre lignende teknologier til at indsamle eller modtage data om dig, herunder dine bes\u00f8g p\u00e5 og [&hellip;]","og_url":"https:\/\/liketones.com\/da\/tredjepartserklaering-om-beskyttelse-af-personlige-oplysninger\/","og_site_name":"LikeTones","article_modified_time":"2023-12-08T20:39:57+00:00","twitter_card":"summary_large_image","twitter_misc":{"Estimeret l\u00e6setid":"2 minutter"},"schema":{"@context":"https:\/\/schema.org","@graph":[{"@type":"WebPage","@id":"https:\/\/liketones.com\/da\/tredjepartserklaering-om-beskyttelse-af-personlige-oplysninger\/","url":"https:\/\/liketones.com\/da\/tredjepartserklaering-om-beskyttelse-af-personlige-oplysninger\/","name":"Tredjepartserkl\u00e6ring om beskyttelse af personlige oplysninger - LikeTones","isPartOf":{"@id":"https:\/\/liketones.com\/da\/#website"},"datePublished":"2023-03-20T10:46:23+00:00","dateModified":"2023-12-08T20:39:57+00:00","breadcrumb":{"@id":"https:\/\/liketones.com\/da\/tredjepartserklaering-om-beskyttelse-af-personlige-oplysninger\/#breadcrumb"},"inLanguage":"da-DK","potentialAction":[{"@type":"ReadAction","target":["https:\/\/liketones.com\/da\/tredjepartserklaering-om-beskyttelse-af-personlige-oplysninger\/"]}]},{"@type":"BreadcrumbList","@id":"https:\/\/liketones.com\/da\/tredjepartserklaering-om-beskyttelse-af-personlige-oplysninger\/#breadcrumb","itemListElement":[{"@type":"ListItem","position":1,"name":"Home","item":"https:\/\/liketones.com\/da\/laer-at-spille-paa-musikinstrumenter-helt-gratis\/"},{"@type":"ListItem","position":2,"name":"Tredjepartserkl\u00e6ring om beskyttelse af personlige oplysninger"}]},{"@type":"WebSite","@id":"https:\/\/liketones.com\/da\/#website","url":"https:\/\/liketones.com\/da\/","name":"LikeTones","description":"Learn to play musical instruments","publisher":{"@id":"https:\/\/liketones.com\/da\/#organization"},"potentialAction":[{"@type":"SearchAction","target":{"@type":"EntryPoint","urlTemplate":"https:\/\/liketones.com\/da\/?s={search_term_string}"},"query-input":{"@type":"PropertyValueSpecification","valueRequired":true,"valueName":"search_term_string"}}],"inLanguage":"da-DK"},{"@type":"Organization","@id":"https:\/\/liketones.com\/da\/#organization","name":"LikeTones","url":"https:\/\/liketones.com\/da\/","logo":{"@type":"ImageObject","inLanguage":"da-DK","@id":"https:\/\/liketones.com\/da\/#\/schema\/logo\/image\/","url":"https:\/\/i0.wp.com\/liketones.com\/wp-content\/uploads\/2023\/12\/liketones_logo.png?fit=440%2C99&ssl=1","contentUrl":"https:\/\/i0.wp.com\/liketones.com\/wp-content\/uploads\/2023\/12\/liketones_logo.png?fit=440%2C99&ssl=1","width":440,"height":99,"caption":"LikeTones"},"image":{"@id":"https:\/\/liketones.com\/da\/#\/schema\/logo\/image\/"}}]}},"jetpack_sharing_enabled":true,"_links":{"self":[{"href":"https:\/\/liketones.com\/da\/wp-json\/wp\/v2\/pages\/859","targetHints":{"allow":["GET"]}}],"collection":[{"href":"https:\/\/liketones.com\/da\/wp-json\/wp\/v2\/pages"}],"about":[{"href":"https:\/\/liketones.com\/da\/wp-json\/wp\/v2\/types\/page"}],"author":[{"embeddable":true,"href":"https:\/\/liketones.com\/da\/wp-json\/wp\/v2\/users\/1"}],"replies":[{"embeddable":true,"href":"https:\/\/liketones.com\/da\/wp-json\/wp\/v2\/comments?post=859"}],"version-history":[{"count":5,"href":"https:\/\/liketones.com\/da\/wp-json\/wp\/v2\/pages\/859\/revisions"}],"predecessor-version":[{"id":1615,"href":"https:\/\/liketones.com\/da\/wp-json\/wp\/v2\/pages\/859\/revisions\/1615"}],"wp:attachment":[{"href":"https:\/\/liketones.com\/da\/wp-json\/wp\/v2\/media?parent=859"}],"curies":[{"name":"wp","href":"https:\/\/api.w.org\/{rel}","templated":true}]}}