{"id":287,"date":"2023-09-18T12:16:24","date_gmt":"2023-09-18T12:16:24","guid":{"rendered":"https:\/\/liketones.com\/slet-dine-data\/"},"modified":"2023-12-04T13:16:06","modified_gmt":"2023-12-04T13:16:06","slug":"slet-dine-data","status":"publish","type":"page","link":"https:\/\/liketones.com\/da\/slet-dine-data\/","title":{"rendered":"Slet dine data"},"content":{"rendered":"\t\t<div data-elementor-type=\"wp-page\" data-elementor-id=\"287\" class=\"elementor elementor-287 elementor-73\" data-elementor-post-type=\"page\">\n\t\t\t\t\t\t<section class=\"elementor-section elementor-top-section elementor-element elementor-element-fea008c elementor-section-boxed elementor-section-height-default elementor-section-height-default\" data-id=\"fea008c\" data-element_type=\"section\" data-e-type=\"section\">\n\t\t\t\t\t\t<div class=\"elementor-container elementor-column-gap-default\">\n\t\t\t\t\t<div class=\"elementor-column elementor-col-100 elementor-top-column elementor-element elementor-element-d7e9ee3\" data-id=\"d7e9ee3\" data-element_type=\"column\" data-e-type=\"column\">\n\t\t\t<div class=\"elementor-widget-wrap elementor-element-populated\">\n\t\t\t\t\t\t<div class=\"elementor-element elementor-element-12167e3 elementor-widget elementor-widget-text-editor\" data-id=\"12167e3\" data-element_type=\"widget\" data-e-type=\"widget\" data-widget_type=\"text-editor.default\">\n\t\t\t\t<div class=\"elementor-widget-container\">\n\t\t\t\t\t\t\t\t\t<p>Hvis du vil slette dine data, skal du \u00e5bne vores mobilapplikation og klikke p\u00e5 knappen &#8220;Slet konto&#8221;. Vi sletter alle dine data fra vores system og deaktiverer din konto.<\/p>\n<p>I nogle af vores apps, s\u00e5som tunere, indsamler vi ikke personlige oplysninger, og derfor er der ingen brugerkonto. I s\u00e5 fald kan du afinstallere programmet fra din enhed.<\/p>\n<p>Har du stadig sp\u00f8rgsm\u00e5l om sletning af dine data? Skriv til os p\u00e5 support@liketones.com<\/p>\t\t\t\t\t\t\t\t<\/div>\n\t\t\t\t<\/div>\n\t\t\t\t\t<\/div>\n\t\t<\/div>\n\t\t\t\t\t<\/div>\n\t\t<\/section>\n\t\t\t\t<\/div>\n\t\t","protected":false},"excerpt":{"rendered":"<p>Hvis du vil slette dine data, skal du \u00e5bne vores mobilapplikation og klikke p\u00e5 knappen &#8220;Slet konto&#8221;. Vi sletter alle dine data fra vores system og deaktiverer din konto. I nogle af vores apps, s\u00e5som tunere, indsamler vi ikke personlige oplysninger, og derfor er der ingen brugerkonto. I s\u00e5 fald kan du afinstallere programmet fra [&hellip;]<\/p>\n","protected":false},"author":1,"featured_media":0,"parent":0,"menu_order":0,"comment_status":"closed","ping_status":"closed","template":"","meta":{"footnotes":""},"class_list":["post-287","page","type-page","status-publish","hentry"],"yoast_head":"<!-- This site is optimized with the Yoast SEO plugin v27.4 - https:\/\/yoast.com\/product\/yoast-seo-wordpress\/ -->\n<title>Slet dine data - LikeTones<\/title>\n<meta name=\"robots\" content=\"index, follow, max-snippet:-1, max-image-preview:large, max-video-preview:-1\" \/>\n<link rel=\"canonical\" href=\"https:\/\/liketones.com\/da\/slet-dine-data\/\" \/>\n<meta property=\"og:locale\" content=\"da_DK\" \/>\n<meta property=\"og:type\" content=\"article\" \/>\n<meta property=\"og:title\" content=\"Slet dine data - LikeTones\" \/>\n<meta property=\"og:description\" content=\"Hvis du vil slette dine data, skal du \u00e5bne vores mobilapplikation og klikke p\u00e5 knappen &#8220;Slet konto&#8221;. Vi sletter alle dine data fra vores system og deaktiverer din konto. I nogle af vores apps, s\u00e5som tunere, indsamler vi ikke personlige oplysninger, og derfor er der ingen brugerkonto. I s\u00e5 fald kan du afinstallere programmet fra [&hellip;]\" \/>\n<meta property=\"og:url\" content=\"https:\/\/liketones.com\/da\/slet-dine-data\/\" \/>\n<meta property=\"og:site_name\" content=\"LikeTones\" \/>\n<meta property=\"article:modified_time\" content=\"2023-12-04T13:16:06+00:00\" \/>\n<meta name=\"twitter:card\" content=\"summary_large_image\" \/>\n<script type=\"application\/ld+json\" class=\"yoast-schema-graph\">{\"@context\":\"https:\\\/\\\/schema.org\",\"@graph\":[{\"@type\":\"WebPage\",\"@id\":\"https:\\\/\\\/liketones.com\\\/da\\\/slet-dine-data\\\/\",\"url\":\"https:\\\/\\\/liketones.com\\\/da\\\/slet-dine-data\\\/\",\"name\":\"Slet dine data - LikeTones\",\"isPartOf\":{\"@id\":\"https:\\\/\\\/liketones.com\\\/da\\\/#website\"},\"datePublished\":\"2023-09-18T12:16:24+00:00\",\"dateModified\":\"2023-12-04T13:16:06+00:00\",\"breadcrumb\":{\"@id\":\"https:\\\/\\\/liketones.com\\\/da\\\/slet-dine-data\\\/#breadcrumb\"},\"inLanguage\":\"da-DK\",\"potentialAction\":[{\"@type\":\"ReadAction\",\"target\":[\"https:\\\/\\\/liketones.com\\\/da\\\/slet-dine-data\\\/\"]}]},{\"@type\":\"BreadcrumbList\",\"@id\":\"https:\\\/\\\/liketones.com\\\/da\\\/slet-dine-data\\\/#breadcrumb\",\"itemListElement\":[{\"@type\":\"ListItem\",\"position\":1,\"name\":\"Home\",\"item\":\"https:\\\/\\\/liketones.com\\\/da\\\/laer-at-spille-paa-musikinstrumenter-helt-gratis\\\/\"},{\"@type\":\"ListItem\",\"position\":2,\"name\":\"Slet dine data\"}]},{\"@type\":\"WebSite\",\"@id\":\"https:\\\/\\\/liketones.com\\\/da\\\/#website\",\"url\":\"https:\\\/\\\/liketones.com\\\/da\\\/\",\"name\":\"LikeTones\",\"description\":\"Learn to play musical instruments\",\"publisher\":{\"@id\":\"https:\\\/\\\/liketones.com\\\/da\\\/#organization\"},\"potentialAction\":[{\"@type\":\"SearchAction\",\"target\":{\"@type\":\"EntryPoint\",\"urlTemplate\":\"https:\\\/\\\/liketones.com\\\/da\\\/?s={search_term_string}\"},\"query-input\":{\"@type\":\"PropertyValueSpecification\",\"valueRequired\":true,\"valueName\":\"search_term_string\"}}],\"inLanguage\":\"da-DK\"},{\"@type\":\"Organization\",\"@id\":\"https:\\\/\\\/liketones.com\\\/da\\\/#organization\",\"name\":\"LikeTones\",\"url\":\"https:\\\/\\\/liketones.com\\\/da\\\/\",\"logo\":{\"@type\":\"ImageObject\",\"inLanguage\":\"da-DK\",\"@id\":\"https:\\\/\\\/liketones.com\\\/da\\\/#\\\/schema\\\/logo\\\/image\\\/\",\"url\":\"https:\\\/\\\/i0.wp.com\\\/liketones.com\\\/wp-content\\\/uploads\\\/2023\\\/12\\\/liketones_logo.png?fit=440%2C99&ssl=1\",\"contentUrl\":\"https:\\\/\\\/i0.wp.com\\\/liketones.com\\\/wp-content\\\/uploads\\\/2023\\\/12\\\/liketones_logo.png?fit=440%2C99&ssl=1\",\"width\":440,\"height\":99,\"caption\":\"LikeTones\"},\"image\":{\"@id\":\"https:\\\/\\\/liketones.com\\\/da\\\/#\\\/schema\\\/logo\\\/image\\\/\"}}]}<\/script>\n<!-- \/ Yoast SEO plugin. -->","yoast_head_json":{"title":"Slet dine data - LikeTones","robots":{"index":"index","follow":"follow","max-snippet":"max-snippet:-1","max-image-preview":"max-image-preview:large","max-video-preview":"max-video-preview:-1"},"canonical":"https:\/\/liketones.com\/da\/slet-dine-data\/","og_locale":"da_DK","og_type":"article","og_title":"Slet dine data - LikeTones","og_description":"Hvis du vil slette dine data, skal du \u00e5bne vores mobilapplikation og klikke p\u00e5 knappen &#8220;Slet konto&#8221;. Vi sletter alle dine data fra vores system og deaktiverer din konto. I nogle af vores apps, s\u00e5som tunere, indsamler vi ikke personlige oplysninger, og derfor er der ingen brugerkonto. I s\u00e5 fald kan du afinstallere programmet fra [&hellip;]","og_url":"https:\/\/liketones.com\/da\/slet-dine-data\/","og_site_name":"LikeTones","article_modified_time":"2023-12-04T13:16:06+00:00","twitter_card":"summary_large_image","schema":{"@context":"https:\/\/schema.org","@graph":[{"@type":"WebPage","@id":"https:\/\/liketones.com\/da\/slet-dine-data\/","url":"https:\/\/liketones.com\/da\/slet-dine-data\/","name":"Slet dine data - LikeTones","isPartOf":{"@id":"https:\/\/liketones.com\/da\/#website"},"datePublished":"2023-09-18T12:16:24+00:00","dateModified":"2023-12-04T13:16:06+00:00","breadcrumb":{"@id":"https:\/\/liketones.com\/da\/slet-dine-data\/#breadcrumb"},"inLanguage":"da-DK","potentialAction":[{"@type":"ReadAction","target":["https:\/\/liketones.com\/da\/slet-dine-data\/"]}]},{"@type":"BreadcrumbList","@id":"https:\/\/liketones.com\/da\/slet-dine-data\/#breadcrumb","itemListElement":[{"@type":"ListItem","position":1,"name":"Home","item":"https:\/\/liketones.com\/da\/laer-at-spille-paa-musikinstrumenter-helt-gratis\/"},{"@type":"ListItem","position":2,"name":"Slet dine data"}]},{"@type":"WebSite","@id":"https:\/\/liketones.com\/da\/#website","url":"https:\/\/liketones.com\/da\/","name":"LikeTones","description":"Learn to play musical instruments","publisher":{"@id":"https:\/\/liketones.com\/da\/#organization"},"potentialAction":[{"@type":"SearchAction","target":{"@type":"EntryPoint","urlTemplate":"https:\/\/liketones.com\/da\/?s={search_term_string}"},"query-input":{"@type":"PropertyValueSpecification","valueRequired":true,"valueName":"search_term_string"}}],"inLanguage":"da-DK"},{"@type":"Organization","@id":"https:\/\/liketones.com\/da\/#organization","name":"LikeTones","url":"https:\/\/liketones.com\/da\/","logo":{"@type":"ImageObject","inLanguage":"da-DK","@id":"https:\/\/liketones.com\/da\/#\/schema\/logo\/image\/","url":"https:\/\/i0.wp.com\/liketones.com\/wp-content\/uploads\/2023\/12\/liketones_logo.png?fit=440%2C99&ssl=1","contentUrl":"https:\/\/i0.wp.com\/liketones.com\/wp-content\/uploads\/2023\/12\/liketones_logo.png?fit=440%2C99&ssl=1","width":440,"height":99,"caption":"LikeTones"},"image":{"@id":"https:\/\/liketones.com\/da\/#\/schema\/logo\/image\/"}}]}},"jetpack_sharing_enabled":true,"_links":{"self":[{"href":"https:\/\/liketones.com\/da\/wp-json\/wp\/v2\/pages\/287","targetHints":{"allow":["GET"]}}],"collection":[{"href":"https:\/\/liketones.com\/da\/wp-json\/wp\/v2\/pages"}],"about":[{"href":"https:\/\/liketones.com\/da\/wp-json\/wp\/v2\/types\/page"}],"author":[{"embeddable":true,"href":"https:\/\/liketones.com\/da\/wp-json\/wp\/v2\/users\/1"}],"replies":[{"embeddable":true,"href":"https:\/\/liketones.com\/da\/wp-json\/wp\/v2\/comments?post=287"}],"version-history":[{"count":1,"href":"https:\/\/liketones.com\/da\/wp-json\/wp\/v2\/pages\/287\/revisions"}],"predecessor-version":[{"id":297,"href":"https:\/\/liketones.com\/da\/wp-json\/wp\/v2\/pages\/287\/revisions\/297"}],"wp:attachment":[{"href":"https:\/\/liketones.com\/da\/wp-json\/wp\/v2\/media?parent=287"}],"curies":[{"name":"wp","href":"https:\/\/api.w.org\/{rel}","templated":true}]}}