{"id":854,"date":"2023-03-20T10:46:23","date_gmt":"2023-03-20T10:46:23","guid":{"rendered":"https:\/\/liketones.com\/?page_id=854"},"modified":"2023-12-08T20:39:14","modified_gmt":"2023-12-08T20:39:14","slug":"oznameni-o-ochrane-osobnich-udaju-treti-strana","status":"publish","type":"page","link":"https:\/\/liketones.com\/cs\/oznameni-o-ochrane-osobnich-udaju-treti-strana\/","title":{"rendered":"Ozn\u00e1men\u00ed o ochran\u011b osobn\u00edch \u00fadaj\u016f T\u0159et\u00ed strana"},"content":{"rendered":"\t\t<div data-elementor-type=\"wp-page\" data-elementor-id=\"854\" class=\"elementor elementor-854 elementor-27\" data-elementor-post-type=\"page\">\n\t\t\t\t\t\t<section class=\"elementor-section elementor-top-section elementor-element elementor-element-8fc10ea elementor-section-boxed elementor-section-height-default elementor-section-height-default\" data-id=\"8fc10ea\" data-element_type=\"section\" data-e-type=\"section\">\n\t\t\t\t\t\t<div class=\"elementor-container elementor-column-gap-default\">\n\t\t\t\t\t<div class=\"elementor-column elementor-col-100 elementor-top-column elementor-element elementor-element-9796f04\" data-id=\"9796f04\" data-element_type=\"column\" data-e-type=\"column\">\n\t\t\t<div class=\"elementor-widget-wrap elementor-element-populated\">\n\t\t\t\t\t\t<div class=\"elementor-element elementor-element-9cd095d elementor-widget elementor-widget-text-editor\" data-id=\"9cd095d\" data-element_type=\"widget\" data-e-type=\"widget\" data-widget_type=\"text-editor.default\">\n\t\t\t\t<div class=\"elementor-widget-container\">\n\t\t\t\t\t\t\t\t\t<p dir=\"ltr\" style=\"line-height: 1.9871999999999999; background-color: #ffffff; margin-top: 0pt; margin-bottom: 0pt;\">\n<p><i><span style=\"font-weight: 400;\">Posledn\u00ed aktualizace 8. prosince 2023<\/span><\/i><\/p>\n<p><span style=\"font-weight: 400;\">Spolupracujeme s ur\u010dit\u00fdmi partnery v r\u00e1mci na\u0161ich mobiln\u00edch aplikac\u00ed a webov\u00fdch str\u00e1nek, abychom poskytovali soci\u00e1ln\u00ed komponenty, anal\u00fdzy a zobrazov\u00e1n\u00ed reklam v r\u00e1mci na\u0161\u00ed slu\u017eby i mimo ni. Tito partne\u0159i mohou pou\u017e\u00edvat soubory cookie, webov\u00e9 maj\u00e1ky, technologie ukl\u00e1d\u00e1n\u00ed a\/nebo jin\u00e9 podobn\u00e9 technologie ke shroma\u017e\u010fov\u00e1n\u00ed nebo p\u0159ij\u00edm\u00e1n\u00ed \u00fadaj\u016f o v\u00e1s, v\u010detn\u011b va\u0161ich n\u00e1v\u0161t\u011bv a pou\u017e\u00edv\u00e1n\u00ed na\u0161ich webov\u00fdch str\u00e1nek a mobiln\u00edch aplikac\u00ed, a v n\u011bkter\u00fdch p\u0159\u00edpadech si mohou n\u00e1rokovat pr\u00e1va spr\u00e1vce na va\u0161e osobn\u00ed data. Dal\u0161\u00ed informace o partnerech, kter\u00e9 vyu\u017e\u00edv\u00e1me, jejich zp\u016fsobech ochrany osobn\u00edch \u00fadaj\u016f a mo\u017enostech odhl\u00e1\u0161en\u00ed naleznete na n\u00ed\u017ee uveden\u00fdch odkazech.<\/span><\/p>\n<h4><span style=\"font-weight: 400;\">Google Ads<\/span><\/h4>\n<p><span style=\"font-weight: 400;\">Google Ads je reklamn\u00ed slu\u017eba poskytovan\u00e1 spole\u010dnost\u00ed Google, Inc.<\/span><\/p>\n<p><span style=\"font-weight: 400;\">Informace o ochran\u011b osobn\u00edch \u00fadaj\u016f:<\/span><\/p>\n<p><span style=\"font-weight: 400;\">Informace o tom, jak spole\u010dnost Google, Inc. pou\u017e\u00edv\u00e1 shrom\u00e1\u017ed\u011bn\u00e9 informace v souvislosti s Google Ads, naleznete v jej\u00edch Z\u00e1sad\u00e1ch ochrany osobn\u00edch \u00fadaj\u016f zde: <\/span><a href=\"https:\/\/policies.google.com\/privacy\"><span style=\"font-weight: 400;\">https:\/\/policies.google.com\/privacy<\/span><\/a><\/p>\n<p><span style=\"font-weight: 400;\">Z ur\u010dit\u00fdch funkc\u00ed Google Ads se m\u016f\u017eete odhl\u00e1sit na t\u00e9to adrese: <\/span><a href=\"https:\/\/adssettings.google.com\/authenticated\"><span style=\"font-weight: 400;\">https:\/\/adssettings.google.com\/authenticated <\/span><\/a><span style=\"font-weight: 400;\">.<\/span><\/p>\n<p><span style=\"font-weight: 400;\">P\u0159\u00edpadn\u011b m\u016f\u017eete ovl\u00e1dat pou\u017e\u00edv\u00e1n\u00ed identifik\u00e1tor\u016f za\u0159\u00edzen\u00ed pomoc\u00ed nastaven\u00ed za\u0159\u00edzen\u00ed. Dal\u0161\u00ed informace naleznete zde: <\/span><a href=\"https:\/\/support.google.com\/ads\/answer\/1660762#mob\"><span style=\"font-weight: 400;\">https:\/\/support.google.com\/ads\/answer\/1660762#mob<\/span><\/a><\/p>\n<h4><span style=\"font-weight: 400;\">Google Analytics<\/span><\/h4>\n<p><span style=\"font-weight: 400;\">Google Analytics je analytick\u00e1 slu\u017eba poskytovan\u00e1 spole\u010dnost\u00ed Google, Inc.<\/span><\/p>\n<p><span style=\"font-weight: 400;\">Informace o ochran\u011b osobn\u00edch \u00fadaj\u016f:<\/span><\/p>\n<p><span style=\"font-weight: 400;\">Informace o tom, jak spole\u010dnost Google, Inc. pou\u017e\u00edv\u00e1 shrom\u00e1\u017ed\u011bn\u00e9 informace v souvislosti se slu\u017ebou Google Analytics, naleznete v jej\u00edch z\u00e1sad\u00e1ch ochrany osobn\u00edch \u00fadaj\u016f zde: <\/span><a href=\"https:\/\/policies.google.com\/privacy\"><span style=\"font-weight: 400;\">https:\/\/policies.google.com\/privacy<\/span><\/a><\/p>\n<p><span style=\"font-weight: 400;\">Informace o tom, jak spole\u010dnost Google, Inc. pou\u017e\u00edv\u00e1 informace ze str\u00e1nek nebo aplikac\u00ed, kter\u00e9 vyu\u017e\u00edvaj\u00ed jej\u00ed slu\u017eby ve spojen\u00ed s Google Analytics, naleznete zde: <\/span><a href=\"https:\/\/policies.google.com\/technologies\/partner-sites\"><span style=\"font-weight: 400;\">https:\/\/policies.google.com\/technologies\/partner-sites<\/span><\/a><\/p>\n<p><span style=\"font-weight: 400;\">Z Google Analytics se m\u016f\u017eete odhl\u00e1sit podle pokyn\u016f uveden\u00fdch zde: <\/span><a href=\"https:\/\/support.google.com\/analytics\/answer\/181881\"><span style=\"font-weight: 400;\">https:\/\/support.google.com\/analytics\/answer\/181881<\/span><\/a><\/p>\n<h4><span style=\"font-weight: 400;\">Google Tag Manager<\/span><\/h4>\n<p><span style=\"font-weight: 400;\">Google Tag Manager je slu\u017eba pro spr\u00e1vu zna\u010dek poskytovan\u00e1 spole\u010dnost\u00ed Google, Inc.<\/span><\/p>\n<p><span style=\"font-weight: 400;\">Informace o ochran\u011b osobn\u00edch \u00fadaj\u016f:<\/span><\/p>\n<p><span style=\"font-weight: 400;\">Informace o tom, jak spole\u010dnost Google, Inc. pou\u017e\u00edv\u00e1 shrom\u00e1\u017ed\u011bn\u00e9 informace v souvislosti se Spr\u00e1vcem zna\u010dek Google, naleznete v jej\u00edch z\u00e1sad\u00e1ch ochrany osobn\u00edch \u00fadaj\u016f zde: <\/span><a href=\"https:\/\/policies.google.com\/privacy\"><span style=\"font-weight: 400;\">https:\/\/policies.google.com\/privacy<\/span><\/a><\/p>\n<h4><span style=\"font-weight: 400;\">Firebase<\/span><\/h4>\n<p><span style=\"font-weight: 400;\">Firebase je mobiln\u00ed v\u00fdvojov\u00e1 platforma spole\u010dnosti Google, Inc., kter\u00e1 poskytuje analytick\u00e9 slu\u017eby.<\/span><\/p>\n<p><span style=\"font-weight: 400;\">Informace o ochran\u011b osobn\u00edch \u00fadaj\u016f:<\/span><\/p>\n<p><span style=\"font-weight: 400;\">Informace o tom, jak spole\u010dnost Google, Inc. pou\u017e\u00edv\u00e1 shrom\u00e1\u017ed\u011bn\u00e9 informace v souvislosti s Firebase, naleznete v jej\u00edch z\u00e1sad\u00e1ch ochrany osobn\u00edch \u00fadaj\u016f zde: <\/span><a href=\"https:\/\/policies.google.com\/privacy\"><span style=\"font-weight: 400;\">https:\/\/policies.google.com\/privacy<\/span><\/a><\/p>\n<p><span style=\"font-weight: 400;\">Informace o tom, jak spole\u010dnost Google, Inc. vyu\u017e\u00edv\u00e1 informace z web\u016f nebo aplikac\u00ed, kter\u00e9 vyu\u017e\u00edvaj\u00ed jej\u00ed slu\u017eby ve spojen\u00ed s Firebase, naleznete zde: <\/span><a href=\"https:\/\/policies.google.com\/technologies\/partner-sites\"><span style=\"font-weight: 400;\">https:\/\/policies.google.com\/technologies\/partner-sites<\/span><\/a><\/p>\n<p><span style=\"font-weight: 400;\">N\u011bkter\u00e9 funkce Firebase se m\u016f\u017eete odhl\u00e1sit podle pokyn\u016f uveden\u00fdch v z\u00e1sad\u00e1ch ochrany soukrom\u00ed spole\u010dnosti Google, Inc.<\/span><\/p>\n<h4><span style=\"font-weight: 400;\">RevenueCat<\/span><\/h4>\n<p><span style=\"font-weight: 400;\">Slu\u017eba RevenueCat pro n\u00e1kupy v aplikaci.<\/span><\/p>\n<p><span style=\"font-weight: 400;\">Informace o ochran\u011b osobn\u00edch \u00fadaj\u016f:<\/span><\/p>\n<p><span style=\"font-weight: 400;\">Informace o tom, jak Unity Technologies SF pou\u017e\u00edv\u00e1 shrom\u00e1\u017ed\u011bn\u00e9 informace v souvislosti s Unity IAP, naleznete v jejich Z\u00e1sad\u00e1ch ochrany osobn\u00edch \u00fadaj\u016f zde: <\/span><a href=\"https:\/\/www.revenuecat.com\/privacy\/\"><span style=\"font-weight: 400;\">https:\/\/www.revenuecat.com\/privacy\/<\/span><\/a><\/p>\n\t\t\t\t\t\t\t\t<\/div>\n\t\t\t\t<\/div>\n\t\t\t\t\t<\/div>\n\t\t<\/div>\n\t\t\t\t\t<\/div>\n\t\t<\/section>\n\t\t\t\t<\/div>\n\t\t","protected":false},"excerpt":{"rendered":"<p>Posledn\u00ed aktualizace 8. prosince 2023 Spolupracujeme s ur\u010dit\u00fdmi partnery v r\u00e1mci na\u0161ich mobiln\u00edch aplikac\u00ed a webov\u00fdch str\u00e1nek, abychom poskytovali soci\u00e1ln\u00ed komponenty, anal\u00fdzy a zobrazov\u00e1n\u00ed reklam v r\u00e1mci na\u0161\u00ed slu\u017eby i mimo ni. Tito partne\u0159i mohou pou\u017e\u00edvat soubory cookie, webov\u00e9 maj\u00e1ky, technologie ukl\u00e1d\u00e1n\u00ed a\/nebo jin\u00e9 podobn\u00e9 technologie ke shroma\u017e\u010fov\u00e1n\u00ed nebo p\u0159ij\u00edm\u00e1n\u00ed \u00fadaj\u016f o v\u00e1s, v\u010detn\u011b va\u0161ich [&hellip;]<\/p>\n","protected":false},"author":1,"featured_media":0,"parent":0,"menu_order":0,"comment_status":"closed","ping_status":"closed","template":"","meta":{"footnotes":""},"class_list":["post-854","page","type-page","status-publish","hentry"],"yoast_head":"<!-- This site is optimized with the Yoast SEO plugin v27.4 - https:\/\/yoast.com\/product\/yoast-seo-wordpress\/ -->\n<title>Ozn\u00e1men\u00ed o ochran\u011b osobn\u00edch \u00fadaj\u016f T\u0159et\u00ed strana - LikeTones<\/title>\n<meta name=\"robots\" content=\"index, follow, max-snippet:-1, max-image-preview:large, max-video-preview:-1\" \/>\n<link rel=\"canonical\" href=\"https:\/\/liketones.com\/cs\/oznameni-o-ochrane-osobnich-udaju-treti-strana\/\" \/>\n<meta property=\"og:locale\" content=\"cs_CZ\" \/>\n<meta property=\"og:type\" content=\"article\" \/>\n<meta property=\"og:title\" content=\"Ozn\u00e1men\u00ed o ochran\u011b osobn\u00edch \u00fadaj\u016f T\u0159et\u00ed strana - LikeTones\" \/>\n<meta property=\"og:description\" content=\"Posledn\u00ed aktualizace 8. prosince 2023 Spolupracujeme s ur\u010dit\u00fdmi partnery v r\u00e1mci na\u0161ich mobiln\u00edch aplikac\u00ed a webov\u00fdch str\u00e1nek, abychom poskytovali soci\u00e1ln\u00ed komponenty, anal\u00fdzy a zobrazov\u00e1n\u00ed reklam v r\u00e1mci na\u0161\u00ed slu\u017eby i mimo ni. Tito partne\u0159i mohou pou\u017e\u00edvat soubory cookie, webov\u00e9 maj\u00e1ky, technologie ukl\u00e1d\u00e1n\u00ed a\/nebo jin\u00e9 podobn\u00e9 technologie ke shroma\u017e\u010fov\u00e1n\u00ed nebo p\u0159ij\u00edm\u00e1n\u00ed \u00fadaj\u016f o v\u00e1s, v\u010detn\u011b va\u0161ich [&hellip;]\" \/>\n<meta property=\"og:url\" content=\"https:\/\/liketones.com\/cs\/oznameni-o-ochrane-osobnich-udaju-treti-strana\/\" \/>\n<meta property=\"og:site_name\" content=\"LikeTones\" \/>\n<meta property=\"article:modified_time\" content=\"2023-12-08T20:39:14+00:00\" \/>\n<meta name=\"twitter:card\" content=\"summary_large_image\" \/>\n<meta name=\"twitter:label1\" content=\"Odhadovan\u00e1 doba \u010dten\u00ed\" \/>\n\t<meta name=\"twitter:data1\" content=\"3 minuty\" \/>\n<script type=\"application\/ld+json\" class=\"yoast-schema-graph\">{\"@context\":\"https:\\\/\\\/schema.org\",\"@graph\":[{\"@type\":\"WebPage\",\"@id\":\"https:\\\/\\\/liketones.com\\\/cs\\\/oznameni-o-ochrane-osobnich-udaju-treti-strana\\\/\",\"url\":\"https:\\\/\\\/liketones.com\\\/cs\\\/oznameni-o-ochrane-osobnich-udaju-treti-strana\\\/\",\"name\":\"Ozn\u00e1men\u00ed o ochran\u011b osobn\u00edch \u00fadaj\u016f T\u0159et\u00ed strana - LikeTones\",\"isPartOf\":{\"@id\":\"https:\\\/\\\/liketones.com\\\/cs\\\/#website\"},\"datePublished\":\"2023-03-20T10:46:23+00:00\",\"dateModified\":\"2023-12-08T20:39:14+00:00\",\"breadcrumb\":{\"@id\":\"https:\\\/\\\/liketones.com\\\/cs\\\/oznameni-o-ochrane-osobnich-udaju-treti-strana\\\/#breadcrumb\"},\"inLanguage\":\"cs\",\"potentialAction\":[{\"@type\":\"ReadAction\",\"target\":[\"https:\\\/\\\/liketones.com\\\/cs\\\/oznameni-o-ochrane-osobnich-udaju-treti-strana\\\/\"]}]},{\"@type\":\"BreadcrumbList\",\"@id\":\"https:\\\/\\\/liketones.com\\\/cs\\\/oznameni-o-ochrane-osobnich-udaju-treti-strana\\\/#breadcrumb\",\"itemListElement\":[{\"@type\":\"ListItem\",\"position\":1,\"name\":\"Home\",\"item\":\"https:\\\/\\\/liketones.com\\\/cs\\\/naucte-se-hrat-na-hudebni-nastroje-zdarma\\\/\"},{\"@type\":\"ListItem\",\"position\":2,\"name\":\"Ozn\u00e1men\u00ed o ochran\u011b osobn\u00edch \u00fadaj\u016f T\u0159et\u00ed strana\"}]},{\"@type\":\"WebSite\",\"@id\":\"https:\\\/\\\/liketones.com\\\/cs\\\/#website\",\"url\":\"https:\\\/\\\/liketones.com\\\/cs\\\/\",\"name\":\"LikeTones\",\"description\":\"Learn to play musical instruments\",\"publisher\":{\"@id\":\"https:\\\/\\\/liketones.com\\\/cs\\\/#organization\"},\"potentialAction\":[{\"@type\":\"SearchAction\",\"target\":{\"@type\":\"EntryPoint\",\"urlTemplate\":\"https:\\\/\\\/liketones.com\\\/cs\\\/?s={search_term_string}\"},\"query-input\":{\"@type\":\"PropertyValueSpecification\",\"valueRequired\":true,\"valueName\":\"search_term_string\"}}],\"inLanguage\":\"cs\"},{\"@type\":\"Organization\",\"@id\":\"https:\\\/\\\/liketones.com\\\/cs\\\/#organization\",\"name\":\"LikeTones\",\"url\":\"https:\\\/\\\/liketones.com\\\/cs\\\/\",\"logo\":{\"@type\":\"ImageObject\",\"inLanguage\":\"cs\",\"@id\":\"https:\\\/\\\/liketones.com\\\/cs\\\/#\\\/schema\\\/logo\\\/image\\\/\",\"url\":\"https:\\\/\\\/i0.wp.com\\\/liketones.com\\\/wp-content\\\/uploads\\\/2023\\\/12\\\/liketones_logo.png?fit=440%2C99&ssl=1\",\"contentUrl\":\"https:\\\/\\\/i0.wp.com\\\/liketones.com\\\/wp-content\\\/uploads\\\/2023\\\/12\\\/liketones_logo.png?fit=440%2C99&ssl=1\",\"width\":440,\"height\":99,\"caption\":\"LikeTones\"},\"image\":{\"@id\":\"https:\\\/\\\/liketones.com\\\/cs\\\/#\\\/schema\\\/logo\\\/image\\\/\"}}]}<\/script>\n<!-- \/ Yoast SEO plugin. -->","yoast_head_json":{"title":"Ozn\u00e1men\u00ed o ochran\u011b osobn\u00edch \u00fadaj\u016f T\u0159et\u00ed strana - LikeTones","robots":{"index":"index","follow":"follow","max-snippet":"max-snippet:-1","max-image-preview":"max-image-preview:large","max-video-preview":"max-video-preview:-1"},"canonical":"https:\/\/liketones.com\/cs\/oznameni-o-ochrane-osobnich-udaju-treti-strana\/","og_locale":"cs_CZ","og_type":"article","og_title":"Ozn\u00e1men\u00ed o ochran\u011b osobn\u00edch \u00fadaj\u016f T\u0159et\u00ed strana - LikeTones","og_description":"Posledn\u00ed aktualizace 8. prosince 2023 Spolupracujeme s ur\u010dit\u00fdmi partnery v r\u00e1mci na\u0161ich mobiln\u00edch aplikac\u00ed a webov\u00fdch str\u00e1nek, abychom poskytovali soci\u00e1ln\u00ed komponenty, anal\u00fdzy a zobrazov\u00e1n\u00ed reklam v r\u00e1mci na\u0161\u00ed slu\u017eby i mimo ni. Tito partne\u0159i mohou pou\u017e\u00edvat soubory cookie, webov\u00e9 maj\u00e1ky, technologie ukl\u00e1d\u00e1n\u00ed a\/nebo jin\u00e9 podobn\u00e9 technologie ke shroma\u017e\u010fov\u00e1n\u00ed nebo p\u0159ij\u00edm\u00e1n\u00ed \u00fadaj\u016f o v\u00e1s, v\u010detn\u011b va\u0161ich [&hellip;]","og_url":"https:\/\/liketones.com\/cs\/oznameni-o-ochrane-osobnich-udaju-treti-strana\/","og_site_name":"LikeTones","article_modified_time":"2023-12-08T20:39:14+00:00","twitter_card":"summary_large_image","twitter_misc":{"Odhadovan\u00e1 doba \u010dten\u00ed":"3 minuty"},"schema":{"@context":"https:\/\/schema.org","@graph":[{"@type":"WebPage","@id":"https:\/\/liketones.com\/cs\/oznameni-o-ochrane-osobnich-udaju-treti-strana\/","url":"https:\/\/liketones.com\/cs\/oznameni-o-ochrane-osobnich-udaju-treti-strana\/","name":"Ozn\u00e1men\u00ed o ochran\u011b osobn\u00edch \u00fadaj\u016f T\u0159et\u00ed strana - LikeTones","isPartOf":{"@id":"https:\/\/liketones.com\/cs\/#website"},"datePublished":"2023-03-20T10:46:23+00:00","dateModified":"2023-12-08T20:39:14+00:00","breadcrumb":{"@id":"https:\/\/liketones.com\/cs\/oznameni-o-ochrane-osobnich-udaju-treti-strana\/#breadcrumb"},"inLanguage":"cs","potentialAction":[{"@type":"ReadAction","target":["https:\/\/liketones.com\/cs\/oznameni-o-ochrane-osobnich-udaju-treti-strana\/"]}]},{"@type":"BreadcrumbList","@id":"https:\/\/liketones.com\/cs\/oznameni-o-ochrane-osobnich-udaju-treti-strana\/#breadcrumb","itemListElement":[{"@type":"ListItem","position":1,"name":"Home","item":"https:\/\/liketones.com\/cs\/naucte-se-hrat-na-hudebni-nastroje-zdarma\/"},{"@type":"ListItem","position":2,"name":"Ozn\u00e1men\u00ed o ochran\u011b osobn\u00edch \u00fadaj\u016f T\u0159et\u00ed strana"}]},{"@type":"WebSite","@id":"https:\/\/liketones.com\/cs\/#website","url":"https:\/\/liketones.com\/cs\/","name":"LikeTones","description":"Learn to play musical instruments","publisher":{"@id":"https:\/\/liketones.com\/cs\/#organization"},"potentialAction":[{"@type":"SearchAction","target":{"@type":"EntryPoint","urlTemplate":"https:\/\/liketones.com\/cs\/?s={search_term_string}"},"query-input":{"@type":"PropertyValueSpecification","valueRequired":true,"valueName":"search_term_string"}}],"inLanguage":"cs"},{"@type":"Organization","@id":"https:\/\/liketones.com\/cs\/#organization","name":"LikeTones","url":"https:\/\/liketones.com\/cs\/","logo":{"@type":"ImageObject","inLanguage":"cs","@id":"https:\/\/liketones.com\/cs\/#\/schema\/logo\/image\/","url":"https:\/\/i0.wp.com\/liketones.com\/wp-content\/uploads\/2023\/12\/liketones_logo.png?fit=440%2C99&ssl=1","contentUrl":"https:\/\/i0.wp.com\/liketones.com\/wp-content\/uploads\/2023\/12\/liketones_logo.png?fit=440%2C99&ssl=1","width":440,"height":99,"caption":"LikeTones"},"image":{"@id":"https:\/\/liketones.com\/cs\/#\/schema\/logo\/image\/"}}]}},"jetpack_sharing_enabled":true,"_links":{"self":[{"href":"https:\/\/liketones.com\/cs\/wp-json\/wp\/v2\/pages\/854","targetHints":{"allow":["GET"]}}],"collection":[{"href":"https:\/\/liketones.com\/cs\/wp-json\/wp\/v2\/pages"}],"about":[{"href":"https:\/\/liketones.com\/cs\/wp-json\/wp\/v2\/types\/page"}],"author":[{"embeddable":true,"href":"https:\/\/liketones.com\/cs\/wp-json\/wp\/v2\/users\/1"}],"replies":[{"embeddable":true,"href":"https:\/\/liketones.com\/cs\/wp-json\/wp\/v2\/comments?post=854"}],"version-history":[{"count":5,"href":"https:\/\/liketones.com\/cs\/wp-json\/wp\/v2\/pages\/854\/revisions"}],"predecessor-version":[{"id":1614,"href":"https:\/\/liketones.com\/cs\/wp-json\/wp\/v2\/pages\/854\/revisions\/1614"}],"wp:attachment":[{"href":"https:\/\/liketones.com\/cs\/wp-json\/wp\/v2\/media?parent=854"}],"curies":[{"name":"wp","href":"https:\/\/api.w.org\/{rel}","templated":true}]}}